{"id":1266,"date":"2023-07-26T09:42:29","date_gmt":"2023-07-26T09:42:29","guid":{"rendered":"https:\/\/www.avistagrandephuketresort.com\/?page_id=1266"},"modified":"2023-10-05T10:47:37","modified_gmt":"2023-10-05T10:47:37","slug":"kids-zone-phuket-family-resort","status":"publish","type":"page","link":"https:\/\/www.avistagrandephuketresort.com\/es\/wellness-resort\/kids-zone-phuket-family-resort\/","title":{"rendered":"ZONA INFANTIL"},"content":{"rendered":"<p style=\"text-align: center;\">ZONA INFANTIL en <a href=\"https:\/\/www.avistagrandephuketresort.com\/es\/\">Avista Grande Phuket Karon &#8211; MGallery<\/a>es un espacio divertido y atractivo para mantener entretenido a tu peque\u00f1o durante tu escapada a uno de los mejores <a href=\"https:\/\/www.avistagrandephuketresort.com\/es\/rooms-suites-karon-beach-hotel\/\">resorts familiares de Phuket<\/a>.La sala club de colores brillantes y el juego al aire libre ofrecen una variedad de actividades para ni\u00f1os de hasta 12 a\u00f1os con juguetes, juegos, \u00e1rea de juegos de arena y un  <a href=\"https:\/\/d2e5ushqwiltxm.cloudfront.net\/wp-content\/uploads\/sites\/143\/2022\/09\/09093442\/KidsZoneActivities.pdf\">programa completo de actividades de arte y manualidades<\/a> para despertar su imaginaci\u00f3n. El \u00e1rea de juegos cuenta con mesa de billar, mini ping pong y air hockey, adem\u00e1s de un gran televisor LCD con televisi\u00f3n por cable, pel\u00edculas y una consola de juegos de \u00faltima generaci\u00f3n para ni\u00f1os mayores, adolescentes y padres que solo quieren pasar el rato en un espacio fresco con aire acondicionado. Kids Zone is also the perfect place for a private <a href=\"https:\/\/www.avistagrandephuketresort.com\/offers\/kids-birthday-party-in-phuket\/\">Kids Birthday Party in Phuket<\/a>.<\/p>\n","protected":false},"excerpt":{"rendered":"<p>ZONA INFANTIL en Avista Grande Phuket Karon &#8211; MGalleryes un espacio divertido y atractivo para mantener entretenido a tu peque\u00f1o durante tu escapada a uno de los mejores resorts familiares de Phuket.La sala club de colores brillantes y el juego al aire libre ofrecen una variedad de actividades para ni\u00f1os de hasta 12 a\u00f1os con [&hellip;]<\/p>\n","protected":false},"author":55,"featured_media":0,"parent":1238,"menu_order":3,"comment_status":"closed","ping_status":"closed","template":"","meta":{"footnotes":""},"categories":[],"class_list":["post-1266","page","type-page","status-publish","hentry"],"acf":[],"yoast_head":"<!-- This site is optimized with the Yoast SEO plugin v26.9 - https:\/\/yoast.com\/product\/yoast-seo-wordpress\/ -->\n<title>ZONA INFANTIL - Avista Grande Phuket Karon - Mgallery<\/title>\n<meta name=\"robots\" content=\"index, follow, max-snippet:-1, max-image-preview:large, max-video-preview:-1\" \/>\n<link rel=\"canonical\" href=\"https:\/\/www.avistagrandephuketresort.com\/es\/wellness-resort\/kids-zone-phuket-family-resort\/\" \/>\n<meta property=\"og:locale\" content=\"es_ES\" \/>\n<meta property=\"og:type\" content=\"article\" \/>\n<meta property=\"og:title\" content=\"ZONA INFANTIL - Avista Grande Phuket Karon - Mgallery\" \/>\n<meta property=\"og:description\" content=\"ZONA INFANTIL en Avista Grande Phuket Karon &#8211; MGalleryes un espacio divertido y atractivo para mantener entretenido a tu peque\u00f1o durante tu escapada a uno de los mejores resorts familiares de Phuket.La sala club de colores brillantes y el juego al aire libre ofrecen una variedad de actividades para ni\u00f1os de hasta 12 a\u00f1os con [&hellip;]\" \/>\n<meta property=\"og:url\" content=\"https:\/\/www.avistagrandephuketresort.com\/es\/wellness-resort\/kids-zone-phuket-family-resort\/\" \/>\n<meta property=\"og:site_name\" content=\"Avista Grande Phuket Karon - Mgallery\" \/>\n<meta property=\"article:modified_time\" content=\"2023-10-05T10:47:37+00:00\" \/>\n<meta name=\"twitter:card\" content=\"summary_large_image\" \/>\n<meta name=\"twitter:label1\" content=\"Tiempo de lectura\" \/>\n\t<meta name=\"twitter:data1\" content=\"1 minuto\" \/>\n<script type=\"application\/ld+json\" class=\"yoast-schema-graph\">{\"@context\":\"https:\/\/schema.org\",\"@graph\":[{\"@type\":\"WebPage\",\"@id\":\"https:\/\/www.avistagrandephuketresort.com\/es\/wellness-resort\/kids-zone-phuket-family-resort\/\",\"url\":\"https:\/\/www.avistagrandephuketresort.com\/es\/wellness-resort\/kids-zone-phuket-family-resort\/\",\"name\":\"ZONA INFANTIL - Avista Grande Phuket Karon - Mgallery\",\"isPartOf\":{\"@id\":\"https:\/\/www.avistagrandephuketresort.com\/#website\"},\"datePublished\":\"2023-07-26T09:42:29+00:00\",\"dateModified\":\"2023-10-05T10:47:37+00:00\",\"breadcrumb\":{\"@id\":\"https:\/\/www.avistagrandephuketresort.com\/es\/wellness-resort\/kids-zone-phuket-family-resort\/#breadcrumb\"},\"inLanguage\":\"es\",\"potentialAction\":[{\"@type\":\"ReadAction\",\"target\":[\"https:\/\/www.avistagrandephuketresort.com\/es\/wellness-resort\/kids-zone-phuket-family-resort\/\"]}]},{\"@type\":\"BreadcrumbList\",\"@id\":\"https:\/\/www.avistagrandephuketresort.com\/es\/wellness-resort\/kids-zone-phuket-family-resort\/#breadcrumb\",\"itemListElement\":[{\"@type\":\"ListItem\",\"position\":1,\"name\":\"Home\",\"item\":\"https:\/\/www.avistagrandephuketresort.com\/es\/\"},{\"@type\":\"ListItem\",\"position\":2,\"name\":\"Spa e instalaciones\",\"item\":\"https:\/\/www.avistagrandephuketresort.com\/es\/wellness-resort\/\"},{\"@type\":\"ListItem\",\"position\":3,\"name\":\"ZONA INFANTIL\"}]},{\"@type\":\"WebSite\",\"@id\":\"https:\/\/www.avistagrandephuketresort.com\/#website\",\"url\":\"https:\/\/www.avistagrandephuketresort.com\/\",\"name\":\"Avista Grande Phuket Karon - Mgallery\",\"description\":\"\",\"potentialAction\":[{\"@type\":\"SearchAction\",\"target\":{\"@type\":\"EntryPoint\",\"urlTemplate\":\"https:\/\/www.avistagrandephuketresort.com\/?s={search_term_string}\"},\"query-input\":{\"@type\":\"PropertyValueSpecification\",\"valueRequired\":true,\"valueName\":\"search_term_string\"}}],\"inLanguage\":\"es\"}]}<\/script>\n<!-- \/ Yoast SEO plugin. -->","yoast_head_json":{"title":"ZONA INFANTIL - Avista Grande Phuket Karon - Mgallery","robots":{"index":"index","follow":"follow","max-snippet":"max-snippet:-1","max-image-preview":"max-image-preview:large","max-video-preview":"max-video-preview:-1"},"canonical":"https:\/\/www.avistagrandephuketresort.com\/es\/wellness-resort\/kids-zone-phuket-family-resort\/","og_locale":"es_ES","og_type":"article","og_title":"ZONA INFANTIL - Avista Grande Phuket Karon - Mgallery","og_description":"ZONA INFANTIL en Avista Grande Phuket Karon &#8211; MGalleryes un espacio divertido y atractivo para mantener entretenido a tu peque\u00f1o durante tu escapada a uno de los mejores resorts familiares de Phuket.La sala club de colores brillantes y el juego al aire libre ofrecen una variedad de actividades para ni\u00f1os de hasta 12 a\u00f1os con [&hellip;]","og_url":"https:\/\/www.avistagrandephuketresort.com\/es\/wellness-resort\/kids-zone-phuket-family-resort\/","og_site_name":"Avista Grande Phuket Karon - Mgallery","article_modified_time":"2023-10-05T10:47:37+00:00","twitter_card":"summary_large_image","twitter_misc":{"Tiempo de lectura":"1 minuto"},"schema":{"@context":"https:\/\/schema.org","@graph":[{"@type":"WebPage","@id":"https:\/\/www.avistagrandephuketresort.com\/es\/wellness-resort\/kids-zone-phuket-family-resort\/","url":"https:\/\/www.avistagrandephuketresort.com\/es\/wellness-resort\/kids-zone-phuket-family-resort\/","name":"ZONA INFANTIL - Avista Grande Phuket Karon - Mgallery","isPartOf":{"@id":"https:\/\/www.avistagrandephuketresort.com\/#website"},"datePublished":"2023-07-26T09:42:29+00:00","dateModified":"2023-10-05T10:47:37+00:00","breadcrumb":{"@id":"https:\/\/www.avistagrandephuketresort.com\/es\/wellness-resort\/kids-zone-phuket-family-resort\/#breadcrumb"},"inLanguage":"es","potentialAction":[{"@type":"ReadAction","target":["https:\/\/www.avistagrandephuketresort.com\/es\/wellness-resort\/kids-zone-phuket-family-resort\/"]}]},{"@type":"BreadcrumbList","@id":"https:\/\/www.avistagrandephuketresort.com\/es\/wellness-resort\/kids-zone-phuket-family-resort\/#breadcrumb","itemListElement":[{"@type":"ListItem","position":1,"name":"Home","item":"https:\/\/www.avistagrandephuketresort.com\/es\/"},{"@type":"ListItem","position":2,"name":"Spa e instalaciones","item":"https:\/\/www.avistagrandephuketresort.com\/es\/wellness-resort\/"},{"@type":"ListItem","position":3,"name":"ZONA INFANTIL"}]},{"@type":"WebSite","@id":"https:\/\/www.avistagrandephuketresort.com\/#website","url":"https:\/\/www.avistagrandephuketresort.com\/","name":"Avista Grande Phuket Karon - Mgallery","description":"","potentialAction":[{"@type":"SearchAction","target":{"@type":"EntryPoint","urlTemplate":"https:\/\/www.avistagrandephuketresort.com\/?s={search_term_string}"},"query-input":{"@type":"PropertyValueSpecification","valueRequired":true,"valueName":"search_term_string"}}],"inLanguage":"es"}]}},"_links":{"self":[{"href":"https:\/\/www.avistagrandephuketresort.com\/es\/wp-json\/wp\/v2\/pages\/1266","targetHints":{"allow":["GET"]}}],"collection":[{"href":"https:\/\/www.avistagrandephuketresort.com\/es\/wp-json\/wp\/v2\/pages"}],"about":[{"href":"https:\/\/www.avistagrandephuketresort.com\/es\/wp-json\/wp\/v2\/types\/page"}],"author":[{"embeddable":true,"href":"https:\/\/www.avistagrandephuketresort.com\/es\/wp-json\/wp\/v2\/users\/55"}],"replies":[{"embeddable":true,"href":"https:\/\/www.avistagrandephuketresort.com\/es\/wp-json\/wp\/v2\/comments?post=1266"}],"version-history":[{"count":0,"href":"https:\/\/www.avistagrandephuketresort.com\/es\/wp-json\/wp\/v2\/pages\/1266\/revisions"}],"up":[{"embeddable":true,"href":"https:\/\/www.avistagrandephuketresort.com\/es\/wp-json\/wp\/v2\/pages\/1238"}],"wp:attachment":[{"href":"https:\/\/www.avistagrandephuketresort.com\/es\/wp-json\/wp\/v2\/media?parent=1266"}],"wp:term":[{"taxonomy":"category","embeddable":true,"href":"https:\/\/www.avistagrandephuketresort.com\/es\/wp-json\/wp\/v2\/categories?post=1266"}],"curies":[{"name":"wp","href":"https:\/\/api.w.org\/{rel}","templated":true}]}}