{"id":1265,"date":"2023-07-26T08:59:49","date_gmt":"2023-07-26T08:59:49","guid":{"rendered":"https:\/\/www.avistagrandephuketresort.com\/?page_id=1265"},"modified":"2023-10-05T10:41:42","modified_gmt":"2023-10-05T10:41:42","slug":"fitlab","status":"publish","type":"page","link":"https:\/\/www.avistagrandephuketresort.com\/es\/wellness-resort\/fitlab\/","title":{"rendered":"FITLAB GIMNASIO 24 HORAS"},"content":{"rendered":"<p style=\"text-align: center;\"><a href=\"https:\/\/www.avistagrandephuketresort.com\/es\/wellness-resort\/fitlab\/\"><strong>FitLab<\/strong><\/a>est\u00e1 equipado con equipos de ejercicio de \u00faltima generaci\u00f3n para garantizar un entrenamiento que aumente tus niveles de energ\u00eda para un d\u00eda exhaustivo en la isla.<\/p>\n<p style=\"text-align: center;\">La exploraci\u00f3n de la isla te mantiene activo, sin embargo, es posible que a\u00fan sientas la necesidad de un buen entrenamiento. Dir\u00edgete a FitLab, nuestro <strong> centro de fitness y salud<\/strong>en <a href=\"https:\/\/www.avistagrandephuketresort.com\/es\/\">Avista Grande Phuket Karon<\/a><\/strong>.\u00a0Energ\u00edzate con una amplia selecci\u00f3n de equipos de ejercicio de \u00faltima generaci\u00f3n. En busca del equilibrio, rel\u00e1jate en el moderno y relajante espacio de yoga de <stong>FitLab<\/strong>. La tensi\u00f3n se desvanece con cada estiramiento, mientras que una sensaci\u00f3n de paz y tranquilidad fluye suavemente a trav\u00e9s de tu cuerpo vigorizado.<\/p>\n<p style=\"text-align: center;\">Para tus rutinas de cardio, contamos con una amplia gama de m\u00e1quinas que incluyen m\u00e1quinas para correr, el\u00edpticas y ciclistas. Para que la sangre fluya a trav\u00e9s de tus m\u00fasculos y se vea lo mejor posible antes de salir, puedes bombear un poco de hierro utilizando una amplia gama de pesas libres y equipos para un entrenamiento intenso. El gimnasio siempre est\u00e1 equipado con toallas y l\u00edquidos frescos junto con buena m\u00fasica para acompa\u00f1arte, para que no tengas que preocuparte por nada m\u00e1s que la intensidad de los entrenamientos.<\/p>\n<p style=\"text-align: center;\">Estar en buen estado f\u00edsico y mental es esencial en la era moderna. Por esta raz\u00f3n, hemos proporcionado un amplio espacio para que te pierdas en una sesi\u00f3n de yoga conmovedora. De acuerdo con este antiguo arte, el entorno en el que te encuentres te ayudar\u00e1 a aumentar tu energ\u00eda. Estar situado en un entorno tan exuberante tambi\u00e9n juega un papel importante para ayudar a enfocar la mente para concentrarte en lograr el m\u00e1ximo rendimiento de tu d\u00eda. Nuestros hu\u00e9spedes pueden utilizar nuestro <strong> gimnasio en Karon  <\/strong> y el personal est\u00e1 siempre disponible para ayudar cuando sea necesario.<\/p>\n<p style=\"text-align: center;\">Reserva el <a href=\"https:\/\/www.avistagrandephuketresort.com\/es\/wellness-resort\/pearl-luxury-spa-phuket\/pearl-spa-special-offers\/\">tratamiento de spa <\/a>m\u00e1s inolvidable en Pearl Spa. \u00a1Nuestros terapeutas de spa te est\u00e1n esperando!<\/p>\n","protected":false},"excerpt":{"rendered":"<p>FitLabest\u00e1 equipado con equipos de ejercicio de \u00faltima generaci\u00f3n para garantizar un entrenamiento que aumente tus niveles de energ\u00eda para un d\u00eda exhaustivo en la isla. La exploraci\u00f3n de la isla te mantiene activo, sin embargo, es posible que a\u00fan sientas la necesidad de un buen entrenamiento. Dir\u00edgete a FitLab, nuestro centro de fitness y [&hellip;]<\/p>\n","protected":false},"author":55,"featured_media":0,"parent":1238,"menu_order":2,"comment_status":"closed","ping_status":"closed","template":"","meta":{"footnotes":""},"categories":[],"class_list":["post-1265","page","type-page","status-publish","hentry"],"acf":[],"yoast_head":"<!-- This site is optimized with the Yoast SEO plugin v26.9 - https:\/\/yoast.com\/product\/yoast-seo-wordpress\/ -->\n<title>FITLAB GIMNASIO 24 HORAS - Avista Grande Phuket Karon - Mgallery<\/title>\n<meta name=\"robots\" content=\"index, follow, max-snippet:-1, max-image-preview:large, max-video-preview:-1\" \/>\n<link rel=\"canonical\" href=\"https:\/\/www.avistagrandephuketresort.com\/es\/wellness-resort\/fitlab\/\" \/>\n<meta property=\"og:locale\" content=\"es_ES\" \/>\n<meta property=\"og:type\" content=\"article\" \/>\n<meta property=\"og:title\" content=\"FITLAB GIMNASIO 24 HORAS - Avista Grande Phuket Karon - Mgallery\" \/>\n<meta property=\"og:description\" content=\"FitLabest\u00e1 equipado con equipos de ejercicio de \u00faltima generaci\u00f3n para garantizar un entrenamiento que aumente tus niveles de energ\u00eda para un d\u00eda exhaustivo en la isla. La exploraci\u00f3n de la isla te mantiene activo, sin embargo, es posible que a\u00fan sientas la necesidad de un buen entrenamiento. Dir\u00edgete a FitLab, nuestro centro de fitness y [&hellip;]\" \/>\n<meta property=\"og:url\" content=\"https:\/\/www.avistagrandephuketresort.com\/es\/wellness-resort\/fitlab\/\" \/>\n<meta property=\"og:site_name\" content=\"Avista Grande Phuket Karon - Mgallery\" \/>\n<meta property=\"article:modified_time\" content=\"2023-10-05T10:41:42+00:00\" \/>\n<meta name=\"twitter:card\" content=\"summary_large_image\" \/>\n<meta name=\"twitter:label1\" content=\"Tiempo de lectura\" \/>\n\t<meta name=\"twitter:data1\" content=\"2 minutos\" \/>\n<script type=\"application\/ld+json\" class=\"yoast-schema-graph\">{\"@context\":\"https:\/\/schema.org\",\"@graph\":[{\"@type\":\"WebPage\",\"@id\":\"https:\/\/www.avistagrandephuketresort.com\/es\/wellness-resort\/fitlab\/\",\"url\":\"https:\/\/www.avistagrandephuketresort.com\/es\/wellness-resort\/fitlab\/\",\"name\":\"FITLAB GIMNASIO 24 HORAS - Avista Grande Phuket Karon - Mgallery\",\"isPartOf\":{\"@id\":\"https:\/\/www.avistagrandephuketresort.com\/#website\"},\"datePublished\":\"2023-07-26T08:59:49+00:00\",\"dateModified\":\"2023-10-05T10:41:42+00:00\",\"breadcrumb\":{\"@id\":\"https:\/\/www.avistagrandephuketresort.com\/es\/wellness-resort\/fitlab\/#breadcrumb\"},\"inLanguage\":\"es\",\"potentialAction\":[{\"@type\":\"ReadAction\",\"target\":[\"https:\/\/www.avistagrandephuketresort.com\/es\/wellness-resort\/fitlab\/\"]}]},{\"@type\":\"BreadcrumbList\",\"@id\":\"https:\/\/www.avistagrandephuketresort.com\/es\/wellness-resort\/fitlab\/#breadcrumb\",\"itemListElement\":[{\"@type\":\"ListItem\",\"position\":1,\"name\":\"Home\",\"item\":\"https:\/\/www.avistagrandephuketresort.com\/es\/\"},{\"@type\":\"ListItem\",\"position\":2,\"name\":\"Spa e instalaciones\",\"item\":\"https:\/\/www.avistagrandephuketresort.com\/es\/wellness-resort\/\"},{\"@type\":\"ListItem\",\"position\":3,\"name\":\"FITLAB GIMNASIO 24 HORAS\"}]},{\"@type\":\"WebSite\",\"@id\":\"https:\/\/www.avistagrandephuketresort.com\/#website\",\"url\":\"https:\/\/www.avistagrandephuketresort.com\/\",\"name\":\"Avista Grande Phuket Karon - Mgallery\",\"description\":\"\",\"potentialAction\":[{\"@type\":\"SearchAction\",\"target\":{\"@type\":\"EntryPoint\",\"urlTemplate\":\"https:\/\/www.avistagrandephuketresort.com\/?s={search_term_string}\"},\"query-input\":{\"@type\":\"PropertyValueSpecification\",\"valueRequired\":true,\"valueName\":\"search_term_string\"}}],\"inLanguage\":\"es\"}]}<\/script>\n<!-- \/ Yoast SEO plugin. -->","yoast_head_json":{"title":"FITLAB GIMNASIO 24 HORAS - Avista Grande Phuket Karon - Mgallery","robots":{"index":"index","follow":"follow","max-snippet":"max-snippet:-1","max-image-preview":"max-image-preview:large","max-video-preview":"max-video-preview:-1"},"canonical":"https:\/\/www.avistagrandephuketresort.com\/es\/wellness-resort\/fitlab\/","og_locale":"es_ES","og_type":"article","og_title":"FITLAB GIMNASIO 24 HORAS - Avista Grande Phuket Karon - Mgallery","og_description":"FitLabest\u00e1 equipado con equipos de ejercicio de \u00faltima generaci\u00f3n para garantizar un entrenamiento que aumente tus niveles de energ\u00eda para un d\u00eda exhaustivo en la isla. La exploraci\u00f3n de la isla te mantiene activo, sin embargo, es posible que a\u00fan sientas la necesidad de un buen entrenamiento. Dir\u00edgete a FitLab, nuestro centro de fitness y [&hellip;]","og_url":"https:\/\/www.avistagrandephuketresort.com\/es\/wellness-resort\/fitlab\/","og_site_name":"Avista Grande Phuket Karon - Mgallery","article_modified_time":"2023-10-05T10:41:42+00:00","twitter_card":"summary_large_image","twitter_misc":{"Tiempo de lectura":"2 minutos"},"schema":{"@context":"https:\/\/schema.org","@graph":[{"@type":"WebPage","@id":"https:\/\/www.avistagrandephuketresort.com\/es\/wellness-resort\/fitlab\/","url":"https:\/\/www.avistagrandephuketresort.com\/es\/wellness-resort\/fitlab\/","name":"FITLAB GIMNASIO 24 HORAS - Avista Grande Phuket Karon - Mgallery","isPartOf":{"@id":"https:\/\/www.avistagrandephuketresort.com\/#website"},"datePublished":"2023-07-26T08:59:49+00:00","dateModified":"2023-10-05T10:41:42+00:00","breadcrumb":{"@id":"https:\/\/www.avistagrandephuketresort.com\/es\/wellness-resort\/fitlab\/#breadcrumb"},"inLanguage":"es","potentialAction":[{"@type":"ReadAction","target":["https:\/\/www.avistagrandephuketresort.com\/es\/wellness-resort\/fitlab\/"]}]},{"@type":"BreadcrumbList","@id":"https:\/\/www.avistagrandephuketresort.com\/es\/wellness-resort\/fitlab\/#breadcrumb","itemListElement":[{"@type":"ListItem","position":1,"name":"Home","item":"https:\/\/www.avistagrandephuketresort.com\/es\/"},{"@type":"ListItem","position":2,"name":"Spa e instalaciones","item":"https:\/\/www.avistagrandephuketresort.com\/es\/wellness-resort\/"},{"@type":"ListItem","position":3,"name":"FITLAB GIMNASIO 24 HORAS"}]},{"@type":"WebSite","@id":"https:\/\/www.avistagrandephuketresort.com\/#website","url":"https:\/\/www.avistagrandephuketresort.com\/","name":"Avista Grande Phuket Karon - Mgallery","description":"","potentialAction":[{"@type":"SearchAction","target":{"@type":"EntryPoint","urlTemplate":"https:\/\/www.avistagrandephuketresort.com\/?s={search_term_string}"},"query-input":{"@type":"PropertyValueSpecification","valueRequired":true,"valueName":"search_term_string"}}],"inLanguage":"es"}]}},"_links":{"self":[{"href":"https:\/\/www.avistagrandephuketresort.com\/es\/wp-json\/wp\/v2\/pages\/1265","targetHints":{"allow":["GET"]}}],"collection":[{"href":"https:\/\/www.avistagrandephuketresort.com\/es\/wp-json\/wp\/v2\/pages"}],"about":[{"href":"https:\/\/www.avistagrandephuketresort.com\/es\/wp-json\/wp\/v2\/types\/page"}],"author":[{"embeddable":true,"href":"https:\/\/www.avistagrandephuketresort.com\/es\/wp-json\/wp\/v2\/users\/55"}],"replies":[{"embeddable":true,"href":"https:\/\/www.avistagrandephuketresort.com\/es\/wp-json\/wp\/v2\/comments?post=1265"}],"version-history":[{"count":0,"href":"https:\/\/www.avistagrandephuketresort.com\/es\/wp-json\/wp\/v2\/pages\/1265\/revisions"}],"up":[{"embeddable":true,"href":"https:\/\/www.avistagrandephuketresort.com\/es\/wp-json\/wp\/v2\/pages\/1238"}],"wp:attachment":[{"href":"https:\/\/www.avistagrandephuketresort.com\/es\/wp-json\/wp\/v2\/media?parent=1265"}],"wp:term":[{"taxonomy":"category","embeddable":true,"href":"https:\/\/www.avistagrandephuketresort.com\/es\/wp-json\/wp\/v2\/categories?post=1265"}],"curies":[{"name":"wp","href":"https:\/\/api.w.org\/{rel}","templated":true}]}}