{"id":1264,"date":"2023-07-26T07:47:42","date_gmt":"2023-07-26T07:47:42","guid":{"rendered":"https:\/\/www.avistagrandephuketresort.com\/?page_id=1264"},"modified":"2023-10-05T10:31:35","modified_gmt":"2023-10-05T10:31:35","slug":"spa-faqs","status":"publish","type":"page","link":"https:\/\/www.avistagrandephuketresort.com\/es\/wellness-resort\/pearl-luxury-spa-phuket\/spa-faqs\/","title":{"rendered":"Preguntas frecuentes sobre el spa"},"content":{"rendered":"<h3 style=\"text-align: center;\">Etiqueta del spa<\/h3>\n<p>&nbsp;<\/p>\n<p style=\"text-align: center;\">El spa es un refugio para tu cuerpo, mente y esp\u00edritu. Para la consideraci\u00f3n de los dem\u00e1s, debes considerar mantener el ruido al m\u00ednimo y respetar la privacidad de los dem\u00e1s hu\u00e9spedes hablando en voz baja. No se permiten ni\u00f1os en el spa a menos que est\u00e9n recibiendo un tratamiento o est\u00e9n acompa\u00f1ados por un adulto. Tu tiempo en nuestro retiro de spa debe dedicarse a la relajaci\u00f3n completa. Apagar los tel\u00e9fonos celulares y otros dispositivos electr\u00f3nicos te desconecta del mundo m\u00f3vil, aunque solo sea por unas horas, y te ayuda a relajar tu mente.<\/p>\n<h3><\/h3>\n<h3 style=\"text-align: center;\">\u00bfQu\u00e9 debo usar para ir a un spa?<\/h3>\n<p>&nbsp;<\/p>\n<p style=\"text-align: center;\">Tu comodidad durante el tratamiento elegido es muy importante para obtener lo mejor de las experiencias. Llega al spa con ropa c\u00f3moda y ligera o una bata. Nuestros terapeutas profesionales proporcionan cortinas para garantizar tu privacidad. La ropa interior desechable est\u00e1 disponible bajo petici\u00f3n.<\/p>\n<h3><\/h3>\n<h3 style=\"text-align: center;\">\u00bfQu\u00e9 debo hacer para reservar un spa?<\/h3>\n<p>&nbsp;<\/p>\n<p style=\"text-align: center;\">Le recomendamos que reserva con suficiente antelaci\u00f3n a tu llegada para asegurar tu fecha y hora de tratamiento preferidas. Por favor, informa a la recepcionista del spa de cualquier consideraci\u00f3n especial al hacer tu reserva. Tenga en cuenta los horarios del spa. Pearl Spa est\u00e1 abierto de 10 a.m. a 9 p.m. todos los d\u00edas. El \u00faltimo tratamiento finaliza a las 9 p. m. Por favor, llega un m\u00ednimo de 15 minutos antes de tu tratamiento programado para evitar un tiempo de tratamiento reducido. Una llegada tard\u00eda resulta en un tratamiento m\u00e1s corto para acomodar a otros hu\u00e9spedes de manera justa.<\/p>\n<h3><\/h3>\n<h3 style=\"text-align: center;\">Spa durante el embarazo<\/h3>\n<p>&nbsp;<\/p>\n<p style=\"text-align: center;\">Si est\u00e1s embarazada, es posible que desees evitar reservar tratamientos que impliquen el uso de aceites esenciales. No se recomiendan masajes ni tratamientos estimulantes durante los tres primeros meses de embarazo.<\/p>\n<h3><\/h3>\n<h3 style=\"text-align: center;\">Complicaciones de salud<\/h3>\n<p>&nbsp;<\/p>\n<p style=\"text-align: center;\">Si tienes alguna afecci\u00f3n m\u00e9dica, en particular c\u00e1ncer, afecci\u00f3n card\u00edaca, presi\u00f3n arterial alta\/baja, diabetes, epilepsia o cirug\u00eda en los \u00faltimos seis meses, debes consultar a tu m\u00e9dico antes de inscribirte en cualquier servicio de spa. Informa tambi\u00e9n a tu terapeuta sobre cualquier afecci\u00f3n m\u00e9dica.<\/p>\n<h3><\/h3>\n<h3 style=\"text-align: center;\">\u00bfPuedo fumar o beber en un Spa?<\/h3>\n<p>&nbsp;<\/p>\n<p style=\"text-align: center;\">Est\u00e1 prohibido fumar y consumir alcohol dentro del Spa. Tambi\u00e9n es aconsejable evitar el consumo de alcohol o comidas pesadas antes o despu\u00e9s de cualquier tratamiento de spa.<\/p>\n","protected":false},"excerpt":{"rendered":"<p>Etiqueta del spa &nbsp; El spa es un refugio para tu cuerpo, mente y esp\u00edritu. Para la consideraci\u00f3n de los dem\u00e1s, debes considerar mantener el ruido al m\u00ednimo y respetar la privacidad de los dem\u00e1s hu\u00e9spedes hablando en voz baja. No se permiten ni\u00f1os en el spa a menos que est\u00e9n recibiendo un tratamiento o [&hellip;]<\/p>\n","protected":false},"author":55,"featured_media":0,"parent":1239,"menu_order":5,"comment_status":"closed","ping_status":"closed","template":"","meta":{"footnotes":""},"categories":[],"class_list":["post-1264","page","type-page","status-publish","hentry"],"acf":[],"yoast_head":"<!-- This site is optimized with the Yoast SEO plugin v26.9 - https:\/\/yoast.com\/product\/yoast-seo-wordpress\/ -->\n<title>Preguntas frecuentes sobre el spa - Avista Grande Phuket Karon - Mgallery<\/title>\n<meta name=\"robots\" content=\"index, follow, max-snippet:-1, max-image-preview:large, max-video-preview:-1\" \/>\n<link rel=\"canonical\" href=\"https:\/\/www.avistagrandephuketresort.com\/es\/wellness-resort\/pearl-luxury-spa-phuket\/spa-faqs\/\" \/>\n<meta property=\"og:locale\" content=\"es_ES\" \/>\n<meta property=\"og:type\" content=\"article\" \/>\n<meta property=\"og:title\" content=\"Preguntas frecuentes sobre el spa - Avista Grande Phuket Karon - Mgallery\" \/>\n<meta property=\"og:description\" content=\"Etiqueta del spa &nbsp; El spa es un refugio para tu cuerpo, mente y esp\u00edritu. Para la consideraci\u00f3n de los dem\u00e1s, debes considerar mantener el ruido al m\u00ednimo y respetar la privacidad de los dem\u00e1s hu\u00e9spedes hablando en voz baja. No se permiten ni\u00f1os en el spa a menos que est\u00e9n recibiendo un tratamiento o [&hellip;]\" \/>\n<meta property=\"og:url\" content=\"https:\/\/www.avistagrandephuketresort.com\/es\/wellness-resort\/pearl-luxury-spa-phuket\/spa-faqs\/\" \/>\n<meta property=\"og:site_name\" content=\"Avista Grande Phuket Karon - Mgallery\" \/>\n<meta property=\"article:modified_time\" content=\"2023-10-05T10:31:35+00:00\" \/>\n<meta name=\"twitter:card\" content=\"summary_large_image\" \/>\n<meta name=\"twitter:label1\" content=\"Tiempo de lectura\" \/>\n\t<meta name=\"twitter:data1\" content=\"2 minutos\" \/>\n<script type=\"application\/ld+json\" class=\"yoast-schema-graph\">{\"@context\":\"https:\/\/schema.org\",\"@graph\":[{\"@type\":\"WebPage\",\"@id\":\"https:\/\/www.avistagrandephuketresort.com\/es\/wellness-resort\/pearl-luxury-spa-phuket\/spa-faqs\/\",\"url\":\"https:\/\/www.avistagrandephuketresort.com\/es\/wellness-resort\/pearl-luxury-spa-phuket\/spa-faqs\/\",\"name\":\"Preguntas frecuentes sobre el spa - Avista Grande Phuket Karon - Mgallery\",\"isPartOf\":{\"@id\":\"https:\/\/www.avistagrandephuketresort.com\/#website\"},\"datePublished\":\"2023-07-26T07:47:42+00:00\",\"dateModified\":\"2023-10-05T10:31:35+00:00\",\"breadcrumb\":{\"@id\":\"https:\/\/www.avistagrandephuketresort.com\/es\/wellness-resort\/pearl-luxury-spa-phuket\/spa-faqs\/#breadcrumb\"},\"inLanguage\":\"es\",\"potentialAction\":[{\"@type\":\"ReadAction\",\"target\":[\"https:\/\/www.avistagrandephuketresort.com\/es\/wellness-resort\/pearl-luxury-spa-phuket\/spa-faqs\/\"]}]},{\"@type\":\"BreadcrumbList\",\"@id\":\"https:\/\/www.avistagrandephuketresort.com\/es\/wellness-resort\/pearl-luxury-spa-phuket\/spa-faqs\/#breadcrumb\",\"itemListElement\":[{\"@type\":\"ListItem\",\"position\":1,\"name\":\"Home\",\"item\":\"https:\/\/www.avistagrandephuketresort.com\/es\/\"},{\"@type\":\"ListItem\",\"position\":2,\"name\":\"Spa e instalaciones\",\"item\":\"https:\/\/www.avistagrandephuketresort.com\/es\/wellness-resort\/\"},{\"@type\":\"ListItem\",\"position\":3,\"name\":\"Pearl Spa\",\"item\":\"https:\/\/www.avistagrandephuketresort.com\/es\/wellness-resort\/pearl-luxury-spa-phuket\/\"},{\"@type\":\"ListItem\",\"position\":4,\"name\":\"Preguntas frecuentes sobre el spa\"}]},{\"@type\":\"WebSite\",\"@id\":\"https:\/\/www.avistagrandephuketresort.com\/#website\",\"url\":\"https:\/\/www.avistagrandephuketresort.com\/\",\"name\":\"Avista Grande Phuket Karon - Mgallery\",\"description\":\"\",\"potentialAction\":[{\"@type\":\"SearchAction\",\"target\":{\"@type\":\"EntryPoint\",\"urlTemplate\":\"https:\/\/www.avistagrandephuketresort.com\/?s={search_term_string}\"},\"query-input\":{\"@type\":\"PropertyValueSpecification\",\"valueRequired\":true,\"valueName\":\"search_term_string\"}}],\"inLanguage\":\"es\"}]}<\/script>\n<!-- \/ Yoast SEO plugin. -->","yoast_head_json":{"title":"Preguntas frecuentes sobre el spa - Avista Grande Phuket Karon - Mgallery","robots":{"index":"index","follow":"follow","max-snippet":"max-snippet:-1","max-image-preview":"max-image-preview:large","max-video-preview":"max-video-preview:-1"},"canonical":"https:\/\/www.avistagrandephuketresort.com\/es\/wellness-resort\/pearl-luxury-spa-phuket\/spa-faqs\/","og_locale":"es_ES","og_type":"article","og_title":"Preguntas frecuentes sobre el spa - Avista Grande Phuket Karon - Mgallery","og_description":"Etiqueta del spa &nbsp; El spa es un refugio para tu cuerpo, mente y esp\u00edritu. Para la consideraci\u00f3n de los dem\u00e1s, debes considerar mantener el ruido al m\u00ednimo y respetar la privacidad de los dem\u00e1s hu\u00e9spedes hablando en voz baja. No se permiten ni\u00f1os en el spa a menos que est\u00e9n recibiendo un tratamiento o [&hellip;]","og_url":"https:\/\/www.avistagrandephuketresort.com\/es\/wellness-resort\/pearl-luxury-spa-phuket\/spa-faqs\/","og_site_name":"Avista Grande Phuket Karon - Mgallery","article_modified_time":"2023-10-05T10:31:35+00:00","twitter_card":"summary_large_image","twitter_misc":{"Tiempo de lectura":"2 minutos"},"schema":{"@context":"https:\/\/schema.org","@graph":[{"@type":"WebPage","@id":"https:\/\/www.avistagrandephuketresort.com\/es\/wellness-resort\/pearl-luxury-spa-phuket\/spa-faqs\/","url":"https:\/\/www.avistagrandephuketresort.com\/es\/wellness-resort\/pearl-luxury-spa-phuket\/spa-faqs\/","name":"Preguntas frecuentes sobre el spa - Avista Grande Phuket Karon - Mgallery","isPartOf":{"@id":"https:\/\/www.avistagrandephuketresort.com\/#website"},"datePublished":"2023-07-26T07:47:42+00:00","dateModified":"2023-10-05T10:31:35+00:00","breadcrumb":{"@id":"https:\/\/www.avistagrandephuketresort.com\/es\/wellness-resort\/pearl-luxury-spa-phuket\/spa-faqs\/#breadcrumb"},"inLanguage":"es","potentialAction":[{"@type":"ReadAction","target":["https:\/\/www.avistagrandephuketresort.com\/es\/wellness-resort\/pearl-luxury-spa-phuket\/spa-faqs\/"]}]},{"@type":"BreadcrumbList","@id":"https:\/\/www.avistagrandephuketresort.com\/es\/wellness-resort\/pearl-luxury-spa-phuket\/spa-faqs\/#breadcrumb","itemListElement":[{"@type":"ListItem","position":1,"name":"Home","item":"https:\/\/www.avistagrandephuketresort.com\/es\/"},{"@type":"ListItem","position":2,"name":"Spa e instalaciones","item":"https:\/\/www.avistagrandephuketresort.com\/es\/wellness-resort\/"},{"@type":"ListItem","position":3,"name":"Pearl Spa","item":"https:\/\/www.avistagrandephuketresort.com\/es\/wellness-resort\/pearl-luxury-spa-phuket\/"},{"@type":"ListItem","position":4,"name":"Preguntas frecuentes sobre el spa"}]},{"@type":"WebSite","@id":"https:\/\/www.avistagrandephuketresort.com\/#website","url":"https:\/\/www.avistagrandephuketresort.com\/","name":"Avista Grande Phuket Karon - Mgallery","description":"","potentialAction":[{"@type":"SearchAction","target":{"@type":"EntryPoint","urlTemplate":"https:\/\/www.avistagrandephuketresort.com\/?s={search_term_string}"},"query-input":{"@type":"PropertyValueSpecification","valueRequired":true,"valueName":"search_term_string"}}],"inLanguage":"es"}]}},"_links":{"self":[{"href":"https:\/\/www.avistagrandephuketresort.com\/es\/wp-json\/wp\/v2\/pages\/1264","targetHints":{"allow":["GET"]}}],"collection":[{"href":"https:\/\/www.avistagrandephuketresort.com\/es\/wp-json\/wp\/v2\/pages"}],"about":[{"href":"https:\/\/www.avistagrandephuketresort.com\/es\/wp-json\/wp\/v2\/types\/page"}],"author":[{"embeddable":true,"href":"https:\/\/www.avistagrandephuketresort.com\/es\/wp-json\/wp\/v2\/users\/55"}],"replies":[{"embeddable":true,"href":"https:\/\/www.avistagrandephuketresort.com\/es\/wp-json\/wp\/v2\/comments?post=1264"}],"version-history":[{"count":0,"href":"https:\/\/www.avistagrandephuketresort.com\/es\/wp-json\/wp\/v2\/pages\/1264\/revisions"}],"up":[{"embeddable":true,"href":"https:\/\/www.avistagrandephuketresort.com\/es\/wp-json\/wp\/v2\/pages\/1239"}],"wp:attachment":[{"href":"https:\/\/www.avistagrandephuketresort.com\/es\/wp-json\/wp\/v2\/media?parent=1264"}],"wp:term":[{"taxonomy":"category","embeddable":true,"href":"https:\/\/www.avistagrandephuketresort.com\/es\/wp-json\/wp\/v2\/categories?post=1264"}],"curies":[{"name":"wp","href":"https:\/\/api.w.org\/{rel}","templated":true}]}}