{"id":1254,"date":"2023-07-26T06:58:15","date_gmt":"2023-07-26T06:58:15","guid":{"rendered":"https:\/\/www.avistagrandephuketresort.com\/?page_id=1254"},"modified":"2023-10-05T10:05:46","modified_gmt":"2023-10-05T10:05:46","slug":"body-massage-treatments","status":"publish","type":"page","link":"https:\/\/www.avistagrandephuketresort.com\/es\/wellness-resort\/pearl-luxury-spa-phuket\/pearl-spa-menu\/body-massage-treatments\/","title":{"rendered":"Tratamientos de masaje corporal"},"content":{"rendered":"<p style=\"text-align: center\">Combinando el toque experto con una variedad de t\u00e9cnicas de masaje terap\u00e9utico, nuestros experimentados terapeutas en  <a href=\"https:\/\/www.avistagrandephuketresort.com\/es\/wellness-resort\/pearl-luxury-spa-phuket\/\">Pearl Spa en Phuket<\/a>brindan experiencias relajantes y rejuvenecedoras. Desde el masaje tradicional tailand\u00e9s y la acupresi\u00f3n hasta la compresa herbal caliente y la aromaterapia, nuestros aceites arom\u00e1ticos de alta calidad se obtienen de forma sostenible utilizando ingredientes cultivados localmente en el norte de Tailandia.<\/p>\n","protected":false},"excerpt":{"rendered":"<p>Combinando el toque experto con una variedad de t\u00e9cnicas de masaje terap\u00e9utico, nuestros experimentados terapeutas en Pearl Spa en Phuketbrindan experiencias relajantes y rejuvenecedoras. Desde el masaje tradicional tailand\u00e9s y la acupresi\u00f3n hasta la compresa herbal caliente y la aromaterapia, nuestros aceites arom\u00e1ticos de alta calidad se obtienen de forma sostenible utilizando ingredientes cultivados localmente [&hellip;]<\/p>\n","protected":false},"author":55,"featured_media":0,"parent":1241,"menu_order":4,"comment_status":"closed","ping_status":"closed","template":"","meta":{"footnotes":""},"categories":[],"class_list":["post-1254","page","type-page","status-publish","hentry"],"acf":[],"yoast_head":"<!-- This site is optimized with the Yoast SEO plugin v26.9 - https:\/\/yoast.com\/product\/yoast-seo-wordpress\/ -->\n<title>Tratamientos de masaje corporal - Avista Grande Phuket Karon - Mgallery<\/title>\n<meta name=\"robots\" content=\"index, follow, max-snippet:-1, max-image-preview:large, max-video-preview:-1\" \/>\n<link rel=\"canonical\" href=\"https:\/\/www.avistagrandephuketresort.com\/es\/wellness-resort\/pearl-luxury-spa-phuket\/pearl-spa-menu\/body-massage-treatments\/\" \/>\n<meta property=\"og:locale\" content=\"es_ES\" \/>\n<meta property=\"og:type\" content=\"article\" \/>\n<meta property=\"og:title\" content=\"Tratamientos de masaje corporal - Avista Grande Phuket Karon - Mgallery\" \/>\n<meta property=\"og:description\" content=\"Combinando el toque experto con una variedad de t\u00e9cnicas de masaje terap\u00e9utico, nuestros experimentados terapeutas en Pearl Spa en Phuketbrindan experiencias relajantes y rejuvenecedoras. Desde el masaje tradicional tailand\u00e9s y la acupresi\u00f3n hasta la compresa herbal caliente y la aromaterapia, nuestros aceites arom\u00e1ticos de alta calidad se obtienen de forma sostenible utilizando ingredientes cultivados localmente [&hellip;]\" \/>\n<meta property=\"og:url\" content=\"https:\/\/www.avistagrandephuketresort.com\/es\/wellness-resort\/pearl-luxury-spa-phuket\/pearl-spa-menu\/body-massage-treatments\/\" \/>\n<meta property=\"og:site_name\" content=\"Avista Grande Phuket Karon - Mgallery\" \/>\n<meta property=\"article:modified_time\" content=\"2023-10-05T10:05:46+00:00\" \/>\n<meta name=\"twitter:card\" content=\"summary_large_image\" \/>\n<meta name=\"twitter:label1\" content=\"Tiempo de lectura\" \/>\n\t<meta name=\"twitter:data1\" content=\"1 minuto\" \/>\n<script type=\"application\/ld+json\" class=\"yoast-schema-graph\">{\"@context\":\"https:\/\/schema.org\",\"@graph\":[{\"@type\":\"WebPage\",\"@id\":\"https:\/\/www.avistagrandephuketresort.com\/es\/wellness-resort\/pearl-luxury-spa-phuket\/pearl-spa-menu\/body-massage-treatments\/\",\"url\":\"https:\/\/www.avistagrandephuketresort.com\/es\/wellness-resort\/pearl-luxury-spa-phuket\/pearl-spa-menu\/body-massage-treatments\/\",\"name\":\"Tratamientos de masaje corporal - Avista Grande Phuket Karon - Mgallery\",\"isPartOf\":{\"@id\":\"https:\/\/www.avistagrandephuketresort.com\/#website\"},\"datePublished\":\"2023-07-26T06:58:15+00:00\",\"dateModified\":\"2023-10-05T10:05:46+00:00\",\"breadcrumb\":{\"@id\":\"https:\/\/www.avistagrandephuketresort.com\/es\/wellness-resort\/pearl-luxury-spa-phuket\/pearl-spa-menu\/body-massage-treatments\/#breadcrumb\"},\"inLanguage\":\"es\",\"potentialAction\":[{\"@type\":\"ReadAction\",\"target\":[\"https:\/\/www.avistagrandephuketresort.com\/es\/wellness-resort\/pearl-luxury-spa-phuket\/pearl-spa-menu\/body-massage-treatments\/\"]}]},{\"@type\":\"BreadcrumbList\",\"@id\":\"https:\/\/www.avistagrandephuketresort.com\/es\/wellness-resort\/pearl-luxury-spa-phuket\/pearl-spa-menu\/body-massage-treatments\/#breadcrumb\",\"itemListElement\":[{\"@type\":\"ListItem\",\"position\":1,\"name\":\"Home\",\"item\":\"https:\/\/www.avistagrandephuketresort.com\/es\/\"},{\"@type\":\"ListItem\",\"position\":2,\"name\":\"Spa e instalaciones\",\"item\":\"https:\/\/www.avistagrandephuketresort.com\/es\/wellness-resort\/\"},{\"@type\":\"ListItem\",\"position\":3,\"name\":\"Pearl Spa\",\"item\":\"https:\/\/www.avistagrandephuketresort.com\/es\/wellness-resort\/pearl-luxury-spa-phuket\/\"},{\"@type\":\"ListItem\",\"position\":4,\"name\":\"Men\u00fa Pearl Spa\",\"item\":\"https:\/\/www.avistagrandephuketresort.com\/es\/wellness-resort\/pearl-luxury-spa-phuket\/pearl-spa-menu\/\"},{\"@type\":\"ListItem\",\"position\":5,\"name\":\"Tratamientos de masaje corporal\"}]},{\"@type\":\"WebSite\",\"@id\":\"https:\/\/www.avistagrandephuketresort.com\/#website\",\"url\":\"https:\/\/www.avistagrandephuketresort.com\/\",\"name\":\"Avista Grande Phuket Karon - Mgallery\",\"description\":\"\",\"potentialAction\":[{\"@type\":\"SearchAction\",\"target\":{\"@type\":\"EntryPoint\",\"urlTemplate\":\"https:\/\/www.avistagrandephuketresort.com\/?s={search_term_string}\"},\"query-input\":{\"@type\":\"PropertyValueSpecification\",\"valueRequired\":true,\"valueName\":\"search_term_string\"}}],\"inLanguage\":\"es\"}]}<\/script>\n<!-- \/ Yoast SEO plugin. -->","yoast_head_json":{"title":"Tratamientos de masaje corporal - Avista Grande Phuket Karon - Mgallery","robots":{"index":"index","follow":"follow","max-snippet":"max-snippet:-1","max-image-preview":"max-image-preview:large","max-video-preview":"max-video-preview:-1"},"canonical":"https:\/\/www.avistagrandephuketresort.com\/es\/wellness-resort\/pearl-luxury-spa-phuket\/pearl-spa-menu\/body-massage-treatments\/","og_locale":"es_ES","og_type":"article","og_title":"Tratamientos de masaje corporal - Avista Grande Phuket Karon - Mgallery","og_description":"Combinando el toque experto con una variedad de t\u00e9cnicas de masaje terap\u00e9utico, nuestros experimentados terapeutas en Pearl Spa en Phuketbrindan experiencias relajantes y rejuvenecedoras. Desde el masaje tradicional tailand\u00e9s y la acupresi\u00f3n hasta la compresa herbal caliente y la aromaterapia, nuestros aceites arom\u00e1ticos de alta calidad se obtienen de forma sostenible utilizando ingredientes cultivados localmente [&hellip;]","og_url":"https:\/\/www.avistagrandephuketresort.com\/es\/wellness-resort\/pearl-luxury-spa-phuket\/pearl-spa-menu\/body-massage-treatments\/","og_site_name":"Avista Grande Phuket Karon - Mgallery","article_modified_time":"2023-10-05T10:05:46+00:00","twitter_card":"summary_large_image","twitter_misc":{"Tiempo de lectura":"1 minuto"},"schema":{"@context":"https:\/\/schema.org","@graph":[{"@type":"WebPage","@id":"https:\/\/www.avistagrandephuketresort.com\/es\/wellness-resort\/pearl-luxury-spa-phuket\/pearl-spa-menu\/body-massage-treatments\/","url":"https:\/\/www.avistagrandephuketresort.com\/es\/wellness-resort\/pearl-luxury-spa-phuket\/pearl-spa-menu\/body-massage-treatments\/","name":"Tratamientos de masaje corporal - Avista Grande Phuket Karon - Mgallery","isPartOf":{"@id":"https:\/\/www.avistagrandephuketresort.com\/#website"},"datePublished":"2023-07-26T06:58:15+00:00","dateModified":"2023-10-05T10:05:46+00:00","breadcrumb":{"@id":"https:\/\/www.avistagrandephuketresort.com\/es\/wellness-resort\/pearl-luxury-spa-phuket\/pearl-spa-menu\/body-massage-treatments\/#breadcrumb"},"inLanguage":"es","potentialAction":[{"@type":"ReadAction","target":["https:\/\/www.avistagrandephuketresort.com\/es\/wellness-resort\/pearl-luxury-spa-phuket\/pearl-spa-menu\/body-massage-treatments\/"]}]},{"@type":"BreadcrumbList","@id":"https:\/\/www.avistagrandephuketresort.com\/es\/wellness-resort\/pearl-luxury-spa-phuket\/pearl-spa-menu\/body-massage-treatments\/#breadcrumb","itemListElement":[{"@type":"ListItem","position":1,"name":"Home","item":"https:\/\/www.avistagrandephuketresort.com\/es\/"},{"@type":"ListItem","position":2,"name":"Spa e instalaciones","item":"https:\/\/www.avistagrandephuketresort.com\/es\/wellness-resort\/"},{"@type":"ListItem","position":3,"name":"Pearl Spa","item":"https:\/\/www.avistagrandephuketresort.com\/es\/wellness-resort\/pearl-luxury-spa-phuket\/"},{"@type":"ListItem","position":4,"name":"Men\u00fa Pearl Spa","item":"https:\/\/www.avistagrandephuketresort.com\/es\/wellness-resort\/pearl-luxury-spa-phuket\/pearl-spa-menu\/"},{"@type":"ListItem","position":5,"name":"Tratamientos de masaje corporal"}]},{"@type":"WebSite","@id":"https:\/\/www.avistagrandephuketresort.com\/#website","url":"https:\/\/www.avistagrandephuketresort.com\/","name":"Avista Grande Phuket Karon - Mgallery","description":"","potentialAction":[{"@type":"SearchAction","target":{"@type":"EntryPoint","urlTemplate":"https:\/\/www.avistagrandephuketresort.com\/?s={search_term_string}"},"query-input":{"@type":"PropertyValueSpecification","valueRequired":true,"valueName":"search_term_string"}}],"inLanguage":"es"}]}},"_links":{"self":[{"href":"https:\/\/www.avistagrandephuketresort.com\/es\/wp-json\/wp\/v2\/pages\/1254","targetHints":{"allow":["GET"]}}],"collection":[{"href":"https:\/\/www.avistagrandephuketresort.com\/es\/wp-json\/wp\/v2\/pages"}],"about":[{"href":"https:\/\/www.avistagrandephuketresort.com\/es\/wp-json\/wp\/v2\/types\/page"}],"author":[{"embeddable":true,"href":"https:\/\/www.avistagrandephuketresort.com\/es\/wp-json\/wp\/v2\/users\/55"}],"replies":[{"embeddable":true,"href":"https:\/\/www.avistagrandephuketresort.com\/es\/wp-json\/wp\/v2\/comments?post=1254"}],"version-history":[{"count":0,"href":"https:\/\/www.avistagrandephuketresort.com\/es\/wp-json\/wp\/v2\/pages\/1254\/revisions"}],"up":[{"embeddable":true,"href":"https:\/\/www.avistagrandephuketresort.com\/es\/wp-json\/wp\/v2\/pages\/1241"}],"wp:attachment":[{"href":"https:\/\/www.avistagrandephuketresort.com\/es\/wp-json\/wp\/v2\/media?parent=1254"}],"wp:term":[{"taxonomy":"category","embeddable":true,"href":"https:\/\/www.avistagrandephuketresort.com\/es\/wp-json\/wp\/v2\/categories?post=1254"}],"curies":[{"name":"wp","href":"https:\/\/api.w.org\/{rel}","templated":true}]}}