{"id":1239,"date":"2023-07-26T02:27:57","date_gmt":"2023-07-26T02:27:57","guid":{"rendered":"https:\/\/www.avistagrandephuketresort.com\/?page_id=1239"},"modified":"2023-10-05T08:52:17","modified_gmt":"2023-10-05T08:52:17","slug":"pearl-luxury-spa-phuket","status":"publish","type":"page","link":"https:\/\/www.avistagrandephuketresort.com\/es\/wellness-resort\/pearl-luxury-spa-phuket\/","title":{"rendered":"Pearl Spa"},"content":{"rendered":"<p style=\"text-align: center;\"><em>No hay nada m\u00e1s relajante que un viaje al mejor Spa de lujo en Phuket, Pearl Spa. T\u00f3mate un descanso del mundo y dedica tiempo exclusivamente a ti y a sentirte rejuvenecido, simplemente porque te lo mereces. <\/em>Sum\u00e9rgete en el para\u00edso y rel\u00e1jate en el Pearl Spa, ubicado en Avista Grande Phuket Karon.<\/strong><\/p>\n<p>&nbsp;<\/p>\n<p style=\"text-align: center;\">Inspir\u00e1ndose en los tesoros perlados del mar, descubre por qu\u00e9 nuestros hu\u00e9spedes han estado entusiasmados con los tratamientos indulgentes en Pearl Spa: el No.1 <a href=\"https:\/\/www.tripadvisor.com\/Attraction_Review-g10804710-d13564177-Reviews-Pearl_Spa-Karon_Beach_Karon_Phuket.html\">Mejor Spa en Phuket <\/a>en Tripadvisor y el ganador del premio #travelersChoice 2022 Best of the Best.<\/p>\n<p>&nbsp;<\/p>\n<p style=\"text-align: center;\">\u00a0Revitaliza tu mente, cuerpo y esp\u00edritu con nuestro <strong>Luxury Spa en Karon, Phuket<\/strong>.\u00a0D\u00e9jate mimar, rel\u00e1jate en medio de la naturaleza y te prometemos que te enamorar\u00e1s del Pearl Spa en Karon \u00a1porque esta experiencia se trata de ti!<\/p>\n","protected":false},"excerpt":{"rendered":"<p>No hay nada m\u00e1s relajante que un viaje al mejor Spa de lujo en Phuket, Pearl Spa. T\u00f3mate un descanso del mundo y dedica tiempo exclusivamente a ti y a sentirte rejuvenecido, simplemente porque te lo mereces. Sum\u00e9rgete en el para\u00edso y rel\u00e1jate en el Pearl Spa, ubicado en Avista Grande Phuket Karon. &nbsp; Inspir\u00e1ndose [&hellip;]<\/p>\n","protected":false},"author":55,"featured_media":0,"parent":1238,"menu_order":1,"comment_status":"closed","ping_status":"closed","template":"","meta":{"footnotes":""},"categories":[],"class_list":["post-1239","page","type-page","status-publish","hentry"],"acf":[],"yoast_head":"<!-- This site is optimized with the Yoast SEO plugin v26.9 - https:\/\/yoast.com\/product\/yoast-seo-wordpress\/ -->\n<title>Pearl Spa - Avista Grande Phuket Karon - Mgallery<\/title>\n<meta name=\"robots\" content=\"index, follow, max-snippet:-1, max-image-preview:large, max-video-preview:-1\" \/>\n<link rel=\"canonical\" href=\"https:\/\/www.avistagrandephuketresort.com\/es\/wellness-resort\/pearl-luxury-spa-phuket\/\" \/>\n<meta property=\"og:locale\" content=\"es_ES\" \/>\n<meta property=\"og:type\" content=\"article\" \/>\n<meta property=\"og:title\" content=\"Pearl Spa - Avista Grande Phuket Karon - Mgallery\" \/>\n<meta property=\"og:description\" content=\"No hay nada m\u00e1s relajante que un viaje al mejor Spa de lujo en Phuket, Pearl Spa. T\u00f3mate un descanso del mundo y dedica tiempo exclusivamente a ti y a sentirte rejuvenecido, simplemente porque te lo mereces. Sum\u00e9rgete en el para\u00edso y rel\u00e1jate en el Pearl Spa, ubicado en Avista Grande Phuket Karon. &nbsp; Inspir\u00e1ndose [&hellip;]\" \/>\n<meta property=\"og:url\" content=\"https:\/\/www.avistagrandephuketresort.com\/es\/wellness-resort\/pearl-luxury-spa-phuket\/\" \/>\n<meta property=\"og:site_name\" content=\"Avista Grande Phuket Karon - Mgallery\" \/>\n<meta property=\"article:modified_time\" content=\"2023-10-05T08:52:17+00:00\" \/>\n<meta name=\"twitter:card\" content=\"summary_large_image\" \/>\n<meta name=\"twitter:label1\" content=\"Tiempo de lectura\" \/>\n\t<meta name=\"twitter:data1\" content=\"1 minuto\" \/>\n<script type=\"application\/ld+json\" class=\"yoast-schema-graph\">{\"@context\":\"https:\/\/schema.org\",\"@graph\":[{\"@type\":\"WebPage\",\"@id\":\"https:\/\/www.avistagrandephuketresort.com\/es\/wellness-resort\/pearl-luxury-spa-phuket\/\",\"url\":\"https:\/\/www.avistagrandephuketresort.com\/es\/wellness-resort\/pearl-luxury-spa-phuket\/\",\"name\":\"Pearl Spa - Avista Grande Phuket Karon - Mgallery\",\"isPartOf\":{\"@id\":\"https:\/\/www.avistagrandephuketresort.com\/#website\"},\"datePublished\":\"2023-07-26T02:27:57+00:00\",\"dateModified\":\"2023-10-05T08:52:17+00:00\",\"breadcrumb\":{\"@id\":\"https:\/\/www.avistagrandephuketresort.com\/es\/wellness-resort\/pearl-luxury-spa-phuket\/#breadcrumb\"},\"inLanguage\":\"es\",\"potentialAction\":[{\"@type\":\"ReadAction\",\"target\":[\"https:\/\/www.avistagrandephuketresort.com\/es\/wellness-resort\/pearl-luxury-spa-phuket\/\"]}]},{\"@type\":\"BreadcrumbList\",\"@id\":\"https:\/\/www.avistagrandephuketresort.com\/es\/wellness-resort\/pearl-luxury-spa-phuket\/#breadcrumb\",\"itemListElement\":[{\"@type\":\"ListItem\",\"position\":1,\"name\":\"Home\",\"item\":\"https:\/\/www.avistagrandephuketresort.com\/es\/\"},{\"@type\":\"ListItem\",\"position\":2,\"name\":\"Spa e instalaciones\",\"item\":\"https:\/\/www.avistagrandephuketresort.com\/es\/wellness-resort\/\"},{\"@type\":\"ListItem\",\"position\":3,\"name\":\"Pearl Spa\"}]},{\"@type\":\"WebSite\",\"@id\":\"https:\/\/www.avistagrandephuketresort.com\/#website\",\"url\":\"https:\/\/www.avistagrandephuketresort.com\/\",\"name\":\"Avista Grande Phuket Karon - Mgallery\",\"description\":\"\",\"potentialAction\":[{\"@type\":\"SearchAction\",\"target\":{\"@type\":\"EntryPoint\",\"urlTemplate\":\"https:\/\/www.avistagrandephuketresort.com\/?s={search_term_string}\"},\"query-input\":{\"@type\":\"PropertyValueSpecification\",\"valueRequired\":true,\"valueName\":\"search_term_string\"}}],\"inLanguage\":\"es\"}]}<\/script>\n<!-- \/ Yoast SEO plugin. -->","yoast_head_json":{"title":"Pearl Spa - Avista Grande Phuket Karon - Mgallery","robots":{"index":"index","follow":"follow","max-snippet":"max-snippet:-1","max-image-preview":"max-image-preview:large","max-video-preview":"max-video-preview:-1"},"canonical":"https:\/\/www.avistagrandephuketresort.com\/es\/wellness-resort\/pearl-luxury-spa-phuket\/","og_locale":"es_ES","og_type":"article","og_title":"Pearl Spa - Avista Grande Phuket Karon - Mgallery","og_description":"No hay nada m\u00e1s relajante que un viaje al mejor Spa de lujo en Phuket, Pearl Spa. T\u00f3mate un descanso del mundo y dedica tiempo exclusivamente a ti y a sentirte rejuvenecido, simplemente porque te lo mereces. Sum\u00e9rgete en el para\u00edso y rel\u00e1jate en el Pearl Spa, ubicado en Avista Grande Phuket Karon. &nbsp; Inspir\u00e1ndose [&hellip;]","og_url":"https:\/\/www.avistagrandephuketresort.com\/es\/wellness-resort\/pearl-luxury-spa-phuket\/","og_site_name":"Avista Grande Phuket Karon - Mgallery","article_modified_time":"2023-10-05T08:52:17+00:00","twitter_card":"summary_large_image","twitter_misc":{"Tiempo de lectura":"1 minuto"},"schema":{"@context":"https:\/\/schema.org","@graph":[{"@type":"WebPage","@id":"https:\/\/www.avistagrandephuketresort.com\/es\/wellness-resort\/pearl-luxury-spa-phuket\/","url":"https:\/\/www.avistagrandephuketresort.com\/es\/wellness-resort\/pearl-luxury-spa-phuket\/","name":"Pearl Spa - Avista Grande Phuket Karon - Mgallery","isPartOf":{"@id":"https:\/\/www.avistagrandephuketresort.com\/#website"},"datePublished":"2023-07-26T02:27:57+00:00","dateModified":"2023-10-05T08:52:17+00:00","breadcrumb":{"@id":"https:\/\/www.avistagrandephuketresort.com\/es\/wellness-resort\/pearl-luxury-spa-phuket\/#breadcrumb"},"inLanguage":"es","potentialAction":[{"@type":"ReadAction","target":["https:\/\/www.avistagrandephuketresort.com\/es\/wellness-resort\/pearl-luxury-spa-phuket\/"]}]},{"@type":"BreadcrumbList","@id":"https:\/\/www.avistagrandephuketresort.com\/es\/wellness-resort\/pearl-luxury-spa-phuket\/#breadcrumb","itemListElement":[{"@type":"ListItem","position":1,"name":"Home","item":"https:\/\/www.avistagrandephuketresort.com\/es\/"},{"@type":"ListItem","position":2,"name":"Spa e instalaciones","item":"https:\/\/www.avistagrandephuketresort.com\/es\/wellness-resort\/"},{"@type":"ListItem","position":3,"name":"Pearl Spa"}]},{"@type":"WebSite","@id":"https:\/\/www.avistagrandephuketresort.com\/#website","url":"https:\/\/www.avistagrandephuketresort.com\/","name":"Avista Grande Phuket Karon - Mgallery","description":"","potentialAction":[{"@type":"SearchAction","target":{"@type":"EntryPoint","urlTemplate":"https:\/\/www.avistagrandephuketresort.com\/?s={search_term_string}"},"query-input":{"@type":"PropertyValueSpecification","valueRequired":true,"valueName":"search_term_string"}}],"inLanguage":"es"}]}},"_links":{"self":[{"href":"https:\/\/www.avistagrandephuketresort.com\/es\/wp-json\/wp\/v2\/pages\/1239","targetHints":{"allow":["GET"]}}],"collection":[{"href":"https:\/\/www.avistagrandephuketresort.com\/es\/wp-json\/wp\/v2\/pages"}],"about":[{"href":"https:\/\/www.avistagrandephuketresort.com\/es\/wp-json\/wp\/v2\/types\/page"}],"author":[{"embeddable":true,"href":"https:\/\/www.avistagrandephuketresort.com\/es\/wp-json\/wp\/v2\/users\/55"}],"replies":[{"embeddable":true,"href":"https:\/\/www.avistagrandephuketresort.com\/es\/wp-json\/wp\/v2\/comments?post=1239"}],"version-history":[{"count":0,"href":"https:\/\/www.avistagrandephuketresort.com\/es\/wp-json\/wp\/v2\/pages\/1239\/revisions"}],"up":[{"embeddable":true,"href":"https:\/\/www.avistagrandephuketresort.com\/es\/wp-json\/wp\/v2\/pages\/1238"}],"wp:attachment":[{"href":"https:\/\/www.avistagrandephuketresort.com\/es\/wp-json\/wp\/v2\/media?parent=1239"}],"wp:term":[{"taxonomy":"category","embeddable":true,"href":"https:\/\/www.avistagrandephuketresort.com\/es\/wp-json\/wp\/v2\/categories?post=1239"}],"curies":[{"name":"wp","href":"https:\/\/api.w.org\/{rel}","templated":true}]}}