{"id":1238,"date":"2023-07-26T02:21:25","date_gmt":"2023-07-26T02:21:25","guid":{"rendered":"https:\/\/www.avistagrandephuketresort.com\/?page_id=1238"},"modified":"2023-10-05T08:47:52","modified_gmt":"2023-10-05T08:47:52","slug":"wellness-resort","status":"publish","type":"page","link":"https:\/\/www.avistagrandephuketresort.com\/es\/wellness-resort\/","title":{"rendered":"Spa e instalaciones"},"content":{"rendered":"<p style=\"text-align: center;\">Experimenta la elegancia y el encanto de <a href=\"https:\/\/www.avistagrandephuketresort.com\/es\/wellness-resort\/pearl-luxury-spa-phuket\/\">Pearl Spa en Phuket<\/a>clasificado #1 en Phuket en<a href=\"https:\/\/www.tripadvisor.com\/Attraction_Review-g10804710-d13564177-Reviews-Pearl_Spa-Karon_Beach_Karon_Phuket.html\">TripAdvisor<\/a>. Pearl Spa ofrece tratamientos faciales especiales, exfoliantes corporales, aromaterapia, el famoso masaje tailand\u00e9s en Phuket y mucho m\u00e1s.  <a href=\"https:\/\/www.avistagrandephuketresort.com\/es\/wellness-resort\/pearl-luxury-spa-phuket\/pearl-spa-special-offers\/\"><strong>Promociones de spa en Phuket.<\/strong><\/a><\/p>\n<p>&nbsp;<\/p>\n<p style=\"text-align: center;\"><a href=\"https:\/\/www.avistagrandephuketresort.com\/es\/wellness-resort\/fitlab\/\">FitLab<\/a>, , nuestro gimnasio 24 horas, viene equipado con equipos de ejercicio de \u00faltima generaci\u00f3n para garantizar un entrenamiento que te mantendr\u00e1 en forma, as\u00ed como para aumentar tus niveles de energ\u00eda para un d\u00eda exhaustivo en la isla.<\/p>\n","protected":false},"excerpt":{"rendered":"<p>Experimenta la elegancia y el encanto de Pearl Spa en Phuketclasificado #1 en Phuket enTripAdvisor. Pearl Spa ofrece tratamientos faciales especiales, exfoliantes corporales, aromaterapia, el famoso masaje tailand\u00e9s en Phuket y mucho m\u00e1s. Promociones de spa en Phuket. &nbsp; FitLab, , nuestro gimnasio 24 horas, viene equipado con equipos de ejercicio de \u00faltima generaci\u00f3n para [&hellip;]<\/p>\n","protected":false},"author":55,"featured_media":0,"parent":0,"menu_order":0,"comment_status":"closed","ping_status":"closed","template":"","meta":{"footnotes":""},"categories":[],"class_list":["post-1238","page","type-page","status-publish","hentry"],"acf":[],"yoast_head":"<!-- This site is optimized with the Yoast SEO plugin v26.9 - https:\/\/yoast.com\/product\/yoast-seo-wordpress\/ -->\n<title>Spa e instalaciones - Avista Grande Phuket Karon - Mgallery<\/title>\n<meta name=\"robots\" content=\"index, follow, max-snippet:-1, max-image-preview:large, max-video-preview:-1\" \/>\n<link rel=\"canonical\" href=\"https:\/\/www.avistagrandephuketresort.com\/es\/wellness-resort\/\" \/>\n<meta property=\"og:locale\" content=\"es_ES\" \/>\n<meta property=\"og:type\" content=\"article\" \/>\n<meta property=\"og:title\" content=\"Spa e instalaciones - Avista Grande Phuket Karon - Mgallery\" \/>\n<meta property=\"og:description\" content=\"Experimenta la elegancia y el encanto de Pearl Spa en Phuketclasificado #1 en Phuket enTripAdvisor. Pearl Spa ofrece tratamientos faciales especiales, exfoliantes corporales, aromaterapia, el famoso masaje tailand\u00e9s en Phuket y mucho m\u00e1s. Promociones de spa en Phuket. &nbsp; FitLab, , nuestro gimnasio 24 horas, viene equipado con equipos de ejercicio de \u00faltima generaci\u00f3n para [&hellip;]\" \/>\n<meta property=\"og:url\" content=\"https:\/\/www.avistagrandephuketresort.com\/es\/wellness-resort\/\" \/>\n<meta property=\"og:site_name\" content=\"Avista Grande Phuket Karon - Mgallery\" \/>\n<meta property=\"article:modified_time\" content=\"2023-10-05T08:47:52+00:00\" \/>\n<meta name=\"twitter:card\" content=\"summary_large_image\" \/>\n<meta name=\"twitter:label1\" content=\"Tiempo de lectura\" \/>\n\t<meta name=\"twitter:data1\" content=\"1 minuto\" \/>\n<script type=\"application\/ld+json\" class=\"yoast-schema-graph\">{\"@context\":\"https:\/\/schema.org\",\"@graph\":[{\"@type\":\"WebPage\",\"@id\":\"https:\/\/www.avistagrandephuketresort.com\/es\/wellness-resort\/\",\"url\":\"https:\/\/www.avistagrandephuketresort.com\/es\/wellness-resort\/\",\"name\":\"Spa e instalaciones - Avista Grande Phuket Karon - Mgallery\",\"isPartOf\":{\"@id\":\"https:\/\/www.avistagrandephuketresort.com\/#website\"},\"datePublished\":\"2023-07-26T02:21:25+00:00\",\"dateModified\":\"2023-10-05T08:47:52+00:00\",\"breadcrumb\":{\"@id\":\"https:\/\/www.avistagrandephuketresort.com\/es\/wellness-resort\/#breadcrumb\"},\"inLanguage\":\"es\",\"potentialAction\":[{\"@type\":\"ReadAction\",\"target\":[\"https:\/\/www.avistagrandephuketresort.com\/es\/wellness-resort\/\"]}]},{\"@type\":\"BreadcrumbList\",\"@id\":\"https:\/\/www.avistagrandephuketresort.com\/es\/wellness-resort\/#breadcrumb\",\"itemListElement\":[{\"@type\":\"ListItem\",\"position\":1,\"name\":\"Home\",\"item\":\"https:\/\/www.avistagrandephuketresort.com\/es\/\"},{\"@type\":\"ListItem\",\"position\":2,\"name\":\"Spa e instalaciones\"}]},{\"@type\":\"WebSite\",\"@id\":\"https:\/\/www.avistagrandephuketresort.com\/#website\",\"url\":\"https:\/\/www.avistagrandephuketresort.com\/\",\"name\":\"Avista Grande Phuket Karon - Mgallery\",\"description\":\"\",\"potentialAction\":[{\"@type\":\"SearchAction\",\"target\":{\"@type\":\"EntryPoint\",\"urlTemplate\":\"https:\/\/www.avistagrandephuketresort.com\/?s={search_term_string}\"},\"query-input\":{\"@type\":\"PropertyValueSpecification\",\"valueRequired\":true,\"valueName\":\"search_term_string\"}}],\"inLanguage\":\"es\"}]}<\/script>\n<!-- \/ Yoast SEO plugin. -->","yoast_head_json":{"title":"Spa e instalaciones - Avista Grande Phuket Karon - Mgallery","robots":{"index":"index","follow":"follow","max-snippet":"max-snippet:-1","max-image-preview":"max-image-preview:large","max-video-preview":"max-video-preview:-1"},"canonical":"https:\/\/www.avistagrandephuketresort.com\/es\/wellness-resort\/","og_locale":"es_ES","og_type":"article","og_title":"Spa e instalaciones - Avista Grande Phuket Karon - Mgallery","og_description":"Experimenta la elegancia y el encanto de Pearl Spa en Phuketclasificado #1 en Phuket enTripAdvisor. Pearl Spa ofrece tratamientos faciales especiales, exfoliantes corporales, aromaterapia, el famoso masaje tailand\u00e9s en Phuket y mucho m\u00e1s. Promociones de spa en Phuket. &nbsp; FitLab, , nuestro gimnasio 24 horas, viene equipado con equipos de ejercicio de \u00faltima generaci\u00f3n para [&hellip;]","og_url":"https:\/\/www.avistagrandephuketresort.com\/es\/wellness-resort\/","og_site_name":"Avista Grande Phuket Karon - Mgallery","article_modified_time":"2023-10-05T08:47:52+00:00","twitter_card":"summary_large_image","twitter_misc":{"Tiempo de lectura":"1 minuto"},"schema":{"@context":"https:\/\/schema.org","@graph":[{"@type":"WebPage","@id":"https:\/\/www.avistagrandephuketresort.com\/es\/wellness-resort\/","url":"https:\/\/www.avistagrandephuketresort.com\/es\/wellness-resort\/","name":"Spa e instalaciones - Avista Grande Phuket Karon - Mgallery","isPartOf":{"@id":"https:\/\/www.avistagrandephuketresort.com\/#website"},"datePublished":"2023-07-26T02:21:25+00:00","dateModified":"2023-10-05T08:47:52+00:00","breadcrumb":{"@id":"https:\/\/www.avistagrandephuketresort.com\/es\/wellness-resort\/#breadcrumb"},"inLanguage":"es","potentialAction":[{"@type":"ReadAction","target":["https:\/\/www.avistagrandephuketresort.com\/es\/wellness-resort\/"]}]},{"@type":"BreadcrumbList","@id":"https:\/\/www.avistagrandephuketresort.com\/es\/wellness-resort\/#breadcrumb","itemListElement":[{"@type":"ListItem","position":1,"name":"Home","item":"https:\/\/www.avistagrandephuketresort.com\/es\/"},{"@type":"ListItem","position":2,"name":"Spa e instalaciones"}]},{"@type":"WebSite","@id":"https:\/\/www.avistagrandephuketresort.com\/#website","url":"https:\/\/www.avistagrandephuketresort.com\/","name":"Avista Grande Phuket Karon - Mgallery","description":"","potentialAction":[{"@type":"SearchAction","target":{"@type":"EntryPoint","urlTemplate":"https:\/\/www.avistagrandephuketresort.com\/?s={search_term_string}"},"query-input":{"@type":"PropertyValueSpecification","valueRequired":true,"valueName":"search_term_string"}}],"inLanguage":"es"}]}},"_links":{"self":[{"href":"https:\/\/www.avistagrandephuketresort.com\/es\/wp-json\/wp\/v2\/pages\/1238","targetHints":{"allow":["GET"]}}],"collection":[{"href":"https:\/\/www.avistagrandephuketresort.com\/es\/wp-json\/wp\/v2\/pages"}],"about":[{"href":"https:\/\/www.avistagrandephuketresort.com\/es\/wp-json\/wp\/v2\/types\/page"}],"author":[{"embeddable":true,"href":"https:\/\/www.avistagrandephuketresort.com\/es\/wp-json\/wp\/v2\/users\/55"}],"replies":[{"embeddable":true,"href":"https:\/\/www.avistagrandephuketresort.com\/es\/wp-json\/wp\/v2\/comments?post=1238"}],"version-history":[{"count":0,"href":"https:\/\/www.avistagrandephuketresort.com\/es\/wp-json\/wp\/v2\/pages\/1238\/revisions"}],"wp:attachment":[{"href":"https:\/\/www.avistagrandephuketresort.com\/es\/wp-json\/wp\/v2\/media?parent=1238"}],"wp:term":[{"taxonomy":"category","embeddable":true,"href":"https:\/\/www.avistagrandephuketresort.com\/es\/wp-json\/wp\/v2\/categories?post=1238"}],"curies":[{"name":"wp","href":"https:\/\/api.w.org\/{rel}","templated":true}]}}