{"id":1232,"date":"2023-07-31T01:23:24","date_gmt":"2023-07-31T01:23:24","guid":{"rendered":"https:\/\/www.avistagrandephuketresort.com\/?page_id=1232"},"modified":"2023-10-05T08:00:58","modified_gmt":"2023-10-05T08:00:58","slug":"go-on-a-shopping-spree-at-phuket-walking-street","status":"publish","type":"page","link":"https:\/\/www.avistagrandephuketresort.com\/es\/top-things-to-do-in-phuket\/go-on-a-shopping-spree-at-phuket-walking-street\/","title":{"rendered":"Sal de compras en Phuket Walking Street"},"content":{"rendered":"<p style=\"text-align: center\">Todos los domingos, uno de los mejores mercados nocturnos de la isla ocupa un lugar central en el coraz\u00f3n del pueblo antiguo de Phuket. El mercado nocturno de Phuket combina la cultura, la historia y la m\u00fasica locales con comida tradicional y artesan\u00eda. Las antiguas casas chino-portuguesas est\u00e1n bellamente iluminadas por la noche y una amplia variedad de puestos de comida callejera locales se alinean en las calles intercaladas entre la moda tailandesa moderna y los vendedores de recuerdos. Los bares, restaurantes y cafeter\u00edas son un hervidero de gente y las animadas actuaciones de j\u00f3venes bailarines callejeros y m\u00fasicos tailandeses crean un ambiente de carnaval.<\/p>\n","protected":false},"excerpt":{"rendered":"<p>Todos los domingos, uno de los mejores mercados nocturnos de la isla ocupa un lugar central en el coraz\u00f3n del pueblo antiguo de Phuket. El mercado nocturno de Phuket combina la cultura, la historia y la m\u00fasica locales con comida tradicional y artesan\u00eda. Las antiguas casas chino-portuguesas est\u00e1n bellamente iluminadas por la noche y una [&hellip;]<\/p>\n","protected":false},"author":55,"featured_media":0,"parent":1222,"menu_order":10,"comment_status":"closed","ping_status":"closed","template":"","meta":{"footnotes":""},"categories":[],"class_list":["post-1232","page","type-page","status-publish","hentry"],"acf":[],"yoast_head":"<!-- This site is optimized with the Yoast SEO plugin v26.9 - https:\/\/yoast.com\/product\/yoast-seo-wordpress\/ -->\n<title>Sal de compras en Phuket Walking Street - Avista Grande Phuket Karon - Mgallery<\/title>\n<meta name=\"robots\" content=\"index, follow, max-snippet:-1, max-image-preview:large, max-video-preview:-1\" \/>\n<link rel=\"canonical\" href=\"https:\/\/www.avistagrandephuketresort.com\/es\/top-things-to-do-in-phuket\/go-on-a-shopping-spree-at-phuket-walking-street\/\" \/>\n<meta property=\"og:locale\" content=\"es_ES\" \/>\n<meta property=\"og:type\" content=\"article\" \/>\n<meta property=\"og:title\" content=\"Sal de compras en Phuket Walking Street - Avista Grande Phuket Karon - Mgallery\" \/>\n<meta property=\"og:description\" content=\"Todos los domingos, uno de los mejores mercados nocturnos de la isla ocupa un lugar central en el coraz\u00f3n del pueblo antiguo de Phuket. El mercado nocturno de Phuket combina la cultura, la historia y la m\u00fasica locales con comida tradicional y artesan\u00eda. Las antiguas casas chino-portuguesas est\u00e1n bellamente iluminadas por la noche y una [&hellip;]\" \/>\n<meta property=\"og:url\" content=\"https:\/\/www.avistagrandephuketresort.com\/es\/top-things-to-do-in-phuket\/go-on-a-shopping-spree-at-phuket-walking-street\/\" \/>\n<meta property=\"og:site_name\" content=\"Avista Grande Phuket Karon - Mgallery\" \/>\n<meta property=\"article:modified_time\" content=\"2023-10-05T08:00:58+00:00\" \/>\n<meta name=\"twitter:card\" content=\"summary_large_image\" \/>\n<meta name=\"twitter:label1\" content=\"Tiempo de lectura\" \/>\n\t<meta name=\"twitter:data1\" content=\"1 minuto\" \/>\n<script type=\"application\/ld+json\" class=\"yoast-schema-graph\">{\"@context\":\"https:\/\/schema.org\",\"@graph\":[{\"@type\":\"WebPage\",\"@id\":\"https:\/\/www.avistagrandephuketresort.com\/es\/top-things-to-do-in-phuket\/go-on-a-shopping-spree-at-phuket-walking-street\/\",\"url\":\"https:\/\/www.avistagrandephuketresort.com\/es\/top-things-to-do-in-phuket\/go-on-a-shopping-spree-at-phuket-walking-street\/\",\"name\":\"Sal de compras en Phuket Walking Street - Avista Grande Phuket Karon - Mgallery\",\"isPartOf\":{\"@id\":\"https:\/\/www.avistagrandephuketresort.com\/#website\"},\"datePublished\":\"2023-07-31T01:23:24+00:00\",\"dateModified\":\"2023-10-05T08:00:58+00:00\",\"breadcrumb\":{\"@id\":\"https:\/\/www.avistagrandephuketresort.com\/es\/top-things-to-do-in-phuket\/go-on-a-shopping-spree-at-phuket-walking-street\/#breadcrumb\"},\"inLanguage\":\"es\",\"potentialAction\":[{\"@type\":\"ReadAction\",\"target\":[\"https:\/\/www.avistagrandephuketresort.com\/es\/top-things-to-do-in-phuket\/go-on-a-shopping-spree-at-phuket-walking-street\/\"]}]},{\"@type\":\"BreadcrumbList\",\"@id\":\"https:\/\/www.avistagrandephuketresort.com\/es\/top-things-to-do-in-phuket\/go-on-a-shopping-spree-at-phuket-walking-street\/#breadcrumb\",\"itemListElement\":[{\"@type\":\"ListItem\",\"position\":1,\"name\":\"Home\",\"item\":\"https:\/\/www.avistagrandephuketresort.com\/es\/\"},{\"@type\":\"ListItem\",\"position\":2,\"name\":\"Las mejores cosas que hacer en Phuket\",\"item\":\"https:\/\/www.avistagrandephuketresort.com\/es\/top-things-to-do-in-phuket\/\"},{\"@type\":\"ListItem\",\"position\":3,\"name\":\"Sal de compras en Phuket Walking Street\"}]},{\"@type\":\"WebSite\",\"@id\":\"https:\/\/www.avistagrandephuketresort.com\/#website\",\"url\":\"https:\/\/www.avistagrandephuketresort.com\/\",\"name\":\"Avista Grande Phuket Karon - Mgallery\",\"description\":\"\",\"potentialAction\":[{\"@type\":\"SearchAction\",\"target\":{\"@type\":\"EntryPoint\",\"urlTemplate\":\"https:\/\/www.avistagrandephuketresort.com\/?s={search_term_string}\"},\"query-input\":{\"@type\":\"PropertyValueSpecification\",\"valueRequired\":true,\"valueName\":\"search_term_string\"}}],\"inLanguage\":\"es\"}]}<\/script>\n<!-- \/ Yoast SEO plugin. -->","yoast_head_json":{"title":"Sal de compras en Phuket Walking Street - Avista Grande Phuket Karon - Mgallery","robots":{"index":"index","follow":"follow","max-snippet":"max-snippet:-1","max-image-preview":"max-image-preview:large","max-video-preview":"max-video-preview:-1"},"canonical":"https:\/\/www.avistagrandephuketresort.com\/es\/top-things-to-do-in-phuket\/go-on-a-shopping-spree-at-phuket-walking-street\/","og_locale":"es_ES","og_type":"article","og_title":"Sal de compras en Phuket Walking Street - Avista Grande Phuket Karon - Mgallery","og_description":"Todos los domingos, uno de los mejores mercados nocturnos de la isla ocupa un lugar central en el coraz\u00f3n del pueblo antiguo de Phuket. El mercado nocturno de Phuket combina la cultura, la historia y la m\u00fasica locales con comida tradicional y artesan\u00eda. Las antiguas casas chino-portuguesas est\u00e1n bellamente iluminadas por la noche y una [&hellip;]","og_url":"https:\/\/www.avistagrandephuketresort.com\/es\/top-things-to-do-in-phuket\/go-on-a-shopping-spree-at-phuket-walking-street\/","og_site_name":"Avista Grande Phuket Karon - Mgallery","article_modified_time":"2023-10-05T08:00:58+00:00","twitter_card":"summary_large_image","twitter_misc":{"Tiempo de lectura":"1 minuto"},"schema":{"@context":"https:\/\/schema.org","@graph":[{"@type":"WebPage","@id":"https:\/\/www.avistagrandephuketresort.com\/es\/top-things-to-do-in-phuket\/go-on-a-shopping-spree-at-phuket-walking-street\/","url":"https:\/\/www.avistagrandephuketresort.com\/es\/top-things-to-do-in-phuket\/go-on-a-shopping-spree-at-phuket-walking-street\/","name":"Sal de compras en Phuket Walking Street - Avista Grande Phuket Karon - Mgallery","isPartOf":{"@id":"https:\/\/www.avistagrandephuketresort.com\/#website"},"datePublished":"2023-07-31T01:23:24+00:00","dateModified":"2023-10-05T08:00:58+00:00","breadcrumb":{"@id":"https:\/\/www.avistagrandephuketresort.com\/es\/top-things-to-do-in-phuket\/go-on-a-shopping-spree-at-phuket-walking-street\/#breadcrumb"},"inLanguage":"es","potentialAction":[{"@type":"ReadAction","target":["https:\/\/www.avistagrandephuketresort.com\/es\/top-things-to-do-in-phuket\/go-on-a-shopping-spree-at-phuket-walking-street\/"]}]},{"@type":"BreadcrumbList","@id":"https:\/\/www.avistagrandephuketresort.com\/es\/top-things-to-do-in-phuket\/go-on-a-shopping-spree-at-phuket-walking-street\/#breadcrumb","itemListElement":[{"@type":"ListItem","position":1,"name":"Home","item":"https:\/\/www.avistagrandephuketresort.com\/es\/"},{"@type":"ListItem","position":2,"name":"Las mejores cosas que hacer en Phuket","item":"https:\/\/www.avistagrandephuketresort.com\/es\/top-things-to-do-in-phuket\/"},{"@type":"ListItem","position":3,"name":"Sal de compras en Phuket Walking Street"}]},{"@type":"WebSite","@id":"https:\/\/www.avistagrandephuketresort.com\/#website","url":"https:\/\/www.avistagrandephuketresort.com\/","name":"Avista Grande Phuket Karon - Mgallery","description":"","potentialAction":[{"@type":"SearchAction","target":{"@type":"EntryPoint","urlTemplate":"https:\/\/www.avistagrandephuketresort.com\/?s={search_term_string}"},"query-input":{"@type":"PropertyValueSpecification","valueRequired":true,"valueName":"search_term_string"}}],"inLanguage":"es"}]}},"_links":{"self":[{"href":"https:\/\/www.avistagrandephuketresort.com\/es\/wp-json\/wp\/v2\/pages\/1232","targetHints":{"allow":["GET"]}}],"collection":[{"href":"https:\/\/www.avistagrandephuketresort.com\/es\/wp-json\/wp\/v2\/pages"}],"about":[{"href":"https:\/\/www.avistagrandephuketresort.com\/es\/wp-json\/wp\/v2\/types\/page"}],"author":[{"embeddable":true,"href":"https:\/\/www.avistagrandephuketresort.com\/es\/wp-json\/wp\/v2\/users\/55"}],"replies":[{"embeddable":true,"href":"https:\/\/www.avistagrandephuketresort.com\/es\/wp-json\/wp\/v2\/comments?post=1232"}],"version-history":[{"count":0,"href":"https:\/\/www.avistagrandephuketresort.com\/es\/wp-json\/wp\/v2\/pages\/1232\/revisions"}],"up":[{"embeddable":true,"href":"https:\/\/www.avistagrandephuketresort.com\/es\/wp-json\/wp\/v2\/pages\/1222"}],"wp:attachment":[{"href":"https:\/\/www.avistagrandephuketresort.com\/es\/wp-json\/wp\/v2\/media?parent=1232"}],"wp:term":[{"taxonomy":"category","embeddable":true,"href":"https:\/\/www.avistagrandephuketresort.com\/es\/wp-json\/wp\/v2\/categories?post=1232"}],"curies":[{"name":"wp","href":"https:\/\/api.w.org\/{rel}","templated":true}]}}