{"id":1231,"date":"2023-07-31T01:21:45","date_gmt":"2023-07-31T01:21:45","guid":{"rendered":"https:\/\/www.avistagrandephuketresort.com\/?page_id=1231"},"modified":"2023-10-05T07:59:42","modified_gmt":"2023-10-05T07:59:42","slug":"experience-the-patong-beach-nightlife","status":"publish","type":"page","link":"https:\/\/www.avistagrandephuketresort.com\/es\/top-things-to-do-in-phuket\/experience-the-patong-beach-nightlife\/","title":{"rendered":"Disfruta de la vida nocturna en la playa de Patong"},"content":{"rendered":"<p style=\"text-align: center\">Cuando se mete el sol, la famosa Bangla Road se cierra al tr\u00e1fico y estalla un vibrante choque de sonido y color. La calle peatonal m\u00e1s famosa de Phuket es generalmente un lugar agradable y seguro para relajarse y est\u00e1 llena de turistas todas las noches. Disfruta de una embriagadora mezcla de luces de ne\u00f3n, m\u00fasica a todo volumen en bares abiertos, artistas callejeros y clubes de gran tama\u00f1o. La carretera de la playa ha mejorado un poco en los \u00faltimos a\u00f1os y se pueden encontrar varios bares y restaurantes entre los puestos de souvenirs habituales, las tiendas de masajes y los sastres.<\/p>\n","protected":false},"excerpt":{"rendered":"<p>Cuando se mete el sol, la famosa Bangla Road se cierra al tr\u00e1fico y estalla un vibrante choque de sonido y color. La calle peatonal m\u00e1s famosa de Phuket es generalmente un lugar agradable y seguro para relajarse y est\u00e1 llena de turistas todas las noches. Disfruta de una embriagadora mezcla de luces de ne\u00f3n, [&hellip;]<\/p>\n","protected":false},"author":55,"featured_media":0,"parent":1222,"menu_order":9,"comment_status":"closed","ping_status":"closed","template":"","meta":{"footnotes":""},"categories":[],"class_list":["post-1231","page","type-page","status-publish","hentry"],"acf":[],"yoast_head":"<!-- This site is optimized with the Yoast SEO plugin v26.9 - https:\/\/yoast.com\/product\/yoast-seo-wordpress\/ -->\n<title>Disfruta de la vida nocturna en la playa de Patong - Avista Grande Phuket Karon - Mgallery<\/title>\n<meta name=\"robots\" content=\"index, follow, max-snippet:-1, max-image-preview:large, max-video-preview:-1\" \/>\n<link rel=\"canonical\" href=\"https:\/\/www.avistagrandephuketresort.com\/es\/top-things-to-do-in-phuket\/experience-the-patong-beach-nightlife\/\" \/>\n<meta property=\"og:locale\" content=\"es_ES\" \/>\n<meta property=\"og:type\" content=\"article\" \/>\n<meta property=\"og:title\" content=\"Disfruta de la vida nocturna en la playa de Patong - Avista Grande Phuket Karon - Mgallery\" \/>\n<meta property=\"og:description\" content=\"Cuando se mete el sol, la famosa Bangla Road se cierra al tr\u00e1fico y estalla un vibrante choque de sonido y color. La calle peatonal m\u00e1s famosa de Phuket es generalmente un lugar agradable y seguro para relajarse y est\u00e1 llena de turistas todas las noches. Disfruta de una embriagadora mezcla de luces de ne\u00f3n, [&hellip;]\" \/>\n<meta property=\"og:url\" content=\"https:\/\/www.avistagrandephuketresort.com\/es\/top-things-to-do-in-phuket\/experience-the-patong-beach-nightlife\/\" \/>\n<meta property=\"og:site_name\" content=\"Avista Grande Phuket Karon - Mgallery\" \/>\n<meta property=\"article:modified_time\" content=\"2023-10-05T07:59:42+00:00\" \/>\n<meta name=\"twitter:card\" content=\"summary_large_image\" \/>\n<meta name=\"twitter:label1\" content=\"Tiempo de lectura\" \/>\n\t<meta name=\"twitter:data1\" content=\"1 minuto\" \/>\n<script type=\"application\/ld+json\" class=\"yoast-schema-graph\">{\"@context\":\"https:\/\/schema.org\",\"@graph\":[{\"@type\":\"WebPage\",\"@id\":\"https:\/\/www.avistagrandephuketresort.com\/es\/top-things-to-do-in-phuket\/experience-the-patong-beach-nightlife\/\",\"url\":\"https:\/\/www.avistagrandephuketresort.com\/es\/top-things-to-do-in-phuket\/experience-the-patong-beach-nightlife\/\",\"name\":\"Disfruta de la vida nocturna en la playa de Patong - Avista Grande Phuket Karon - Mgallery\",\"isPartOf\":{\"@id\":\"https:\/\/www.avistagrandephuketresort.com\/#website\"},\"datePublished\":\"2023-07-31T01:21:45+00:00\",\"dateModified\":\"2023-10-05T07:59:42+00:00\",\"breadcrumb\":{\"@id\":\"https:\/\/www.avistagrandephuketresort.com\/es\/top-things-to-do-in-phuket\/experience-the-patong-beach-nightlife\/#breadcrumb\"},\"inLanguage\":\"es\",\"potentialAction\":[{\"@type\":\"ReadAction\",\"target\":[\"https:\/\/www.avistagrandephuketresort.com\/es\/top-things-to-do-in-phuket\/experience-the-patong-beach-nightlife\/\"]}]},{\"@type\":\"BreadcrumbList\",\"@id\":\"https:\/\/www.avistagrandephuketresort.com\/es\/top-things-to-do-in-phuket\/experience-the-patong-beach-nightlife\/#breadcrumb\",\"itemListElement\":[{\"@type\":\"ListItem\",\"position\":1,\"name\":\"Home\",\"item\":\"https:\/\/www.avistagrandephuketresort.com\/es\/\"},{\"@type\":\"ListItem\",\"position\":2,\"name\":\"Las mejores cosas que hacer en Phuket\",\"item\":\"https:\/\/www.avistagrandephuketresort.com\/es\/top-things-to-do-in-phuket\/\"},{\"@type\":\"ListItem\",\"position\":3,\"name\":\"Disfruta de la vida nocturna en la playa de Patong\"}]},{\"@type\":\"WebSite\",\"@id\":\"https:\/\/www.avistagrandephuketresort.com\/#website\",\"url\":\"https:\/\/www.avistagrandephuketresort.com\/\",\"name\":\"Avista Grande Phuket Karon - Mgallery\",\"description\":\"\",\"potentialAction\":[{\"@type\":\"SearchAction\",\"target\":{\"@type\":\"EntryPoint\",\"urlTemplate\":\"https:\/\/www.avistagrandephuketresort.com\/?s={search_term_string}\"},\"query-input\":{\"@type\":\"PropertyValueSpecification\",\"valueRequired\":true,\"valueName\":\"search_term_string\"}}],\"inLanguage\":\"es\"}]}<\/script>\n<!-- \/ Yoast SEO plugin. -->","yoast_head_json":{"title":"Disfruta de la vida nocturna en la playa de Patong - Avista Grande Phuket Karon - Mgallery","robots":{"index":"index","follow":"follow","max-snippet":"max-snippet:-1","max-image-preview":"max-image-preview:large","max-video-preview":"max-video-preview:-1"},"canonical":"https:\/\/www.avistagrandephuketresort.com\/es\/top-things-to-do-in-phuket\/experience-the-patong-beach-nightlife\/","og_locale":"es_ES","og_type":"article","og_title":"Disfruta de la vida nocturna en la playa de Patong - Avista Grande Phuket Karon - Mgallery","og_description":"Cuando se mete el sol, la famosa Bangla Road se cierra al tr\u00e1fico y estalla un vibrante choque de sonido y color. La calle peatonal m\u00e1s famosa de Phuket es generalmente un lugar agradable y seguro para relajarse y est\u00e1 llena de turistas todas las noches. Disfruta de una embriagadora mezcla de luces de ne\u00f3n, [&hellip;]","og_url":"https:\/\/www.avistagrandephuketresort.com\/es\/top-things-to-do-in-phuket\/experience-the-patong-beach-nightlife\/","og_site_name":"Avista Grande Phuket Karon - Mgallery","article_modified_time":"2023-10-05T07:59:42+00:00","twitter_card":"summary_large_image","twitter_misc":{"Tiempo de lectura":"1 minuto"},"schema":{"@context":"https:\/\/schema.org","@graph":[{"@type":"WebPage","@id":"https:\/\/www.avistagrandephuketresort.com\/es\/top-things-to-do-in-phuket\/experience-the-patong-beach-nightlife\/","url":"https:\/\/www.avistagrandephuketresort.com\/es\/top-things-to-do-in-phuket\/experience-the-patong-beach-nightlife\/","name":"Disfruta de la vida nocturna en la playa de Patong - Avista Grande Phuket Karon - Mgallery","isPartOf":{"@id":"https:\/\/www.avistagrandephuketresort.com\/#website"},"datePublished":"2023-07-31T01:21:45+00:00","dateModified":"2023-10-05T07:59:42+00:00","breadcrumb":{"@id":"https:\/\/www.avistagrandephuketresort.com\/es\/top-things-to-do-in-phuket\/experience-the-patong-beach-nightlife\/#breadcrumb"},"inLanguage":"es","potentialAction":[{"@type":"ReadAction","target":["https:\/\/www.avistagrandephuketresort.com\/es\/top-things-to-do-in-phuket\/experience-the-patong-beach-nightlife\/"]}]},{"@type":"BreadcrumbList","@id":"https:\/\/www.avistagrandephuketresort.com\/es\/top-things-to-do-in-phuket\/experience-the-patong-beach-nightlife\/#breadcrumb","itemListElement":[{"@type":"ListItem","position":1,"name":"Home","item":"https:\/\/www.avistagrandephuketresort.com\/es\/"},{"@type":"ListItem","position":2,"name":"Las mejores cosas que hacer en Phuket","item":"https:\/\/www.avistagrandephuketresort.com\/es\/top-things-to-do-in-phuket\/"},{"@type":"ListItem","position":3,"name":"Disfruta de la vida nocturna en la playa de Patong"}]},{"@type":"WebSite","@id":"https:\/\/www.avistagrandephuketresort.com\/#website","url":"https:\/\/www.avistagrandephuketresort.com\/","name":"Avista Grande Phuket Karon - Mgallery","description":"","potentialAction":[{"@type":"SearchAction","target":{"@type":"EntryPoint","urlTemplate":"https:\/\/www.avistagrandephuketresort.com\/?s={search_term_string}"},"query-input":{"@type":"PropertyValueSpecification","valueRequired":true,"valueName":"search_term_string"}}],"inLanguage":"es"}]}},"_links":{"self":[{"href":"https:\/\/www.avistagrandephuketresort.com\/es\/wp-json\/wp\/v2\/pages\/1231","targetHints":{"allow":["GET"]}}],"collection":[{"href":"https:\/\/www.avistagrandephuketresort.com\/es\/wp-json\/wp\/v2\/pages"}],"about":[{"href":"https:\/\/www.avistagrandephuketresort.com\/es\/wp-json\/wp\/v2\/types\/page"}],"author":[{"embeddable":true,"href":"https:\/\/www.avistagrandephuketresort.com\/es\/wp-json\/wp\/v2\/users\/55"}],"replies":[{"embeddable":true,"href":"https:\/\/www.avistagrandephuketresort.com\/es\/wp-json\/wp\/v2\/comments?post=1231"}],"version-history":[{"count":0,"href":"https:\/\/www.avistagrandephuketresort.com\/es\/wp-json\/wp\/v2\/pages\/1231\/revisions"}],"up":[{"embeddable":true,"href":"https:\/\/www.avistagrandephuketresort.com\/es\/wp-json\/wp\/v2\/pages\/1222"}],"wp:attachment":[{"href":"https:\/\/www.avistagrandephuketresort.com\/es\/wp-json\/wp\/v2\/media?parent=1231"}],"wp:term":[{"taxonomy":"category","embeddable":true,"href":"https:\/\/www.avistagrandephuketresort.com\/es\/wp-json\/wp\/v2\/categories?post=1231"}],"curies":[{"name":"wp","href":"https:\/\/api.w.org\/{rel}","templated":true}]}}