{"id":1230,"date":"2023-07-31T01:20:26","date_gmt":"2023-07-31T01:20:26","guid":{"rendered":"https:\/\/www.avistagrandephuketresort.com\/?page_id=1230"},"modified":"2023-10-05T07:57:43","modified_gmt":"2023-10-05T07:57:43","slug":"laem-phromthep-viewpoints","status":"publish","type":"page","link":"https:\/\/www.avistagrandephuketresort.com\/es\/top-things-to-do-in-phuket\/laem-phromthep-viewpoints\/","title":{"rendered":"Laem Phromthep y puntos de vista"},"content":{"rendered":"<p style=\"text-align: center\">Laem Phromthep (\u0e41\u0e2b\u0e25\u0e21\u0e1e\u0e23\u0e2b\u0e21\u0e40\u0e17\u0e1e), apodado localmente \u00abLaem Chao\u00bb, se encuentra en el punto m\u00e1s al sur de la isla.<br \/>\nCon su impresionante paisaje y su hermoso lugar para el atardecer, el cabo es uno de los lugares favoritos para la fotograf\u00eda entre los turistas de Phuket.<br \/>\nDesde el borde del acantilado, una l\u00ednea de palmeras se inclina hacia abajo hasta el final del cabo, que cuenta con arrecifes rocosos donde la isla Ko Kaeo Phitsadan aparece en la parte delantera. Tambi\u00e9n es un sitio del Faro Laem Phromthep Kanchanaphisek, construido con motivo del Jubileo de Oro del ascenso al trono del rey Rama IX. La luz del faro se puede ver hasta 39 kil\u00f3metros. En el interior del faro se exhibe la exposici\u00f3n sobre la construcci\u00f3n del faro, el mantenimiento de la hora est\u00e1ndar y el c\u00e1lculo y visualizaci\u00f3n de las horas de salida y puesta del sol. Desde la parte superior del faro, los visitantes pueden ver un sinf\u00edn de paisajes espectaculares.<\/p>\n","protected":false},"excerpt":{"rendered":"<p>Laem Phromthep (\u0e41\u0e2b\u0e25\u0e21\u0e1e\u0e23\u0e2b\u0e21\u0e40\u0e17\u0e1e), apodado localmente \u00abLaem Chao\u00bb, se encuentra en el punto m\u00e1s al sur de la isla. Con su impresionante paisaje y su hermoso lugar para el atardecer, el cabo es uno de los lugares favoritos para la fotograf\u00eda entre los turistas de Phuket. Desde el borde del acantilado, una l\u00ednea de palmeras se [&hellip;]<\/p>\n","protected":false},"author":55,"featured_media":0,"parent":1222,"menu_order":8,"comment_status":"closed","ping_status":"closed","template":"","meta":{"footnotes":""},"categories":[],"class_list":["post-1230","page","type-page","status-publish","hentry"],"acf":[],"yoast_head":"<!-- This site is optimized with the Yoast SEO plugin v26.9 - https:\/\/yoast.com\/product\/yoast-seo-wordpress\/ -->\n<title>Laem Phromthep y puntos de vista - Avista Grande Phuket Karon - Mgallery<\/title>\n<meta name=\"robots\" content=\"index, follow, max-snippet:-1, max-image-preview:large, max-video-preview:-1\" \/>\n<link rel=\"canonical\" href=\"https:\/\/www.avistagrandephuketresort.com\/es\/top-things-to-do-in-phuket\/laem-phromthep-viewpoints\/\" \/>\n<meta property=\"og:locale\" content=\"es_ES\" \/>\n<meta property=\"og:type\" content=\"article\" \/>\n<meta property=\"og:title\" content=\"Laem Phromthep y puntos de vista - Avista Grande Phuket Karon - Mgallery\" \/>\n<meta property=\"og:description\" content=\"Laem Phromthep (\u0e41\u0e2b\u0e25\u0e21\u0e1e\u0e23\u0e2b\u0e21\u0e40\u0e17\u0e1e), apodado localmente \u00abLaem Chao\u00bb, se encuentra en el punto m\u00e1s al sur de la isla. Con su impresionante paisaje y su hermoso lugar para el atardecer, el cabo es uno de los lugares favoritos para la fotograf\u00eda entre los turistas de Phuket. Desde el borde del acantilado, una l\u00ednea de palmeras se [&hellip;]\" \/>\n<meta property=\"og:url\" content=\"https:\/\/www.avistagrandephuketresort.com\/es\/top-things-to-do-in-phuket\/laem-phromthep-viewpoints\/\" \/>\n<meta property=\"og:site_name\" content=\"Avista Grande Phuket Karon - Mgallery\" \/>\n<meta property=\"article:modified_time\" content=\"2023-10-05T07:57:43+00:00\" \/>\n<meta name=\"twitter:card\" content=\"summary_large_image\" \/>\n<meta name=\"twitter:label1\" content=\"Tiempo de lectura\" \/>\n\t<meta name=\"twitter:data1\" content=\"1 minuto\" \/>\n<script type=\"application\/ld+json\" class=\"yoast-schema-graph\">{\"@context\":\"https:\/\/schema.org\",\"@graph\":[{\"@type\":\"WebPage\",\"@id\":\"https:\/\/www.avistagrandephuketresort.com\/es\/top-things-to-do-in-phuket\/laem-phromthep-viewpoints\/\",\"url\":\"https:\/\/www.avistagrandephuketresort.com\/es\/top-things-to-do-in-phuket\/laem-phromthep-viewpoints\/\",\"name\":\"Laem Phromthep y puntos de vista - Avista Grande Phuket Karon - Mgallery\",\"isPartOf\":{\"@id\":\"https:\/\/www.avistagrandephuketresort.com\/#website\"},\"datePublished\":\"2023-07-31T01:20:26+00:00\",\"dateModified\":\"2023-10-05T07:57:43+00:00\",\"breadcrumb\":{\"@id\":\"https:\/\/www.avistagrandephuketresort.com\/es\/top-things-to-do-in-phuket\/laem-phromthep-viewpoints\/#breadcrumb\"},\"inLanguage\":\"es\",\"potentialAction\":[{\"@type\":\"ReadAction\",\"target\":[\"https:\/\/www.avistagrandephuketresort.com\/es\/top-things-to-do-in-phuket\/laem-phromthep-viewpoints\/\"]}]},{\"@type\":\"BreadcrumbList\",\"@id\":\"https:\/\/www.avistagrandephuketresort.com\/es\/top-things-to-do-in-phuket\/laem-phromthep-viewpoints\/#breadcrumb\",\"itemListElement\":[{\"@type\":\"ListItem\",\"position\":1,\"name\":\"Home\",\"item\":\"https:\/\/www.avistagrandephuketresort.com\/es\/\"},{\"@type\":\"ListItem\",\"position\":2,\"name\":\"Las mejores cosas que hacer en Phuket\",\"item\":\"https:\/\/www.avistagrandephuketresort.com\/es\/top-things-to-do-in-phuket\/\"},{\"@type\":\"ListItem\",\"position\":3,\"name\":\"Laem Phromthep y puntos de vista\"}]},{\"@type\":\"WebSite\",\"@id\":\"https:\/\/www.avistagrandephuketresort.com\/#website\",\"url\":\"https:\/\/www.avistagrandephuketresort.com\/\",\"name\":\"Avista Grande Phuket Karon - Mgallery\",\"description\":\"\",\"potentialAction\":[{\"@type\":\"SearchAction\",\"target\":{\"@type\":\"EntryPoint\",\"urlTemplate\":\"https:\/\/www.avistagrandephuketresort.com\/?s={search_term_string}\"},\"query-input\":{\"@type\":\"PropertyValueSpecification\",\"valueRequired\":true,\"valueName\":\"search_term_string\"}}],\"inLanguage\":\"es\"}]}<\/script>\n<!-- \/ Yoast SEO plugin. -->","yoast_head_json":{"title":"Laem Phromthep y puntos de vista - Avista Grande Phuket Karon - Mgallery","robots":{"index":"index","follow":"follow","max-snippet":"max-snippet:-1","max-image-preview":"max-image-preview:large","max-video-preview":"max-video-preview:-1"},"canonical":"https:\/\/www.avistagrandephuketresort.com\/es\/top-things-to-do-in-phuket\/laem-phromthep-viewpoints\/","og_locale":"es_ES","og_type":"article","og_title":"Laem Phromthep y puntos de vista - Avista Grande Phuket Karon - Mgallery","og_description":"Laem Phromthep (\u0e41\u0e2b\u0e25\u0e21\u0e1e\u0e23\u0e2b\u0e21\u0e40\u0e17\u0e1e), apodado localmente \u00abLaem Chao\u00bb, se encuentra en el punto m\u00e1s al sur de la isla. Con su impresionante paisaje y su hermoso lugar para el atardecer, el cabo es uno de los lugares favoritos para la fotograf\u00eda entre los turistas de Phuket. Desde el borde del acantilado, una l\u00ednea de palmeras se [&hellip;]","og_url":"https:\/\/www.avistagrandephuketresort.com\/es\/top-things-to-do-in-phuket\/laem-phromthep-viewpoints\/","og_site_name":"Avista Grande Phuket Karon - Mgallery","article_modified_time":"2023-10-05T07:57:43+00:00","twitter_card":"summary_large_image","twitter_misc":{"Tiempo de lectura":"1 minuto"},"schema":{"@context":"https:\/\/schema.org","@graph":[{"@type":"WebPage","@id":"https:\/\/www.avistagrandephuketresort.com\/es\/top-things-to-do-in-phuket\/laem-phromthep-viewpoints\/","url":"https:\/\/www.avistagrandephuketresort.com\/es\/top-things-to-do-in-phuket\/laem-phromthep-viewpoints\/","name":"Laem Phromthep y puntos de vista - Avista Grande Phuket Karon - Mgallery","isPartOf":{"@id":"https:\/\/www.avistagrandephuketresort.com\/#website"},"datePublished":"2023-07-31T01:20:26+00:00","dateModified":"2023-10-05T07:57:43+00:00","breadcrumb":{"@id":"https:\/\/www.avistagrandephuketresort.com\/es\/top-things-to-do-in-phuket\/laem-phromthep-viewpoints\/#breadcrumb"},"inLanguage":"es","potentialAction":[{"@type":"ReadAction","target":["https:\/\/www.avistagrandephuketresort.com\/es\/top-things-to-do-in-phuket\/laem-phromthep-viewpoints\/"]}]},{"@type":"BreadcrumbList","@id":"https:\/\/www.avistagrandephuketresort.com\/es\/top-things-to-do-in-phuket\/laem-phromthep-viewpoints\/#breadcrumb","itemListElement":[{"@type":"ListItem","position":1,"name":"Home","item":"https:\/\/www.avistagrandephuketresort.com\/es\/"},{"@type":"ListItem","position":2,"name":"Las mejores cosas que hacer en Phuket","item":"https:\/\/www.avistagrandephuketresort.com\/es\/top-things-to-do-in-phuket\/"},{"@type":"ListItem","position":3,"name":"Laem Phromthep y puntos de vista"}]},{"@type":"WebSite","@id":"https:\/\/www.avistagrandephuketresort.com\/#website","url":"https:\/\/www.avistagrandephuketresort.com\/","name":"Avista Grande Phuket Karon - Mgallery","description":"","potentialAction":[{"@type":"SearchAction","target":{"@type":"EntryPoint","urlTemplate":"https:\/\/www.avistagrandephuketresort.com\/?s={search_term_string}"},"query-input":{"@type":"PropertyValueSpecification","valueRequired":true,"valueName":"search_term_string"}}],"inLanguage":"es"}]}},"_links":{"self":[{"href":"https:\/\/www.avistagrandephuketresort.com\/es\/wp-json\/wp\/v2\/pages\/1230","targetHints":{"allow":["GET"]}}],"collection":[{"href":"https:\/\/www.avistagrandephuketresort.com\/es\/wp-json\/wp\/v2\/pages"}],"about":[{"href":"https:\/\/www.avistagrandephuketresort.com\/es\/wp-json\/wp\/v2\/types\/page"}],"author":[{"embeddable":true,"href":"https:\/\/www.avistagrandephuketresort.com\/es\/wp-json\/wp\/v2\/users\/55"}],"replies":[{"embeddable":true,"href":"https:\/\/www.avistagrandephuketresort.com\/es\/wp-json\/wp\/v2\/comments?post=1230"}],"version-history":[{"count":0,"href":"https:\/\/www.avistagrandephuketresort.com\/es\/wp-json\/wp\/v2\/pages\/1230\/revisions"}],"up":[{"embeddable":true,"href":"https:\/\/www.avistagrandephuketresort.com\/es\/wp-json\/wp\/v2\/pages\/1222"}],"wp:attachment":[{"href":"https:\/\/www.avistagrandephuketresort.com\/es\/wp-json\/wp\/v2\/media?parent=1230"}],"wp:term":[{"taxonomy":"category","embeddable":true,"href":"https:\/\/www.avistagrandephuketresort.com\/es\/wp-json\/wp\/v2\/categories?post=1230"}],"curies":[{"name":"wp","href":"https:\/\/api.w.org\/{rel}","templated":true}]}}