{"id":1228,"date":"2023-07-31T01:17:02","date_gmt":"2023-07-31T01:17:02","guid":{"rendered":"https:\/\/www.avistagrandephuketresort.com\/?page_id=1228"},"modified":"2023-10-05T07:55:03","modified_gmt":"2023-10-05T07:55:03","slug":"take-a-wander-to-karon-viewpoint","status":"publish","type":"page","link":"https:\/\/www.avistagrandephuketresort.com\/es\/top-things-to-do-in-phuket\/take-a-wander-to-karon-viewpoint\/","title":{"rendered":"Pasea por el mirador de Karon"},"content":{"rendered":"<p style=\"text-align: center\">Situado justo al sur de la playa de Kata Noi se encuentra el mirador de Karon. Como uno de los miradores m\u00e1s fotografiados de Phuket, es recomendable visitarlo temprano para evitar las aglomeraciones. Las vistas ic\u00f3nicas que te saludan son la raz\u00f3n por la que este mirador tambi\u00e9n se conoce como el \u00abMirador de las Tres Playas\u00bb. Obtendr\u00e1s una vista panor\u00e1mica de la playa de Kata Noi, la playa de Kata y nuestra propia playa de Karon, con las monta\u00f1as bordeadas de selva que conducen a la playa de Patong en la distancia. Los blancos de las playas que contrastan con los impresionantes tonos azules del vasto mar de Andam\u00e1n y los v\u00edvidos verdes de las laderas de las monta\u00f1as son la oportunidad perfecta para capturar un recuerdo fotogr\u00e1fico de tu estancia en Phuket.<\/p>\n","protected":false},"excerpt":{"rendered":"<p>Situado justo al sur de la playa de Kata Noi se encuentra el mirador de Karon. Como uno de los miradores m\u00e1s fotografiados de Phuket, es recomendable visitarlo temprano para evitar las aglomeraciones. Las vistas ic\u00f3nicas que te saludan son la raz\u00f3n por la que este mirador tambi\u00e9n se conoce como el \u00abMirador de las [&hellip;]<\/p>\n","protected":false},"author":55,"featured_media":0,"parent":1222,"menu_order":6,"comment_status":"closed","ping_status":"closed","template":"","meta":{"footnotes":""},"categories":[],"class_list":["post-1228","page","type-page","status-publish","hentry"],"acf":[],"yoast_head":"<!-- This site is optimized with the Yoast SEO plugin v26.9 - https:\/\/yoast.com\/product\/yoast-seo-wordpress\/ -->\n<title>Pasea por el mirador de Karon - Avista Grande Phuket Karon - Mgallery<\/title>\n<meta name=\"robots\" content=\"index, follow, max-snippet:-1, max-image-preview:large, max-video-preview:-1\" \/>\n<link rel=\"canonical\" href=\"https:\/\/www.avistagrandephuketresort.com\/es\/top-things-to-do-in-phuket\/take-a-wander-to-karon-viewpoint\/\" \/>\n<meta property=\"og:locale\" content=\"es_ES\" \/>\n<meta property=\"og:type\" content=\"article\" \/>\n<meta property=\"og:title\" content=\"Pasea por el mirador de Karon - Avista Grande Phuket Karon - Mgallery\" \/>\n<meta property=\"og:description\" content=\"Situado justo al sur de la playa de Kata Noi se encuentra el mirador de Karon. Como uno de los miradores m\u00e1s fotografiados de Phuket, es recomendable visitarlo temprano para evitar las aglomeraciones. Las vistas ic\u00f3nicas que te saludan son la raz\u00f3n por la que este mirador tambi\u00e9n se conoce como el \u00abMirador de las [&hellip;]\" \/>\n<meta property=\"og:url\" content=\"https:\/\/www.avistagrandephuketresort.com\/es\/top-things-to-do-in-phuket\/take-a-wander-to-karon-viewpoint\/\" \/>\n<meta property=\"og:site_name\" content=\"Avista Grande Phuket Karon - Mgallery\" \/>\n<meta property=\"article:modified_time\" content=\"2023-10-05T07:55:03+00:00\" \/>\n<meta name=\"twitter:card\" content=\"summary_large_image\" \/>\n<meta name=\"twitter:label1\" content=\"Tiempo de lectura\" \/>\n\t<meta name=\"twitter:data1\" content=\"1 minuto\" \/>\n<script type=\"application\/ld+json\" class=\"yoast-schema-graph\">{\"@context\":\"https:\/\/schema.org\",\"@graph\":[{\"@type\":\"WebPage\",\"@id\":\"https:\/\/www.avistagrandephuketresort.com\/es\/top-things-to-do-in-phuket\/take-a-wander-to-karon-viewpoint\/\",\"url\":\"https:\/\/www.avistagrandephuketresort.com\/es\/top-things-to-do-in-phuket\/take-a-wander-to-karon-viewpoint\/\",\"name\":\"Pasea por el mirador de Karon - Avista Grande Phuket Karon - Mgallery\",\"isPartOf\":{\"@id\":\"https:\/\/www.avistagrandephuketresort.com\/#website\"},\"datePublished\":\"2023-07-31T01:17:02+00:00\",\"dateModified\":\"2023-10-05T07:55:03+00:00\",\"breadcrumb\":{\"@id\":\"https:\/\/www.avistagrandephuketresort.com\/es\/top-things-to-do-in-phuket\/take-a-wander-to-karon-viewpoint\/#breadcrumb\"},\"inLanguage\":\"es\",\"potentialAction\":[{\"@type\":\"ReadAction\",\"target\":[\"https:\/\/www.avistagrandephuketresort.com\/es\/top-things-to-do-in-phuket\/take-a-wander-to-karon-viewpoint\/\"]}]},{\"@type\":\"BreadcrumbList\",\"@id\":\"https:\/\/www.avistagrandephuketresort.com\/es\/top-things-to-do-in-phuket\/take-a-wander-to-karon-viewpoint\/#breadcrumb\",\"itemListElement\":[{\"@type\":\"ListItem\",\"position\":1,\"name\":\"Home\",\"item\":\"https:\/\/www.avistagrandephuketresort.com\/es\/\"},{\"@type\":\"ListItem\",\"position\":2,\"name\":\"Las mejores cosas que hacer en Phuket\",\"item\":\"https:\/\/www.avistagrandephuketresort.com\/es\/top-things-to-do-in-phuket\/\"},{\"@type\":\"ListItem\",\"position\":3,\"name\":\"Pasea por el mirador de Karon\"}]},{\"@type\":\"WebSite\",\"@id\":\"https:\/\/www.avistagrandephuketresort.com\/#website\",\"url\":\"https:\/\/www.avistagrandephuketresort.com\/\",\"name\":\"Avista Grande Phuket Karon - Mgallery\",\"description\":\"\",\"potentialAction\":[{\"@type\":\"SearchAction\",\"target\":{\"@type\":\"EntryPoint\",\"urlTemplate\":\"https:\/\/www.avistagrandephuketresort.com\/?s={search_term_string}\"},\"query-input\":{\"@type\":\"PropertyValueSpecification\",\"valueRequired\":true,\"valueName\":\"search_term_string\"}}],\"inLanguage\":\"es\"}]}<\/script>\n<!-- \/ Yoast SEO plugin. -->","yoast_head_json":{"title":"Pasea por el mirador de Karon - Avista Grande Phuket Karon - Mgallery","robots":{"index":"index","follow":"follow","max-snippet":"max-snippet:-1","max-image-preview":"max-image-preview:large","max-video-preview":"max-video-preview:-1"},"canonical":"https:\/\/www.avistagrandephuketresort.com\/es\/top-things-to-do-in-phuket\/take-a-wander-to-karon-viewpoint\/","og_locale":"es_ES","og_type":"article","og_title":"Pasea por el mirador de Karon - Avista Grande Phuket Karon - Mgallery","og_description":"Situado justo al sur de la playa de Kata Noi se encuentra el mirador de Karon. Como uno de los miradores m\u00e1s fotografiados de Phuket, es recomendable visitarlo temprano para evitar las aglomeraciones. Las vistas ic\u00f3nicas que te saludan son la raz\u00f3n por la que este mirador tambi\u00e9n se conoce como el \u00abMirador de las [&hellip;]","og_url":"https:\/\/www.avistagrandephuketresort.com\/es\/top-things-to-do-in-phuket\/take-a-wander-to-karon-viewpoint\/","og_site_name":"Avista Grande Phuket Karon - Mgallery","article_modified_time":"2023-10-05T07:55:03+00:00","twitter_card":"summary_large_image","twitter_misc":{"Tiempo de lectura":"1 minuto"},"schema":{"@context":"https:\/\/schema.org","@graph":[{"@type":"WebPage","@id":"https:\/\/www.avistagrandephuketresort.com\/es\/top-things-to-do-in-phuket\/take-a-wander-to-karon-viewpoint\/","url":"https:\/\/www.avistagrandephuketresort.com\/es\/top-things-to-do-in-phuket\/take-a-wander-to-karon-viewpoint\/","name":"Pasea por el mirador de Karon - Avista Grande Phuket Karon - Mgallery","isPartOf":{"@id":"https:\/\/www.avistagrandephuketresort.com\/#website"},"datePublished":"2023-07-31T01:17:02+00:00","dateModified":"2023-10-05T07:55:03+00:00","breadcrumb":{"@id":"https:\/\/www.avistagrandephuketresort.com\/es\/top-things-to-do-in-phuket\/take-a-wander-to-karon-viewpoint\/#breadcrumb"},"inLanguage":"es","potentialAction":[{"@type":"ReadAction","target":["https:\/\/www.avistagrandephuketresort.com\/es\/top-things-to-do-in-phuket\/take-a-wander-to-karon-viewpoint\/"]}]},{"@type":"BreadcrumbList","@id":"https:\/\/www.avistagrandephuketresort.com\/es\/top-things-to-do-in-phuket\/take-a-wander-to-karon-viewpoint\/#breadcrumb","itemListElement":[{"@type":"ListItem","position":1,"name":"Home","item":"https:\/\/www.avistagrandephuketresort.com\/es\/"},{"@type":"ListItem","position":2,"name":"Las mejores cosas que hacer en Phuket","item":"https:\/\/www.avistagrandephuketresort.com\/es\/top-things-to-do-in-phuket\/"},{"@type":"ListItem","position":3,"name":"Pasea por el mirador de Karon"}]},{"@type":"WebSite","@id":"https:\/\/www.avistagrandephuketresort.com\/#website","url":"https:\/\/www.avistagrandephuketresort.com\/","name":"Avista Grande Phuket Karon - Mgallery","description":"","potentialAction":[{"@type":"SearchAction","target":{"@type":"EntryPoint","urlTemplate":"https:\/\/www.avistagrandephuketresort.com\/?s={search_term_string}"},"query-input":{"@type":"PropertyValueSpecification","valueRequired":true,"valueName":"search_term_string"}}],"inLanguage":"es"}]}},"_links":{"self":[{"href":"https:\/\/www.avistagrandephuketresort.com\/es\/wp-json\/wp\/v2\/pages\/1228","targetHints":{"allow":["GET"]}}],"collection":[{"href":"https:\/\/www.avistagrandephuketresort.com\/es\/wp-json\/wp\/v2\/pages"}],"about":[{"href":"https:\/\/www.avistagrandephuketresort.com\/es\/wp-json\/wp\/v2\/types\/page"}],"author":[{"embeddable":true,"href":"https:\/\/www.avistagrandephuketresort.com\/es\/wp-json\/wp\/v2\/users\/55"}],"replies":[{"embeddable":true,"href":"https:\/\/www.avistagrandephuketresort.com\/es\/wp-json\/wp\/v2\/comments?post=1228"}],"version-history":[{"count":0,"href":"https:\/\/www.avistagrandephuketresort.com\/es\/wp-json\/wp\/v2\/pages\/1228\/revisions"}],"up":[{"embeddable":true,"href":"https:\/\/www.avistagrandephuketresort.com\/es\/wp-json\/wp\/v2\/pages\/1222"}],"wp:attachment":[{"href":"https:\/\/www.avistagrandephuketresort.com\/es\/wp-json\/wp\/v2\/media?parent=1228"}],"wp:term":[{"taxonomy":"category","embeddable":true,"href":"https:\/\/www.avistagrandephuketresort.com\/es\/wp-json\/wp\/v2\/categories?post=1228"}],"curies":[{"name":"wp","href":"https:\/\/api.w.org\/{rel}","templated":true}]}}