{"id":1226,"date":"2023-07-31T01:12:57","date_gmt":"2023-07-31T01:12:57","guid":{"rendered":"https:\/\/www.avistagrandephuketresort.com\/?page_id=1226"},"modified":"2023-10-05T07:44:59","modified_gmt":"2023-10-05T07:44:59","slug":"uncover-the-hidden-blackrock-viewpoint","status":"publish","type":"page","link":"https:\/\/www.avistagrandephuketresort.com\/es\/top-things-to-do-in-phuket\/uncover-the-hidden-blackrock-viewpoint\/","title":{"rendered":"Descubre el mirador oculto de Blackrock"},"content":{"rendered":"<p style=\"text-align: center\">V\u00e9lo todo desde un pico escondido en las monta\u00f1as del sur de Phuket. Camina por la selva para llegar a uno de los miradores m\u00e1s altos de la isla que eclipsa los otros miradores famosos. Contempla la playa de Nai Harn, el mirador del molino de viento y el cabo Phromthep muy por debajo y vislumbra las islas que salpican el horizonte. Una vez conocido solo por los parapentes como su sitio de lanzamiento preferido, ahora se est\u00e1 volviendo m\u00e1s popular como un punto para la fotograf\u00eda. Llega temprano para capturar tu momento memorable, antes de que se convierta en una atracci\u00f3n de la lista de deseos.<\/p>\n","protected":false},"excerpt":{"rendered":"<p>V\u00e9lo todo desde un pico escondido en las monta\u00f1as del sur de Phuket. Camina por la selva para llegar a uno de los miradores m\u00e1s altos de la isla que eclipsa los otros miradores famosos. Contempla la playa de Nai Harn, el mirador del molino de viento y el cabo Phromthep muy por debajo y [&hellip;]<\/p>\n","protected":false},"author":55,"featured_media":0,"parent":1222,"menu_order":4,"comment_status":"closed","ping_status":"closed","template":"","meta":{"footnotes":""},"categories":[],"class_list":["post-1226","page","type-page","status-publish","hentry"],"acf":[],"yoast_head":"<!-- This site is optimized with the Yoast SEO plugin v26.9 - https:\/\/yoast.com\/product\/yoast-seo-wordpress\/ -->\n<title>Descubre el mirador oculto de Blackrock - Avista Grande Phuket Karon - Mgallery<\/title>\n<meta name=\"robots\" content=\"index, follow, max-snippet:-1, max-image-preview:large, max-video-preview:-1\" \/>\n<link rel=\"canonical\" href=\"https:\/\/www.avistagrandephuketresort.com\/es\/top-things-to-do-in-phuket\/uncover-the-hidden-blackrock-viewpoint\/\" \/>\n<meta property=\"og:locale\" content=\"es_ES\" \/>\n<meta property=\"og:type\" content=\"article\" \/>\n<meta property=\"og:title\" content=\"Descubre el mirador oculto de Blackrock - Avista Grande Phuket Karon - Mgallery\" \/>\n<meta property=\"og:description\" content=\"V\u00e9lo todo desde un pico escondido en las monta\u00f1as del sur de Phuket. Camina por la selva para llegar a uno de los miradores m\u00e1s altos de la isla que eclipsa los otros miradores famosos. Contempla la playa de Nai Harn, el mirador del molino de viento y el cabo Phromthep muy por debajo y [&hellip;]\" \/>\n<meta property=\"og:url\" content=\"https:\/\/www.avistagrandephuketresort.com\/es\/top-things-to-do-in-phuket\/uncover-the-hidden-blackrock-viewpoint\/\" \/>\n<meta property=\"og:site_name\" content=\"Avista Grande Phuket Karon - Mgallery\" \/>\n<meta property=\"article:modified_time\" content=\"2023-10-05T07:44:59+00:00\" \/>\n<meta name=\"twitter:card\" content=\"summary_large_image\" \/>\n<meta name=\"twitter:label1\" content=\"Tiempo de lectura\" \/>\n\t<meta name=\"twitter:data1\" content=\"1 minuto\" \/>\n<script type=\"application\/ld+json\" class=\"yoast-schema-graph\">{\"@context\":\"https:\/\/schema.org\",\"@graph\":[{\"@type\":\"WebPage\",\"@id\":\"https:\/\/www.avistagrandephuketresort.com\/es\/top-things-to-do-in-phuket\/uncover-the-hidden-blackrock-viewpoint\/\",\"url\":\"https:\/\/www.avistagrandephuketresort.com\/es\/top-things-to-do-in-phuket\/uncover-the-hidden-blackrock-viewpoint\/\",\"name\":\"Descubre el mirador oculto de Blackrock - Avista Grande Phuket Karon - Mgallery\",\"isPartOf\":{\"@id\":\"https:\/\/www.avistagrandephuketresort.com\/#website\"},\"datePublished\":\"2023-07-31T01:12:57+00:00\",\"dateModified\":\"2023-10-05T07:44:59+00:00\",\"breadcrumb\":{\"@id\":\"https:\/\/www.avistagrandephuketresort.com\/es\/top-things-to-do-in-phuket\/uncover-the-hidden-blackrock-viewpoint\/#breadcrumb\"},\"inLanguage\":\"es\",\"potentialAction\":[{\"@type\":\"ReadAction\",\"target\":[\"https:\/\/www.avistagrandephuketresort.com\/es\/top-things-to-do-in-phuket\/uncover-the-hidden-blackrock-viewpoint\/\"]}]},{\"@type\":\"BreadcrumbList\",\"@id\":\"https:\/\/www.avistagrandephuketresort.com\/es\/top-things-to-do-in-phuket\/uncover-the-hidden-blackrock-viewpoint\/#breadcrumb\",\"itemListElement\":[{\"@type\":\"ListItem\",\"position\":1,\"name\":\"Home\",\"item\":\"https:\/\/www.avistagrandephuketresort.com\/es\/\"},{\"@type\":\"ListItem\",\"position\":2,\"name\":\"Las mejores cosas que hacer en Phuket\",\"item\":\"https:\/\/www.avistagrandephuketresort.com\/es\/top-things-to-do-in-phuket\/\"},{\"@type\":\"ListItem\",\"position\":3,\"name\":\"Descubre el mirador oculto de Blackrock\"}]},{\"@type\":\"WebSite\",\"@id\":\"https:\/\/www.avistagrandephuketresort.com\/#website\",\"url\":\"https:\/\/www.avistagrandephuketresort.com\/\",\"name\":\"Avista Grande Phuket Karon - Mgallery\",\"description\":\"\",\"potentialAction\":[{\"@type\":\"SearchAction\",\"target\":{\"@type\":\"EntryPoint\",\"urlTemplate\":\"https:\/\/www.avistagrandephuketresort.com\/?s={search_term_string}\"},\"query-input\":{\"@type\":\"PropertyValueSpecification\",\"valueRequired\":true,\"valueName\":\"search_term_string\"}}],\"inLanguage\":\"es\"}]}<\/script>\n<!-- \/ Yoast SEO plugin. -->","yoast_head_json":{"title":"Descubre el mirador oculto de Blackrock - Avista Grande Phuket Karon - Mgallery","robots":{"index":"index","follow":"follow","max-snippet":"max-snippet:-1","max-image-preview":"max-image-preview:large","max-video-preview":"max-video-preview:-1"},"canonical":"https:\/\/www.avistagrandephuketresort.com\/es\/top-things-to-do-in-phuket\/uncover-the-hidden-blackrock-viewpoint\/","og_locale":"es_ES","og_type":"article","og_title":"Descubre el mirador oculto de Blackrock - Avista Grande Phuket Karon - Mgallery","og_description":"V\u00e9lo todo desde un pico escondido en las monta\u00f1as del sur de Phuket. Camina por la selva para llegar a uno de los miradores m\u00e1s altos de la isla que eclipsa los otros miradores famosos. Contempla la playa de Nai Harn, el mirador del molino de viento y el cabo Phromthep muy por debajo y [&hellip;]","og_url":"https:\/\/www.avistagrandephuketresort.com\/es\/top-things-to-do-in-phuket\/uncover-the-hidden-blackrock-viewpoint\/","og_site_name":"Avista Grande Phuket Karon - Mgallery","article_modified_time":"2023-10-05T07:44:59+00:00","twitter_card":"summary_large_image","twitter_misc":{"Tiempo de lectura":"1 minuto"},"schema":{"@context":"https:\/\/schema.org","@graph":[{"@type":"WebPage","@id":"https:\/\/www.avistagrandephuketresort.com\/es\/top-things-to-do-in-phuket\/uncover-the-hidden-blackrock-viewpoint\/","url":"https:\/\/www.avistagrandephuketresort.com\/es\/top-things-to-do-in-phuket\/uncover-the-hidden-blackrock-viewpoint\/","name":"Descubre el mirador oculto de Blackrock - Avista Grande Phuket Karon - Mgallery","isPartOf":{"@id":"https:\/\/www.avistagrandephuketresort.com\/#website"},"datePublished":"2023-07-31T01:12:57+00:00","dateModified":"2023-10-05T07:44:59+00:00","breadcrumb":{"@id":"https:\/\/www.avistagrandephuketresort.com\/es\/top-things-to-do-in-phuket\/uncover-the-hidden-blackrock-viewpoint\/#breadcrumb"},"inLanguage":"es","potentialAction":[{"@type":"ReadAction","target":["https:\/\/www.avistagrandephuketresort.com\/es\/top-things-to-do-in-phuket\/uncover-the-hidden-blackrock-viewpoint\/"]}]},{"@type":"BreadcrumbList","@id":"https:\/\/www.avistagrandephuketresort.com\/es\/top-things-to-do-in-phuket\/uncover-the-hidden-blackrock-viewpoint\/#breadcrumb","itemListElement":[{"@type":"ListItem","position":1,"name":"Home","item":"https:\/\/www.avistagrandephuketresort.com\/es\/"},{"@type":"ListItem","position":2,"name":"Las mejores cosas que hacer en Phuket","item":"https:\/\/www.avistagrandephuketresort.com\/es\/top-things-to-do-in-phuket\/"},{"@type":"ListItem","position":3,"name":"Descubre el mirador oculto de Blackrock"}]},{"@type":"WebSite","@id":"https:\/\/www.avistagrandephuketresort.com\/#website","url":"https:\/\/www.avistagrandephuketresort.com\/","name":"Avista Grande Phuket Karon - Mgallery","description":"","potentialAction":[{"@type":"SearchAction","target":{"@type":"EntryPoint","urlTemplate":"https:\/\/www.avistagrandephuketresort.com\/?s={search_term_string}"},"query-input":{"@type":"PropertyValueSpecification","valueRequired":true,"valueName":"search_term_string"}}],"inLanguage":"es"}]}},"_links":{"self":[{"href":"https:\/\/www.avistagrandephuketresort.com\/es\/wp-json\/wp\/v2\/pages\/1226","targetHints":{"allow":["GET"]}}],"collection":[{"href":"https:\/\/www.avistagrandephuketresort.com\/es\/wp-json\/wp\/v2\/pages"}],"about":[{"href":"https:\/\/www.avistagrandephuketresort.com\/es\/wp-json\/wp\/v2\/types\/page"}],"author":[{"embeddable":true,"href":"https:\/\/www.avistagrandephuketresort.com\/es\/wp-json\/wp\/v2\/users\/55"}],"replies":[{"embeddable":true,"href":"https:\/\/www.avistagrandephuketresort.com\/es\/wp-json\/wp\/v2\/comments?post=1226"}],"version-history":[{"count":0,"href":"https:\/\/www.avistagrandephuketresort.com\/es\/wp-json\/wp\/v2\/pages\/1226\/revisions"}],"up":[{"embeddable":true,"href":"https:\/\/www.avistagrandephuketresort.com\/es\/wp-json\/wp\/v2\/pages\/1222"}],"wp:attachment":[{"href":"https:\/\/www.avistagrandephuketresort.com\/es\/wp-json\/wp\/v2\/media?parent=1226"}],"wp:term":[{"taxonomy":"category","embeddable":true,"href":"https:\/\/www.avistagrandephuketresort.com\/es\/wp-json\/wp\/v2\/categories?post=1226"}],"curies":[{"name":"wp","href":"https:\/\/api.w.org\/{rel}","templated":true}]}}