{"id":1225,"date":"2023-07-31T01:11:30","date_gmt":"2023-07-31T01:11:30","guid":{"rendered":"https:\/\/www.avistagrandephuketresort.com\/?page_id=1225"},"modified":"2023-10-05T07:42:10","modified_gmt":"2023-10-05T07:42:10","slug":"explore-historic-old-phuket-town","status":"publish","type":"page","link":"https:\/\/www.avistagrandephuketresort.com\/es\/top-things-to-do-in-phuket\/explore-historic-old-phuket-town\/","title":{"rendered":"Explora el hist\u00f3rico pueblo antiguo de Phuket"},"content":{"rendered":"<p style=\"text-align: center\">El dise\u00f1o de nuestro complejo est\u00e1 inspirado en la arquitectura chino-portuguesa del pueblo antiguo de Phuket, por lo que vale la pena visitarlo para explorar la historia viva. El pueblo antiguo se encuentra en medio de cinco calles estrechas maravillosamente restauradas donde ver\u00e1s una gran cantidad de templos (chinos y budistas), hermosas tienditas, peque\u00f1as imprentas y un barrio rojo que alguna vez fue infame. El pueblo antiguo se cre\u00f3 durante el auge de las minas de esta\u00f1o de principios de siglo y las antiguas mansiones coloniales de los ricos barones del esta\u00f1o est\u00e1n a la espera de ser descubiertas. La ciudad en s\u00ed no es tan grande, por lo que puedes caminar f\u00e1cilmente en lugar de tomar cualquier transporte. El embellecimiento del n\u00facleo hist\u00f3rico ha significado la apertura de un gran n\u00famero de pintorescos caf\u00e9s y cafeter\u00edas. El pueblo antiguo fue galardonado con la Ciudad de la Gastronom\u00eda de la UNESCO, por lo que tiene una gran selecci\u00f3n de restaurantes para detenerse a degustar la aut\u00e9ntica cocina de Phuket.<\/p>\n","protected":false},"excerpt":{"rendered":"<p>El dise\u00f1o de nuestro complejo est\u00e1 inspirado en la arquitectura chino-portuguesa del pueblo antiguo de Phuket, por lo que vale la pena visitarlo para explorar la historia viva. El pueblo antiguo se encuentra en medio de cinco calles estrechas maravillosamente restauradas donde ver\u00e1s una gran cantidad de templos (chinos y budistas), hermosas tienditas, peque\u00f1as imprentas [&hellip;]<\/p>\n","protected":false},"author":55,"featured_media":0,"parent":1222,"menu_order":3,"comment_status":"closed","ping_status":"closed","template":"","meta":{"footnotes":""},"categories":[],"class_list":["post-1225","page","type-page","status-publish","hentry"],"acf":[],"yoast_head":"<!-- This site is optimized with the Yoast SEO plugin v26.9 - https:\/\/yoast.com\/product\/yoast-seo-wordpress\/ -->\n<title>Explora el hist\u00f3rico pueblo antiguo de Phuket - Avista Grande Phuket Karon - Mgallery<\/title>\n<meta name=\"robots\" content=\"index, follow, max-snippet:-1, max-image-preview:large, max-video-preview:-1\" \/>\n<link rel=\"canonical\" href=\"https:\/\/www.avistagrandephuketresort.com\/es\/top-things-to-do-in-phuket\/explore-historic-old-phuket-town\/\" \/>\n<meta property=\"og:locale\" content=\"es_ES\" \/>\n<meta property=\"og:type\" content=\"article\" \/>\n<meta property=\"og:title\" content=\"Explora el hist\u00f3rico pueblo antiguo de Phuket - Avista Grande Phuket Karon - Mgallery\" \/>\n<meta property=\"og:description\" content=\"El dise\u00f1o de nuestro complejo est\u00e1 inspirado en la arquitectura chino-portuguesa del pueblo antiguo de Phuket, por lo que vale la pena visitarlo para explorar la historia viva. El pueblo antiguo se encuentra en medio de cinco calles estrechas maravillosamente restauradas donde ver\u00e1s una gran cantidad de templos (chinos y budistas), hermosas tienditas, peque\u00f1as imprentas [&hellip;]\" \/>\n<meta property=\"og:url\" content=\"https:\/\/www.avistagrandephuketresort.com\/es\/top-things-to-do-in-phuket\/explore-historic-old-phuket-town\/\" \/>\n<meta property=\"og:site_name\" content=\"Avista Grande Phuket Karon - Mgallery\" \/>\n<meta property=\"article:modified_time\" content=\"2023-10-05T07:42:10+00:00\" \/>\n<meta name=\"twitter:card\" content=\"summary_large_image\" \/>\n<meta name=\"twitter:label1\" content=\"Tiempo de lectura\" \/>\n\t<meta name=\"twitter:data1\" content=\"1 minuto\" \/>\n<script type=\"application\/ld+json\" class=\"yoast-schema-graph\">{\"@context\":\"https:\/\/schema.org\",\"@graph\":[{\"@type\":\"WebPage\",\"@id\":\"https:\/\/www.avistagrandephuketresort.com\/es\/top-things-to-do-in-phuket\/explore-historic-old-phuket-town\/\",\"url\":\"https:\/\/www.avistagrandephuketresort.com\/es\/top-things-to-do-in-phuket\/explore-historic-old-phuket-town\/\",\"name\":\"Explora el hist\u00f3rico pueblo antiguo de Phuket - Avista Grande Phuket Karon - Mgallery\",\"isPartOf\":{\"@id\":\"https:\/\/www.avistagrandephuketresort.com\/#website\"},\"datePublished\":\"2023-07-31T01:11:30+00:00\",\"dateModified\":\"2023-10-05T07:42:10+00:00\",\"breadcrumb\":{\"@id\":\"https:\/\/www.avistagrandephuketresort.com\/es\/top-things-to-do-in-phuket\/explore-historic-old-phuket-town\/#breadcrumb\"},\"inLanguage\":\"es\",\"potentialAction\":[{\"@type\":\"ReadAction\",\"target\":[\"https:\/\/www.avistagrandephuketresort.com\/es\/top-things-to-do-in-phuket\/explore-historic-old-phuket-town\/\"]}]},{\"@type\":\"BreadcrumbList\",\"@id\":\"https:\/\/www.avistagrandephuketresort.com\/es\/top-things-to-do-in-phuket\/explore-historic-old-phuket-town\/#breadcrumb\",\"itemListElement\":[{\"@type\":\"ListItem\",\"position\":1,\"name\":\"Home\",\"item\":\"https:\/\/www.avistagrandephuketresort.com\/es\/\"},{\"@type\":\"ListItem\",\"position\":2,\"name\":\"Las mejores cosas que hacer en Phuket\",\"item\":\"https:\/\/www.avistagrandephuketresort.com\/es\/top-things-to-do-in-phuket\/\"},{\"@type\":\"ListItem\",\"position\":3,\"name\":\"Explora el hist\u00f3rico pueblo antiguo de Phuket\"}]},{\"@type\":\"WebSite\",\"@id\":\"https:\/\/www.avistagrandephuketresort.com\/#website\",\"url\":\"https:\/\/www.avistagrandephuketresort.com\/\",\"name\":\"Avista Grande Phuket Karon - Mgallery\",\"description\":\"\",\"potentialAction\":[{\"@type\":\"SearchAction\",\"target\":{\"@type\":\"EntryPoint\",\"urlTemplate\":\"https:\/\/www.avistagrandephuketresort.com\/?s={search_term_string}\"},\"query-input\":{\"@type\":\"PropertyValueSpecification\",\"valueRequired\":true,\"valueName\":\"search_term_string\"}}],\"inLanguage\":\"es\"}]}<\/script>\n<!-- \/ Yoast SEO plugin. -->","yoast_head_json":{"title":"Explora el hist\u00f3rico pueblo antiguo de Phuket - Avista Grande Phuket Karon - Mgallery","robots":{"index":"index","follow":"follow","max-snippet":"max-snippet:-1","max-image-preview":"max-image-preview:large","max-video-preview":"max-video-preview:-1"},"canonical":"https:\/\/www.avistagrandephuketresort.com\/es\/top-things-to-do-in-phuket\/explore-historic-old-phuket-town\/","og_locale":"es_ES","og_type":"article","og_title":"Explora el hist\u00f3rico pueblo antiguo de Phuket - Avista Grande Phuket Karon - Mgallery","og_description":"El dise\u00f1o de nuestro complejo est\u00e1 inspirado en la arquitectura chino-portuguesa del pueblo antiguo de Phuket, por lo que vale la pena visitarlo para explorar la historia viva. El pueblo antiguo se encuentra en medio de cinco calles estrechas maravillosamente restauradas donde ver\u00e1s una gran cantidad de templos (chinos y budistas), hermosas tienditas, peque\u00f1as imprentas [&hellip;]","og_url":"https:\/\/www.avistagrandephuketresort.com\/es\/top-things-to-do-in-phuket\/explore-historic-old-phuket-town\/","og_site_name":"Avista Grande Phuket Karon - Mgallery","article_modified_time":"2023-10-05T07:42:10+00:00","twitter_card":"summary_large_image","twitter_misc":{"Tiempo de lectura":"1 minuto"},"schema":{"@context":"https:\/\/schema.org","@graph":[{"@type":"WebPage","@id":"https:\/\/www.avistagrandephuketresort.com\/es\/top-things-to-do-in-phuket\/explore-historic-old-phuket-town\/","url":"https:\/\/www.avistagrandephuketresort.com\/es\/top-things-to-do-in-phuket\/explore-historic-old-phuket-town\/","name":"Explora el hist\u00f3rico pueblo antiguo de Phuket - Avista Grande Phuket Karon - Mgallery","isPartOf":{"@id":"https:\/\/www.avistagrandephuketresort.com\/#website"},"datePublished":"2023-07-31T01:11:30+00:00","dateModified":"2023-10-05T07:42:10+00:00","breadcrumb":{"@id":"https:\/\/www.avistagrandephuketresort.com\/es\/top-things-to-do-in-phuket\/explore-historic-old-phuket-town\/#breadcrumb"},"inLanguage":"es","potentialAction":[{"@type":"ReadAction","target":["https:\/\/www.avistagrandephuketresort.com\/es\/top-things-to-do-in-phuket\/explore-historic-old-phuket-town\/"]}]},{"@type":"BreadcrumbList","@id":"https:\/\/www.avistagrandephuketresort.com\/es\/top-things-to-do-in-phuket\/explore-historic-old-phuket-town\/#breadcrumb","itemListElement":[{"@type":"ListItem","position":1,"name":"Home","item":"https:\/\/www.avistagrandephuketresort.com\/es\/"},{"@type":"ListItem","position":2,"name":"Las mejores cosas que hacer en Phuket","item":"https:\/\/www.avistagrandephuketresort.com\/es\/top-things-to-do-in-phuket\/"},{"@type":"ListItem","position":3,"name":"Explora el hist\u00f3rico pueblo antiguo de Phuket"}]},{"@type":"WebSite","@id":"https:\/\/www.avistagrandephuketresort.com\/#website","url":"https:\/\/www.avistagrandephuketresort.com\/","name":"Avista Grande Phuket Karon - Mgallery","description":"","potentialAction":[{"@type":"SearchAction","target":{"@type":"EntryPoint","urlTemplate":"https:\/\/www.avistagrandephuketresort.com\/?s={search_term_string}"},"query-input":{"@type":"PropertyValueSpecification","valueRequired":true,"valueName":"search_term_string"}}],"inLanguage":"es"}]}},"_links":{"self":[{"href":"https:\/\/www.avistagrandephuketresort.com\/es\/wp-json\/wp\/v2\/pages\/1225","targetHints":{"allow":["GET"]}}],"collection":[{"href":"https:\/\/www.avistagrandephuketresort.com\/es\/wp-json\/wp\/v2\/pages"}],"about":[{"href":"https:\/\/www.avistagrandephuketresort.com\/es\/wp-json\/wp\/v2\/types\/page"}],"author":[{"embeddable":true,"href":"https:\/\/www.avistagrandephuketresort.com\/es\/wp-json\/wp\/v2\/users\/55"}],"replies":[{"embeddable":true,"href":"https:\/\/www.avistagrandephuketresort.com\/es\/wp-json\/wp\/v2\/comments?post=1225"}],"version-history":[{"count":0,"href":"https:\/\/www.avistagrandephuketresort.com\/es\/wp-json\/wp\/v2\/pages\/1225\/revisions"}],"up":[{"embeddable":true,"href":"https:\/\/www.avistagrandephuketresort.com\/es\/wp-json\/wp\/v2\/pages\/1222"}],"wp:attachment":[{"href":"https:\/\/www.avistagrandephuketresort.com\/es\/wp-json\/wp\/v2\/media?parent=1225"}],"wp:term":[{"taxonomy":"category","embeddable":true,"href":"https:\/\/www.avistagrandephuketresort.com\/es\/wp-json\/wp\/v2\/categories?post=1225"}],"curies":[{"name":"wp","href":"https:\/\/api.w.org\/{rel}","templated":true}]}}