{"id":1163,"date":"2023-07-25T04:33:57","date_gmt":"2023-07-25T04:33:57","guid":{"rendered":"https:\/\/www.avistagrandephuketresort.com\/?page_id=1163"},"modified":"2023-10-05T01:34:27","modified_gmt":"2023-10-05T01:34:27","slug":"avista-sea-view-2-bedroom-suite","status":"publish","type":"page","link":"https:\/\/www.avistagrandephuketresort.com\/es\/rooms-suites-karon-beach-hotel\/avista-sea-view-2-bedroom-suite\/","title":{"rendered":"AVISTA SUITE DE 2 DORMITORIOS CON VISTAS AL MAR"},"content":{"rendered":"<p style=\"text-align: center\">La preciada joya de la  <a href=\"https:\/\/www.avistagrandephuketresort.com\/es\/\">Avista Grande Phuket Karon<\/a>, la Avista Suite ofrece 105 metros cuadrados de pura excelencia. De hecho, el dise\u00f1o, esquema, comodidades, decoraci\u00f3n y consideraciones sofisticados de la suite Avista no tienen comparaci\u00f3n con ninguna <a href=\"https:\/\/www.avistagrandephuketresort.com\/es\/rooms-suites-karon-beach-hotel\/deluxe-suite-pool-access\/\">suite de lujo en Phuket<\/a>. . Moderna, elegante, opulenta y resplandeciente, esta suite ofrece una oportunidad \u00fanica para una estancia satisfactoria, enerzigante y memorable. Los muebles est\u00e1n inspirados en el estilo europeo moderno y de moda, mezclado con lo mejor que la tradici\u00f3n puede ofrecer. Las puertas corredizas japonesas separan el espacio habitable de los dormitorios. Esto te permite darte la combinaci\u00f3n perfecta de descanso y productividad. Adem\u00e1s, es perfecto para un empresario de \u00e9xito. Adem\u00e1s, esta suite seguramente deleitar\u00e1 los sentidos y proporcionar\u00e1 descanso, rejuvenecimiento y memorabilidad sin concesiones para una persona de los gustos m\u00e1s ilustres.<\/p>\n<p>&nbsp;<\/p>\n<p style=\"text-align: center\">\u00a1Benef\u00edciate de la mejor tarifa garantizada reservando directamente! Disfruta de un 10% de descuento adicional en tu estancia como <a href=\"https:\/\/secure.accor.com\/lien_externe.svlt?goto=self-enroll&amp;contextparam=A224\">miembro de Accor ALL<\/a>.<\/p>\n","protected":false},"excerpt":{"rendered":"<p>La preciada joya de la Avista Grande Phuket Karon, la Avista Suite ofrece 105 metros cuadrados de pura excelencia. De hecho, el dise\u00f1o, esquema, comodidades, decoraci\u00f3n y consideraciones sofisticados de la suite Avista no tienen comparaci\u00f3n con ninguna suite de lujo en Phuket. . Moderna, elegante, opulenta y resplandeciente, esta suite ofrece una oportunidad \u00fanica [&hellip;]<\/p>\n","protected":false},"author":55,"featured_media":0,"parent":1144,"menu_order":10,"comment_status":"closed","ping_status":"closed","template":"template-room.php","meta":{"footnotes":""},"categories":[79],"class_list":["post-1163","page","type-page","status-publish","hentry","category-suites-2"],"acf":[],"yoast_head":"<!-- This site is optimized with the Yoast SEO plugin v26.9 - https:\/\/yoast.com\/product\/yoast-seo-wordpress\/ -->\n<title>AVISTA SUITE DE 2 DORMITORIOS CON VISTAS AL MAR - Avista Grande Phuket Karon - Mgallery<\/title>\n<meta name=\"robots\" content=\"index, follow, max-snippet:-1, max-image-preview:large, max-video-preview:-1\" \/>\n<link rel=\"canonical\" href=\"https:\/\/www.avistagrandephuketresort.com\/es\/rooms-suites-karon-beach-hotel\/avista-sea-view-2-bedroom-suite\/\" \/>\n<meta property=\"og:locale\" content=\"es_ES\" \/>\n<meta property=\"og:type\" content=\"article\" \/>\n<meta property=\"og:title\" content=\"AVISTA SUITE DE 2 DORMITORIOS CON VISTAS AL MAR - Avista Grande Phuket Karon - Mgallery\" \/>\n<meta property=\"og:description\" content=\"La preciada joya de la Avista Grande Phuket Karon, la Avista Suite ofrece 105 metros cuadrados de pura excelencia. De hecho, el dise\u00f1o, esquema, comodidades, decoraci\u00f3n y consideraciones sofisticados de la suite Avista no tienen comparaci\u00f3n con ninguna suite de lujo en Phuket. . Moderna, elegante, opulenta y resplandeciente, esta suite ofrece una oportunidad \u00fanica [&hellip;]\" \/>\n<meta property=\"og:url\" content=\"https:\/\/www.avistagrandephuketresort.com\/es\/rooms-suites-karon-beach-hotel\/avista-sea-view-2-bedroom-suite\/\" \/>\n<meta property=\"og:site_name\" content=\"Avista Grande Phuket Karon - Mgallery\" \/>\n<meta property=\"article:modified_time\" content=\"2023-10-05T01:34:27+00:00\" \/>\n<meta name=\"twitter:card\" content=\"summary_large_image\" \/>\n<meta name=\"twitter:label1\" content=\"Tiempo de lectura\" \/>\n\t<meta name=\"twitter:data1\" content=\"1 minuto\" \/>\n<script type=\"application\/ld+json\" class=\"yoast-schema-graph\">{\"@context\":\"https:\/\/schema.org\",\"@graph\":[{\"@type\":\"WebPage\",\"@id\":\"https:\/\/www.avistagrandephuketresort.com\/es\/rooms-suites-karon-beach-hotel\/avista-sea-view-2-bedroom-suite\/\",\"url\":\"https:\/\/www.avistagrandephuketresort.com\/es\/rooms-suites-karon-beach-hotel\/avista-sea-view-2-bedroom-suite\/\",\"name\":\"AVISTA SUITE DE 2 DORMITORIOS CON VISTAS AL MAR - Avista Grande Phuket Karon - Mgallery\",\"isPartOf\":{\"@id\":\"https:\/\/www.avistagrandephuketresort.com\/#website\"},\"datePublished\":\"2023-07-25T04:33:57+00:00\",\"dateModified\":\"2023-10-05T01:34:27+00:00\",\"breadcrumb\":{\"@id\":\"https:\/\/www.avistagrandephuketresort.com\/es\/rooms-suites-karon-beach-hotel\/avista-sea-view-2-bedroom-suite\/#breadcrumb\"},\"inLanguage\":\"es\",\"potentialAction\":[{\"@type\":\"ReadAction\",\"target\":[\"https:\/\/www.avistagrandephuketresort.com\/es\/rooms-suites-karon-beach-hotel\/avista-sea-view-2-bedroom-suite\/\"]}]},{\"@type\":\"BreadcrumbList\",\"@id\":\"https:\/\/www.avistagrandephuketresort.com\/es\/rooms-suites-karon-beach-hotel\/avista-sea-view-2-bedroom-suite\/#breadcrumb\",\"itemListElement\":[{\"@type\":\"ListItem\",\"position\":1,\"name\":\"Home\",\"item\":\"https:\/\/www.avistagrandephuketresort.com\/es\/\"},{\"@type\":\"ListItem\",\"position\":2,\"name\":\"Habitaciones y suites\",\"item\":\"https:\/\/www.avistagrandephuketresort.com\/es\/rooms-suites-karon-beach-hotel\/\"},{\"@type\":\"ListItem\",\"position\":3,\"name\":\"AVISTA SUITE DE 2 DORMITORIOS CON VISTAS AL MAR\"}]},{\"@type\":\"WebSite\",\"@id\":\"https:\/\/www.avistagrandephuketresort.com\/#website\",\"url\":\"https:\/\/www.avistagrandephuketresort.com\/\",\"name\":\"Avista Grande Phuket Karon - Mgallery\",\"description\":\"\",\"potentialAction\":[{\"@type\":\"SearchAction\",\"target\":{\"@type\":\"EntryPoint\",\"urlTemplate\":\"https:\/\/www.avistagrandephuketresort.com\/?s={search_term_string}\"},\"query-input\":{\"@type\":\"PropertyValueSpecification\",\"valueRequired\":true,\"valueName\":\"search_term_string\"}}],\"inLanguage\":\"es\"}]}<\/script>\n<!-- \/ Yoast SEO plugin. -->","yoast_head_json":{"title":"AVISTA SUITE DE 2 DORMITORIOS CON VISTAS AL MAR - Avista Grande Phuket Karon - Mgallery","robots":{"index":"index","follow":"follow","max-snippet":"max-snippet:-1","max-image-preview":"max-image-preview:large","max-video-preview":"max-video-preview:-1"},"canonical":"https:\/\/www.avistagrandephuketresort.com\/es\/rooms-suites-karon-beach-hotel\/avista-sea-view-2-bedroom-suite\/","og_locale":"es_ES","og_type":"article","og_title":"AVISTA SUITE DE 2 DORMITORIOS CON VISTAS AL MAR - Avista Grande Phuket Karon - Mgallery","og_description":"La preciada joya de la Avista Grande Phuket Karon, la Avista Suite ofrece 105 metros cuadrados de pura excelencia. De hecho, el dise\u00f1o, esquema, comodidades, decoraci\u00f3n y consideraciones sofisticados de la suite Avista no tienen comparaci\u00f3n con ninguna suite de lujo en Phuket. . Moderna, elegante, opulenta y resplandeciente, esta suite ofrece una oportunidad \u00fanica [&hellip;]","og_url":"https:\/\/www.avistagrandephuketresort.com\/es\/rooms-suites-karon-beach-hotel\/avista-sea-view-2-bedroom-suite\/","og_site_name":"Avista Grande Phuket Karon - Mgallery","article_modified_time":"2023-10-05T01:34:27+00:00","twitter_card":"summary_large_image","twitter_misc":{"Tiempo de lectura":"1 minuto"},"schema":{"@context":"https:\/\/schema.org","@graph":[{"@type":"WebPage","@id":"https:\/\/www.avistagrandephuketresort.com\/es\/rooms-suites-karon-beach-hotel\/avista-sea-view-2-bedroom-suite\/","url":"https:\/\/www.avistagrandephuketresort.com\/es\/rooms-suites-karon-beach-hotel\/avista-sea-view-2-bedroom-suite\/","name":"AVISTA SUITE DE 2 DORMITORIOS CON VISTAS AL MAR - Avista Grande Phuket Karon - Mgallery","isPartOf":{"@id":"https:\/\/www.avistagrandephuketresort.com\/#website"},"datePublished":"2023-07-25T04:33:57+00:00","dateModified":"2023-10-05T01:34:27+00:00","breadcrumb":{"@id":"https:\/\/www.avistagrandephuketresort.com\/es\/rooms-suites-karon-beach-hotel\/avista-sea-view-2-bedroom-suite\/#breadcrumb"},"inLanguage":"es","potentialAction":[{"@type":"ReadAction","target":["https:\/\/www.avistagrandephuketresort.com\/es\/rooms-suites-karon-beach-hotel\/avista-sea-view-2-bedroom-suite\/"]}]},{"@type":"BreadcrumbList","@id":"https:\/\/www.avistagrandephuketresort.com\/es\/rooms-suites-karon-beach-hotel\/avista-sea-view-2-bedroom-suite\/#breadcrumb","itemListElement":[{"@type":"ListItem","position":1,"name":"Home","item":"https:\/\/www.avistagrandephuketresort.com\/es\/"},{"@type":"ListItem","position":2,"name":"Habitaciones y suites","item":"https:\/\/www.avistagrandephuketresort.com\/es\/rooms-suites-karon-beach-hotel\/"},{"@type":"ListItem","position":3,"name":"AVISTA SUITE DE 2 DORMITORIOS CON VISTAS AL MAR"}]},{"@type":"WebSite","@id":"https:\/\/www.avistagrandephuketresort.com\/#website","url":"https:\/\/www.avistagrandephuketresort.com\/","name":"Avista Grande Phuket Karon - Mgallery","description":"","potentialAction":[{"@type":"SearchAction","target":{"@type":"EntryPoint","urlTemplate":"https:\/\/www.avistagrandephuketresort.com\/?s={search_term_string}"},"query-input":{"@type":"PropertyValueSpecification","valueRequired":true,"valueName":"search_term_string"}}],"inLanguage":"es"}]}},"_links":{"self":[{"href":"https:\/\/www.avistagrandephuketresort.com\/es\/wp-json\/wp\/v2\/pages\/1163","targetHints":{"allow":["GET"]}}],"collection":[{"href":"https:\/\/www.avistagrandephuketresort.com\/es\/wp-json\/wp\/v2\/pages"}],"about":[{"href":"https:\/\/www.avistagrandephuketresort.com\/es\/wp-json\/wp\/v2\/types\/page"}],"author":[{"embeddable":true,"href":"https:\/\/www.avistagrandephuketresort.com\/es\/wp-json\/wp\/v2\/users\/55"}],"replies":[{"embeddable":true,"href":"https:\/\/www.avistagrandephuketresort.com\/es\/wp-json\/wp\/v2\/comments?post=1163"}],"version-history":[{"count":0,"href":"https:\/\/www.avistagrandephuketresort.com\/es\/wp-json\/wp\/v2\/pages\/1163\/revisions"}],"up":[{"embeddable":true,"href":"https:\/\/www.avistagrandephuketresort.com\/es\/wp-json\/wp\/v2\/pages\/1144"}],"wp:attachment":[{"href":"https:\/\/www.avistagrandephuketresort.com\/es\/wp-json\/wp\/v2\/media?parent=1163"}],"wp:term":[{"taxonomy":"category","embeddable":true,"href":"https:\/\/www.avistagrandephuketresort.com\/es\/wp-json\/wp\/v2\/categories?post=1163"}],"curies":[{"name":"wp","href":"https:\/\/api.w.org\/{rel}","templated":true}]}}