{"id":1162,"date":"2023-07-25T04:06:41","date_gmt":"2023-07-25T04:06:41","guid":{"rendered":"https:\/\/www.avistagrandephuketresort.com\/?page_id=1162"},"modified":"2023-10-05T01:25:09","modified_gmt":"2023-10-05T01:25:09","slug":"deluxe-suite-with-whirlpool-bath-mountain-view","status":"publish","type":"page","link":"https:\/\/www.avistagrandephuketresort.com\/es\/rooms-suites-karon-beach-hotel\/deluxe-suite-with-whirlpool-bath-mountain-view\/","title":{"rendered":"SUITE DELUXE CON BA\u00d1ERA DE HIDROMASAJE Y VISTAS A LA MONTA\u00d1A"},"content":{"rendered":"<p style=\"text-align: center\">Con m\u00e1s de 65 metros cuadrados de pura clase, la suite Deluxe con ba\u00f1era de hidromasaje y vistas a la monta\u00f1a en <a href=\"https:\/\/www.avistagrandephuketresort.com\/es\/\">Avista Grande Phuket Karon<\/a>ofrece lo mejor en comodidades modernas y confort atemporal. Su balc\u00f3n privado te invita a disfrutar de las vistas y fragancias m\u00e1gicas. Observa el reino de la exuberante vegetaci\u00f3n tropical que envuelve el resort en un aura relajante de tranquilidad ex\u00f3tica. Ofreciendo una experiencia incomparable de relajaci\u00f3n, lujo y vigorizaci\u00f3n, el jacuzzi est\u00e1 garantizado para aliviar cualquier estr\u00e9s al tiempo que proporciona una verdadera ola de positividad. Luego, despu\u00e9s de un largo y satisfactorio d\u00eda, la cama tama\u00f1o king te invitar\u00e1 a un enclave de confort para un descanso dulce y lleno de sue\u00f1os. Vive una experiencia inolvidable e inigualable tanto en relajaci\u00f3n como en rejuvenecimiento. De hecho, la suite con jacuzzi es una opci\u00f3n ideal para los viajeros que buscan ese nivel adicional de calidad y atenci\u00f3n en las<a href=\"https:\/\/www.avistagrandephuketresort.com\/es\/rooms-suites-karon-beach-hotel\/\">habitaciones y suites<\/a>\u00a0de Phuket.<\/p>\n<p style=\"text-align: center\">\u00a1Benef\u00edciate de la mejor tarifa garantizada reservando directamente! Disfruta de un 10% de descuento adicional en tu estancia como <a href=\"https:\/\/secure.accor.com\/lien_externe.svlt?goto=self-enroll&amp;contextparam=A224\">miembro de Accor ALL<\/a>.<\/p>\n","protected":false},"excerpt":{"rendered":"<p>Con m\u00e1s de 65 metros cuadrados de pura clase, la suite Deluxe con ba\u00f1era de hidromasaje y vistas a la monta\u00f1a en Avista Grande Phuket Karonofrece lo mejor en comodidades modernas y confort atemporal. Su balc\u00f3n privado te invita a disfrutar de las vistas y fragancias m\u00e1gicas. Observa el reino de la exuberante vegetaci\u00f3n tropical [&hellip;]<\/p>\n","protected":false},"author":55,"featured_media":0,"parent":1144,"menu_order":8,"comment_status":"closed","ping_status":"closed","template":"template-room.php","meta":{"footnotes":""},"categories":[79],"class_list":["post-1162","page","type-page","status-publish","hentry","category-suites-2"],"acf":[],"yoast_head":"<!-- This site is optimized with the Yoast SEO plugin v26.9 - https:\/\/yoast.com\/product\/yoast-seo-wordpress\/ -->\n<title>SUITE DELUXE CON BA\u00d1ERA DE HIDROMASAJE Y VISTAS A LA MONTA\u00d1A - Avista Grande Phuket Karon - Mgallery<\/title>\n<meta name=\"robots\" content=\"index, follow, max-snippet:-1, max-image-preview:large, max-video-preview:-1\" \/>\n<link rel=\"canonical\" href=\"https:\/\/www.avistagrandephuketresort.com\/es\/rooms-suites-karon-beach-hotel\/deluxe-suite-with-whirlpool-bath-mountain-view\/\" \/>\n<meta property=\"og:locale\" content=\"es_ES\" \/>\n<meta property=\"og:type\" content=\"article\" \/>\n<meta property=\"og:title\" content=\"SUITE DELUXE CON BA\u00d1ERA DE HIDROMASAJE Y VISTAS A LA MONTA\u00d1A - Avista Grande Phuket Karon - Mgallery\" \/>\n<meta property=\"og:description\" content=\"Con m\u00e1s de 65 metros cuadrados de pura clase, la suite Deluxe con ba\u00f1era de hidromasaje y vistas a la monta\u00f1a en Avista Grande Phuket Karonofrece lo mejor en comodidades modernas y confort atemporal. Su balc\u00f3n privado te invita a disfrutar de las vistas y fragancias m\u00e1gicas. Observa el reino de la exuberante vegetaci\u00f3n tropical [&hellip;]\" \/>\n<meta property=\"og:url\" content=\"https:\/\/www.avistagrandephuketresort.com\/es\/rooms-suites-karon-beach-hotel\/deluxe-suite-with-whirlpool-bath-mountain-view\/\" \/>\n<meta property=\"og:site_name\" content=\"Avista Grande Phuket Karon - Mgallery\" \/>\n<meta property=\"article:modified_time\" content=\"2023-10-05T01:25:09+00:00\" \/>\n<meta name=\"twitter:card\" content=\"summary_large_image\" \/>\n<meta name=\"twitter:label1\" content=\"Tiempo de lectura\" \/>\n\t<meta name=\"twitter:data1\" content=\"1 minuto\" \/>\n<script type=\"application\/ld+json\" class=\"yoast-schema-graph\">{\"@context\":\"https:\/\/schema.org\",\"@graph\":[{\"@type\":\"WebPage\",\"@id\":\"https:\/\/www.avistagrandephuketresort.com\/es\/rooms-suites-karon-beach-hotel\/deluxe-suite-with-whirlpool-bath-mountain-view\/\",\"url\":\"https:\/\/www.avistagrandephuketresort.com\/es\/rooms-suites-karon-beach-hotel\/deluxe-suite-with-whirlpool-bath-mountain-view\/\",\"name\":\"SUITE DELUXE CON BA\u00d1ERA DE HIDROMASAJE Y VISTAS A LA MONTA\u00d1A - Avista Grande Phuket Karon - Mgallery\",\"isPartOf\":{\"@id\":\"https:\/\/www.avistagrandephuketresort.com\/#website\"},\"datePublished\":\"2023-07-25T04:06:41+00:00\",\"dateModified\":\"2023-10-05T01:25:09+00:00\",\"breadcrumb\":{\"@id\":\"https:\/\/www.avistagrandephuketresort.com\/es\/rooms-suites-karon-beach-hotel\/deluxe-suite-with-whirlpool-bath-mountain-view\/#breadcrumb\"},\"inLanguage\":\"es\",\"potentialAction\":[{\"@type\":\"ReadAction\",\"target\":[\"https:\/\/www.avistagrandephuketresort.com\/es\/rooms-suites-karon-beach-hotel\/deluxe-suite-with-whirlpool-bath-mountain-view\/\"]}]},{\"@type\":\"BreadcrumbList\",\"@id\":\"https:\/\/www.avistagrandephuketresort.com\/es\/rooms-suites-karon-beach-hotel\/deluxe-suite-with-whirlpool-bath-mountain-view\/#breadcrumb\",\"itemListElement\":[{\"@type\":\"ListItem\",\"position\":1,\"name\":\"Home\",\"item\":\"https:\/\/www.avistagrandephuketresort.com\/es\/\"},{\"@type\":\"ListItem\",\"position\":2,\"name\":\"Habitaciones y suites\",\"item\":\"https:\/\/www.avistagrandephuketresort.com\/es\/rooms-suites-karon-beach-hotel\/\"},{\"@type\":\"ListItem\",\"position\":3,\"name\":\"SUITE DELUXE CON BA\u00d1ERA DE HIDROMASAJE Y VISTAS A LA MONTA\u00d1A\"}]},{\"@type\":\"WebSite\",\"@id\":\"https:\/\/www.avistagrandephuketresort.com\/#website\",\"url\":\"https:\/\/www.avistagrandephuketresort.com\/\",\"name\":\"Avista Grande Phuket Karon - Mgallery\",\"description\":\"\",\"potentialAction\":[{\"@type\":\"SearchAction\",\"target\":{\"@type\":\"EntryPoint\",\"urlTemplate\":\"https:\/\/www.avistagrandephuketresort.com\/?s={search_term_string}\"},\"query-input\":{\"@type\":\"PropertyValueSpecification\",\"valueRequired\":true,\"valueName\":\"search_term_string\"}}],\"inLanguage\":\"es\"}]}<\/script>\n<!-- \/ Yoast SEO plugin. -->","yoast_head_json":{"title":"SUITE DELUXE CON BA\u00d1ERA DE HIDROMASAJE Y VISTAS A LA MONTA\u00d1A - Avista Grande Phuket Karon - Mgallery","robots":{"index":"index","follow":"follow","max-snippet":"max-snippet:-1","max-image-preview":"max-image-preview:large","max-video-preview":"max-video-preview:-1"},"canonical":"https:\/\/www.avistagrandephuketresort.com\/es\/rooms-suites-karon-beach-hotel\/deluxe-suite-with-whirlpool-bath-mountain-view\/","og_locale":"es_ES","og_type":"article","og_title":"SUITE DELUXE CON BA\u00d1ERA DE HIDROMASAJE Y VISTAS A LA MONTA\u00d1A - Avista Grande Phuket Karon - Mgallery","og_description":"Con m\u00e1s de 65 metros cuadrados de pura clase, la suite Deluxe con ba\u00f1era de hidromasaje y vistas a la monta\u00f1a en Avista Grande Phuket Karonofrece lo mejor en comodidades modernas y confort atemporal. Su balc\u00f3n privado te invita a disfrutar de las vistas y fragancias m\u00e1gicas. Observa el reino de la exuberante vegetaci\u00f3n tropical [&hellip;]","og_url":"https:\/\/www.avistagrandephuketresort.com\/es\/rooms-suites-karon-beach-hotel\/deluxe-suite-with-whirlpool-bath-mountain-view\/","og_site_name":"Avista Grande Phuket Karon - Mgallery","article_modified_time":"2023-10-05T01:25:09+00:00","twitter_card":"summary_large_image","twitter_misc":{"Tiempo de lectura":"1 minuto"},"schema":{"@context":"https:\/\/schema.org","@graph":[{"@type":"WebPage","@id":"https:\/\/www.avistagrandephuketresort.com\/es\/rooms-suites-karon-beach-hotel\/deluxe-suite-with-whirlpool-bath-mountain-view\/","url":"https:\/\/www.avistagrandephuketresort.com\/es\/rooms-suites-karon-beach-hotel\/deluxe-suite-with-whirlpool-bath-mountain-view\/","name":"SUITE DELUXE CON BA\u00d1ERA DE HIDROMASAJE Y VISTAS A LA MONTA\u00d1A - Avista Grande Phuket Karon - Mgallery","isPartOf":{"@id":"https:\/\/www.avistagrandephuketresort.com\/#website"},"datePublished":"2023-07-25T04:06:41+00:00","dateModified":"2023-10-05T01:25:09+00:00","breadcrumb":{"@id":"https:\/\/www.avistagrandephuketresort.com\/es\/rooms-suites-karon-beach-hotel\/deluxe-suite-with-whirlpool-bath-mountain-view\/#breadcrumb"},"inLanguage":"es","potentialAction":[{"@type":"ReadAction","target":["https:\/\/www.avistagrandephuketresort.com\/es\/rooms-suites-karon-beach-hotel\/deluxe-suite-with-whirlpool-bath-mountain-view\/"]}]},{"@type":"BreadcrumbList","@id":"https:\/\/www.avistagrandephuketresort.com\/es\/rooms-suites-karon-beach-hotel\/deluxe-suite-with-whirlpool-bath-mountain-view\/#breadcrumb","itemListElement":[{"@type":"ListItem","position":1,"name":"Home","item":"https:\/\/www.avistagrandephuketresort.com\/es\/"},{"@type":"ListItem","position":2,"name":"Habitaciones y suites","item":"https:\/\/www.avistagrandephuketresort.com\/es\/rooms-suites-karon-beach-hotel\/"},{"@type":"ListItem","position":3,"name":"SUITE DELUXE CON BA\u00d1ERA DE HIDROMASAJE Y VISTAS A LA MONTA\u00d1A"}]},{"@type":"WebSite","@id":"https:\/\/www.avistagrandephuketresort.com\/#website","url":"https:\/\/www.avistagrandephuketresort.com\/","name":"Avista Grande Phuket Karon - Mgallery","description":"","potentialAction":[{"@type":"SearchAction","target":{"@type":"EntryPoint","urlTemplate":"https:\/\/www.avistagrandephuketresort.com\/?s={search_term_string}"},"query-input":{"@type":"PropertyValueSpecification","valueRequired":true,"valueName":"search_term_string"}}],"inLanguage":"es"}]}},"_links":{"self":[{"href":"https:\/\/www.avistagrandephuketresort.com\/es\/wp-json\/wp\/v2\/pages\/1162","targetHints":{"allow":["GET"]}}],"collection":[{"href":"https:\/\/www.avistagrandephuketresort.com\/es\/wp-json\/wp\/v2\/pages"}],"about":[{"href":"https:\/\/www.avistagrandephuketresort.com\/es\/wp-json\/wp\/v2\/types\/page"}],"author":[{"embeddable":true,"href":"https:\/\/www.avistagrandephuketresort.com\/es\/wp-json\/wp\/v2\/users\/55"}],"replies":[{"embeddable":true,"href":"https:\/\/www.avistagrandephuketresort.com\/es\/wp-json\/wp\/v2\/comments?post=1162"}],"version-history":[{"count":0,"href":"https:\/\/www.avistagrandephuketresort.com\/es\/wp-json\/wp\/v2\/pages\/1162\/revisions"}],"up":[{"embeddable":true,"href":"https:\/\/www.avistagrandephuketresort.com\/es\/wp-json\/wp\/v2\/pages\/1144"}],"wp:attachment":[{"href":"https:\/\/www.avistagrandephuketresort.com\/es\/wp-json\/wp\/v2\/media?parent=1162"}],"wp:term":[{"taxonomy":"category","embeddable":true,"href":"https:\/\/www.avistagrandephuketresort.com\/es\/wp-json\/wp\/v2\/categories?post=1162"}],"curies":[{"name":"wp","href":"https:\/\/api.w.org\/{rel}","templated":true}]}}