{"id":1158,"date":"2023-07-25T03:39:22","date_gmt":"2023-07-25T03:39:22","guid":{"rendered":"https:\/\/www.avistagrandephuketresort.com\/?page_id=1158"},"modified":"2023-09-21T03:18:49","modified_gmt":"2023-09-21T03:18:49","slug":"premier-sea-view","status":"publish","type":"page","link":"https:\/\/www.avistagrandephuketresort.com\/es\/rooms-suites-karon-beach-hotel\/premier-sea-view\/","title":{"rendered":"HABITACI\u00d3N PREMIER CON VISTAS AL MAR"},"content":{"rendered":"<p style=\"text-align: center\">La habitaci\u00f3n Premier de <a href=\"https:\/\/www.avistagrandephuketresort.com\/es\/\">Avista Grande Phuket Karon<\/a> con vistas al mar y 1 cama tama\u00f1o king, cuenta con un balc\u00f3n con una deslumbrante vista panor\u00e1mica del resplandor. Admira las aguas color esmeralda del mar de Andam\u00e1n a trav\u00e9s de la pared de ventanas que conduce a tu propio balc\u00f3n privado. El dise\u00f1o y la decoraci\u00f3n combinan elementos chinos con elegantes muebles de estilo europeo. De hecho, las <a href=\"https:\/\/www.avistagrandephuketresort.com\/es\/rooms-suites-karon-beach-hotel\/\">habitaciones y suites<\/a> ofrecen una sensaci\u00f3n \u00fanica de ocio, comodidad y clase. L\u00edmpiate de los problemas del d\u00eda en la ducha de lluvia o sum\u00e9rgete en la opulencia de la ba\u00f1era independiente. Adem\u00e1s, con una disposici\u00f3n ingeniosa y un dise\u00f1o de buen gusto para lo m\u00e1ximo en clase y comodidad, no se puede perder la calidad eminente de esta sala.<\/p>\n<p>&nbsp;<\/p>\n<p style=\"text-align: center\">\u00a1Benef\u00edciate de la mejor tarifa garantizada reservando directamente! Disfruta de un 10% de descuento adicional en tu estancia como <a href=\"https:\/\/secure.accor.com\/lien_externe.svlt?goto=self-enroll&amp;contextparam=A224\">miembro de Accor ALL<\/a>.<\/p>\n","protected":false},"excerpt":{"rendered":"<p>La habitaci\u00f3n Premier de Avista Grande Phuket Karon con vistas al mar y 1 cama tama\u00f1o king, cuenta con un balc\u00f3n con una deslumbrante vista panor\u00e1mica del resplandor. Admira las aguas color esmeralda del mar de Andam\u00e1n a trav\u00e9s de la pared de ventanas que conduce a tu propio balc\u00f3n privado. El dise\u00f1o y la [&hellip;]<\/p>\n","protected":false},"author":55,"featured_media":0,"parent":1144,"menu_order":4,"comment_status":"closed","ping_status":"closed","template":"template-room.php","meta":{"footnotes":""},"categories":[78],"class_list":["post-1158","page","type-page","status-publish","hentry","category-habitaciones"],"acf":[],"yoast_head":"<!-- This site is optimized with the Yoast SEO plugin v26.9 - https:\/\/yoast.com\/product\/yoast-seo-wordpress\/ -->\n<title>HABITACI\u00d3N PREMIER CON VISTAS AL MAR - Avista Grande Phuket Karon - Mgallery<\/title>\n<meta name=\"robots\" content=\"index, follow, max-snippet:-1, max-image-preview:large, max-video-preview:-1\" \/>\n<link rel=\"canonical\" href=\"https:\/\/www.avistagrandephuketresort.com\/es\/rooms-suites-karon-beach-hotel\/premier-sea-view\/\" \/>\n<meta property=\"og:locale\" content=\"es_ES\" \/>\n<meta property=\"og:type\" content=\"article\" \/>\n<meta property=\"og:title\" content=\"HABITACI\u00d3N PREMIER CON VISTAS AL MAR - Avista Grande Phuket Karon - Mgallery\" \/>\n<meta property=\"og:description\" content=\"La habitaci\u00f3n Premier de Avista Grande Phuket Karon con vistas al mar y 1 cama tama\u00f1o king, cuenta con un balc\u00f3n con una deslumbrante vista panor\u00e1mica del resplandor. Admira las aguas color esmeralda del mar de Andam\u00e1n a trav\u00e9s de la pared de ventanas que conduce a tu propio balc\u00f3n privado. El dise\u00f1o y la [&hellip;]\" \/>\n<meta property=\"og:url\" content=\"https:\/\/www.avistagrandephuketresort.com\/es\/rooms-suites-karon-beach-hotel\/premier-sea-view\/\" \/>\n<meta property=\"og:site_name\" content=\"Avista Grande Phuket Karon - Mgallery\" \/>\n<meta property=\"article:modified_time\" content=\"2023-09-21T03:18:49+00:00\" \/>\n<meta name=\"twitter:card\" content=\"summary_large_image\" \/>\n<meta name=\"twitter:label1\" content=\"Tiempo de lectura\" \/>\n\t<meta name=\"twitter:data1\" content=\"1 minuto\" \/>\n<script type=\"application\/ld+json\" class=\"yoast-schema-graph\">{\"@context\":\"https:\/\/schema.org\",\"@graph\":[{\"@type\":\"WebPage\",\"@id\":\"https:\/\/www.avistagrandephuketresort.com\/es\/rooms-suites-karon-beach-hotel\/premier-sea-view\/\",\"url\":\"https:\/\/www.avistagrandephuketresort.com\/es\/rooms-suites-karon-beach-hotel\/premier-sea-view\/\",\"name\":\"HABITACI\u00d3N PREMIER CON VISTAS AL MAR - Avista Grande Phuket Karon - Mgallery\",\"isPartOf\":{\"@id\":\"https:\/\/www.avistagrandephuketresort.com\/#website\"},\"datePublished\":\"2023-07-25T03:39:22+00:00\",\"dateModified\":\"2023-09-21T03:18:49+00:00\",\"breadcrumb\":{\"@id\":\"https:\/\/www.avistagrandephuketresort.com\/es\/rooms-suites-karon-beach-hotel\/premier-sea-view\/#breadcrumb\"},\"inLanguage\":\"es\",\"potentialAction\":[{\"@type\":\"ReadAction\",\"target\":[\"https:\/\/www.avistagrandephuketresort.com\/es\/rooms-suites-karon-beach-hotel\/premier-sea-view\/\"]}]},{\"@type\":\"BreadcrumbList\",\"@id\":\"https:\/\/www.avistagrandephuketresort.com\/es\/rooms-suites-karon-beach-hotel\/premier-sea-view\/#breadcrumb\",\"itemListElement\":[{\"@type\":\"ListItem\",\"position\":1,\"name\":\"Home\",\"item\":\"https:\/\/www.avistagrandephuketresort.com\/es\/\"},{\"@type\":\"ListItem\",\"position\":2,\"name\":\"Habitaciones y suites\",\"item\":\"https:\/\/www.avistagrandephuketresort.com\/es\/rooms-suites-karon-beach-hotel\/\"},{\"@type\":\"ListItem\",\"position\":3,\"name\":\"HABITACI\u00d3N PREMIER CON VISTAS AL MAR\"}]},{\"@type\":\"WebSite\",\"@id\":\"https:\/\/www.avistagrandephuketresort.com\/#website\",\"url\":\"https:\/\/www.avistagrandephuketresort.com\/\",\"name\":\"Avista Grande Phuket Karon - Mgallery\",\"description\":\"\",\"potentialAction\":[{\"@type\":\"SearchAction\",\"target\":{\"@type\":\"EntryPoint\",\"urlTemplate\":\"https:\/\/www.avistagrandephuketresort.com\/?s={search_term_string}\"},\"query-input\":{\"@type\":\"PropertyValueSpecification\",\"valueRequired\":true,\"valueName\":\"search_term_string\"}}],\"inLanguage\":\"es\"}]}<\/script>\n<!-- \/ Yoast SEO plugin. -->","yoast_head_json":{"title":"HABITACI\u00d3N PREMIER CON VISTAS AL MAR - Avista Grande Phuket Karon - Mgallery","robots":{"index":"index","follow":"follow","max-snippet":"max-snippet:-1","max-image-preview":"max-image-preview:large","max-video-preview":"max-video-preview:-1"},"canonical":"https:\/\/www.avistagrandephuketresort.com\/es\/rooms-suites-karon-beach-hotel\/premier-sea-view\/","og_locale":"es_ES","og_type":"article","og_title":"HABITACI\u00d3N PREMIER CON VISTAS AL MAR - Avista Grande Phuket Karon - Mgallery","og_description":"La habitaci\u00f3n Premier de Avista Grande Phuket Karon con vistas al mar y 1 cama tama\u00f1o king, cuenta con un balc\u00f3n con una deslumbrante vista panor\u00e1mica del resplandor. Admira las aguas color esmeralda del mar de Andam\u00e1n a trav\u00e9s de la pared de ventanas que conduce a tu propio balc\u00f3n privado. El dise\u00f1o y la [&hellip;]","og_url":"https:\/\/www.avistagrandephuketresort.com\/es\/rooms-suites-karon-beach-hotel\/premier-sea-view\/","og_site_name":"Avista Grande Phuket Karon - Mgallery","article_modified_time":"2023-09-21T03:18:49+00:00","twitter_card":"summary_large_image","twitter_misc":{"Tiempo de lectura":"1 minuto"},"schema":{"@context":"https:\/\/schema.org","@graph":[{"@type":"WebPage","@id":"https:\/\/www.avistagrandephuketresort.com\/es\/rooms-suites-karon-beach-hotel\/premier-sea-view\/","url":"https:\/\/www.avistagrandephuketresort.com\/es\/rooms-suites-karon-beach-hotel\/premier-sea-view\/","name":"HABITACI\u00d3N PREMIER CON VISTAS AL MAR - Avista Grande Phuket Karon - Mgallery","isPartOf":{"@id":"https:\/\/www.avistagrandephuketresort.com\/#website"},"datePublished":"2023-07-25T03:39:22+00:00","dateModified":"2023-09-21T03:18:49+00:00","breadcrumb":{"@id":"https:\/\/www.avistagrandephuketresort.com\/es\/rooms-suites-karon-beach-hotel\/premier-sea-view\/#breadcrumb"},"inLanguage":"es","potentialAction":[{"@type":"ReadAction","target":["https:\/\/www.avistagrandephuketresort.com\/es\/rooms-suites-karon-beach-hotel\/premier-sea-view\/"]}]},{"@type":"BreadcrumbList","@id":"https:\/\/www.avistagrandephuketresort.com\/es\/rooms-suites-karon-beach-hotel\/premier-sea-view\/#breadcrumb","itemListElement":[{"@type":"ListItem","position":1,"name":"Home","item":"https:\/\/www.avistagrandephuketresort.com\/es\/"},{"@type":"ListItem","position":2,"name":"Habitaciones y suites","item":"https:\/\/www.avistagrandephuketresort.com\/es\/rooms-suites-karon-beach-hotel\/"},{"@type":"ListItem","position":3,"name":"HABITACI\u00d3N PREMIER CON VISTAS AL MAR"}]},{"@type":"WebSite","@id":"https:\/\/www.avistagrandephuketresort.com\/#website","url":"https:\/\/www.avistagrandephuketresort.com\/","name":"Avista Grande Phuket Karon - Mgallery","description":"","potentialAction":[{"@type":"SearchAction","target":{"@type":"EntryPoint","urlTemplate":"https:\/\/www.avistagrandephuketresort.com\/?s={search_term_string}"},"query-input":{"@type":"PropertyValueSpecification","valueRequired":true,"valueName":"search_term_string"}}],"inLanguage":"es"}]}},"_links":{"self":[{"href":"https:\/\/www.avistagrandephuketresort.com\/es\/wp-json\/wp\/v2\/pages\/1158","targetHints":{"allow":["GET"]}}],"collection":[{"href":"https:\/\/www.avistagrandephuketresort.com\/es\/wp-json\/wp\/v2\/pages"}],"about":[{"href":"https:\/\/www.avistagrandephuketresort.com\/es\/wp-json\/wp\/v2\/types\/page"}],"author":[{"embeddable":true,"href":"https:\/\/www.avistagrandephuketresort.com\/es\/wp-json\/wp\/v2\/users\/55"}],"replies":[{"embeddable":true,"href":"https:\/\/www.avistagrandephuketresort.com\/es\/wp-json\/wp\/v2\/comments?post=1158"}],"version-history":[{"count":0,"href":"https:\/\/www.avistagrandephuketresort.com\/es\/wp-json\/wp\/v2\/pages\/1158\/revisions"}],"up":[{"embeddable":true,"href":"https:\/\/www.avistagrandephuketresort.com\/es\/wp-json\/wp\/v2\/pages\/1144"}],"wp:attachment":[{"href":"https:\/\/www.avistagrandephuketresort.com\/es\/wp-json\/wp\/v2\/media?parent=1158"}],"wp:term":[{"taxonomy":"category","embeddable":true,"href":"https:\/\/www.avistagrandephuketresort.com\/es\/wp-json\/wp\/v2\/categories?post=1158"}],"curies":[{"name":"wp","href":"https:\/\/api.w.org\/{rel}","templated":true}]}}