{"id":1157,"date":"2023-07-25T02:58:57","date_gmt":"2023-07-25T02:58:57","guid":{"rendered":"https:\/\/www.avistagrandephuketresort.com\/?page_id=1157"},"modified":"2023-09-21T03:14:23","modified_gmt":"2023-09-21T03:14:23","slug":"deluxe-pool-view-room","status":"publish","type":"page","link":"https:\/\/www.avistagrandephuketresort.com\/es\/rooms-suites-karon-beach-hotel\/deluxe-pool-view-room\/","title":{"rendered":"HABITACI\u00d3N DELUXE CON VISTA A LA PISCINA"},"content":{"rendered":"<p>Nuestra habitaci\u00f3n Deluxe con vista a la piscina en <a href=\"https:\/\/www.avistagrandephuketresort.com\/es\">Avista Grande Phuket Karon<\/a> ofrece 53 metros cuadrados de tranquilidad, modernidad y clase. Comodidad tranquila que combina el estilo tradicional con la comodidad contempor\u00e1nea, esta habitaci\u00f3n tocar\u00e1 todos tus sentidos para una estancia inolvidable. Revital\u00edzate en la ducha de lluvia o rel\u00e1jate en la ba\u00f1era independiente. La cama tama\u00f1o king est\u00e1 adornada con ropa de cama de primera calidad y la habitaci\u00f3n ofrece vistas tranquilas a la piscina. Nuestra habitaci\u00f3n seguramente ofrecer\u00e1 una estad\u00eda superior en nuestras  <a href=\"https:\/\/www.avistagrandephuketresort.com\/es\/rooms-suites-karon-beach-hotel\/\">habitaciones y suites<\/a>en Phuket Karon.<br \/>\n&nbsp;<\/p>\n<p style=\"text-align: center\">\u00a1Benef\u00edciate de la mejor tarifa garantizada reservando directamente! Disfruta de un 10% de descuento adicional en tu estancia como <a href=\"https:\/\/secure.accor.com\/lien_externe.svlt?goto=self-enroll&amp;contextparam=A224\">miembro de Accor ALL<\/a>.<\/p>\n","protected":false},"excerpt":{"rendered":"<p>Nuestra habitaci\u00f3n Deluxe con vista a la piscina en Avista Grande Phuket Karon ofrece 53 metros cuadrados de tranquilidad, modernidad y clase. Comodidad tranquila que combina el estilo tradicional con la comodidad contempor\u00e1nea, esta habitaci\u00f3n tocar\u00e1 todos tus sentidos para una estancia inolvidable. Revital\u00edzate en la ducha de lluvia o rel\u00e1jate en la ba\u00f1era independiente. [&hellip;]<\/p>\n","protected":false},"author":55,"featured_media":0,"parent":1144,"menu_order":3,"comment_status":"closed","ping_status":"closed","template":"template-room.php","meta":{"footnotes":""},"categories":[78],"class_list":["post-1157","page","type-page","status-publish","hentry","category-habitaciones"],"acf":[],"yoast_head":"<!-- This site is optimized with the Yoast SEO plugin v26.9 - https:\/\/yoast.com\/product\/yoast-seo-wordpress\/ -->\n<title>HABITACI\u00d3N DELUXE CON VISTA A LA PISCINA - Avista Grande Phuket Karon - Mgallery<\/title>\n<meta name=\"robots\" content=\"index, follow, max-snippet:-1, max-image-preview:large, max-video-preview:-1\" \/>\n<link rel=\"canonical\" href=\"https:\/\/www.avistagrandephuketresort.com\/es\/rooms-suites-karon-beach-hotel\/deluxe-pool-view-room\/\" \/>\n<meta property=\"og:locale\" content=\"es_ES\" \/>\n<meta property=\"og:type\" content=\"article\" \/>\n<meta property=\"og:title\" content=\"HABITACI\u00d3N DELUXE CON VISTA A LA PISCINA - Avista Grande Phuket Karon - Mgallery\" \/>\n<meta property=\"og:description\" content=\"Nuestra habitaci\u00f3n Deluxe con vista a la piscina en Avista Grande Phuket Karon ofrece 53 metros cuadrados de tranquilidad, modernidad y clase. Comodidad tranquila que combina el estilo tradicional con la comodidad contempor\u00e1nea, esta habitaci\u00f3n tocar\u00e1 todos tus sentidos para una estancia inolvidable. Revital\u00edzate en la ducha de lluvia o rel\u00e1jate en la ba\u00f1era independiente. [&hellip;]\" \/>\n<meta property=\"og:url\" content=\"https:\/\/www.avistagrandephuketresort.com\/es\/rooms-suites-karon-beach-hotel\/deluxe-pool-view-room\/\" \/>\n<meta property=\"og:site_name\" content=\"Avista Grande Phuket Karon - Mgallery\" \/>\n<meta property=\"article:modified_time\" content=\"2023-09-21T03:14:23+00:00\" \/>\n<meta name=\"twitter:card\" content=\"summary_large_image\" \/>\n<meta name=\"twitter:label1\" content=\"Tiempo de lectura\" \/>\n\t<meta name=\"twitter:data1\" content=\"1 minuto\" \/>\n<script type=\"application\/ld+json\" class=\"yoast-schema-graph\">{\"@context\":\"https:\/\/schema.org\",\"@graph\":[{\"@type\":\"WebPage\",\"@id\":\"https:\/\/www.avistagrandephuketresort.com\/es\/rooms-suites-karon-beach-hotel\/deluxe-pool-view-room\/\",\"url\":\"https:\/\/www.avistagrandephuketresort.com\/es\/rooms-suites-karon-beach-hotel\/deluxe-pool-view-room\/\",\"name\":\"HABITACI\u00d3N DELUXE CON VISTA A LA PISCINA - Avista Grande Phuket Karon - Mgallery\",\"isPartOf\":{\"@id\":\"https:\/\/www.avistagrandephuketresort.com\/#website\"},\"datePublished\":\"2023-07-25T02:58:57+00:00\",\"dateModified\":\"2023-09-21T03:14:23+00:00\",\"breadcrumb\":{\"@id\":\"https:\/\/www.avistagrandephuketresort.com\/es\/rooms-suites-karon-beach-hotel\/deluxe-pool-view-room\/#breadcrumb\"},\"inLanguage\":\"es\",\"potentialAction\":[{\"@type\":\"ReadAction\",\"target\":[\"https:\/\/www.avistagrandephuketresort.com\/es\/rooms-suites-karon-beach-hotel\/deluxe-pool-view-room\/\"]}]},{\"@type\":\"BreadcrumbList\",\"@id\":\"https:\/\/www.avistagrandephuketresort.com\/es\/rooms-suites-karon-beach-hotel\/deluxe-pool-view-room\/#breadcrumb\",\"itemListElement\":[{\"@type\":\"ListItem\",\"position\":1,\"name\":\"Home\",\"item\":\"https:\/\/www.avistagrandephuketresort.com\/es\/\"},{\"@type\":\"ListItem\",\"position\":2,\"name\":\"Habitaciones y suites\",\"item\":\"https:\/\/www.avistagrandephuketresort.com\/es\/rooms-suites-karon-beach-hotel\/\"},{\"@type\":\"ListItem\",\"position\":3,\"name\":\"HABITACI\u00d3N DELUXE CON VISTA A LA PISCINA\"}]},{\"@type\":\"WebSite\",\"@id\":\"https:\/\/www.avistagrandephuketresort.com\/#website\",\"url\":\"https:\/\/www.avistagrandephuketresort.com\/\",\"name\":\"Avista Grande Phuket Karon - Mgallery\",\"description\":\"\",\"potentialAction\":[{\"@type\":\"SearchAction\",\"target\":{\"@type\":\"EntryPoint\",\"urlTemplate\":\"https:\/\/www.avistagrandephuketresort.com\/?s={search_term_string}\"},\"query-input\":{\"@type\":\"PropertyValueSpecification\",\"valueRequired\":true,\"valueName\":\"search_term_string\"}}],\"inLanguage\":\"es\"}]}<\/script>\n<!-- \/ Yoast SEO plugin. -->","yoast_head_json":{"title":"HABITACI\u00d3N DELUXE CON VISTA A LA PISCINA - Avista Grande Phuket Karon - Mgallery","robots":{"index":"index","follow":"follow","max-snippet":"max-snippet:-1","max-image-preview":"max-image-preview:large","max-video-preview":"max-video-preview:-1"},"canonical":"https:\/\/www.avistagrandephuketresort.com\/es\/rooms-suites-karon-beach-hotel\/deluxe-pool-view-room\/","og_locale":"es_ES","og_type":"article","og_title":"HABITACI\u00d3N DELUXE CON VISTA A LA PISCINA - Avista Grande Phuket Karon - Mgallery","og_description":"Nuestra habitaci\u00f3n Deluxe con vista a la piscina en Avista Grande Phuket Karon ofrece 53 metros cuadrados de tranquilidad, modernidad y clase. Comodidad tranquila que combina el estilo tradicional con la comodidad contempor\u00e1nea, esta habitaci\u00f3n tocar\u00e1 todos tus sentidos para una estancia inolvidable. Revital\u00edzate en la ducha de lluvia o rel\u00e1jate en la ba\u00f1era independiente. [&hellip;]","og_url":"https:\/\/www.avistagrandephuketresort.com\/es\/rooms-suites-karon-beach-hotel\/deluxe-pool-view-room\/","og_site_name":"Avista Grande Phuket Karon - Mgallery","article_modified_time":"2023-09-21T03:14:23+00:00","twitter_card":"summary_large_image","twitter_misc":{"Tiempo de lectura":"1 minuto"},"schema":{"@context":"https:\/\/schema.org","@graph":[{"@type":"WebPage","@id":"https:\/\/www.avistagrandephuketresort.com\/es\/rooms-suites-karon-beach-hotel\/deluxe-pool-view-room\/","url":"https:\/\/www.avistagrandephuketresort.com\/es\/rooms-suites-karon-beach-hotel\/deluxe-pool-view-room\/","name":"HABITACI\u00d3N DELUXE CON VISTA A LA PISCINA - Avista Grande Phuket Karon - Mgallery","isPartOf":{"@id":"https:\/\/www.avistagrandephuketresort.com\/#website"},"datePublished":"2023-07-25T02:58:57+00:00","dateModified":"2023-09-21T03:14:23+00:00","breadcrumb":{"@id":"https:\/\/www.avistagrandephuketresort.com\/es\/rooms-suites-karon-beach-hotel\/deluxe-pool-view-room\/#breadcrumb"},"inLanguage":"es","potentialAction":[{"@type":"ReadAction","target":["https:\/\/www.avistagrandephuketresort.com\/es\/rooms-suites-karon-beach-hotel\/deluxe-pool-view-room\/"]}]},{"@type":"BreadcrumbList","@id":"https:\/\/www.avistagrandephuketresort.com\/es\/rooms-suites-karon-beach-hotel\/deluxe-pool-view-room\/#breadcrumb","itemListElement":[{"@type":"ListItem","position":1,"name":"Home","item":"https:\/\/www.avistagrandephuketresort.com\/es\/"},{"@type":"ListItem","position":2,"name":"Habitaciones y suites","item":"https:\/\/www.avistagrandephuketresort.com\/es\/rooms-suites-karon-beach-hotel\/"},{"@type":"ListItem","position":3,"name":"HABITACI\u00d3N DELUXE CON VISTA A LA PISCINA"}]},{"@type":"WebSite","@id":"https:\/\/www.avistagrandephuketresort.com\/#website","url":"https:\/\/www.avistagrandephuketresort.com\/","name":"Avista Grande Phuket Karon - Mgallery","description":"","potentialAction":[{"@type":"SearchAction","target":{"@type":"EntryPoint","urlTemplate":"https:\/\/www.avistagrandephuketresort.com\/?s={search_term_string}"},"query-input":{"@type":"PropertyValueSpecification","valueRequired":true,"valueName":"search_term_string"}}],"inLanguage":"es"}]}},"_links":{"self":[{"href":"https:\/\/www.avistagrandephuketresort.com\/es\/wp-json\/wp\/v2\/pages\/1157","targetHints":{"allow":["GET"]}}],"collection":[{"href":"https:\/\/www.avistagrandephuketresort.com\/es\/wp-json\/wp\/v2\/pages"}],"about":[{"href":"https:\/\/www.avistagrandephuketresort.com\/es\/wp-json\/wp\/v2\/types\/page"}],"author":[{"embeddable":true,"href":"https:\/\/www.avistagrandephuketresort.com\/es\/wp-json\/wp\/v2\/users\/55"}],"replies":[{"embeddable":true,"href":"https:\/\/www.avistagrandephuketresort.com\/es\/wp-json\/wp\/v2\/comments?post=1157"}],"version-history":[{"count":0,"href":"https:\/\/www.avistagrandephuketresort.com\/es\/wp-json\/wp\/v2\/pages\/1157\/revisions"}],"up":[{"embeddable":true,"href":"https:\/\/www.avistagrandephuketresort.com\/es\/wp-json\/wp\/v2\/pages\/1144"}],"wp:attachment":[{"href":"https:\/\/www.avistagrandephuketresort.com\/es\/wp-json\/wp\/v2\/media?parent=1157"}],"wp:term":[{"taxonomy":"category","embeddable":true,"href":"https:\/\/www.avistagrandephuketresort.com\/es\/wp-json\/wp\/v2\/categories?post=1157"}],"curies":[{"name":"wp","href":"https:\/\/api.w.org\/{rel}","templated":true}]}}