{"id":1153,"date":"2023-07-25T09:02:09","date_gmt":"2023-07-25T09:02:09","guid":{"rendered":"https:\/\/www.avistagrandephuketresort.com\/?page_id=1153"},"modified":"2023-10-05T06:39:03","modified_gmt":"2023-10-05T06:39:03","slug":"the-dim-sun","status":"publish","type":"page","link":"https:\/\/www.avistagrandephuketresort.com\/es\/restaurants-bars\/the-dim-sun\/","title":{"rendered":"The Dim Sun"},"content":{"rendered":"<p style=\"text-align: center;\">Un atardecer resplandeciente puede debilitarte de rodillas con su belleza hipn\u00f3tica, y cuando se combina con nuestro bar en la azotea impecablemente curado, la experiencia nunca saldr\u00e1 de tu coraz\u00f3n. Nada supera la euforia de pasar un rato hermoso con tu ser querido en tu escapada de fin de semana en Phuket.<\/p>\n<p style=\"text-align: center;\">\u00a1Ve la puesta de sol en uno de los mejores rooftop <a href=\"https:\/\/www.avistagrandephuketresort.com\/es\/restaurants-bars\/lido\/\"> bares de Phuket<\/a>! Los colores del cielo durante la puesta del sol son un ejemplo de que la naturaleza es la mejor creadora de todas.<\/p>\n<p>&nbsp;<\/p>\n<p style=\"text-align: center;\">Si\u00e9ntate y rel\u00e1jate mientras disfrutas de creaciones de c\u00f3cteles en un ambiente chino-portugu\u00e9s en nuestro reci\u00e9n inaugurado bar en la azotea. La tranquilidad del ambiente, junto con el servicio cordial, la comida deliciosa y una bebida igualmente complementaria, es la combinaci\u00f3n ideal de una velada perfecta con tu ser querido. Mientras la frescura de la brisa se desliza suavemente por tus mejillas, seguramente te enamorar\u00e1s del lugar  <a href=\"https:\/\/www.avistagrandephuketresort.com\/es\/\">Avista Grande Phuket Karon<\/a>.<\/p>\n","protected":false},"excerpt":{"rendered":"<p>Un atardecer resplandeciente puede debilitarte de rodillas con su belleza hipn\u00f3tica, y cuando se combina con nuestro bar en la azotea impecablemente curado, la experiencia nunca saldr\u00e1 de tu coraz\u00f3n. Nada supera la euforia de pasar un rato hermoso con tu ser querido en tu escapada de fin de semana en Phuket. \u00a1Ve la puesta [&hellip;]<\/p>\n","protected":false},"author":55,"featured_media":0,"parent":1148,"menu_order":4,"comment_status":"closed","ping_status":"closed","template":"template-restaurant.php","meta":{"footnotes":""},"categories":[84],"class_list":["post-1153","page","type-page","status-publish","hentry","category-el-bar"],"acf":[],"yoast_head":"<!-- This site is optimized with the Yoast SEO plugin v26.9 - https:\/\/yoast.com\/product\/yoast-seo-wordpress\/ -->\n<title>The Dim Sun - Avista Grande Phuket Karon - Mgallery<\/title>\n<meta name=\"robots\" content=\"index, follow, max-snippet:-1, max-image-preview:large, max-video-preview:-1\" \/>\n<link rel=\"canonical\" href=\"https:\/\/www.avistagrandephuketresort.com\/es\/restaurants-bars\/the-dim-sun\/\" \/>\n<meta property=\"og:locale\" content=\"es_ES\" \/>\n<meta property=\"og:type\" content=\"article\" \/>\n<meta property=\"og:title\" content=\"The Dim Sun - Avista Grande Phuket Karon - Mgallery\" \/>\n<meta property=\"og:description\" content=\"Un atardecer resplandeciente puede debilitarte de rodillas con su belleza hipn\u00f3tica, y cuando se combina con nuestro bar en la azotea impecablemente curado, la experiencia nunca saldr\u00e1 de tu coraz\u00f3n. Nada supera la euforia de pasar un rato hermoso con tu ser querido en tu escapada de fin de semana en Phuket. \u00a1Ve la puesta [&hellip;]\" \/>\n<meta property=\"og:url\" content=\"https:\/\/www.avistagrandephuketresort.com\/es\/restaurants-bars\/the-dim-sun\/\" \/>\n<meta property=\"og:site_name\" content=\"Avista Grande Phuket Karon - Mgallery\" \/>\n<meta property=\"article:modified_time\" content=\"2023-10-05T06:39:03+00:00\" \/>\n<meta name=\"twitter:card\" content=\"summary_large_image\" \/>\n<meta name=\"twitter:label1\" content=\"Tiempo de lectura\" \/>\n\t<meta name=\"twitter:data1\" content=\"1 minuto\" \/>\n<script type=\"application\/ld+json\" class=\"yoast-schema-graph\">{\"@context\":\"https:\/\/schema.org\",\"@graph\":[{\"@type\":\"WebPage\",\"@id\":\"https:\/\/www.avistagrandephuketresort.com\/es\/restaurants-bars\/the-dim-sun\/\",\"url\":\"https:\/\/www.avistagrandephuketresort.com\/es\/restaurants-bars\/the-dim-sun\/\",\"name\":\"The Dim Sun - Avista Grande Phuket Karon - Mgallery\",\"isPartOf\":{\"@id\":\"https:\/\/www.avistagrandephuketresort.com\/#website\"},\"datePublished\":\"2023-07-25T09:02:09+00:00\",\"dateModified\":\"2023-10-05T06:39:03+00:00\",\"breadcrumb\":{\"@id\":\"https:\/\/www.avistagrandephuketresort.com\/es\/restaurants-bars\/the-dim-sun\/#breadcrumb\"},\"inLanguage\":\"es\",\"potentialAction\":[{\"@type\":\"ReadAction\",\"target\":[\"https:\/\/www.avistagrandephuketresort.com\/es\/restaurants-bars\/the-dim-sun\/\"]}]},{\"@type\":\"BreadcrumbList\",\"@id\":\"https:\/\/www.avistagrandephuketresort.com\/es\/restaurants-bars\/the-dim-sun\/#breadcrumb\",\"itemListElement\":[{\"@type\":\"ListItem\",\"position\":1,\"name\":\"Home\",\"item\":\"https:\/\/www.avistagrandephuketresort.com\/es\/\"},{\"@type\":\"ListItem\",\"position\":2,\"name\":\"Restaurantes y bares\",\"item\":\"https:\/\/www.avistagrandephuketresort.com\/es\/restaurants-bars\/\"},{\"@type\":\"ListItem\",\"position\":3,\"name\":\"The Dim Sun\"}]},{\"@type\":\"WebSite\",\"@id\":\"https:\/\/www.avistagrandephuketresort.com\/#website\",\"url\":\"https:\/\/www.avistagrandephuketresort.com\/\",\"name\":\"Avista Grande Phuket Karon - Mgallery\",\"description\":\"\",\"potentialAction\":[{\"@type\":\"SearchAction\",\"target\":{\"@type\":\"EntryPoint\",\"urlTemplate\":\"https:\/\/www.avistagrandephuketresort.com\/?s={search_term_string}\"},\"query-input\":{\"@type\":\"PropertyValueSpecification\",\"valueRequired\":true,\"valueName\":\"search_term_string\"}}],\"inLanguage\":\"es\"}]}<\/script>\n<!-- \/ Yoast SEO plugin. -->","yoast_head_json":{"title":"The Dim Sun - Avista Grande Phuket Karon - Mgallery","robots":{"index":"index","follow":"follow","max-snippet":"max-snippet:-1","max-image-preview":"max-image-preview:large","max-video-preview":"max-video-preview:-1"},"canonical":"https:\/\/www.avistagrandephuketresort.com\/es\/restaurants-bars\/the-dim-sun\/","og_locale":"es_ES","og_type":"article","og_title":"The Dim Sun - Avista Grande Phuket Karon - Mgallery","og_description":"Un atardecer resplandeciente puede debilitarte de rodillas con su belleza hipn\u00f3tica, y cuando se combina con nuestro bar en la azotea impecablemente curado, la experiencia nunca saldr\u00e1 de tu coraz\u00f3n. Nada supera la euforia de pasar un rato hermoso con tu ser querido en tu escapada de fin de semana en Phuket. \u00a1Ve la puesta [&hellip;]","og_url":"https:\/\/www.avistagrandephuketresort.com\/es\/restaurants-bars\/the-dim-sun\/","og_site_name":"Avista Grande Phuket Karon - Mgallery","article_modified_time":"2023-10-05T06:39:03+00:00","twitter_card":"summary_large_image","twitter_misc":{"Tiempo de lectura":"1 minuto"},"schema":{"@context":"https:\/\/schema.org","@graph":[{"@type":"WebPage","@id":"https:\/\/www.avistagrandephuketresort.com\/es\/restaurants-bars\/the-dim-sun\/","url":"https:\/\/www.avistagrandephuketresort.com\/es\/restaurants-bars\/the-dim-sun\/","name":"The Dim Sun - Avista Grande Phuket Karon - Mgallery","isPartOf":{"@id":"https:\/\/www.avistagrandephuketresort.com\/#website"},"datePublished":"2023-07-25T09:02:09+00:00","dateModified":"2023-10-05T06:39:03+00:00","breadcrumb":{"@id":"https:\/\/www.avistagrandephuketresort.com\/es\/restaurants-bars\/the-dim-sun\/#breadcrumb"},"inLanguage":"es","potentialAction":[{"@type":"ReadAction","target":["https:\/\/www.avistagrandephuketresort.com\/es\/restaurants-bars\/the-dim-sun\/"]}]},{"@type":"BreadcrumbList","@id":"https:\/\/www.avistagrandephuketresort.com\/es\/restaurants-bars\/the-dim-sun\/#breadcrumb","itemListElement":[{"@type":"ListItem","position":1,"name":"Home","item":"https:\/\/www.avistagrandephuketresort.com\/es\/"},{"@type":"ListItem","position":2,"name":"Restaurantes y bares","item":"https:\/\/www.avistagrandephuketresort.com\/es\/restaurants-bars\/"},{"@type":"ListItem","position":3,"name":"The Dim Sun"}]},{"@type":"WebSite","@id":"https:\/\/www.avistagrandephuketresort.com\/#website","url":"https:\/\/www.avistagrandephuketresort.com\/","name":"Avista Grande Phuket Karon - Mgallery","description":"","potentialAction":[{"@type":"SearchAction","target":{"@type":"EntryPoint","urlTemplate":"https:\/\/www.avistagrandephuketresort.com\/?s={search_term_string}"},"query-input":{"@type":"PropertyValueSpecification","valueRequired":true,"valueName":"search_term_string"}}],"inLanguage":"es"}]}},"_links":{"self":[{"href":"https:\/\/www.avistagrandephuketresort.com\/es\/wp-json\/wp\/v2\/pages\/1153","targetHints":{"allow":["GET"]}}],"collection":[{"href":"https:\/\/www.avistagrandephuketresort.com\/es\/wp-json\/wp\/v2\/pages"}],"about":[{"href":"https:\/\/www.avistagrandephuketresort.com\/es\/wp-json\/wp\/v2\/types\/page"}],"author":[{"embeddable":true,"href":"https:\/\/www.avistagrandephuketresort.com\/es\/wp-json\/wp\/v2\/users\/55"}],"replies":[{"embeddable":true,"href":"https:\/\/www.avistagrandephuketresort.com\/es\/wp-json\/wp\/v2\/comments?post=1153"}],"version-history":[{"count":0,"href":"https:\/\/www.avistagrandephuketresort.com\/es\/wp-json\/wp\/v2\/pages\/1153\/revisions"}],"up":[{"embeddable":true,"href":"https:\/\/www.avistagrandephuketresort.com\/es\/wp-json\/wp\/v2\/pages\/1148"}],"wp:attachment":[{"href":"https:\/\/www.avistagrandephuketresort.com\/es\/wp-json\/wp\/v2\/media?parent=1153"}],"wp:term":[{"taxonomy":"category","embeddable":true,"href":"https:\/\/www.avistagrandephuketresort.com\/es\/wp-json\/wp\/v2\/categories?post=1153"}],"curies":[{"name":"wp","href":"https:\/\/api.w.org\/{rel}","templated":true}]}}