{"id":1152,"date":"2023-07-25T08:19:51","date_gmt":"2023-07-25T08:19:51","guid":{"rendered":"https:\/\/www.avistagrandephuketresort.com\/?page_id=1152"},"modified":"2023-10-05T06:28:25","modified_gmt":"2023-10-05T06:28:25","slug":"tearapy-lounge","status":"publish","type":"page","link":"https:\/\/www.avistagrandephuketresort.com\/es\/restaurants-bars\/tearapy-lounge\/","title":{"rendered":"Tearapy Lounge"},"content":{"rendered":"<p style=\"text-align: center;\">Si bien la exploraci\u00f3n de la isla ind\u00f3mita puede haberte atra\u00eddo a Phuket, siempre hay tiempo para una taza de t\u00e9 civilizada en un entorno sofisticado. Bienvenido a<strong> TEARAPY Lounge<\/strong>, nuestra biblioteca y sal\u00f3n de t\u00e9. Descubre las mezclas de t\u00e9, los rituales y las costumbres que forman parte integral de la cultura de Phuket. Disfruta de una taza de caf\u00e9 reci\u00e9n hecho con una sabrosa pasteler\u00eda. Dedicaremos tiempo a preparar la mejor selecci\u00f3n de t\u00e9 Monsoon artesanal amigable con el bosque del norte de Tailandia. Perm\u00edtete el lujo de perderte en un buen libro.<\/p>\n<p style=\"text-align: center;\">T\u00f3mate un merecido descanso en Tearapy Lounge con la exuberancia de nuestro cl\u00e1sico <strong>Grande High Tea<\/strong>. Inspirado en la cultura de la alta sociedad de la <strong>comunidad Peranakan<\/strong> del siglo XVIII. Te traemos nuestro <a href=\"https:\/\/www.avistagrandephuketresort.com\/es\/offers\/phuket-afternoon-tea\/\">t\u00e9 de la tarde estilo Phuket<\/a>.El hu\u00e9sped puede acostarse en el acogedor entorno de nuestro lujoso sill\u00f3n y disfrutar de una buena lectura junto a la biblioteca.<br \/>\nAunque m\u00e1s creamos ese momento memorable para que t\u00fa y tu ser querido compartan esas conversaciones especiales en un entorno tranquilo con delicias sabrosas.<\/p>\n","protected":false},"excerpt":{"rendered":"<p>Si bien la exploraci\u00f3n de la isla ind\u00f3mita puede haberte atra\u00eddo a Phuket, siempre hay tiempo para una taza de t\u00e9 civilizada en un entorno sofisticado. Bienvenido a TEARAPY Lounge, nuestra biblioteca y sal\u00f3n de t\u00e9. Descubre las mezclas de t\u00e9, los rituales y las costumbres que forman parte integral de la cultura de Phuket. [&hellip;]<\/p>\n","protected":false},"author":55,"featured_media":0,"parent":1148,"menu_order":3,"comment_status":"closed","ping_status":"closed","template":"template-restaurant.php","meta":{"footnotes":""},"categories":[85],"class_list":["post-1152","page","type-page","status-publish","hentry","category-the-lounge"],"acf":[],"yoast_head":"<!-- This site is optimized with the Yoast SEO plugin v26.9 - https:\/\/yoast.com\/product\/yoast-seo-wordpress\/ -->\n<title>Tearapy Lounge - Avista Grande Phuket Karon - Mgallery<\/title>\n<meta name=\"robots\" content=\"index, follow, max-snippet:-1, max-image-preview:large, max-video-preview:-1\" \/>\n<link rel=\"canonical\" href=\"https:\/\/www.avistagrandephuketresort.com\/es\/restaurants-bars\/tearapy-lounge\/\" \/>\n<meta property=\"og:locale\" content=\"es_ES\" \/>\n<meta property=\"og:type\" content=\"article\" \/>\n<meta property=\"og:title\" content=\"Tearapy Lounge - Avista Grande Phuket Karon - Mgallery\" \/>\n<meta property=\"og:description\" content=\"Si bien la exploraci\u00f3n de la isla ind\u00f3mita puede haberte atra\u00eddo a Phuket, siempre hay tiempo para una taza de t\u00e9 civilizada en un entorno sofisticado. Bienvenido a TEARAPY Lounge, nuestra biblioteca y sal\u00f3n de t\u00e9. Descubre las mezclas de t\u00e9, los rituales y las costumbres que forman parte integral de la cultura de Phuket. [&hellip;]\" \/>\n<meta property=\"og:url\" content=\"https:\/\/www.avistagrandephuketresort.com\/es\/restaurants-bars\/tearapy-lounge\/\" \/>\n<meta property=\"og:site_name\" content=\"Avista Grande Phuket Karon - Mgallery\" \/>\n<meta property=\"article:modified_time\" content=\"2023-10-05T06:28:25+00:00\" \/>\n<meta name=\"twitter:card\" content=\"summary_large_image\" \/>\n<meta name=\"twitter:label1\" content=\"Tiempo de lectura\" \/>\n\t<meta name=\"twitter:data1\" content=\"1 minuto\" \/>\n<script type=\"application\/ld+json\" class=\"yoast-schema-graph\">{\"@context\":\"https:\/\/schema.org\",\"@graph\":[{\"@type\":\"WebPage\",\"@id\":\"https:\/\/www.avistagrandephuketresort.com\/es\/restaurants-bars\/tearapy-lounge\/\",\"url\":\"https:\/\/www.avistagrandephuketresort.com\/es\/restaurants-bars\/tearapy-lounge\/\",\"name\":\"Tearapy Lounge - Avista Grande Phuket Karon - Mgallery\",\"isPartOf\":{\"@id\":\"https:\/\/www.avistagrandephuketresort.com\/#website\"},\"datePublished\":\"2023-07-25T08:19:51+00:00\",\"dateModified\":\"2023-10-05T06:28:25+00:00\",\"breadcrumb\":{\"@id\":\"https:\/\/www.avistagrandephuketresort.com\/es\/restaurants-bars\/tearapy-lounge\/#breadcrumb\"},\"inLanguage\":\"es\",\"potentialAction\":[{\"@type\":\"ReadAction\",\"target\":[\"https:\/\/www.avistagrandephuketresort.com\/es\/restaurants-bars\/tearapy-lounge\/\"]}]},{\"@type\":\"BreadcrumbList\",\"@id\":\"https:\/\/www.avistagrandephuketresort.com\/es\/restaurants-bars\/tearapy-lounge\/#breadcrumb\",\"itemListElement\":[{\"@type\":\"ListItem\",\"position\":1,\"name\":\"Home\",\"item\":\"https:\/\/www.avistagrandephuketresort.com\/es\/\"},{\"@type\":\"ListItem\",\"position\":2,\"name\":\"Restaurantes y bares\",\"item\":\"https:\/\/www.avistagrandephuketresort.com\/es\/restaurants-bars\/\"},{\"@type\":\"ListItem\",\"position\":3,\"name\":\"Tearapy Lounge\"}]},{\"@type\":\"WebSite\",\"@id\":\"https:\/\/www.avistagrandephuketresort.com\/#website\",\"url\":\"https:\/\/www.avistagrandephuketresort.com\/\",\"name\":\"Avista Grande Phuket Karon - Mgallery\",\"description\":\"\",\"potentialAction\":[{\"@type\":\"SearchAction\",\"target\":{\"@type\":\"EntryPoint\",\"urlTemplate\":\"https:\/\/www.avistagrandephuketresort.com\/?s={search_term_string}\"},\"query-input\":{\"@type\":\"PropertyValueSpecification\",\"valueRequired\":true,\"valueName\":\"search_term_string\"}}],\"inLanguage\":\"es\"}]}<\/script>\n<!-- \/ Yoast SEO plugin. -->","yoast_head_json":{"title":"Tearapy Lounge - Avista Grande Phuket Karon - Mgallery","robots":{"index":"index","follow":"follow","max-snippet":"max-snippet:-1","max-image-preview":"max-image-preview:large","max-video-preview":"max-video-preview:-1"},"canonical":"https:\/\/www.avistagrandephuketresort.com\/es\/restaurants-bars\/tearapy-lounge\/","og_locale":"es_ES","og_type":"article","og_title":"Tearapy Lounge - Avista Grande Phuket Karon - Mgallery","og_description":"Si bien la exploraci\u00f3n de la isla ind\u00f3mita puede haberte atra\u00eddo a Phuket, siempre hay tiempo para una taza de t\u00e9 civilizada en un entorno sofisticado. Bienvenido a TEARAPY Lounge, nuestra biblioteca y sal\u00f3n de t\u00e9. Descubre las mezclas de t\u00e9, los rituales y las costumbres que forman parte integral de la cultura de Phuket. [&hellip;]","og_url":"https:\/\/www.avistagrandephuketresort.com\/es\/restaurants-bars\/tearapy-lounge\/","og_site_name":"Avista Grande Phuket Karon - Mgallery","article_modified_time":"2023-10-05T06:28:25+00:00","twitter_card":"summary_large_image","twitter_misc":{"Tiempo de lectura":"1 minuto"},"schema":{"@context":"https:\/\/schema.org","@graph":[{"@type":"WebPage","@id":"https:\/\/www.avistagrandephuketresort.com\/es\/restaurants-bars\/tearapy-lounge\/","url":"https:\/\/www.avistagrandephuketresort.com\/es\/restaurants-bars\/tearapy-lounge\/","name":"Tearapy Lounge - Avista Grande Phuket Karon - Mgallery","isPartOf":{"@id":"https:\/\/www.avistagrandephuketresort.com\/#website"},"datePublished":"2023-07-25T08:19:51+00:00","dateModified":"2023-10-05T06:28:25+00:00","breadcrumb":{"@id":"https:\/\/www.avistagrandephuketresort.com\/es\/restaurants-bars\/tearapy-lounge\/#breadcrumb"},"inLanguage":"es","potentialAction":[{"@type":"ReadAction","target":["https:\/\/www.avistagrandephuketresort.com\/es\/restaurants-bars\/tearapy-lounge\/"]}]},{"@type":"BreadcrumbList","@id":"https:\/\/www.avistagrandephuketresort.com\/es\/restaurants-bars\/tearapy-lounge\/#breadcrumb","itemListElement":[{"@type":"ListItem","position":1,"name":"Home","item":"https:\/\/www.avistagrandephuketresort.com\/es\/"},{"@type":"ListItem","position":2,"name":"Restaurantes y bares","item":"https:\/\/www.avistagrandephuketresort.com\/es\/restaurants-bars\/"},{"@type":"ListItem","position":3,"name":"Tearapy Lounge"}]},{"@type":"WebSite","@id":"https:\/\/www.avistagrandephuketresort.com\/#website","url":"https:\/\/www.avistagrandephuketresort.com\/","name":"Avista Grande Phuket Karon - Mgallery","description":"","potentialAction":[{"@type":"SearchAction","target":{"@type":"EntryPoint","urlTemplate":"https:\/\/www.avistagrandephuketresort.com\/?s={search_term_string}"},"query-input":{"@type":"PropertyValueSpecification","valueRequired":true,"valueName":"search_term_string"}}],"inLanguage":"es"}]}},"_links":{"self":[{"href":"https:\/\/www.avistagrandephuketresort.com\/es\/wp-json\/wp\/v2\/pages\/1152","targetHints":{"allow":["GET"]}}],"collection":[{"href":"https:\/\/www.avistagrandephuketresort.com\/es\/wp-json\/wp\/v2\/pages"}],"about":[{"href":"https:\/\/www.avistagrandephuketresort.com\/es\/wp-json\/wp\/v2\/types\/page"}],"author":[{"embeddable":true,"href":"https:\/\/www.avistagrandephuketresort.com\/es\/wp-json\/wp\/v2\/users\/55"}],"replies":[{"embeddable":true,"href":"https:\/\/www.avistagrandephuketresort.com\/es\/wp-json\/wp\/v2\/comments?post=1152"}],"version-history":[{"count":0,"href":"https:\/\/www.avistagrandephuketresort.com\/es\/wp-json\/wp\/v2\/pages\/1152\/revisions"}],"up":[{"embeddable":true,"href":"https:\/\/www.avistagrandephuketresort.com\/es\/wp-json\/wp\/v2\/pages\/1148"}],"wp:attachment":[{"href":"https:\/\/www.avistagrandephuketresort.com\/es\/wp-json\/wp\/v2\/media?parent=1152"}],"wp:term":[{"taxonomy":"category","embeddable":true,"href":"https:\/\/www.avistagrandephuketresort.com\/es\/wp-json\/wp\/v2\/categories?post=1152"}],"curies":[{"name":"wp","href":"https:\/\/api.w.org\/{rel}","templated":true}]}}