{"id":1151,"date":"2023-07-25T07:53:43","date_gmt":"2023-07-25T07:53:43","guid":{"rendered":"https:\/\/www.avistagrandephuketresort.com\/?page_id=1151"},"modified":"2023-10-05T05:42:30","modified_gmt":"2023-10-05T05:42:30","slug":"lido","status":"publish","type":"page","link":"https:\/\/www.avistagrandephuketresort.com\/es\/restaurants-bars\/lido\/","title":{"rendered":"Lido Pool Bar"},"content":{"rendered":"<p style=\"text-align: center;\">Lido Pool Bar Derivado de la palabra italiana para playa, \u00abLido\u00bb significa un lugar para nadar al aire libre y sus alrededores.<br \/>\nNuestro <strong> bar junto a la piscina<\/strong> en <a href=\"https:\/\/www.avistagrandephuketresort.com\/es\/\">Avista Grande Phuket Karon<\/a>ofrece bebidas refinadas bajo un sol tropical.<br \/>\nDisfruta de una bebida exclusiva, como una caipiri\u00f1a: nuestros expertos mix\u00f3logos le dan un toque \u00fanico al dulce c\u00f3ctel brasile\u00f1o.<br \/>\nSi tienes un poco de hambre, puedes comer algo junto a la piscina con tentadoras tapas con influencias tailandesas, chinas y portuguesas.<\/p>\n","protected":false},"excerpt":{"rendered":"<p>Lido Pool Bar Derivado de la palabra italiana para playa, \u00abLido\u00bb significa un lugar para nadar al aire libre y sus alrededores. Nuestro bar junto a la piscina en Avista Grande Phuket Karonofrece bebidas refinadas bajo un sol tropical. Disfruta de una bebida exclusiva, como una caipiri\u00f1a: nuestros expertos mix\u00f3logos le dan un toque \u00fanico [&hellip;]<\/p>\n","protected":false},"author":55,"featured_media":0,"parent":1148,"menu_order":2,"comment_status":"closed","ping_status":"closed","template":"template-restaurant.php","meta":{"footnotes":""},"categories":[84],"class_list":["post-1151","page","type-page","status-publish","hentry","category-el-bar"],"acf":[],"yoast_head":"<!-- This site is optimized with the Yoast SEO plugin v26.9 - https:\/\/yoast.com\/product\/yoast-seo-wordpress\/ -->\n<title>Lido Pool Bar - Avista Grande Phuket Karon - Mgallery<\/title>\n<meta name=\"robots\" content=\"index, follow, max-snippet:-1, max-image-preview:large, max-video-preview:-1\" \/>\n<link rel=\"canonical\" href=\"https:\/\/www.avistagrandephuketresort.com\/es\/restaurants-bars\/lido\/\" \/>\n<meta property=\"og:locale\" content=\"es_ES\" \/>\n<meta property=\"og:type\" content=\"article\" \/>\n<meta property=\"og:title\" content=\"Lido Pool Bar - Avista Grande Phuket Karon - Mgallery\" \/>\n<meta property=\"og:description\" content=\"Lido Pool Bar Derivado de la palabra italiana para playa, \u00abLido\u00bb significa un lugar para nadar al aire libre y sus alrededores. Nuestro bar junto a la piscina en Avista Grande Phuket Karonofrece bebidas refinadas bajo un sol tropical. Disfruta de una bebida exclusiva, como una caipiri\u00f1a: nuestros expertos mix\u00f3logos le dan un toque \u00fanico [&hellip;]\" \/>\n<meta property=\"og:url\" content=\"https:\/\/www.avistagrandephuketresort.com\/es\/restaurants-bars\/lido\/\" \/>\n<meta property=\"og:site_name\" content=\"Avista Grande Phuket Karon - Mgallery\" \/>\n<meta property=\"article:modified_time\" content=\"2023-10-05T05:42:30+00:00\" \/>\n<meta name=\"twitter:card\" content=\"summary_large_image\" \/>\n<meta name=\"twitter:label1\" content=\"Tiempo de lectura\" \/>\n\t<meta name=\"twitter:data1\" content=\"1 minuto\" \/>\n<script type=\"application\/ld+json\" class=\"yoast-schema-graph\">{\"@context\":\"https:\/\/schema.org\",\"@graph\":[{\"@type\":\"WebPage\",\"@id\":\"https:\/\/www.avistagrandephuketresort.com\/es\/restaurants-bars\/lido\/\",\"url\":\"https:\/\/www.avistagrandephuketresort.com\/es\/restaurants-bars\/lido\/\",\"name\":\"Lido Pool Bar - Avista Grande Phuket Karon - Mgallery\",\"isPartOf\":{\"@id\":\"https:\/\/www.avistagrandephuketresort.com\/#website\"},\"datePublished\":\"2023-07-25T07:53:43+00:00\",\"dateModified\":\"2023-10-05T05:42:30+00:00\",\"breadcrumb\":{\"@id\":\"https:\/\/www.avistagrandephuketresort.com\/es\/restaurants-bars\/lido\/#breadcrumb\"},\"inLanguage\":\"es\",\"potentialAction\":[{\"@type\":\"ReadAction\",\"target\":[\"https:\/\/www.avistagrandephuketresort.com\/es\/restaurants-bars\/lido\/\"]}]},{\"@type\":\"BreadcrumbList\",\"@id\":\"https:\/\/www.avistagrandephuketresort.com\/es\/restaurants-bars\/lido\/#breadcrumb\",\"itemListElement\":[{\"@type\":\"ListItem\",\"position\":1,\"name\":\"Home\",\"item\":\"https:\/\/www.avistagrandephuketresort.com\/es\/\"},{\"@type\":\"ListItem\",\"position\":2,\"name\":\"Restaurantes y bares\",\"item\":\"https:\/\/www.avistagrandephuketresort.com\/es\/restaurants-bars\/\"},{\"@type\":\"ListItem\",\"position\":3,\"name\":\"Lido Pool Bar\"}]},{\"@type\":\"WebSite\",\"@id\":\"https:\/\/www.avistagrandephuketresort.com\/#website\",\"url\":\"https:\/\/www.avistagrandephuketresort.com\/\",\"name\":\"Avista Grande Phuket Karon - Mgallery\",\"description\":\"\",\"potentialAction\":[{\"@type\":\"SearchAction\",\"target\":{\"@type\":\"EntryPoint\",\"urlTemplate\":\"https:\/\/www.avistagrandephuketresort.com\/?s={search_term_string}\"},\"query-input\":{\"@type\":\"PropertyValueSpecification\",\"valueRequired\":true,\"valueName\":\"search_term_string\"}}],\"inLanguage\":\"es\"}]}<\/script>\n<!-- \/ Yoast SEO plugin. -->","yoast_head_json":{"title":"Lido Pool Bar - Avista Grande Phuket Karon - Mgallery","robots":{"index":"index","follow":"follow","max-snippet":"max-snippet:-1","max-image-preview":"max-image-preview:large","max-video-preview":"max-video-preview:-1"},"canonical":"https:\/\/www.avistagrandephuketresort.com\/es\/restaurants-bars\/lido\/","og_locale":"es_ES","og_type":"article","og_title":"Lido Pool Bar - Avista Grande Phuket Karon - Mgallery","og_description":"Lido Pool Bar Derivado de la palabra italiana para playa, \u00abLido\u00bb significa un lugar para nadar al aire libre y sus alrededores. Nuestro bar junto a la piscina en Avista Grande Phuket Karonofrece bebidas refinadas bajo un sol tropical. Disfruta de una bebida exclusiva, como una caipiri\u00f1a: nuestros expertos mix\u00f3logos le dan un toque \u00fanico [&hellip;]","og_url":"https:\/\/www.avistagrandephuketresort.com\/es\/restaurants-bars\/lido\/","og_site_name":"Avista Grande Phuket Karon - Mgallery","article_modified_time":"2023-10-05T05:42:30+00:00","twitter_card":"summary_large_image","twitter_misc":{"Tiempo de lectura":"1 minuto"},"schema":{"@context":"https:\/\/schema.org","@graph":[{"@type":"WebPage","@id":"https:\/\/www.avistagrandephuketresort.com\/es\/restaurants-bars\/lido\/","url":"https:\/\/www.avistagrandephuketresort.com\/es\/restaurants-bars\/lido\/","name":"Lido Pool Bar - Avista Grande Phuket Karon - Mgallery","isPartOf":{"@id":"https:\/\/www.avistagrandephuketresort.com\/#website"},"datePublished":"2023-07-25T07:53:43+00:00","dateModified":"2023-10-05T05:42:30+00:00","breadcrumb":{"@id":"https:\/\/www.avistagrandephuketresort.com\/es\/restaurants-bars\/lido\/#breadcrumb"},"inLanguage":"es","potentialAction":[{"@type":"ReadAction","target":["https:\/\/www.avistagrandephuketresort.com\/es\/restaurants-bars\/lido\/"]}]},{"@type":"BreadcrumbList","@id":"https:\/\/www.avistagrandephuketresort.com\/es\/restaurants-bars\/lido\/#breadcrumb","itemListElement":[{"@type":"ListItem","position":1,"name":"Home","item":"https:\/\/www.avistagrandephuketresort.com\/es\/"},{"@type":"ListItem","position":2,"name":"Restaurantes y bares","item":"https:\/\/www.avistagrandephuketresort.com\/es\/restaurants-bars\/"},{"@type":"ListItem","position":3,"name":"Lido Pool Bar"}]},{"@type":"WebSite","@id":"https:\/\/www.avistagrandephuketresort.com\/#website","url":"https:\/\/www.avistagrandephuketresort.com\/","name":"Avista Grande Phuket Karon - Mgallery","description":"","potentialAction":[{"@type":"SearchAction","target":{"@type":"EntryPoint","urlTemplate":"https:\/\/www.avistagrandephuketresort.com\/?s={search_term_string}"},"query-input":{"@type":"PropertyValueSpecification","valueRequired":true,"valueName":"search_term_string"}}],"inLanguage":"es"}]}},"_links":{"self":[{"href":"https:\/\/www.avistagrandephuketresort.com\/es\/wp-json\/wp\/v2\/pages\/1151","targetHints":{"allow":["GET"]}}],"collection":[{"href":"https:\/\/www.avistagrandephuketresort.com\/es\/wp-json\/wp\/v2\/pages"}],"about":[{"href":"https:\/\/www.avistagrandephuketresort.com\/es\/wp-json\/wp\/v2\/types\/page"}],"author":[{"embeddable":true,"href":"https:\/\/www.avistagrandephuketresort.com\/es\/wp-json\/wp\/v2\/users\/55"}],"replies":[{"embeddable":true,"href":"https:\/\/www.avistagrandephuketresort.com\/es\/wp-json\/wp\/v2\/comments?post=1151"}],"version-history":[{"count":0,"href":"https:\/\/www.avistagrandephuketresort.com\/es\/wp-json\/wp\/v2\/pages\/1151\/revisions"}],"up":[{"embeddable":true,"href":"https:\/\/www.avistagrandephuketresort.com\/es\/wp-json\/wp\/v2\/pages\/1148"}],"wp:attachment":[{"href":"https:\/\/www.avistagrandephuketresort.com\/es\/wp-json\/wp\/v2\/media?parent=1151"}],"wp:term":[{"taxonomy":"category","embeddable":true,"href":"https:\/\/www.avistagrandephuketresort.com\/es\/wp-json\/wp\/v2\/categories?post=1151"}],"curies":[{"name":"wp","href":"https:\/\/api.w.org\/{rel}","templated":true}]}}