{"id":1149,"date":"2023-07-25T07:17:36","date_gmt":"2023-07-25T07:17:36","guid":{"rendered":"https:\/\/www.avistagrandephuketresort.com\/?page_id=1149"},"modified":"2023-10-05T01:51:58","modified_gmt":"2023-10-05T01:51:58","slug":"portosino","status":"publish","type":"page","link":"https:\/\/www.avistagrandephuketresort.com\/es\/restaurants-bars\/portosino\/","title":{"rendered":"Portosino"},"content":{"rendered":"<p style=\"text-align: center;\">Tan encantador como c\u00f3modo, Portosino es un restaurante abierto todo el d\u00eda y el No.1 de Tripadvisor <a href=\"https:\/\/www.tripadvisor.com\/Restaurant_Review-g10804710-d13358640-Reviews-PORTOSINO_Restaurant-Karon_Beach_Karon_Phuket.html\">mejor restaurante en la playa Karon<\/a> Ofreciendo una interpretaci\u00f3n sorprendentemente \u00fanica del patrimonio de Phuket, los recordatorios de la industria minera de esta\u00f1o de la isla son inventivos: ya sean las estilizadas v\u00edas ferroviarias suspendidas, el uso sutil de metal alrededor de los pasillos, las l\u00e1mparas de estilo minero con iluminaci\u00f3n de roc\u00edo, los marcos y las particiones inspiradas en t\u00e9cnicas subterr\u00e1neas. Echa un vistazo al encanto de la era del siglo XIX en el restaurante Portosino.<\/p>\n<p style=\"text-align: center;\">Experimenta una verdadera herencia y fusi\u00f3n de cocina chino-portuguesa, cocina tailandesa arom\u00e1tica, favoritos internacionales y especialidades indias utilizando productos de origen local como parte de nuestra iniciativa \u00abTe amamos por amar lo local\u00bb. Nuestros chefs tailandeses crean magia culinaria utilizando ingredientes locales frescos para crear aut\u00e9nticos cl\u00e1sicos tailandeses y los favoritos locales de Phuket inspirados en la cocina de Peranakan. Para el almuerzo y la cena, encontrar\u00e1s la mejor experiencia de intercambio social con un men\u00fa para todos, que incluye platos de comida reconfortante de todo el mundo y un men\u00fa especial para ni\u00f1os. Nuestros maestros chefs indios est\u00e1n bien versados en las complejidades de la cocina regional india. Aportando una profundidad de sabor y una gama de especias, combinan ingredientes de calidad con sabores aut\u00e9nticos y enfoques culinarios modernos. No se puede perder nuestro  <a href=\"https:\/\/www.avistagrandephuketresort.com\/es\/offers\/best-breakfast-in-phuket\/\">desayuno buf\u00e9<\/a>, con pasteles franceses y una selecci\u00f3n internacional de art\u00edculos para el desayuno, junto con platos tradicionalmente disfrutados por la gente local en Phuket.<\/p>\n","protected":false},"excerpt":{"rendered":"<p>Tan encantador como c\u00f3modo, Portosino es un restaurante abierto todo el d\u00eda y el No.1 de Tripadvisor mejor restaurante en la playa Karon Ofreciendo una interpretaci\u00f3n sorprendentemente \u00fanica del patrimonio de Phuket, los recordatorios de la industria minera de esta\u00f1o de la isla son inventivos: ya sean las estilizadas v\u00edas ferroviarias suspendidas, el uso sutil [&hellip;]<\/p>\n","protected":false},"author":55,"featured_media":0,"parent":1148,"menu_order":1,"comment_status":"closed","ping_status":"closed","template":"template-restaurant.php","meta":{"footnotes":""},"categories":[80,77],"class_list":["post-1149","page","type-page","status-publish","hentry","category-el-restaurante","category-restaurants-es"],"acf":[],"yoast_head":"<!-- This site is optimized with the Yoast SEO plugin v26.9 - https:\/\/yoast.com\/product\/yoast-seo-wordpress\/ -->\n<title>Portosino - Avista Grande Phuket Karon - Mgallery<\/title>\n<meta name=\"robots\" content=\"index, follow, max-snippet:-1, max-image-preview:large, max-video-preview:-1\" \/>\n<link rel=\"canonical\" href=\"https:\/\/www.avistagrandephuketresort.com\/es\/restaurants-bars\/portosino\/\" \/>\n<meta property=\"og:locale\" content=\"es_ES\" \/>\n<meta property=\"og:type\" content=\"article\" \/>\n<meta property=\"og:title\" content=\"Portosino - Avista Grande Phuket Karon - Mgallery\" \/>\n<meta property=\"og:description\" content=\"Tan encantador como c\u00f3modo, Portosino es un restaurante abierto todo el d\u00eda y el No.1 de Tripadvisor mejor restaurante en la playa Karon Ofreciendo una interpretaci\u00f3n sorprendentemente \u00fanica del patrimonio de Phuket, los recordatorios de la industria minera de esta\u00f1o de la isla son inventivos: ya sean las estilizadas v\u00edas ferroviarias suspendidas, el uso sutil [&hellip;]\" \/>\n<meta property=\"og:url\" content=\"https:\/\/www.avistagrandephuketresort.com\/es\/restaurants-bars\/portosino\/\" \/>\n<meta property=\"og:site_name\" content=\"Avista Grande Phuket Karon - Mgallery\" \/>\n<meta property=\"article:modified_time\" content=\"2023-10-05T01:51:58+00:00\" \/>\n<meta name=\"twitter:card\" content=\"summary_large_image\" \/>\n<meta name=\"twitter:label1\" content=\"Tiempo de lectura\" \/>\n\t<meta name=\"twitter:data1\" content=\"2 minutos\" \/>\n<script type=\"application\/ld+json\" class=\"yoast-schema-graph\">{\"@context\":\"https:\/\/schema.org\",\"@graph\":[{\"@type\":\"WebPage\",\"@id\":\"https:\/\/www.avistagrandephuketresort.com\/es\/restaurants-bars\/portosino\/\",\"url\":\"https:\/\/www.avistagrandephuketresort.com\/es\/restaurants-bars\/portosino\/\",\"name\":\"Portosino - Avista Grande Phuket Karon - Mgallery\",\"isPartOf\":{\"@id\":\"https:\/\/www.avistagrandephuketresort.com\/#website\"},\"datePublished\":\"2023-07-25T07:17:36+00:00\",\"dateModified\":\"2023-10-05T01:51:58+00:00\",\"breadcrumb\":{\"@id\":\"https:\/\/www.avistagrandephuketresort.com\/es\/restaurants-bars\/portosino\/#breadcrumb\"},\"inLanguage\":\"es\",\"potentialAction\":[{\"@type\":\"ReadAction\",\"target\":[\"https:\/\/www.avistagrandephuketresort.com\/es\/restaurants-bars\/portosino\/\"]}]},{\"@type\":\"BreadcrumbList\",\"@id\":\"https:\/\/www.avistagrandephuketresort.com\/es\/restaurants-bars\/portosino\/#breadcrumb\",\"itemListElement\":[{\"@type\":\"ListItem\",\"position\":1,\"name\":\"Home\",\"item\":\"https:\/\/www.avistagrandephuketresort.com\/es\/\"},{\"@type\":\"ListItem\",\"position\":2,\"name\":\"Restaurantes y bares\",\"item\":\"https:\/\/www.avistagrandephuketresort.com\/es\/restaurants-bars\/\"},{\"@type\":\"ListItem\",\"position\":3,\"name\":\"Portosino\"}]},{\"@type\":\"WebSite\",\"@id\":\"https:\/\/www.avistagrandephuketresort.com\/#website\",\"url\":\"https:\/\/www.avistagrandephuketresort.com\/\",\"name\":\"Avista Grande Phuket Karon - Mgallery\",\"description\":\"\",\"potentialAction\":[{\"@type\":\"SearchAction\",\"target\":{\"@type\":\"EntryPoint\",\"urlTemplate\":\"https:\/\/www.avistagrandephuketresort.com\/?s={search_term_string}\"},\"query-input\":{\"@type\":\"PropertyValueSpecification\",\"valueRequired\":true,\"valueName\":\"search_term_string\"}}],\"inLanguage\":\"es\"}]}<\/script>\n<!-- \/ Yoast SEO plugin. -->","yoast_head_json":{"title":"Portosino - Avista Grande Phuket Karon - Mgallery","robots":{"index":"index","follow":"follow","max-snippet":"max-snippet:-1","max-image-preview":"max-image-preview:large","max-video-preview":"max-video-preview:-1"},"canonical":"https:\/\/www.avistagrandephuketresort.com\/es\/restaurants-bars\/portosino\/","og_locale":"es_ES","og_type":"article","og_title":"Portosino - Avista Grande Phuket Karon - Mgallery","og_description":"Tan encantador como c\u00f3modo, Portosino es un restaurante abierto todo el d\u00eda y el No.1 de Tripadvisor mejor restaurante en la playa Karon Ofreciendo una interpretaci\u00f3n sorprendentemente \u00fanica del patrimonio de Phuket, los recordatorios de la industria minera de esta\u00f1o de la isla son inventivos: ya sean las estilizadas v\u00edas ferroviarias suspendidas, el uso sutil [&hellip;]","og_url":"https:\/\/www.avistagrandephuketresort.com\/es\/restaurants-bars\/portosino\/","og_site_name":"Avista Grande Phuket Karon - Mgallery","article_modified_time":"2023-10-05T01:51:58+00:00","twitter_card":"summary_large_image","twitter_misc":{"Tiempo de lectura":"2 minutos"},"schema":{"@context":"https:\/\/schema.org","@graph":[{"@type":"WebPage","@id":"https:\/\/www.avistagrandephuketresort.com\/es\/restaurants-bars\/portosino\/","url":"https:\/\/www.avistagrandephuketresort.com\/es\/restaurants-bars\/portosino\/","name":"Portosino - Avista Grande Phuket Karon - Mgallery","isPartOf":{"@id":"https:\/\/www.avistagrandephuketresort.com\/#website"},"datePublished":"2023-07-25T07:17:36+00:00","dateModified":"2023-10-05T01:51:58+00:00","breadcrumb":{"@id":"https:\/\/www.avistagrandephuketresort.com\/es\/restaurants-bars\/portosino\/#breadcrumb"},"inLanguage":"es","potentialAction":[{"@type":"ReadAction","target":["https:\/\/www.avistagrandephuketresort.com\/es\/restaurants-bars\/portosino\/"]}]},{"@type":"BreadcrumbList","@id":"https:\/\/www.avistagrandephuketresort.com\/es\/restaurants-bars\/portosino\/#breadcrumb","itemListElement":[{"@type":"ListItem","position":1,"name":"Home","item":"https:\/\/www.avistagrandephuketresort.com\/es\/"},{"@type":"ListItem","position":2,"name":"Restaurantes y bares","item":"https:\/\/www.avistagrandephuketresort.com\/es\/restaurants-bars\/"},{"@type":"ListItem","position":3,"name":"Portosino"}]},{"@type":"WebSite","@id":"https:\/\/www.avistagrandephuketresort.com\/#website","url":"https:\/\/www.avistagrandephuketresort.com\/","name":"Avista Grande Phuket Karon - Mgallery","description":"","potentialAction":[{"@type":"SearchAction","target":{"@type":"EntryPoint","urlTemplate":"https:\/\/www.avistagrandephuketresort.com\/?s={search_term_string}"},"query-input":{"@type":"PropertyValueSpecification","valueRequired":true,"valueName":"search_term_string"}}],"inLanguage":"es"}]}},"_links":{"self":[{"href":"https:\/\/www.avistagrandephuketresort.com\/es\/wp-json\/wp\/v2\/pages\/1149","targetHints":{"allow":["GET"]}}],"collection":[{"href":"https:\/\/www.avistagrandephuketresort.com\/es\/wp-json\/wp\/v2\/pages"}],"about":[{"href":"https:\/\/www.avistagrandephuketresort.com\/es\/wp-json\/wp\/v2\/types\/page"}],"author":[{"embeddable":true,"href":"https:\/\/www.avistagrandephuketresort.com\/es\/wp-json\/wp\/v2\/users\/55"}],"replies":[{"embeddable":true,"href":"https:\/\/www.avistagrandephuketresort.com\/es\/wp-json\/wp\/v2\/comments?post=1149"}],"version-history":[{"count":0,"href":"https:\/\/www.avistagrandephuketresort.com\/es\/wp-json\/wp\/v2\/pages\/1149\/revisions"}],"up":[{"embeddable":true,"href":"https:\/\/www.avistagrandephuketresort.com\/es\/wp-json\/wp\/v2\/pages\/1148"}],"wp:attachment":[{"href":"https:\/\/www.avistagrandephuketresort.com\/es\/wp-json\/wp\/v2\/media?parent=1149"}],"wp:term":[{"taxonomy":"category","embeddable":true,"href":"https:\/\/www.avistagrandephuketresort.com\/es\/wp-json\/wp\/v2\/categories?post=1149"}],"curies":[{"name":"wp","href":"https:\/\/api.w.org\/{rel}","templated":true}]}}