{"id":1148,"date":"2023-07-25T07:06:53","date_gmt":"2023-07-25T07:06:53","guid":{"rendered":"https:\/\/www.avistagrandephuketresort.com\/?page_id=1148"},"modified":"2023-10-05T01:40:56","modified_gmt":"2023-10-05T01:40:56","slug":"restaurants-bars","status":"publish","type":"page","link":"https:\/\/www.avistagrandephuketresort.com\/es\/restaurants-bars\/","title":{"rendered":"Restaurantes y bares"},"content":{"rendered":"<p style=\"text-align: center;\">Ofreciendo cocinas excepcionales que se adaptan a todos los gustos e influencias que se ven en todo el mundo, experimente elementos de dise\u00f1o contempor\u00e1neo en nuestros  galardonados <a href=\"https:\/\/www.avistagrandephuketresort.com\/es\/restaurants-bars\/portosino\/\">mejores restaurantes en Phuket<\/a>, bares y salones que se inspiran tanto en la industria de la miner\u00eda de esta\u00f1o de Phuket como en la vida, la cultura y los estilos arquitect\u00f3nicos de esta rica \u00e9lite. Te esperan cautivadoras experiencias gourmet y mixol\u00f3gicas, desde la aut\u00e9ntica cocina tailandesa, internacional e india en  <a href=\"https:\/\/www.avistagrandephuketresort.com\/es\/restaurants-bars\/portosino\/\">Portosino<\/a>, el<a href=\"https:\/\/www.tripadvisor.com\/Restaurant_Review-g10804710-d13358640-Reviews-PORTOSINO_Restaurant-Karon_Beach_Karon_Phuket.html\">mejor restaurante de TripAdvisor en la playa Karon<\/a>, el primer concepto de cena en el agua en Tailandia en  <a href=\"https:\/\/www.avistagrandephuketresort.com\/es\/restaurants-bars\/chard-grill-phuket\/\">Sizzle on Water<\/a>,el ambiente de bar en el <a href=\"https:\/\/www.avistagrandephuketresort.com\/es\/restaurants-bars\/lido\/\">bar en la piscina<em> Lido<\/em><\/a>,hasta el High Tea al estilo Phuket en el  <a href=\"https:\/\/www.avistagrandephuketresort.com\/es\/restaurants-bars\/tearapy-lounge\/\">Tearapy Lounge<\/a> y c\u00f3cteles artesanales en la terraza de la azotea de <em>The Dim Sun<\/em>, un <a href=\"https:\/\/www.avistagrandephuketresort.com\/es\/restaurants-bars\/best-rooftop-bar-in-phuket\/\">bar al atardecer en Phuket<\/a> con impresionantes vistas al mar.<\/p>\n","protected":false},"excerpt":{"rendered":"<p>Ofreciendo cocinas excepcionales que se adaptan a todos los gustos e influencias que se ven en todo el mundo, experimente elementos de dise\u00f1o contempor\u00e1neo en nuestros galardonados mejores restaurantes en Phuket, bares y salones que se inspiran tanto en la industria de la miner\u00eda de esta\u00f1o de Phuket como en la vida, la cultura y [&hellip;]<\/p>\n","protected":false},"author":55,"featured_media":0,"parent":0,"menu_order":0,"comment_status":"closed","ping_status":"closed","template":"template-restaurants.php","meta":{"footnotes":""},"categories":[],"class_list":["post-1148","page","type-page","status-publish","hentry"],"acf":[],"yoast_head":"<!-- This site is optimized with the Yoast SEO plugin v26.9 - https:\/\/yoast.com\/product\/yoast-seo-wordpress\/ -->\n<title>Restaurantes y bares - Avista Grande Phuket Karon - Mgallery<\/title>\n<meta name=\"robots\" content=\"index, follow, max-snippet:-1, max-image-preview:large, max-video-preview:-1\" \/>\n<link rel=\"canonical\" href=\"https:\/\/www.avistagrandephuketresort.com\/es\/restaurants-bars\/\" \/>\n<meta property=\"og:locale\" content=\"es_ES\" \/>\n<meta property=\"og:type\" content=\"article\" \/>\n<meta property=\"og:title\" content=\"Restaurantes y bares - Avista Grande Phuket Karon - Mgallery\" \/>\n<meta property=\"og:description\" content=\"Ofreciendo cocinas excepcionales que se adaptan a todos los gustos e influencias que se ven en todo el mundo, experimente elementos de dise\u00f1o contempor\u00e1neo en nuestros galardonados mejores restaurantes en Phuket, bares y salones que se inspiran tanto en la industria de la miner\u00eda de esta\u00f1o de Phuket como en la vida, la cultura y [&hellip;]\" \/>\n<meta property=\"og:url\" content=\"https:\/\/www.avistagrandephuketresort.com\/es\/restaurants-bars\/\" \/>\n<meta property=\"og:site_name\" content=\"Avista Grande Phuket Karon - Mgallery\" \/>\n<meta property=\"article:modified_time\" content=\"2023-10-05T01:40:56+00:00\" \/>\n<meta name=\"twitter:card\" content=\"summary_large_image\" \/>\n<meta name=\"twitter:label1\" content=\"Tiempo de lectura\" \/>\n\t<meta name=\"twitter:data1\" content=\"1 minuto\" \/>\n<script type=\"application\/ld+json\" class=\"yoast-schema-graph\">{\"@context\":\"https:\/\/schema.org\",\"@graph\":[{\"@type\":\"WebPage\",\"@id\":\"https:\/\/www.avistagrandephuketresort.com\/es\/restaurants-bars\/\",\"url\":\"https:\/\/www.avistagrandephuketresort.com\/es\/restaurants-bars\/\",\"name\":\"Restaurantes y bares - Avista Grande Phuket Karon - Mgallery\",\"isPartOf\":{\"@id\":\"https:\/\/www.avistagrandephuketresort.com\/#website\"},\"datePublished\":\"2023-07-25T07:06:53+00:00\",\"dateModified\":\"2023-10-05T01:40:56+00:00\",\"breadcrumb\":{\"@id\":\"https:\/\/www.avistagrandephuketresort.com\/es\/restaurants-bars\/#breadcrumb\"},\"inLanguage\":\"es\",\"potentialAction\":[{\"@type\":\"ReadAction\",\"target\":[\"https:\/\/www.avistagrandephuketresort.com\/es\/restaurants-bars\/\"]}]},{\"@type\":\"BreadcrumbList\",\"@id\":\"https:\/\/www.avistagrandephuketresort.com\/es\/restaurants-bars\/#breadcrumb\",\"itemListElement\":[{\"@type\":\"ListItem\",\"position\":1,\"name\":\"Home\",\"item\":\"https:\/\/www.avistagrandephuketresort.com\/es\/\"},{\"@type\":\"ListItem\",\"position\":2,\"name\":\"Restaurantes y bares\"}]},{\"@type\":\"WebSite\",\"@id\":\"https:\/\/www.avistagrandephuketresort.com\/#website\",\"url\":\"https:\/\/www.avistagrandephuketresort.com\/\",\"name\":\"Avista Grande Phuket Karon - Mgallery\",\"description\":\"\",\"potentialAction\":[{\"@type\":\"SearchAction\",\"target\":{\"@type\":\"EntryPoint\",\"urlTemplate\":\"https:\/\/www.avistagrandephuketresort.com\/?s={search_term_string}\"},\"query-input\":{\"@type\":\"PropertyValueSpecification\",\"valueRequired\":true,\"valueName\":\"search_term_string\"}}],\"inLanguage\":\"es\"}]}<\/script>\n<!-- \/ Yoast SEO plugin. -->","yoast_head_json":{"title":"Restaurantes y bares - Avista Grande Phuket Karon - Mgallery","robots":{"index":"index","follow":"follow","max-snippet":"max-snippet:-1","max-image-preview":"max-image-preview:large","max-video-preview":"max-video-preview:-1"},"canonical":"https:\/\/www.avistagrandephuketresort.com\/es\/restaurants-bars\/","og_locale":"es_ES","og_type":"article","og_title":"Restaurantes y bares - Avista Grande Phuket Karon - Mgallery","og_description":"Ofreciendo cocinas excepcionales que se adaptan a todos los gustos e influencias que se ven en todo el mundo, experimente elementos de dise\u00f1o contempor\u00e1neo en nuestros galardonados mejores restaurantes en Phuket, bares y salones que se inspiran tanto en la industria de la miner\u00eda de esta\u00f1o de Phuket como en la vida, la cultura y [&hellip;]","og_url":"https:\/\/www.avistagrandephuketresort.com\/es\/restaurants-bars\/","og_site_name":"Avista Grande Phuket Karon - Mgallery","article_modified_time":"2023-10-05T01:40:56+00:00","twitter_card":"summary_large_image","twitter_misc":{"Tiempo de lectura":"1 minuto"},"schema":{"@context":"https:\/\/schema.org","@graph":[{"@type":"WebPage","@id":"https:\/\/www.avistagrandephuketresort.com\/es\/restaurants-bars\/","url":"https:\/\/www.avistagrandephuketresort.com\/es\/restaurants-bars\/","name":"Restaurantes y bares - Avista Grande Phuket Karon - Mgallery","isPartOf":{"@id":"https:\/\/www.avistagrandephuketresort.com\/#website"},"datePublished":"2023-07-25T07:06:53+00:00","dateModified":"2023-10-05T01:40:56+00:00","breadcrumb":{"@id":"https:\/\/www.avistagrandephuketresort.com\/es\/restaurants-bars\/#breadcrumb"},"inLanguage":"es","potentialAction":[{"@type":"ReadAction","target":["https:\/\/www.avistagrandephuketresort.com\/es\/restaurants-bars\/"]}]},{"@type":"BreadcrumbList","@id":"https:\/\/www.avistagrandephuketresort.com\/es\/restaurants-bars\/#breadcrumb","itemListElement":[{"@type":"ListItem","position":1,"name":"Home","item":"https:\/\/www.avistagrandephuketresort.com\/es\/"},{"@type":"ListItem","position":2,"name":"Restaurantes y bares"}]},{"@type":"WebSite","@id":"https:\/\/www.avistagrandephuketresort.com\/#website","url":"https:\/\/www.avistagrandephuketresort.com\/","name":"Avista Grande Phuket Karon - Mgallery","description":"","potentialAction":[{"@type":"SearchAction","target":{"@type":"EntryPoint","urlTemplate":"https:\/\/www.avistagrandephuketresort.com\/?s={search_term_string}"},"query-input":{"@type":"PropertyValueSpecification","valueRequired":true,"valueName":"search_term_string"}}],"inLanguage":"es"}]}},"_links":{"self":[{"href":"https:\/\/www.avistagrandephuketresort.com\/es\/wp-json\/wp\/v2\/pages\/1148","targetHints":{"allow":["GET"]}}],"collection":[{"href":"https:\/\/www.avistagrandephuketresort.com\/es\/wp-json\/wp\/v2\/pages"}],"about":[{"href":"https:\/\/www.avistagrandephuketresort.com\/es\/wp-json\/wp\/v2\/types\/page"}],"author":[{"embeddable":true,"href":"https:\/\/www.avistagrandephuketresort.com\/es\/wp-json\/wp\/v2\/users\/55"}],"replies":[{"embeddable":true,"href":"https:\/\/www.avistagrandephuketresort.com\/es\/wp-json\/wp\/v2\/comments?post=1148"}],"version-history":[{"count":0,"href":"https:\/\/www.avistagrandephuketresort.com\/es\/wp-json\/wp\/v2\/pages\/1148\/revisions"}],"wp:attachment":[{"href":"https:\/\/www.avistagrandephuketresort.com\/es\/wp-json\/wp\/v2\/media?parent=1148"}],"wp:term":[{"taxonomy":"category","embeddable":true,"href":"https:\/\/www.avistagrandephuketresort.com\/es\/wp-json\/wp\/v2\/categories?post=1148"}],"curies":[{"name":"wp","href":"https:\/\/api.w.org\/{rel}","templated":true}]}}