{"id":1147,"date":"2023-07-27T03:15:25","date_gmt":"2023-07-27T03:15:25","guid":{"rendered":"https:\/\/www.avistagrandephuketresort.com\/?page_id=1147"},"modified":"2023-10-06T01:42:44","modified_gmt":"2023-10-06T01:42:44","slug":"weddings-in-phuket","status":"publish","type":"page","link":"https:\/\/www.avistagrandephuketresort.com\/es\/meetings-events\/weddings-in-phuket\/","title":{"rendered":"Bodas"},"content":{"rendered":"<p style=\"text-align: center;\">Has elegido  <a href=\"https:\/\/www.avistagrandephuketresort.com\/es\/\">Avista Grande Phuket Karon<\/a> para celebrar tu boda especial en Phuket en un lugar verdaderamente especial, con vistas al azul del mar de Andam\u00e1n, con el exuberante tel\u00f3n de fondo de una selva tropical. Una boda de ensue\u00f1o en un destino de cuento de hadas. Los recuerdos rom\u00e1nticos para toda la vida comienzan aqu\u00ed.<\/p>\n<p>\u00a1Perm\u00edtanos eliminar el estr\u00e9s de planificar el d\u00eda m\u00e1s especial! Elige nuestro paquete todo incluido desde solo <strong>79,000 THB ++. <\/strong>.\u00a1No dudes en comunicarte con nosotros para cualquier cambio o enmienda que desees hacer para garantizar que tu d\u00eda especial sea \u00fanico y se adapte mejor a tus seres queridos!<\/p>\n<p>\u00a1Sabemos lo importante que es este d\u00eda para ti! Queremos asegurarnos de hacer hasta lo imposible para hacer de esta la boda perfecta con la que has so\u00f1ado. \u00a1Ponte en contacto con nosotros para obtener m\u00e1s informaci\u00f3n sobre el paquete o para personalizarlo! \u00a1Estaremos encantados de ayudarte!<\/p>\n","protected":false},"excerpt":{"rendered":"<p>Has elegido Avista Grande Phuket Karon para celebrar tu boda especial en Phuket en un lugar verdaderamente especial, con vistas al azul del mar de Andam\u00e1n, con el exuberante tel\u00f3n de fondo de una selva tropical. Una boda de ensue\u00f1o en un destino de cuento de hadas. Los recuerdos rom\u00e1nticos para toda la vida comienzan [&hellip;]<\/p>\n","protected":false},"author":55,"featured_media":0,"parent":1145,"menu_order":3,"comment_status":"closed","ping_status":"closed","template":"template-wedding.php","meta":{"footnotes":""},"categories":[],"class_list":["post-1147","page","type-page","status-publish","hentry"],"acf":[],"yoast_head":"<!-- This site is optimized with the Yoast SEO plugin v26.9 - https:\/\/yoast.com\/product\/yoast-seo-wordpress\/ -->\n<title>Bodas - Avista Grande Phuket Karon - Mgallery<\/title>\n<meta name=\"robots\" content=\"index, follow, max-snippet:-1, max-image-preview:large, max-video-preview:-1\" \/>\n<link rel=\"canonical\" href=\"https:\/\/www.avistagrandephuketresort.com\/es\/meetings-events\/weddings-in-phuket\/\" \/>\n<meta property=\"og:locale\" content=\"es_ES\" \/>\n<meta property=\"og:type\" content=\"article\" \/>\n<meta property=\"og:title\" content=\"Bodas - Avista Grande Phuket Karon - Mgallery\" \/>\n<meta property=\"og:description\" content=\"Has elegido Avista Grande Phuket Karon para celebrar tu boda especial en Phuket en un lugar verdaderamente especial, con vistas al azul del mar de Andam\u00e1n, con el exuberante tel\u00f3n de fondo de una selva tropical. Una boda de ensue\u00f1o en un destino de cuento de hadas. Los recuerdos rom\u00e1nticos para toda la vida comienzan [&hellip;]\" \/>\n<meta property=\"og:url\" content=\"https:\/\/www.avistagrandephuketresort.com\/es\/meetings-events\/weddings-in-phuket\/\" \/>\n<meta property=\"og:site_name\" content=\"Avista Grande Phuket Karon - Mgallery\" \/>\n<meta property=\"article:modified_time\" content=\"2023-10-06T01:42:44+00:00\" \/>\n<meta name=\"twitter:card\" content=\"summary_large_image\" \/>\n<meta name=\"twitter:label1\" content=\"Tiempo de lectura\" \/>\n\t<meta name=\"twitter:data1\" content=\"1 minuto\" \/>\n<script type=\"application\/ld+json\" class=\"yoast-schema-graph\">{\"@context\":\"https:\/\/schema.org\",\"@graph\":[{\"@type\":\"WebPage\",\"@id\":\"https:\/\/www.avistagrandephuketresort.com\/es\/meetings-events\/weddings-in-phuket\/\",\"url\":\"https:\/\/www.avistagrandephuketresort.com\/es\/meetings-events\/weddings-in-phuket\/\",\"name\":\"Bodas - Avista Grande Phuket Karon - Mgallery\",\"isPartOf\":{\"@id\":\"https:\/\/www.avistagrandephuketresort.com\/#website\"},\"datePublished\":\"2023-07-27T03:15:25+00:00\",\"dateModified\":\"2023-10-06T01:42:44+00:00\",\"breadcrumb\":{\"@id\":\"https:\/\/www.avistagrandephuketresort.com\/es\/meetings-events\/weddings-in-phuket\/#breadcrumb\"},\"inLanguage\":\"es\",\"potentialAction\":[{\"@type\":\"ReadAction\",\"target\":[\"https:\/\/www.avistagrandephuketresort.com\/es\/meetings-events\/weddings-in-phuket\/\"]}]},{\"@type\":\"BreadcrumbList\",\"@id\":\"https:\/\/www.avistagrandephuketresort.com\/es\/meetings-events\/weddings-in-phuket\/#breadcrumb\",\"itemListElement\":[{\"@type\":\"ListItem\",\"position\":1,\"name\":\"Home\",\"item\":\"https:\/\/www.avistagrandephuketresort.com\/es\/\"},{\"@type\":\"ListItem\",\"position\":2,\"name\":\"Reuniones y bodas\",\"item\":\"https:\/\/www.avistagrandephuketresort.com\/es\/meetings-events\/\"},{\"@type\":\"ListItem\",\"position\":3,\"name\":\"Bodas\"}]},{\"@type\":\"WebSite\",\"@id\":\"https:\/\/www.avistagrandephuketresort.com\/#website\",\"url\":\"https:\/\/www.avistagrandephuketresort.com\/\",\"name\":\"Avista Grande Phuket Karon - Mgallery\",\"description\":\"\",\"potentialAction\":[{\"@type\":\"SearchAction\",\"target\":{\"@type\":\"EntryPoint\",\"urlTemplate\":\"https:\/\/www.avistagrandephuketresort.com\/?s={search_term_string}\"},\"query-input\":{\"@type\":\"PropertyValueSpecification\",\"valueRequired\":true,\"valueName\":\"search_term_string\"}}],\"inLanguage\":\"es\"}]}<\/script>\n<!-- \/ Yoast SEO plugin. -->","yoast_head_json":{"title":"Bodas - Avista Grande Phuket Karon - Mgallery","robots":{"index":"index","follow":"follow","max-snippet":"max-snippet:-1","max-image-preview":"max-image-preview:large","max-video-preview":"max-video-preview:-1"},"canonical":"https:\/\/www.avistagrandephuketresort.com\/es\/meetings-events\/weddings-in-phuket\/","og_locale":"es_ES","og_type":"article","og_title":"Bodas - Avista Grande Phuket Karon - Mgallery","og_description":"Has elegido Avista Grande Phuket Karon para celebrar tu boda especial en Phuket en un lugar verdaderamente especial, con vistas al azul del mar de Andam\u00e1n, con el exuberante tel\u00f3n de fondo de una selva tropical. Una boda de ensue\u00f1o en un destino de cuento de hadas. Los recuerdos rom\u00e1nticos para toda la vida comienzan [&hellip;]","og_url":"https:\/\/www.avistagrandephuketresort.com\/es\/meetings-events\/weddings-in-phuket\/","og_site_name":"Avista Grande Phuket Karon - Mgallery","article_modified_time":"2023-10-06T01:42:44+00:00","twitter_card":"summary_large_image","twitter_misc":{"Tiempo de lectura":"1 minuto"},"schema":{"@context":"https:\/\/schema.org","@graph":[{"@type":"WebPage","@id":"https:\/\/www.avistagrandephuketresort.com\/es\/meetings-events\/weddings-in-phuket\/","url":"https:\/\/www.avistagrandephuketresort.com\/es\/meetings-events\/weddings-in-phuket\/","name":"Bodas - Avista Grande Phuket Karon - Mgallery","isPartOf":{"@id":"https:\/\/www.avistagrandephuketresort.com\/#website"},"datePublished":"2023-07-27T03:15:25+00:00","dateModified":"2023-10-06T01:42:44+00:00","breadcrumb":{"@id":"https:\/\/www.avistagrandephuketresort.com\/es\/meetings-events\/weddings-in-phuket\/#breadcrumb"},"inLanguage":"es","potentialAction":[{"@type":"ReadAction","target":["https:\/\/www.avistagrandephuketresort.com\/es\/meetings-events\/weddings-in-phuket\/"]}]},{"@type":"BreadcrumbList","@id":"https:\/\/www.avistagrandephuketresort.com\/es\/meetings-events\/weddings-in-phuket\/#breadcrumb","itemListElement":[{"@type":"ListItem","position":1,"name":"Home","item":"https:\/\/www.avistagrandephuketresort.com\/es\/"},{"@type":"ListItem","position":2,"name":"Reuniones y bodas","item":"https:\/\/www.avistagrandephuketresort.com\/es\/meetings-events\/"},{"@type":"ListItem","position":3,"name":"Bodas"}]},{"@type":"WebSite","@id":"https:\/\/www.avistagrandephuketresort.com\/#website","url":"https:\/\/www.avistagrandephuketresort.com\/","name":"Avista Grande Phuket Karon - Mgallery","description":"","potentialAction":[{"@type":"SearchAction","target":{"@type":"EntryPoint","urlTemplate":"https:\/\/www.avistagrandephuketresort.com\/?s={search_term_string}"},"query-input":{"@type":"PropertyValueSpecification","valueRequired":true,"valueName":"search_term_string"}}],"inLanguage":"es"}]}},"_links":{"self":[{"href":"https:\/\/www.avistagrandephuketresort.com\/es\/wp-json\/wp\/v2\/pages\/1147","targetHints":{"allow":["GET"]}}],"collection":[{"href":"https:\/\/www.avistagrandephuketresort.com\/es\/wp-json\/wp\/v2\/pages"}],"about":[{"href":"https:\/\/www.avistagrandephuketresort.com\/es\/wp-json\/wp\/v2\/types\/page"}],"author":[{"embeddable":true,"href":"https:\/\/www.avistagrandephuketresort.com\/es\/wp-json\/wp\/v2\/users\/55"}],"replies":[{"embeddable":true,"href":"https:\/\/www.avistagrandephuketresort.com\/es\/wp-json\/wp\/v2\/comments?post=1147"}],"version-history":[{"count":0,"href":"https:\/\/www.avistagrandephuketresort.com\/es\/wp-json\/wp\/v2\/pages\/1147\/revisions"}],"up":[{"embeddable":true,"href":"https:\/\/www.avistagrandephuketresort.com\/es\/wp-json\/wp\/v2\/pages\/1145"}],"wp:attachment":[{"href":"https:\/\/www.avistagrandephuketresort.com\/es\/wp-json\/wp\/v2\/media?parent=1147"}],"wp:term":[{"taxonomy":"category","embeddable":true,"href":"https:\/\/www.avistagrandephuketresort.com\/es\/wp-json\/wp\/v2\/categories?post=1147"}],"curies":[{"name":"wp","href":"https:\/\/api.w.org\/{rel}","templated":true}]}}