{"id":1146,"date":"2023-07-27T02:29:18","date_gmt":"2023-07-27T02:29:18","guid":{"rendered":"https:\/\/www.avistagrandephuketresort.com\/?page_id=1146"},"modified":"2023-10-06T01:39:02","modified_gmt":"2023-10-06T01:39:02","slug":"meeting-in-phuket","status":"publish","type":"page","link":"https:\/\/www.avistagrandephuketresort.com\/es\/meetings-events\/meeting-in-phuket\/","title":{"rendered":"Reuniones"},"content":{"rendered":"<p style=\"text-align: center;\">Los comerciantes de Phuket convirtieron el esta\u00f1o en oro, y el sal\u00f3n de baile captura el esp\u00edritu de esta opulencia del viejo mundo. De ah\u00ed que las puertas de teca de gran tama\u00f1o tengan incrustaciones doradas. Los candelabros de techo, cuyas formas evocan el oro que se acumula en las b\u00f3vedas o salas del tesoro de los comerciantes de esta\u00f1o, brillan en ricos tonos mientras iluminan el sal\u00f3n de baile. Adem\u00e1s, las ventanas del pueblo antiguo de Phuket se vuelven a imaginar como paneles dorados del piso al techo con adaptaciones distintivas de los patrones chino-portugueses.<\/p>\n","protected":false},"excerpt":{"rendered":"<p>Los comerciantes de Phuket convirtieron el esta\u00f1o en oro, y el sal\u00f3n de baile captura el esp\u00edritu de esta opulencia del viejo mundo. De ah\u00ed que las puertas de teca de gran tama\u00f1o tengan incrustaciones doradas. Los candelabros de techo, cuyas formas evocan el oro que se acumula en las b\u00f3vedas o salas del tesoro [&hellip;]<\/p>\n","protected":false},"author":55,"featured_media":0,"parent":1145,"menu_order":2,"comment_status":"closed","ping_status":"closed","template":"template-meeting-room.php","meta":{"footnotes":""},"categories":[],"class_list":["post-1146","page","type-page","status-publish","hentry"],"acf":[],"yoast_head":"<!-- This site is optimized with the Yoast SEO plugin v26.9 - https:\/\/yoast.com\/product\/yoast-seo-wordpress\/ -->\n<title>Reuniones - Avista Grande Phuket Karon - Mgallery<\/title>\n<meta name=\"robots\" content=\"index, follow, max-snippet:-1, max-image-preview:large, max-video-preview:-1\" \/>\n<link rel=\"canonical\" href=\"https:\/\/www.avistagrandephuketresort.com\/es\/meetings-events\/meeting-in-phuket\/\" \/>\n<meta property=\"og:locale\" content=\"es_ES\" \/>\n<meta property=\"og:type\" content=\"article\" \/>\n<meta property=\"og:title\" content=\"Reuniones - Avista Grande Phuket Karon - Mgallery\" \/>\n<meta property=\"og:description\" content=\"Los comerciantes de Phuket convirtieron el esta\u00f1o en oro, y el sal\u00f3n de baile captura el esp\u00edritu de esta opulencia del viejo mundo. De ah\u00ed que las puertas de teca de gran tama\u00f1o tengan incrustaciones doradas. Los candelabros de techo, cuyas formas evocan el oro que se acumula en las b\u00f3vedas o salas del tesoro [&hellip;]\" \/>\n<meta property=\"og:url\" content=\"https:\/\/www.avistagrandephuketresort.com\/es\/meetings-events\/meeting-in-phuket\/\" \/>\n<meta property=\"og:site_name\" content=\"Avista Grande Phuket Karon - Mgallery\" \/>\n<meta property=\"article:modified_time\" content=\"2023-10-06T01:39:02+00:00\" \/>\n<meta name=\"twitter:card\" content=\"summary_large_image\" \/>\n<meta name=\"twitter:label1\" content=\"Tiempo de lectura\" \/>\n\t<meta name=\"twitter:data1\" content=\"1 minuto\" \/>\n<script type=\"application\/ld+json\" class=\"yoast-schema-graph\">{\"@context\":\"https:\/\/schema.org\",\"@graph\":[{\"@type\":\"WebPage\",\"@id\":\"https:\/\/www.avistagrandephuketresort.com\/es\/meetings-events\/meeting-in-phuket\/\",\"url\":\"https:\/\/www.avistagrandephuketresort.com\/es\/meetings-events\/meeting-in-phuket\/\",\"name\":\"Reuniones - Avista Grande Phuket Karon - Mgallery\",\"isPartOf\":{\"@id\":\"https:\/\/www.avistagrandephuketresort.com\/#website\"},\"datePublished\":\"2023-07-27T02:29:18+00:00\",\"dateModified\":\"2023-10-06T01:39:02+00:00\",\"breadcrumb\":{\"@id\":\"https:\/\/www.avistagrandephuketresort.com\/es\/meetings-events\/meeting-in-phuket\/#breadcrumb\"},\"inLanguage\":\"es\",\"potentialAction\":[{\"@type\":\"ReadAction\",\"target\":[\"https:\/\/www.avistagrandephuketresort.com\/es\/meetings-events\/meeting-in-phuket\/\"]}]},{\"@type\":\"BreadcrumbList\",\"@id\":\"https:\/\/www.avistagrandephuketresort.com\/es\/meetings-events\/meeting-in-phuket\/#breadcrumb\",\"itemListElement\":[{\"@type\":\"ListItem\",\"position\":1,\"name\":\"Home\",\"item\":\"https:\/\/www.avistagrandephuketresort.com\/es\/\"},{\"@type\":\"ListItem\",\"position\":2,\"name\":\"Reuniones y bodas\",\"item\":\"https:\/\/www.avistagrandephuketresort.com\/es\/meetings-events\/\"},{\"@type\":\"ListItem\",\"position\":3,\"name\":\"Reuniones\"}]},{\"@type\":\"WebSite\",\"@id\":\"https:\/\/www.avistagrandephuketresort.com\/#website\",\"url\":\"https:\/\/www.avistagrandephuketresort.com\/\",\"name\":\"Avista Grande Phuket Karon - Mgallery\",\"description\":\"\",\"potentialAction\":[{\"@type\":\"SearchAction\",\"target\":{\"@type\":\"EntryPoint\",\"urlTemplate\":\"https:\/\/www.avistagrandephuketresort.com\/?s={search_term_string}\"},\"query-input\":{\"@type\":\"PropertyValueSpecification\",\"valueRequired\":true,\"valueName\":\"search_term_string\"}}],\"inLanguage\":\"es\"}]}<\/script>\n<!-- \/ Yoast SEO plugin. -->","yoast_head_json":{"title":"Reuniones - Avista Grande Phuket Karon - Mgallery","robots":{"index":"index","follow":"follow","max-snippet":"max-snippet:-1","max-image-preview":"max-image-preview:large","max-video-preview":"max-video-preview:-1"},"canonical":"https:\/\/www.avistagrandephuketresort.com\/es\/meetings-events\/meeting-in-phuket\/","og_locale":"es_ES","og_type":"article","og_title":"Reuniones - Avista Grande Phuket Karon - Mgallery","og_description":"Los comerciantes de Phuket convirtieron el esta\u00f1o en oro, y el sal\u00f3n de baile captura el esp\u00edritu de esta opulencia del viejo mundo. De ah\u00ed que las puertas de teca de gran tama\u00f1o tengan incrustaciones doradas. Los candelabros de techo, cuyas formas evocan el oro que se acumula en las b\u00f3vedas o salas del tesoro [&hellip;]","og_url":"https:\/\/www.avistagrandephuketresort.com\/es\/meetings-events\/meeting-in-phuket\/","og_site_name":"Avista Grande Phuket Karon - Mgallery","article_modified_time":"2023-10-06T01:39:02+00:00","twitter_card":"summary_large_image","twitter_misc":{"Tiempo de lectura":"1 minuto"},"schema":{"@context":"https:\/\/schema.org","@graph":[{"@type":"WebPage","@id":"https:\/\/www.avistagrandephuketresort.com\/es\/meetings-events\/meeting-in-phuket\/","url":"https:\/\/www.avistagrandephuketresort.com\/es\/meetings-events\/meeting-in-phuket\/","name":"Reuniones - Avista Grande Phuket Karon - Mgallery","isPartOf":{"@id":"https:\/\/www.avistagrandephuketresort.com\/#website"},"datePublished":"2023-07-27T02:29:18+00:00","dateModified":"2023-10-06T01:39:02+00:00","breadcrumb":{"@id":"https:\/\/www.avistagrandephuketresort.com\/es\/meetings-events\/meeting-in-phuket\/#breadcrumb"},"inLanguage":"es","potentialAction":[{"@type":"ReadAction","target":["https:\/\/www.avistagrandephuketresort.com\/es\/meetings-events\/meeting-in-phuket\/"]}]},{"@type":"BreadcrumbList","@id":"https:\/\/www.avistagrandephuketresort.com\/es\/meetings-events\/meeting-in-phuket\/#breadcrumb","itemListElement":[{"@type":"ListItem","position":1,"name":"Home","item":"https:\/\/www.avistagrandephuketresort.com\/es\/"},{"@type":"ListItem","position":2,"name":"Reuniones y bodas","item":"https:\/\/www.avistagrandephuketresort.com\/es\/meetings-events\/"},{"@type":"ListItem","position":3,"name":"Reuniones"}]},{"@type":"WebSite","@id":"https:\/\/www.avistagrandephuketresort.com\/#website","url":"https:\/\/www.avistagrandephuketresort.com\/","name":"Avista Grande Phuket Karon - Mgallery","description":"","potentialAction":[{"@type":"SearchAction","target":{"@type":"EntryPoint","urlTemplate":"https:\/\/www.avistagrandephuketresort.com\/?s={search_term_string}"},"query-input":{"@type":"PropertyValueSpecification","valueRequired":true,"valueName":"search_term_string"}}],"inLanguage":"es"}]}},"_links":{"self":[{"href":"https:\/\/www.avistagrandephuketresort.com\/es\/wp-json\/wp\/v2\/pages\/1146","targetHints":{"allow":["GET"]}}],"collection":[{"href":"https:\/\/www.avistagrandephuketresort.com\/es\/wp-json\/wp\/v2\/pages"}],"about":[{"href":"https:\/\/www.avistagrandephuketresort.com\/es\/wp-json\/wp\/v2\/types\/page"}],"author":[{"embeddable":true,"href":"https:\/\/www.avistagrandephuketresort.com\/es\/wp-json\/wp\/v2\/users\/55"}],"replies":[{"embeddable":true,"href":"https:\/\/www.avistagrandephuketresort.com\/es\/wp-json\/wp\/v2\/comments?post=1146"}],"version-history":[{"count":0,"href":"https:\/\/www.avistagrandephuketresort.com\/es\/wp-json\/wp\/v2\/pages\/1146\/revisions"}],"up":[{"embeddable":true,"href":"https:\/\/www.avistagrandephuketresort.com\/es\/wp-json\/wp\/v2\/pages\/1145"}],"wp:attachment":[{"href":"https:\/\/www.avistagrandephuketresort.com\/es\/wp-json\/wp\/v2\/media?parent=1146"}],"wp:term":[{"taxonomy":"category","embeddable":true,"href":"https:\/\/www.avistagrandephuketresort.com\/es\/wp-json\/wp\/v2\/categories?post=1146"}],"curies":[{"name":"wp","href":"https:\/\/api.w.org\/{rel}","templated":true}]}}