{"id":1144,"date":"2023-07-25T02:16:26","date_gmt":"2023-07-25T02:16:26","guid":{"rendered":"https:\/\/www.avistagrandephuketresort.com\/?page_id=1144"},"modified":"2023-09-21T03:00:54","modified_gmt":"2023-09-21T03:00:54","slug":"rooms-suites-karon-beach-hotel","status":"publish","type":"page","link":"https:\/\/www.avistagrandephuketresort.com\/es\/rooms-suites-karon-beach-hotel\/","title":{"rendered":"Habitaciones y suites"},"content":{"rendered":"<p>Con algunas de las habitaciones y suites m\u00e1s espaciosas en un resort de Karon Beach Phuket a partir de 53 metros cuadrados, experimenta un dise\u00f1o moderno y sofisticado y toques de la herencia de Phuket en todas partes. Las adaptaciones de lujo de las l\u00e1mparas de miner\u00eda de esta\u00f1o sobre las mesitas de noche, la reinterpretaci\u00f3n de los patrones chino-portugueses en la pared y el mobiliario europeo reflejan las influencias de los primeros comerciantes, mientras que los metales y materiales en bruto ofrecen referencias t\u00e1ctiles al pasado minero de Phuket. Algunas categor\u00edas de habitaciones ofrecen la opci\u00f3n de una cama extragrande tama\u00f1o king o una <a href=\"https:\/\/www.avistagrandephuketresort.com\/es\/rooms-suites-karon-beach-hotel\/premier-family-room-sea-view\/\">habitaci\u00f3n familiar en Phuket<\/a>con ropa de cama de primera calidad. Todos los ba\u00f1os cuentan con una ducha de lluvia vigorizante y una ba\u00f1era independiente, mientras que una terraza amueblada ofrece vistas a la monta\u00f1a, al jard\u00edn, a la piscina o al mar, y algunas categor\u00edas ofrecen caracter\u00edsticas de lujo, como <a href=\"https:\/\/www.avistagrandephuketresort.com\/es\/rooms-suites-karon-beach-hotel\/deluxe-suite-pool-access\/\">suites con acceso directo a la piscina<\/a> o <a href=\"https:\/\/www.avistagrandephuketresort.com\/es\/rooms-suites-karon-beach-hotel\/deluxe-suite-with-whirlpool-bath-sea-view\/\">suites con ba\u00f1era de hidromasaje.\u00a0<\/a><\/p>\n","protected":false},"excerpt":{"rendered":"<p>Con algunas de las habitaciones y suites m\u00e1s espaciosas en un resort de Karon Beach Phuket a partir de 53 metros cuadrados, experimenta un dise\u00f1o moderno y sofisticado y toques de la herencia de Phuket en todas partes. Las adaptaciones de lujo de las l\u00e1mparas de miner\u00eda de esta\u00f1o sobre las mesitas de noche, la [&hellip;]<\/p>\n","protected":false},"author":55,"featured_media":0,"parent":0,"menu_order":0,"comment_status":"closed","ping_status":"closed","template":"template-rooms.php","meta":{"footnotes":""},"categories":[],"class_list":["post-1144","page","type-page","status-publish","hentry"],"acf":[],"yoast_head":"<!-- This site is optimized with the Yoast SEO plugin v26.9 - https:\/\/yoast.com\/product\/yoast-seo-wordpress\/ -->\n<title>Habitaciones y suites - Avista Grande Phuket Karon - Mgallery<\/title>\n<meta name=\"robots\" content=\"index, follow, max-snippet:-1, max-image-preview:large, max-video-preview:-1\" \/>\n<link rel=\"canonical\" href=\"https:\/\/www.avistagrandephuketresort.com\/es\/rooms-suites-karon-beach-hotel\/\" \/>\n<meta property=\"og:locale\" content=\"es_ES\" \/>\n<meta property=\"og:type\" content=\"article\" \/>\n<meta property=\"og:title\" content=\"Habitaciones y suites - Avista Grande Phuket Karon - Mgallery\" \/>\n<meta property=\"og:description\" content=\"Con algunas de las habitaciones y suites m\u00e1s espaciosas en un resort de Karon Beach Phuket a partir de 53 metros cuadrados, experimenta un dise\u00f1o moderno y sofisticado y toques de la herencia de Phuket en todas partes. Las adaptaciones de lujo de las l\u00e1mparas de miner\u00eda de esta\u00f1o sobre las mesitas de noche, la [&hellip;]\" \/>\n<meta property=\"og:url\" content=\"https:\/\/www.avistagrandephuketresort.com\/es\/rooms-suites-karon-beach-hotel\/\" \/>\n<meta property=\"og:site_name\" content=\"Avista Grande Phuket Karon - Mgallery\" \/>\n<meta property=\"article:modified_time\" content=\"2023-09-21T03:00:54+00:00\" \/>\n<meta name=\"twitter:card\" content=\"summary_large_image\" \/>\n<meta name=\"twitter:label1\" content=\"Tiempo de lectura\" \/>\n\t<meta name=\"twitter:data1\" content=\"1 minuto\" \/>\n<script type=\"application\/ld+json\" class=\"yoast-schema-graph\">{\"@context\":\"https:\/\/schema.org\",\"@graph\":[{\"@type\":\"WebPage\",\"@id\":\"https:\/\/www.avistagrandephuketresort.com\/es\/rooms-suites-karon-beach-hotel\/\",\"url\":\"https:\/\/www.avistagrandephuketresort.com\/es\/rooms-suites-karon-beach-hotel\/\",\"name\":\"Habitaciones y suites - Avista Grande Phuket Karon - Mgallery\",\"isPartOf\":{\"@id\":\"https:\/\/www.avistagrandephuketresort.com\/#website\"},\"datePublished\":\"2023-07-25T02:16:26+00:00\",\"dateModified\":\"2023-09-21T03:00:54+00:00\",\"breadcrumb\":{\"@id\":\"https:\/\/www.avistagrandephuketresort.com\/es\/rooms-suites-karon-beach-hotel\/#breadcrumb\"},\"inLanguage\":\"es\",\"potentialAction\":[{\"@type\":\"ReadAction\",\"target\":[\"https:\/\/www.avistagrandephuketresort.com\/es\/rooms-suites-karon-beach-hotel\/\"]}]},{\"@type\":\"BreadcrumbList\",\"@id\":\"https:\/\/www.avistagrandephuketresort.com\/es\/rooms-suites-karon-beach-hotel\/#breadcrumb\",\"itemListElement\":[{\"@type\":\"ListItem\",\"position\":1,\"name\":\"Home\",\"item\":\"https:\/\/www.avistagrandephuketresort.com\/es\/\"},{\"@type\":\"ListItem\",\"position\":2,\"name\":\"Habitaciones y suites\"}]},{\"@type\":\"WebSite\",\"@id\":\"https:\/\/www.avistagrandephuketresort.com\/#website\",\"url\":\"https:\/\/www.avistagrandephuketresort.com\/\",\"name\":\"Avista Grande Phuket Karon - Mgallery\",\"description\":\"\",\"potentialAction\":[{\"@type\":\"SearchAction\",\"target\":{\"@type\":\"EntryPoint\",\"urlTemplate\":\"https:\/\/www.avistagrandephuketresort.com\/?s={search_term_string}\"},\"query-input\":{\"@type\":\"PropertyValueSpecification\",\"valueRequired\":true,\"valueName\":\"search_term_string\"}}],\"inLanguage\":\"es\"}]}<\/script>\n<!-- \/ Yoast SEO plugin. -->","yoast_head_json":{"title":"Habitaciones y suites - Avista Grande Phuket Karon - Mgallery","robots":{"index":"index","follow":"follow","max-snippet":"max-snippet:-1","max-image-preview":"max-image-preview:large","max-video-preview":"max-video-preview:-1"},"canonical":"https:\/\/www.avistagrandephuketresort.com\/es\/rooms-suites-karon-beach-hotel\/","og_locale":"es_ES","og_type":"article","og_title":"Habitaciones y suites - Avista Grande Phuket Karon - Mgallery","og_description":"Con algunas de las habitaciones y suites m\u00e1s espaciosas en un resort de Karon Beach Phuket a partir de 53 metros cuadrados, experimenta un dise\u00f1o moderno y sofisticado y toques de la herencia de Phuket en todas partes. Las adaptaciones de lujo de las l\u00e1mparas de miner\u00eda de esta\u00f1o sobre las mesitas de noche, la [&hellip;]","og_url":"https:\/\/www.avistagrandephuketresort.com\/es\/rooms-suites-karon-beach-hotel\/","og_site_name":"Avista Grande Phuket Karon - Mgallery","article_modified_time":"2023-09-21T03:00:54+00:00","twitter_card":"summary_large_image","twitter_misc":{"Tiempo de lectura":"1 minuto"},"schema":{"@context":"https:\/\/schema.org","@graph":[{"@type":"WebPage","@id":"https:\/\/www.avistagrandephuketresort.com\/es\/rooms-suites-karon-beach-hotel\/","url":"https:\/\/www.avistagrandephuketresort.com\/es\/rooms-suites-karon-beach-hotel\/","name":"Habitaciones y suites - Avista Grande Phuket Karon - Mgallery","isPartOf":{"@id":"https:\/\/www.avistagrandephuketresort.com\/#website"},"datePublished":"2023-07-25T02:16:26+00:00","dateModified":"2023-09-21T03:00:54+00:00","breadcrumb":{"@id":"https:\/\/www.avistagrandephuketresort.com\/es\/rooms-suites-karon-beach-hotel\/#breadcrumb"},"inLanguage":"es","potentialAction":[{"@type":"ReadAction","target":["https:\/\/www.avistagrandephuketresort.com\/es\/rooms-suites-karon-beach-hotel\/"]}]},{"@type":"BreadcrumbList","@id":"https:\/\/www.avistagrandephuketresort.com\/es\/rooms-suites-karon-beach-hotel\/#breadcrumb","itemListElement":[{"@type":"ListItem","position":1,"name":"Home","item":"https:\/\/www.avistagrandephuketresort.com\/es\/"},{"@type":"ListItem","position":2,"name":"Habitaciones y suites"}]},{"@type":"WebSite","@id":"https:\/\/www.avistagrandephuketresort.com\/#website","url":"https:\/\/www.avistagrandephuketresort.com\/","name":"Avista Grande Phuket Karon - Mgallery","description":"","potentialAction":[{"@type":"SearchAction","target":{"@type":"EntryPoint","urlTemplate":"https:\/\/www.avistagrandephuketresort.com\/?s={search_term_string}"},"query-input":{"@type":"PropertyValueSpecification","valueRequired":true,"valueName":"search_term_string"}}],"inLanguage":"es"}]}},"_links":{"self":[{"href":"https:\/\/www.avistagrandephuketresort.com\/es\/wp-json\/wp\/v2\/pages\/1144","targetHints":{"allow":["GET"]}}],"collection":[{"href":"https:\/\/www.avistagrandephuketresort.com\/es\/wp-json\/wp\/v2\/pages"}],"about":[{"href":"https:\/\/www.avistagrandephuketresort.com\/es\/wp-json\/wp\/v2\/types\/page"}],"author":[{"embeddable":true,"href":"https:\/\/www.avistagrandephuketresort.com\/es\/wp-json\/wp\/v2\/users\/55"}],"replies":[{"embeddable":true,"href":"https:\/\/www.avistagrandephuketresort.com\/es\/wp-json\/wp\/v2\/comments?post=1144"}],"version-history":[{"count":0,"href":"https:\/\/www.avistagrandephuketresort.com\/es\/wp-json\/wp\/v2\/pages\/1144\/revisions"}],"wp:attachment":[{"href":"https:\/\/www.avistagrandephuketresort.com\/es\/wp-json\/wp\/v2\/media?parent=1144"}],"wp:term":[{"taxonomy":"category","embeddable":true,"href":"https:\/\/www.avistagrandephuketresort.com\/es\/wp-json\/wp\/v2\/categories?post=1144"}],"curies":[{"name":"wp","href":"https:\/\/api.w.org\/{rel}","templated":true}]}}