{"id":925,"date":"2023-07-27T03:15:25","date_gmt":"2023-07-27T03:15:25","guid":{"rendered":"https:\/\/www.avistagrandephuketresort.com\/?page_id=925"},"modified":"2023-09-18T07:28:19","modified_gmt":"2023-09-18T07:28:19","slug":"weddings-in-phuket","status":"publish","type":"page","link":"https:\/\/www.avistagrandephuketresort.com\/de\/meetings-events\/weddings-in-phuket\/","title":{"rendered":"Hochzeiten"},"content":{"rendered":"<p style=\"text-align: center;\">Sie haben sich f\u00fcr <a href=\"https:\/\/www.avistagrandephuketresort.com\/de\/\">Avista Grande Phuket Karon<\/a>entschieden, um Ihre besondere Hochzeit in Phuket an einem wirklich besonderen Ort zu feiern &#8211; mit Blick auf das azurblaue Andamanische Meer, eingebettet in die \u00fcppige Kulisse eines tropischen Regenwaldes. Eine Traumhochzeit an einem m\u00e4rchenhaften Ziel. Romantische Erinnerungen, die ein Leben lang halten, beginnen hier.<\/p>\n<p>Erlauben Sie uns, den Stress der Planung des besondersten Tages f\u00fcr Sie zu \u00fcbernehmen! Entscheiden Sie sich f\u00fcr unser All-Inclusive-Paket ab nur <strong>THB 79,000++<\/strong>.++. Z\u00f6gern Sie nicht, uns f\u00fcr etwaige \u00c4nderungen oder Anpassungen zu kontaktieren, die Sie vornehmen m\u00f6chten, um sicherzustellen, dass Ihr besonderer Tag einzigartig ist und am besten zu Ihren Lieben passt!<\/p>\n<p>Wir wissen, wie wichtig Ihnen dieser Tag ist! Wir m\u00f6chten sicherstellen, dass kein Detail \u00fcbersehen wird, um Ihre Traumhochzeit perfekt zu gestalten. Bitte kontaktieren Sie uns, um mehr \u00fcber das Paket zu erfahren oder es nach Ihren W\u00fcnschen anzupassen! Wir helfen Ihnen gerne weiter!<\/p>\n","protected":false},"excerpt":{"rendered":"<p>Sie haben sich f\u00fcr Avista Grande Phuket Karonentschieden, um Ihre besondere Hochzeit in Phuket an einem wirklich besonderen Ort zu feiern &#8211; mit Blick auf das azurblaue Andamanische Meer, eingebettet in die \u00fcppige Kulisse eines tropischen Regenwaldes. Eine Traumhochzeit an einem m\u00e4rchenhaften Ziel. Romantische Erinnerungen, die ein Leben lang halten, beginnen hier. Erlauben Sie uns, [&hellip;]<\/p>\n","protected":false},"author":55,"featured_media":0,"parent":921,"menu_order":3,"comment_status":"closed","ping_status":"closed","template":"template-wedding.php","meta":{"footnotes":""},"categories":[],"class_list":["post-925","page","type-page","status-publish","hentry"],"acf":[],"yoast_head":"<!-- This site is optimized with the Yoast SEO plugin v26.9 - https:\/\/yoast.com\/product\/yoast-seo-wordpress\/ -->\n<title>Hochzeiten - Avista Grande Phuket Karon - Mgallery<\/title>\n<meta name=\"robots\" content=\"index, follow, max-snippet:-1, max-image-preview:large, max-video-preview:-1\" \/>\n<link rel=\"canonical\" href=\"https:\/\/www.avistagrandephuketresort.com\/de\/meetings-events\/weddings-in-phuket\/\" \/>\n<meta property=\"og:locale\" content=\"de_DE\" \/>\n<meta property=\"og:type\" content=\"article\" \/>\n<meta property=\"og:title\" content=\"Hochzeiten - Avista Grande Phuket Karon - Mgallery\" \/>\n<meta property=\"og:description\" content=\"Sie haben sich f\u00fcr Avista Grande Phuket Karonentschieden, um Ihre besondere Hochzeit in Phuket an einem wirklich besonderen Ort zu feiern &#8211; mit Blick auf das azurblaue Andamanische Meer, eingebettet in die \u00fcppige Kulisse eines tropischen Regenwaldes. Eine Traumhochzeit an einem m\u00e4rchenhaften Ziel. Romantische Erinnerungen, die ein Leben lang halten, beginnen hier. Erlauben Sie uns, [&hellip;]\" \/>\n<meta property=\"og:url\" content=\"https:\/\/www.avistagrandephuketresort.com\/de\/meetings-events\/weddings-in-phuket\/\" \/>\n<meta property=\"og:site_name\" content=\"Avista Grande Phuket Karon - Mgallery\" \/>\n<meta property=\"article:modified_time\" content=\"2023-09-18T07:28:19+00:00\" \/>\n<meta name=\"twitter:card\" content=\"summary_large_image\" \/>\n<meta name=\"twitter:label1\" content=\"Gesch\u00e4tzte Lesezeit\" \/>\n\t<meta name=\"twitter:data1\" content=\"1 Minute\" \/>\n<script type=\"application\/ld+json\" class=\"yoast-schema-graph\">{\"@context\":\"https:\/\/schema.org\",\"@graph\":[{\"@type\":\"WebPage\",\"@id\":\"https:\/\/www.avistagrandephuketresort.com\/de\/meetings-events\/weddings-in-phuket\/\",\"url\":\"https:\/\/www.avistagrandephuketresort.com\/de\/meetings-events\/weddings-in-phuket\/\",\"name\":\"Hochzeiten - Avista Grande Phuket Karon - Mgallery\",\"isPartOf\":{\"@id\":\"https:\/\/www.avistagrandephuketresort.com\/#website\"},\"datePublished\":\"2023-07-27T03:15:25+00:00\",\"dateModified\":\"2023-09-18T07:28:19+00:00\",\"breadcrumb\":{\"@id\":\"https:\/\/www.avistagrandephuketresort.com\/de\/meetings-events\/weddings-in-phuket\/#breadcrumb\"},\"inLanguage\":\"de-DE\",\"potentialAction\":[{\"@type\":\"ReadAction\",\"target\":[\"https:\/\/www.avistagrandephuketresort.com\/de\/meetings-events\/weddings-in-phuket\/\"]}]},{\"@type\":\"BreadcrumbList\",\"@id\":\"https:\/\/www.avistagrandephuketresort.com\/de\/meetings-events\/weddings-in-phuket\/#breadcrumb\",\"itemListElement\":[{\"@type\":\"ListItem\",\"position\":1,\"name\":\"Home\",\"item\":\"https:\/\/www.avistagrandephuketresort.com\/de\/\"},{\"@type\":\"ListItem\",\"position\":2,\"name\":\"Sitzungen &#038; Hochzeiten\",\"item\":\"https:\/\/www.avistagrandephuketresort.com\/de\/meetings-events\/\"},{\"@type\":\"ListItem\",\"position\":3,\"name\":\"Hochzeiten\"}]},{\"@type\":\"WebSite\",\"@id\":\"https:\/\/www.avistagrandephuketresort.com\/#website\",\"url\":\"https:\/\/www.avistagrandephuketresort.com\/\",\"name\":\"Avista Grande Phuket Karon - Mgallery\",\"description\":\"\",\"potentialAction\":[{\"@type\":\"SearchAction\",\"target\":{\"@type\":\"EntryPoint\",\"urlTemplate\":\"https:\/\/www.avistagrandephuketresort.com\/?s={search_term_string}\"},\"query-input\":{\"@type\":\"PropertyValueSpecification\",\"valueRequired\":true,\"valueName\":\"search_term_string\"}}],\"inLanguage\":\"de-DE\"}]}<\/script>\n<!-- \/ Yoast SEO plugin. -->","yoast_head_json":{"title":"Hochzeiten - Avista Grande Phuket Karon - Mgallery","robots":{"index":"index","follow":"follow","max-snippet":"max-snippet:-1","max-image-preview":"max-image-preview:large","max-video-preview":"max-video-preview:-1"},"canonical":"https:\/\/www.avistagrandephuketresort.com\/de\/meetings-events\/weddings-in-phuket\/","og_locale":"de_DE","og_type":"article","og_title":"Hochzeiten - Avista Grande Phuket Karon - Mgallery","og_description":"Sie haben sich f\u00fcr Avista Grande Phuket Karonentschieden, um Ihre besondere Hochzeit in Phuket an einem wirklich besonderen Ort zu feiern &#8211; mit Blick auf das azurblaue Andamanische Meer, eingebettet in die \u00fcppige Kulisse eines tropischen Regenwaldes. Eine Traumhochzeit an einem m\u00e4rchenhaften Ziel. Romantische Erinnerungen, die ein Leben lang halten, beginnen hier. Erlauben Sie uns, [&hellip;]","og_url":"https:\/\/www.avistagrandephuketresort.com\/de\/meetings-events\/weddings-in-phuket\/","og_site_name":"Avista Grande Phuket Karon - Mgallery","article_modified_time":"2023-09-18T07:28:19+00:00","twitter_card":"summary_large_image","twitter_misc":{"Gesch\u00e4tzte Lesezeit":"1 Minute"},"schema":{"@context":"https:\/\/schema.org","@graph":[{"@type":"WebPage","@id":"https:\/\/www.avistagrandephuketresort.com\/de\/meetings-events\/weddings-in-phuket\/","url":"https:\/\/www.avistagrandephuketresort.com\/de\/meetings-events\/weddings-in-phuket\/","name":"Hochzeiten - Avista Grande Phuket Karon - Mgallery","isPartOf":{"@id":"https:\/\/www.avistagrandephuketresort.com\/#website"},"datePublished":"2023-07-27T03:15:25+00:00","dateModified":"2023-09-18T07:28:19+00:00","breadcrumb":{"@id":"https:\/\/www.avistagrandephuketresort.com\/de\/meetings-events\/weddings-in-phuket\/#breadcrumb"},"inLanguage":"de-DE","potentialAction":[{"@type":"ReadAction","target":["https:\/\/www.avistagrandephuketresort.com\/de\/meetings-events\/weddings-in-phuket\/"]}]},{"@type":"BreadcrumbList","@id":"https:\/\/www.avistagrandephuketresort.com\/de\/meetings-events\/weddings-in-phuket\/#breadcrumb","itemListElement":[{"@type":"ListItem","position":1,"name":"Home","item":"https:\/\/www.avistagrandephuketresort.com\/de\/"},{"@type":"ListItem","position":2,"name":"Sitzungen &#038; Hochzeiten","item":"https:\/\/www.avistagrandephuketresort.com\/de\/meetings-events\/"},{"@type":"ListItem","position":3,"name":"Hochzeiten"}]},{"@type":"WebSite","@id":"https:\/\/www.avistagrandephuketresort.com\/#website","url":"https:\/\/www.avistagrandephuketresort.com\/","name":"Avista Grande Phuket Karon - Mgallery","description":"","potentialAction":[{"@type":"SearchAction","target":{"@type":"EntryPoint","urlTemplate":"https:\/\/www.avistagrandephuketresort.com\/?s={search_term_string}"},"query-input":{"@type":"PropertyValueSpecification","valueRequired":true,"valueName":"search_term_string"}}],"inLanguage":"de-DE"}]}},"_links":{"self":[{"href":"https:\/\/www.avistagrandephuketresort.com\/de\/wp-json\/wp\/v2\/pages\/925","targetHints":{"allow":["GET"]}}],"collection":[{"href":"https:\/\/www.avistagrandephuketresort.com\/de\/wp-json\/wp\/v2\/pages"}],"about":[{"href":"https:\/\/www.avistagrandephuketresort.com\/de\/wp-json\/wp\/v2\/types\/page"}],"author":[{"embeddable":true,"href":"https:\/\/www.avistagrandephuketresort.com\/de\/wp-json\/wp\/v2\/users\/55"}],"replies":[{"embeddable":true,"href":"https:\/\/www.avistagrandephuketresort.com\/de\/wp-json\/wp\/v2\/comments?post=925"}],"version-history":[{"count":0,"href":"https:\/\/www.avistagrandephuketresort.com\/de\/wp-json\/wp\/v2\/pages\/925\/revisions"}],"up":[{"embeddable":true,"href":"https:\/\/www.avistagrandephuketresort.com\/de\/wp-json\/wp\/v2\/pages\/921"}],"wp:attachment":[{"href":"https:\/\/www.avistagrandephuketresort.com\/de\/wp-json\/wp\/v2\/media?parent=925"}],"wp:term":[{"taxonomy":"category","embeddable":true,"href":"https:\/\/www.avistagrandephuketresort.com\/de\/wp-json\/wp\/v2\/categories?post=925"}],"curies":[{"name":"wp","href":"https:\/\/api.w.org\/{rel}","templated":true}]}}