{"id":923,"date":"2023-07-27T02:29:18","date_gmt":"2023-07-27T02:29:18","guid":{"rendered":"https:\/\/www.avistagrandephuketresort.com\/?page_id=923"},"modified":"2023-09-18T07:22:28","modified_gmt":"2023-09-18T07:22:28","slug":"meeting-in-phuket","status":"publish","type":"page","link":"https:\/\/www.avistagrandephuketresort.com\/de\/meetings-events\/meeting-in-phuket\/","title":{"rendered":"Sitzungen"},"content":{"rendered":"<p style=\"text-align: center;\">Die H\u00e4ndler von Phuket verwandelten Zinn in Gold, und der Ballsaal f\u00e4ngt den Geist dieser Opulenz vergangener Zeiten ein. Daher sind die \u00fcbergro\u00dfen Teakholzt\u00fcren mit goldenen Einlegearbeiten verziert. Die Kronleuchter an der Decke, deren Formen an das Gold erinnern, das sich in den Gew\u00f6lben oder Schatzr\u00e4umen der Zinnh\u00e4ndler ansammelt, leuchten in reichen T\u00f6nen und erhellen den Ballsaal. Auch die Fenster von Phukets Altstadt werden als goldene bodenlange Paneele neu interpretiert, die charakteristische Anpassungen der sino-portugiesischen Muster tragen.<\/p>\n","protected":false},"excerpt":{"rendered":"<p>Die H\u00e4ndler von Phuket verwandelten Zinn in Gold, und der Ballsaal f\u00e4ngt den Geist dieser Opulenz vergangener Zeiten ein. Daher sind die \u00fcbergro\u00dfen Teakholzt\u00fcren mit goldenen Einlegearbeiten verziert. Die Kronleuchter an der Decke, deren Formen an das Gold erinnern, das sich in den Gew\u00f6lben oder Schatzr\u00e4umen der Zinnh\u00e4ndler ansammelt, leuchten in reichen T\u00f6nen und erhellen [&hellip;]<\/p>\n","protected":false},"author":55,"featured_media":0,"parent":921,"menu_order":2,"comment_status":"closed","ping_status":"closed","template":"template-meeting-room.php","meta":{"footnotes":""},"categories":[],"class_list":["post-923","page","type-page","status-publish","hentry"],"acf":[],"yoast_head":"<!-- This site is optimized with the Yoast SEO plugin v26.9 - https:\/\/yoast.com\/product\/yoast-seo-wordpress\/ -->\n<title>Sitzungen - Avista Grande Phuket Karon - Mgallery<\/title>\n<meta name=\"robots\" content=\"index, follow, max-snippet:-1, max-image-preview:large, max-video-preview:-1\" \/>\n<link rel=\"canonical\" href=\"https:\/\/www.avistagrandephuketresort.com\/de\/meetings-events\/meeting-in-phuket\/\" \/>\n<meta property=\"og:locale\" content=\"de_DE\" \/>\n<meta property=\"og:type\" content=\"article\" \/>\n<meta property=\"og:title\" content=\"Sitzungen - Avista Grande Phuket Karon - Mgallery\" \/>\n<meta property=\"og:description\" content=\"Die H\u00e4ndler von Phuket verwandelten Zinn in Gold, und der Ballsaal f\u00e4ngt den Geist dieser Opulenz vergangener Zeiten ein. Daher sind die \u00fcbergro\u00dfen Teakholzt\u00fcren mit goldenen Einlegearbeiten verziert. Die Kronleuchter an der Decke, deren Formen an das Gold erinnern, das sich in den Gew\u00f6lben oder Schatzr\u00e4umen der Zinnh\u00e4ndler ansammelt, leuchten in reichen T\u00f6nen und erhellen [&hellip;]\" \/>\n<meta property=\"og:url\" content=\"https:\/\/www.avistagrandephuketresort.com\/de\/meetings-events\/meeting-in-phuket\/\" \/>\n<meta property=\"og:site_name\" content=\"Avista Grande Phuket Karon - Mgallery\" \/>\n<meta property=\"article:modified_time\" content=\"2023-09-18T07:22:28+00:00\" \/>\n<meta name=\"twitter:card\" content=\"summary_large_image\" \/>\n<meta name=\"twitter:label1\" content=\"Gesch\u00e4tzte Lesezeit\" \/>\n\t<meta name=\"twitter:data1\" content=\"1 Minute\" \/>\n<script type=\"application\/ld+json\" class=\"yoast-schema-graph\">{\"@context\":\"https:\/\/schema.org\",\"@graph\":[{\"@type\":\"WebPage\",\"@id\":\"https:\/\/www.avistagrandephuketresort.com\/de\/meetings-events\/meeting-in-phuket\/\",\"url\":\"https:\/\/www.avistagrandephuketresort.com\/de\/meetings-events\/meeting-in-phuket\/\",\"name\":\"Sitzungen - Avista Grande Phuket Karon - Mgallery\",\"isPartOf\":{\"@id\":\"https:\/\/www.avistagrandephuketresort.com\/#website\"},\"datePublished\":\"2023-07-27T02:29:18+00:00\",\"dateModified\":\"2023-09-18T07:22:28+00:00\",\"breadcrumb\":{\"@id\":\"https:\/\/www.avistagrandephuketresort.com\/de\/meetings-events\/meeting-in-phuket\/#breadcrumb\"},\"inLanguage\":\"de-DE\",\"potentialAction\":[{\"@type\":\"ReadAction\",\"target\":[\"https:\/\/www.avistagrandephuketresort.com\/de\/meetings-events\/meeting-in-phuket\/\"]}]},{\"@type\":\"BreadcrumbList\",\"@id\":\"https:\/\/www.avistagrandephuketresort.com\/de\/meetings-events\/meeting-in-phuket\/#breadcrumb\",\"itemListElement\":[{\"@type\":\"ListItem\",\"position\":1,\"name\":\"Home\",\"item\":\"https:\/\/www.avistagrandephuketresort.com\/de\/\"},{\"@type\":\"ListItem\",\"position\":2,\"name\":\"Sitzungen &#038; Hochzeiten\",\"item\":\"https:\/\/www.avistagrandephuketresort.com\/de\/meetings-events\/\"},{\"@type\":\"ListItem\",\"position\":3,\"name\":\"Sitzungen\"}]},{\"@type\":\"WebSite\",\"@id\":\"https:\/\/www.avistagrandephuketresort.com\/#website\",\"url\":\"https:\/\/www.avistagrandephuketresort.com\/\",\"name\":\"Avista Grande Phuket Karon - Mgallery\",\"description\":\"\",\"potentialAction\":[{\"@type\":\"SearchAction\",\"target\":{\"@type\":\"EntryPoint\",\"urlTemplate\":\"https:\/\/www.avistagrandephuketresort.com\/?s={search_term_string}\"},\"query-input\":{\"@type\":\"PropertyValueSpecification\",\"valueRequired\":true,\"valueName\":\"search_term_string\"}}],\"inLanguage\":\"de-DE\"}]}<\/script>\n<!-- \/ Yoast SEO plugin. -->","yoast_head_json":{"title":"Sitzungen - Avista Grande Phuket Karon - Mgallery","robots":{"index":"index","follow":"follow","max-snippet":"max-snippet:-1","max-image-preview":"max-image-preview:large","max-video-preview":"max-video-preview:-1"},"canonical":"https:\/\/www.avistagrandephuketresort.com\/de\/meetings-events\/meeting-in-phuket\/","og_locale":"de_DE","og_type":"article","og_title":"Sitzungen - Avista Grande Phuket Karon - Mgallery","og_description":"Die H\u00e4ndler von Phuket verwandelten Zinn in Gold, und der Ballsaal f\u00e4ngt den Geist dieser Opulenz vergangener Zeiten ein. Daher sind die \u00fcbergro\u00dfen Teakholzt\u00fcren mit goldenen Einlegearbeiten verziert. Die Kronleuchter an der Decke, deren Formen an das Gold erinnern, das sich in den Gew\u00f6lben oder Schatzr\u00e4umen der Zinnh\u00e4ndler ansammelt, leuchten in reichen T\u00f6nen und erhellen [&hellip;]","og_url":"https:\/\/www.avistagrandephuketresort.com\/de\/meetings-events\/meeting-in-phuket\/","og_site_name":"Avista Grande Phuket Karon - Mgallery","article_modified_time":"2023-09-18T07:22:28+00:00","twitter_card":"summary_large_image","twitter_misc":{"Gesch\u00e4tzte Lesezeit":"1 Minute"},"schema":{"@context":"https:\/\/schema.org","@graph":[{"@type":"WebPage","@id":"https:\/\/www.avistagrandephuketresort.com\/de\/meetings-events\/meeting-in-phuket\/","url":"https:\/\/www.avistagrandephuketresort.com\/de\/meetings-events\/meeting-in-phuket\/","name":"Sitzungen - Avista Grande Phuket Karon - Mgallery","isPartOf":{"@id":"https:\/\/www.avistagrandephuketresort.com\/#website"},"datePublished":"2023-07-27T02:29:18+00:00","dateModified":"2023-09-18T07:22:28+00:00","breadcrumb":{"@id":"https:\/\/www.avistagrandephuketresort.com\/de\/meetings-events\/meeting-in-phuket\/#breadcrumb"},"inLanguage":"de-DE","potentialAction":[{"@type":"ReadAction","target":["https:\/\/www.avistagrandephuketresort.com\/de\/meetings-events\/meeting-in-phuket\/"]}]},{"@type":"BreadcrumbList","@id":"https:\/\/www.avistagrandephuketresort.com\/de\/meetings-events\/meeting-in-phuket\/#breadcrumb","itemListElement":[{"@type":"ListItem","position":1,"name":"Home","item":"https:\/\/www.avistagrandephuketresort.com\/de\/"},{"@type":"ListItem","position":2,"name":"Sitzungen &#038; Hochzeiten","item":"https:\/\/www.avistagrandephuketresort.com\/de\/meetings-events\/"},{"@type":"ListItem","position":3,"name":"Sitzungen"}]},{"@type":"WebSite","@id":"https:\/\/www.avistagrandephuketresort.com\/#website","url":"https:\/\/www.avistagrandephuketresort.com\/","name":"Avista Grande Phuket Karon - Mgallery","description":"","potentialAction":[{"@type":"SearchAction","target":{"@type":"EntryPoint","urlTemplate":"https:\/\/www.avistagrandephuketresort.com\/?s={search_term_string}"},"query-input":{"@type":"PropertyValueSpecification","valueRequired":true,"valueName":"search_term_string"}}],"inLanguage":"de-DE"}]}},"_links":{"self":[{"href":"https:\/\/www.avistagrandephuketresort.com\/de\/wp-json\/wp\/v2\/pages\/923","targetHints":{"allow":["GET"]}}],"collection":[{"href":"https:\/\/www.avistagrandephuketresort.com\/de\/wp-json\/wp\/v2\/pages"}],"about":[{"href":"https:\/\/www.avistagrandephuketresort.com\/de\/wp-json\/wp\/v2\/types\/page"}],"author":[{"embeddable":true,"href":"https:\/\/www.avistagrandephuketresort.com\/de\/wp-json\/wp\/v2\/users\/55"}],"replies":[{"embeddable":true,"href":"https:\/\/www.avistagrandephuketresort.com\/de\/wp-json\/wp\/v2\/comments?post=923"}],"version-history":[{"count":0,"href":"https:\/\/www.avistagrandephuketresort.com\/de\/wp-json\/wp\/v2\/pages\/923\/revisions"}],"up":[{"embeddable":true,"href":"https:\/\/www.avistagrandephuketresort.com\/de\/wp-json\/wp\/v2\/pages\/921"}],"wp:attachment":[{"href":"https:\/\/www.avistagrandephuketresort.com\/de\/wp-json\/wp\/v2\/media?parent=923"}],"wp:term":[{"taxonomy":"category","embeddable":true,"href":"https:\/\/www.avistagrandephuketresort.com\/de\/wp-json\/wp\/v2\/categories?post=923"}],"curies":[{"name":"wp","href":"https:\/\/api.w.org\/{rel}","templated":true}]}}