{"id":921,"date":"2023-07-27T01:41:52","date_gmt":"2023-07-27T01:41:52","guid":{"rendered":"https:\/\/www.avistagrandephuketresort.com\/?page_id=921"},"modified":"2023-09-18T07:14:57","modified_gmt":"2023-09-18T07:14:57","slug":"meetings-events","status":"publish","type":"page","link":"https:\/\/www.avistagrandephuketresort.com\/de\/meetings-events\/","title":{"rendered":"Sitzungen &#038; Hochzeiten"},"content":{"rendered":"<p style=\"text-align: center;\">Dieses tropische Refugium mit Blick auf das Andamanische Meer ist der perfekte Ort f\u00fcr Ihre <a href=\"https:\/\/www.avistagrandephuketresort.com\/de\/meetings-events\/business-events\/\">Veranstaltungen <\/a>oder intime Hochzeiten. Das <a href=\"https:\/\/www.avistagrandephuketresort.com\/de\/\">Avista Grande Phuket Karon<\/a>nur eine Stunde vom internationalen Flughafen Phuket entfernt, liegt eingebettet zwischen \u00fcppigen Bergen und dem wei\u00dfen Sandstrand von Karon Beach. F\u00fcr Seminare, Vorstandssitzungen, Produktvorstellungen oder Teambuilding-Ausfl\u00fcge garantiert die Avista Grande Phuket Karon &#8211; MGallery Collection Erfolg.<\/p>\n","protected":false},"excerpt":{"rendered":"<p>Dieses tropische Refugium mit Blick auf das Andamanische Meer ist der perfekte Ort f\u00fcr Ihre Veranstaltungen oder intime Hochzeiten. Das Avista Grande Phuket Karonnur eine Stunde vom internationalen Flughafen Phuket entfernt, liegt eingebettet zwischen \u00fcppigen Bergen und dem wei\u00dfen Sandstrand von Karon Beach. F\u00fcr Seminare, Vorstandssitzungen, Produktvorstellungen oder Teambuilding-Ausfl\u00fcge garantiert die Avista Grande Phuket Karon [&hellip;]<\/p>\n","protected":false},"author":55,"featured_media":0,"parent":0,"menu_order":0,"comment_status":"closed","ping_status":"closed","template":"","meta":{"footnotes":""},"categories":[],"class_list":["post-921","page","type-page","status-publish","hentry"],"acf":[],"yoast_head":"<!-- This site is optimized with the Yoast SEO plugin v26.9 - https:\/\/yoast.com\/product\/yoast-seo-wordpress\/ -->\n<title>Sitzungen &amp; Hochzeiten - Avista Grande Phuket Karon - Mgallery<\/title>\n<meta name=\"robots\" content=\"index, follow, max-snippet:-1, max-image-preview:large, max-video-preview:-1\" \/>\n<link rel=\"canonical\" href=\"https:\/\/www.avistagrandephuketresort.com\/de\/meetings-events\/\" \/>\n<meta property=\"og:locale\" content=\"de_DE\" \/>\n<meta property=\"og:type\" content=\"article\" \/>\n<meta property=\"og:title\" content=\"Sitzungen &amp; Hochzeiten - Avista Grande Phuket Karon - Mgallery\" \/>\n<meta property=\"og:description\" content=\"Dieses tropische Refugium mit Blick auf das Andamanische Meer ist der perfekte Ort f\u00fcr Ihre Veranstaltungen oder intime Hochzeiten. Das Avista Grande Phuket Karonnur eine Stunde vom internationalen Flughafen Phuket entfernt, liegt eingebettet zwischen \u00fcppigen Bergen und dem wei\u00dfen Sandstrand von Karon Beach. F\u00fcr Seminare, Vorstandssitzungen, Produktvorstellungen oder Teambuilding-Ausfl\u00fcge garantiert die Avista Grande Phuket Karon [&hellip;]\" \/>\n<meta property=\"og:url\" content=\"https:\/\/www.avistagrandephuketresort.com\/de\/meetings-events\/\" \/>\n<meta property=\"og:site_name\" content=\"Avista Grande Phuket Karon - Mgallery\" \/>\n<meta property=\"article:modified_time\" content=\"2023-09-18T07:14:57+00:00\" \/>\n<meta name=\"twitter:card\" content=\"summary_large_image\" \/>\n<meta name=\"twitter:label1\" content=\"Gesch\u00e4tzte Lesezeit\" \/>\n\t<meta name=\"twitter:data1\" content=\"1 Minute\" \/>\n<script type=\"application\/ld+json\" class=\"yoast-schema-graph\">{\"@context\":\"https:\/\/schema.org\",\"@graph\":[{\"@type\":\"WebPage\",\"@id\":\"https:\/\/www.avistagrandephuketresort.com\/de\/meetings-events\/\",\"url\":\"https:\/\/www.avistagrandephuketresort.com\/de\/meetings-events\/\",\"name\":\"Sitzungen & Hochzeiten - Avista Grande Phuket Karon - Mgallery\",\"isPartOf\":{\"@id\":\"https:\/\/www.avistagrandephuketresort.com\/#website\"},\"datePublished\":\"2023-07-27T01:41:52+00:00\",\"dateModified\":\"2023-09-18T07:14:57+00:00\",\"breadcrumb\":{\"@id\":\"https:\/\/www.avistagrandephuketresort.com\/de\/meetings-events\/#breadcrumb\"},\"inLanguage\":\"de-DE\",\"potentialAction\":[{\"@type\":\"ReadAction\",\"target\":[\"https:\/\/www.avistagrandephuketresort.com\/de\/meetings-events\/\"]}]},{\"@type\":\"BreadcrumbList\",\"@id\":\"https:\/\/www.avistagrandephuketresort.com\/de\/meetings-events\/#breadcrumb\",\"itemListElement\":[{\"@type\":\"ListItem\",\"position\":1,\"name\":\"Home\",\"item\":\"https:\/\/www.avistagrandephuketresort.com\/de\/\"},{\"@type\":\"ListItem\",\"position\":2,\"name\":\"Sitzungen &#038; Hochzeiten\"}]},{\"@type\":\"WebSite\",\"@id\":\"https:\/\/www.avistagrandephuketresort.com\/#website\",\"url\":\"https:\/\/www.avistagrandephuketresort.com\/\",\"name\":\"Avista Grande Phuket Karon - Mgallery\",\"description\":\"\",\"potentialAction\":[{\"@type\":\"SearchAction\",\"target\":{\"@type\":\"EntryPoint\",\"urlTemplate\":\"https:\/\/www.avistagrandephuketresort.com\/?s={search_term_string}\"},\"query-input\":{\"@type\":\"PropertyValueSpecification\",\"valueRequired\":true,\"valueName\":\"search_term_string\"}}],\"inLanguage\":\"de-DE\"}]}<\/script>\n<!-- \/ Yoast SEO plugin. -->","yoast_head_json":{"title":"Sitzungen & Hochzeiten - Avista Grande Phuket Karon - Mgallery","robots":{"index":"index","follow":"follow","max-snippet":"max-snippet:-1","max-image-preview":"max-image-preview:large","max-video-preview":"max-video-preview:-1"},"canonical":"https:\/\/www.avistagrandephuketresort.com\/de\/meetings-events\/","og_locale":"de_DE","og_type":"article","og_title":"Sitzungen & Hochzeiten - Avista Grande Phuket Karon - Mgallery","og_description":"Dieses tropische Refugium mit Blick auf das Andamanische Meer ist der perfekte Ort f\u00fcr Ihre Veranstaltungen oder intime Hochzeiten. Das Avista Grande Phuket Karonnur eine Stunde vom internationalen Flughafen Phuket entfernt, liegt eingebettet zwischen \u00fcppigen Bergen und dem wei\u00dfen Sandstrand von Karon Beach. F\u00fcr Seminare, Vorstandssitzungen, Produktvorstellungen oder Teambuilding-Ausfl\u00fcge garantiert die Avista Grande Phuket Karon [&hellip;]","og_url":"https:\/\/www.avistagrandephuketresort.com\/de\/meetings-events\/","og_site_name":"Avista Grande Phuket Karon - Mgallery","article_modified_time":"2023-09-18T07:14:57+00:00","twitter_card":"summary_large_image","twitter_misc":{"Gesch\u00e4tzte Lesezeit":"1 Minute"},"schema":{"@context":"https:\/\/schema.org","@graph":[{"@type":"WebPage","@id":"https:\/\/www.avistagrandephuketresort.com\/de\/meetings-events\/","url":"https:\/\/www.avistagrandephuketresort.com\/de\/meetings-events\/","name":"Sitzungen & Hochzeiten - Avista Grande Phuket Karon - Mgallery","isPartOf":{"@id":"https:\/\/www.avistagrandephuketresort.com\/#website"},"datePublished":"2023-07-27T01:41:52+00:00","dateModified":"2023-09-18T07:14:57+00:00","breadcrumb":{"@id":"https:\/\/www.avistagrandephuketresort.com\/de\/meetings-events\/#breadcrumb"},"inLanguage":"de-DE","potentialAction":[{"@type":"ReadAction","target":["https:\/\/www.avistagrandephuketresort.com\/de\/meetings-events\/"]}]},{"@type":"BreadcrumbList","@id":"https:\/\/www.avistagrandephuketresort.com\/de\/meetings-events\/#breadcrumb","itemListElement":[{"@type":"ListItem","position":1,"name":"Home","item":"https:\/\/www.avistagrandephuketresort.com\/de\/"},{"@type":"ListItem","position":2,"name":"Sitzungen &#038; Hochzeiten"}]},{"@type":"WebSite","@id":"https:\/\/www.avistagrandephuketresort.com\/#website","url":"https:\/\/www.avistagrandephuketresort.com\/","name":"Avista Grande Phuket Karon - Mgallery","description":"","potentialAction":[{"@type":"SearchAction","target":{"@type":"EntryPoint","urlTemplate":"https:\/\/www.avistagrandephuketresort.com\/?s={search_term_string}"},"query-input":{"@type":"PropertyValueSpecification","valueRequired":true,"valueName":"search_term_string"}}],"inLanguage":"de-DE"}]}},"_links":{"self":[{"href":"https:\/\/www.avistagrandephuketresort.com\/de\/wp-json\/wp\/v2\/pages\/921","targetHints":{"allow":["GET"]}}],"collection":[{"href":"https:\/\/www.avistagrandephuketresort.com\/de\/wp-json\/wp\/v2\/pages"}],"about":[{"href":"https:\/\/www.avistagrandephuketresort.com\/de\/wp-json\/wp\/v2\/types\/page"}],"author":[{"embeddable":true,"href":"https:\/\/www.avistagrandephuketresort.com\/de\/wp-json\/wp\/v2\/users\/55"}],"replies":[{"embeddable":true,"href":"https:\/\/www.avistagrandephuketresort.com\/de\/wp-json\/wp\/v2\/comments?post=921"}],"version-history":[{"count":0,"href":"https:\/\/www.avistagrandephuketresort.com\/de\/wp-json\/wp\/v2\/pages\/921\/revisions"}],"wp:attachment":[{"href":"https:\/\/www.avistagrandephuketresort.com\/de\/wp-json\/wp\/v2\/media?parent=921"}],"wp:term":[{"taxonomy":"category","embeddable":true,"href":"https:\/\/www.avistagrandephuketresort.com\/de\/wp-json\/wp\/v2\/categories?post=921"}],"curies":[{"name":"wp","href":"https:\/\/api.w.org\/{rel}","templated":true}]}}