{"id":884,"date":"2023-07-27T01:15:06","date_gmt":"2023-07-27T01:15:06","guid":{"rendered":"https:\/\/www.avistagrandephuketresort.com\/?page_id=884"},"modified":"2023-09-14T09:18:10","modified_gmt":"2023-09-14T09:18:10","slug":"two-swimming-pools","status":"publish","type":"page","link":"https:\/\/www.avistagrandephuketresort.com\/de\/wellness-resort\/two-swimming-pools\/","title":{"rendered":"ZWEI SCHWIMMB\u00c4DER"},"content":{"rendered":"<p style=\"text-align: center;\">Lassen Sie sich gehen oder genie\u00dfen Sie einfach die Phuket Sonne in einem oder beiden der weitl\u00e4ufigen und ger\u00e4umigen Pools.<\/p>\n<p style=\"text-align: center;\">Schwimmen Sie zur <a href=\"https:\/\/www.avistagrandephuketresort.com\/de\/restaurants-bars\/lido\/\">Lido Pool Bar<\/a>f\u00fcr einen erfrischenden Cocktail, Mocktail oder Softdrink am Pool!<\/p>\n<p>&nbsp;<\/p>\n<p style=\"text-align: center;\">Klicken Sie hier, um unsere <a href=\"https:\/\/www.avistagrandephuketresort.com\/de\/rooms-suites-karon-beach-hotel\/\">Zimmer und Suiten<\/a> zu sehen und Ihren n\u00e4chsten Urlaub zu planen.<\/p>\n<p style=\"text-align: center;\">Senden Sie uns unten eine Nachricht, um eine Frage zu stellen oder Ihr Zimmer zu buchen:<\/p>\n<p style=\"text-align: center;\">E-mail:\u00a0<a href=\"mailto:HA224-RE@accor.com\">HA224-RE@accor.com<\/a><\/p>\n","protected":false},"excerpt":{"rendered":"<p>Lassen Sie sich gehen oder genie\u00dfen Sie einfach die Phuket Sonne in einem oder beiden der weitl\u00e4ufigen und ger\u00e4umigen Pools. Schwimmen Sie zur Lido Pool Barf\u00fcr einen erfrischenden Cocktail, Mocktail oder Softdrink am Pool! &nbsp; Klicken Sie hier, um unsere Zimmer und Suiten zu sehen und Ihren n\u00e4chsten Urlaub zu planen. Senden Sie uns unten [&hellip;]<\/p>\n","protected":false},"author":55,"featured_media":0,"parent":847,"menu_order":4,"comment_status":"closed","ping_status":"closed","template":"","meta":{"footnotes":""},"categories":[],"class_list":["post-884","page","type-page","status-publish","hentry"],"acf":[],"yoast_head":"<!-- This site is optimized with the Yoast SEO plugin v26.9 - https:\/\/yoast.com\/product\/yoast-seo-wordpress\/ -->\n<title>ZWEI SCHWIMMB\u00c4DER - Avista Grande Phuket Karon - Mgallery<\/title>\n<meta name=\"robots\" content=\"index, follow, max-snippet:-1, max-image-preview:large, max-video-preview:-1\" \/>\n<link rel=\"canonical\" href=\"https:\/\/www.avistagrandephuketresort.com\/de\/wellness-resort\/two-swimming-pools\/\" \/>\n<meta property=\"og:locale\" content=\"de_DE\" \/>\n<meta property=\"og:type\" content=\"article\" \/>\n<meta property=\"og:title\" content=\"ZWEI SCHWIMMB\u00c4DER - Avista Grande Phuket Karon - Mgallery\" \/>\n<meta property=\"og:description\" content=\"Lassen Sie sich gehen oder genie\u00dfen Sie einfach die Phuket Sonne in einem oder beiden der weitl\u00e4ufigen und ger\u00e4umigen Pools. Schwimmen Sie zur Lido Pool Barf\u00fcr einen erfrischenden Cocktail, Mocktail oder Softdrink am Pool! &nbsp; Klicken Sie hier, um unsere Zimmer und Suiten zu sehen und Ihren n\u00e4chsten Urlaub zu planen. Senden Sie uns unten [&hellip;]\" \/>\n<meta property=\"og:url\" content=\"https:\/\/www.avistagrandephuketresort.com\/de\/wellness-resort\/two-swimming-pools\/\" \/>\n<meta property=\"og:site_name\" content=\"Avista Grande Phuket Karon - Mgallery\" \/>\n<meta property=\"article:modified_time\" content=\"2023-09-14T09:18:10+00:00\" \/>\n<meta name=\"twitter:card\" content=\"summary_large_image\" \/>\n<meta name=\"twitter:label1\" content=\"Gesch\u00e4tzte Lesezeit\" \/>\n\t<meta name=\"twitter:data1\" content=\"1 Minute\" \/>\n<script type=\"application\/ld+json\" class=\"yoast-schema-graph\">{\"@context\":\"https:\/\/schema.org\",\"@graph\":[{\"@type\":\"WebPage\",\"@id\":\"https:\/\/www.avistagrandephuketresort.com\/de\/wellness-resort\/two-swimming-pools\/\",\"url\":\"https:\/\/www.avistagrandephuketresort.com\/de\/wellness-resort\/two-swimming-pools\/\",\"name\":\"ZWEI SCHWIMMB\u00c4DER - Avista Grande Phuket Karon - Mgallery\",\"isPartOf\":{\"@id\":\"https:\/\/www.avistagrandephuketresort.com\/#website\"},\"datePublished\":\"2023-07-27T01:15:06+00:00\",\"dateModified\":\"2023-09-14T09:18:10+00:00\",\"breadcrumb\":{\"@id\":\"https:\/\/www.avistagrandephuketresort.com\/de\/wellness-resort\/two-swimming-pools\/#breadcrumb\"},\"inLanguage\":\"de-DE\",\"potentialAction\":[{\"@type\":\"ReadAction\",\"target\":[\"https:\/\/www.avistagrandephuketresort.com\/de\/wellness-resort\/two-swimming-pools\/\"]}]},{\"@type\":\"BreadcrumbList\",\"@id\":\"https:\/\/www.avistagrandephuketresort.com\/de\/wellness-resort\/two-swimming-pools\/#breadcrumb\",\"itemListElement\":[{\"@type\":\"ListItem\",\"position\":1,\"name\":\"Home\",\"item\":\"https:\/\/www.avistagrandephuketresort.com\/de\/\"},{\"@type\":\"ListItem\",\"position\":2,\"name\":\"Spa &#038; Einrichtungen\",\"item\":\"https:\/\/www.avistagrandephuketresort.com\/de\/wellness-resort\/\"},{\"@type\":\"ListItem\",\"position\":3,\"name\":\"ZWEI SCHWIMMB\u00c4DER\"}]},{\"@type\":\"WebSite\",\"@id\":\"https:\/\/www.avistagrandephuketresort.com\/#website\",\"url\":\"https:\/\/www.avistagrandephuketresort.com\/\",\"name\":\"Avista Grande Phuket Karon - Mgallery\",\"description\":\"\",\"potentialAction\":[{\"@type\":\"SearchAction\",\"target\":{\"@type\":\"EntryPoint\",\"urlTemplate\":\"https:\/\/www.avistagrandephuketresort.com\/?s={search_term_string}\"},\"query-input\":{\"@type\":\"PropertyValueSpecification\",\"valueRequired\":true,\"valueName\":\"search_term_string\"}}],\"inLanguage\":\"de-DE\"}]}<\/script>\n<!-- \/ Yoast SEO plugin. -->","yoast_head_json":{"title":"ZWEI SCHWIMMB\u00c4DER - Avista Grande Phuket Karon - Mgallery","robots":{"index":"index","follow":"follow","max-snippet":"max-snippet:-1","max-image-preview":"max-image-preview:large","max-video-preview":"max-video-preview:-1"},"canonical":"https:\/\/www.avistagrandephuketresort.com\/de\/wellness-resort\/two-swimming-pools\/","og_locale":"de_DE","og_type":"article","og_title":"ZWEI SCHWIMMB\u00c4DER - Avista Grande Phuket Karon - Mgallery","og_description":"Lassen Sie sich gehen oder genie\u00dfen Sie einfach die Phuket Sonne in einem oder beiden der weitl\u00e4ufigen und ger\u00e4umigen Pools. Schwimmen Sie zur Lido Pool Barf\u00fcr einen erfrischenden Cocktail, Mocktail oder Softdrink am Pool! &nbsp; Klicken Sie hier, um unsere Zimmer und Suiten zu sehen und Ihren n\u00e4chsten Urlaub zu planen. Senden Sie uns unten [&hellip;]","og_url":"https:\/\/www.avistagrandephuketresort.com\/de\/wellness-resort\/two-swimming-pools\/","og_site_name":"Avista Grande Phuket Karon - Mgallery","article_modified_time":"2023-09-14T09:18:10+00:00","twitter_card":"summary_large_image","twitter_misc":{"Gesch\u00e4tzte Lesezeit":"1 Minute"},"schema":{"@context":"https:\/\/schema.org","@graph":[{"@type":"WebPage","@id":"https:\/\/www.avistagrandephuketresort.com\/de\/wellness-resort\/two-swimming-pools\/","url":"https:\/\/www.avistagrandephuketresort.com\/de\/wellness-resort\/two-swimming-pools\/","name":"ZWEI SCHWIMMB\u00c4DER - Avista Grande Phuket Karon - Mgallery","isPartOf":{"@id":"https:\/\/www.avistagrandephuketresort.com\/#website"},"datePublished":"2023-07-27T01:15:06+00:00","dateModified":"2023-09-14T09:18:10+00:00","breadcrumb":{"@id":"https:\/\/www.avistagrandephuketresort.com\/de\/wellness-resort\/two-swimming-pools\/#breadcrumb"},"inLanguage":"de-DE","potentialAction":[{"@type":"ReadAction","target":["https:\/\/www.avistagrandephuketresort.com\/de\/wellness-resort\/two-swimming-pools\/"]}]},{"@type":"BreadcrumbList","@id":"https:\/\/www.avistagrandephuketresort.com\/de\/wellness-resort\/two-swimming-pools\/#breadcrumb","itemListElement":[{"@type":"ListItem","position":1,"name":"Home","item":"https:\/\/www.avistagrandephuketresort.com\/de\/"},{"@type":"ListItem","position":2,"name":"Spa &#038; Einrichtungen","item":"https:\/\/www.avistagrandephuketresort.com\/de\/wellness-resort\/"},{"@type":"ListItem","position":3,"name":"ZWEI SCHWIMMB\u00c4DER"}]},{"@type":"WebSite","@id":"https:\/\/www.avistagrandephuketresort.com\/#website","url":"https:\/\/www.avistagrandephuketresort.com\/","name":"Avista Grande Phuket Karon - Mgallery","description":"","potentialAction":[{"@type":"SearchAction","target":{"@type":"EntryPoint","urlTemplate":"https:\/\/www.avistagrandephuketresort.com\/?s={search_term_string}"},"query-input":{"@type":"PropertyValueSpecification","valueRequired":true,"valueName":"search_term_string"}}],"inLanguage":"de-DE"}]}},"_links":{"self":[{"href":"https:\/\/www.avistagrandephuketresort.com\/de\/wp-json\/wp\/v2\/pages\/884","targetHints":{"allow":["GET"]}}],"collection":[{"href":"https:\/\/www.avistagrandephuketresort.com\/de\/wp-json\/wp\/v2\/pages"}],"about":[{"href":"https:\/\/www.avistagrandephuketresort.com\/de\/wp-json\/wp\/v2\/types\/page"}],"author":[{"embeddable":true,"href":"https:\/\/www.avistagrandephuketresort.com\/de\/wp-json\/wp\/v2\/users\/55"}],"replies":[{"embeddable":true,"href":"https:\/\/www.avistagrandephuketresort.com\/de\/wp-json\/wp\/v2\/comments?post=884"}],"version-history":[{"count":0,"href":"https:\/\/www.avistagrandephuketresort.com\/de\/wp-json\/wp\/v2\/pages\/884\/revisions"}],"up":[{"embeddable":true,"href":"https:\/\/www.avistagrandephuketresort.com\/de\/wp-json\/wp\/v2\/pages\/847"}],"wp:attachment":[{"href":"https:\/\/www.avistagrandephuketresort.com\/de\/wp-json\/wp\/v2\/media?parent=884"}],"wp:term":[{"taxonomy":"category","embeddable":true,"href":"https:\/\/www.avistagrandephuketresort.com\/de\/wp-json\/wp\/v2\/categories?post=884"}],"curies":[{"name":"wp","href":"https:\/\/api.w.org\/{rel}","templated":true}]}}