{"id":883,"date":"2023-07-26T09:42:29","date_gmt":"2023-07-26T09:42:29","guid":{"rendered":"https:\/\/www.avistagrandephuketresort.com\/?page_id=883"},"modified":"2023-09-14T09:01:24","modified_gmt":"2023-09-14T09:01:24","slug":"kids-zone-phuket-family-resort","status":"publish","type":"page","link":"https:\/\/www.avistagrandephuketresort.com\/de\/wellness-resort\/kids-zone-phuket-family-resort\/","title":{"rendered":"KINDER-ZONE"},"content":{"rendered":"<p style=\"text-align: center;\">Die KINDERZONE im <a href=\"https:\/\/www.avistagrandephuketresort.com\/de\/\">Avista Grande Phuket Karon &#8211; MGallery<\/a>ist ein spa\u00dfiger und ansprechender Ort, um Ihre Kleinen w\u00e4hrend Ihres Aufenthalts in einem der besten<a href=\"https:\/\/www.avistagrandephuketresort.com\/de\/rooms-suites-karon-beach-hotel\/\">Familienresorts in Phuket<\/a>zu unterhalten.Der hell bunte Clubraum und der Au\u00dfenspielbereich bieten eine Vielzahl von Aktivit\u00e4ten f\u00fcr Kinder bis zu 12 Jahren, darunter Spielzeug, Spiele, Sandspielbereich und ein umfangreicher <a href=\"https:\/\/d2e5ushqwiltxm.cloudfront.net\/wp-content\/uploads\/sites\/143\/2022\/09\/09093442\/KidsZoneActivities.pdf\"> Zeitplan f\u00fcr Kunst- und Handwerksaktivit\u00e4ten<\/a> um ihre Fantasie anzuregen. Der Spielebereich verf\u00fcgt \u00fcber einen Billardtisch, Mini-Tischtennis und Air Hockey sowie einen gro\u00dfen LCD-Fernseher mit Kabelfernsehen, Filmen und moderner Spielekonsole f\u00fcr \u00e4ltere Kinder, Jugendliche und Eltern, die einfach in einem k\u00fchlen, klimatisierten Raum entspannen m\u00f6chten. Kids Zone is also the perfect place for a private <a href=\"https:\/\/www.avistagrandephuketresort.com\/offers\/kids-birthday-party-in-phuket\/\">Kids Birthday Party in Phuket<\/a>.<\/p>\n","protected":false},"excerpt":{"rendered":"<p>Die KINDERZONE im Avista Grande Phuket Karon &#8211; MGalleryist ein spa\u00dfiger und ansprechender Ort, um Ihre Kleinen w\u00e4hrend Ihres Aufenthalts in einem der bestenFamilienresorts in Phuketzu unterhalten.Der hell bunte Clubraum und der Au\u00dfenspielbereich bieten eine Vielzahl von Aktivit\u00e4ten f\u00fcr Kinder bis zu 12 Jahren, darunter Spielzeug, Spiele, Sandspielbereich und ein umfangreicher Zeitplan f\u00fcr Kunst- und [&hellip;]<\/p>\n","protected":false},"author":55,"featured_media":0,"parent":847,"menu_order":3,"comment_status":"closed","ping_status":"closed","template":"","meta":{"footnotes":""},"categories":[],"class_list":["post-883","page","type-page","status-publish","hentry"],"acf":[],"yoast_head":"<!-- This site is optimized with the Yoast SEO plugin v26.9 - https:\/\/yoast.com\/product\/yoast-seo-wordpress\/ -->\n<title>KINDER-ZONE - Avista Grande Phuket Karon - Mgallery<\/title>\n<meta name=\"robots\" content=\"index, follow, max-snippet:-1, max-image-preview:large, max-video-preview:-1\" \/>\n<link rel=\"canonical\" href=\"https:\/\/www.avistagrandephuketresort.com\/de\/wellness-resort\/kids-zone-phuket-family-resort\/\" \/>\n<meta property=\"og:locale\" content=\"de_DE\" \/>\n<meta property=\"og:type\" content=\"article\" \/>\n<meta property=\"og:title\" content=\"KINDER-ZONE - Avista Grande Phuket Karon - Mgallery\" \/>\n<meta property=\"og:description\" content=\"Die KINDERZONE im Avista Grande Phuket Karon &#8211; MGalleryist ein spa\u00dfiger und ansprechender Ort, um Ihre Kleinen w\u00e4hrend Ihres Aufenthalts in einem der bestenFamilienresorts in Phuketzu unterhalten.Der hell bunte Clubraum und der Au\u00dfenspielbereich bieten eine Vielzahl von Aktivit\u00e4ten f\u00fcr Kinder bis zu 12 Jahren, darunter Spielzeug, Spiele, Sandspielbereich und ein umfangreicher Zeitplan f\u00fcr Kunst- und [&hellip;]\" \/>\n<meta property=\"og:url\" content=\"https:\/\/www.avistagrandephuketresort.com\/de\/wellness-resort\/kids-zone-phuket-family-resort\/\" \/>\n<meta property=\"og:site_name\" content=\"Avista Grande Phuket Karon - Mgallery\" \/>\n<meta property=\"article:modified_time\" content=\"2023-09-14T09:01:24+00:00\" \/>\n<meta name=\"twitter:card\" content=\"summary_large_image\" \/>\n<meta name=\"twitter:label1\" content=\"Gesch\u00e4tzte Lesezeit\" \/>\n\t<meta name=\"twitter:data1\" content=\"1 Minute\" \/>\n<script type=\"application\/ld+json\" class=\"yoast-schema-graph\">{\"@context\":\"https:\/\/schema.org\",\"@graph\":[{\"@type\":\"WebPage\",\"@id\":\"https:\/\/www.avistagrandephuketresort.com\/de\/wellness-resort\/kids-zone-phuket-family-resort\/\",\"url\":\"https:\/\/www.avistagrandephuketresort.com\/de\/wellness-resort\/kids-zone-phuket-family-resort\/\",\"name\":\"KINDER-ZONE - Avista Grande Phuket Karon - Mgallery\",\"isPartOf\":{\"@id\":\"https:\/\/www.avistagrandephuketresort.com\/#website\"},\"datePublished\":\"2023-07-26T09:42:29+00:00\",\"dateModified\":\"2023-09-14T09:01:24+00:00\",\"breadcrumb\":{\"@id\":\"https:\/\/www.avistagrandephuketresort.com\/de\/wellness-resort\/kids-zone-phuket-family-resort\/#breadcrumb\"},\"inLanguage\":\"de-DE\",\"potentialAction\":[{\"@type\":\"ReadAction\",\"target\":[\"https:\/\/www.avistagrandephuketresort.com\/de\/wellness-resort\/kids-zone-phuket-family-resort\/\"]}]},{\"@type\":\"BreadcrumbList\",\"@id\":\"https:\/\/www.avistagrandephuketresort.com\/de\/wellness-resort\/kids-zone-phuket-family-resort\/#breadcrumb\",\"itemListElement\":[{\"@type\":\"ListItem\",\"position\":1,\"name\":\"Home\",\"item\":\"https:\/\/www.avistagrandephuketresort.com\/de\/\"},{\"@type\":\"ListItem\",\"position\":2,\"name\":\"Spa &#038; Einrichtungen\",\"item\":\"https:\/\/www.avistagrandephuketresort.com\/de\/wellness-resort\/\"},{\"@type\":\"ListItem\",\"position\":3,\"name\":\"KINDER-ZONE\"}]},{\"@type\":\"WebSite\",\"@id\":\"https:\/\/www.avistagrandephuketresort.com\/#website\",\"url\":\"https:\/\/www.avistagrandephuketresort.com\/\",\"name\":\"Avista Grande Phuket Karon - Mgallery\",\"description\":\"\",\"potentialAction\":[{\"@type\":\"SearchAction\",\"target\":{\"@type\":\"EntryPoint\",\"urlTemplate\":\"https:\/\/www.avistagrandephuketresort.com\/?s={search_term_string}\"},\"query-input\":{\"@type\":\"PropertyValueSpecification\",\"valueRequired\":true,\"valueName\":\"search_term_string\"}}],\"inLanguage\":\"de-DE\"}]}<\/script>\n<!-- \/ Yoast SEO plugin. -->","yoast_head_json":{"title":"KINDER-ZONE - Avista Grande Phuket Karon - Mgallery","robots":{"index":"index","follow":"follow","max-snippet":"max-snippet:-1","max-image-preview":"max-image-preview:large","max-video-preview":"max-video-preview:-1"},"canonical":"https:\/\/www.avistagrandephuketresort.com\/de\/wellness-resort\/kids-zone-phuket-family-resort\/","og_locale":"de_DE","og_type":"article","og_title":"KINDER-ZONE - Avista Grande Phuket Karon - Mgallery","og_description":"Die KINDERZONE im Avista Grande Phuket Karon &#8211; MGalleryist ein spa\u00dfiger und ansprechender Ort, um Ihre Kleinen w\u00e4hrend Ihres Aufenthalts in einem der bestenFamilienresorts in Phuketzu unterhalten.Der hell bunte Clubraum und der Au\u00dfenspielbereich bieten eine Vielzahl von Aktivit\u00e4ten f\u00fcr Kinder bis zu 12 Jahren, darunter Spielzeug, Spiele, Sandspielbereich und ein umfangreicher Zeitplan f\u00fcr Kunst- und [&hellip;]","og_url":"https:\/\/www.avistagrandephuketresort.com\/de\/wellness-resort\/kids-zone-phuket-family-resort\/","og_site_name":"Avista Grande Phuket Karon - Mgallery","article_modified_time":"2023-09-14T09:01:24+00:00","twitter_card":"summary_large_image","twitter_misc":{"Gesch\u00e4tzte Lesezeit":"1 Minute"},"schema":{"@context":"https:\/\/schema.org","@graph":[{"@type":"WebPage","@id":"https:\/\/www.avistagrandephuketresort.com\/de\/wellness-resort\/kids-zone-phuket-family-resort\/","url":"https:\/\/www.avistagrandephuketresort.com\/de\/wellness-resort\/kids-zone-phuket-family-resort\/","name":"KINDER-ZONE - Avista Grande Phuket Karon - Mgallery","isPartOf":{"@id":"https:\/\/www.avistagrandephuketresort.com\/#website"},"datePublished":"2023-07-26T09:42:29+00:00","dateModified":"2023-09-14T09:01:24+00:00","breadcrumb":{"@id":"https:\/\/www.avistagrandephuketresort.com\/de\/wellness-resort\/kids-zone-phuket-family-resort\/#breadcrumb"},"inLanguage":"de-DE","potentialAction":[{"@type":"ReadAction","target":["https:\/\/www.avistagrandephuketresort.com\/de\/wellness-resort\/kids-zone-phuket-family-resort\/"]}]},{"@type":"BreadcrumbList","@id":"https:\/\/www.avistagrandephuketresort.com\/de\/wellness-resort\/kids-zone-phuket-family-resort\/#breadcrumb","itemListElement":[{"@type":"ListItem","position":1,"name":"Home","item":"https:\/\/www.avistagrandephuketresort.com\/de\/"},{"@type":"ListItem","position":2,"name":"Spa &#038; Einrichtungen","item":"https:\/\/www.avistagrandephuketresort.com\/de\/wellness-resort\/"},{"@type":"ListItem","position":3,"name":"KINDER-ZONE"}]},{"@type":"WebSite","@id":"https:\/\/www.avistagrandephuketresort.com\/#website","url":"https:\/\/www.avistagrandephuketresort.com\/","name":"Avista Grande Phuket Karon - Mgallery","description":"","potentialAction":[{"@type":"SearchAction","target":{"@type":"EntryPoint","urlTemplate":"https:\/\/www.avistagrandephuketresort.com\/?s={search_term_string}"},"query-input":{"@type":"PropertyValueSpecification","valueRequired":true,"valueName":"search_term_string"}}],"inLanguage":"de-DE"}]}},"_links":{"self":[{"href":"https:\/\/www.avistagrandephuketresort.com\/de\/wp-json\/wp\/v2\/pages\/883","targetHints":{"allow":["GET"]}}],"collection":[{"href":"https:\/\/www.avistagrandephuketresort.com\/de\/wp-json\/wp\/v2\/pages"}],"about":[{"href":"https:\/\/www.avistagrandephuketresort.com\/de\/wp-json\/wp\/v2\/types\/page"}],"author":[{"embeddable":true,"href":"https:\/\/www.avistagrandephuketresort.com\/de\/wp-json\/wp\/v2\/users\/55"}],"replies":[{"embeddable":true,"href":"https:\/\/www.avistagrandephuketresort.com\/de\/wp-json\/wp\/v2\/comments?post=883"}],"version-history":[{"count":0,"href":"https:\/\/www.avistagrandephuketresort.com\/de\/wp-json\/wp\/v2\/pages\/883\/revisions"}],"up":[{"embeddable":true,"href":"https:\/\/www.avistagrandephuketresort.com\/de\/wp-json\/wp\/v2\/pages\/847"}],"wp:attachment":[{"href":"https:\/\/www.avistagrandephuketresort.com\/de\/wp-json\/wp\/v2\/media?parent=883"}],"wp:term":[{"taxonomy":"category","embeddable":true,"href":"https:\/\/www.avistagrandephuketresort.com\/de\/wp-json\/wp\/v2\/categories?post=883"}],"curies":[{"name":"wp","href":"https:\/\/api.w.org\/{rel}","templated":true}]}}