{"id":882,"date":"2023-07-26T08:59:49","date_gmt":"2023-07-26T08:59:49","guid":{"rendered":"https:\/\/www.avistagrandephuketresort.com\/?page_id=882"},"modified":"2023-09-14T08:38:37","modified_gmt":"2023-09-14T08:38:37","slug":"fitlab","status":"publish","type":"page","link":"https:\/\/www.avistagrandephuketresort.com\/de\/wellness-resort\/fitlab\/","title":{"rendered":"FITLAB 24 STUNDEN FITNESSSTUDIO"},"content":{"rendered":"<p style=\"text-align: center;\"><a href=\"https:\/\/www.avistagrandephuketresort.com\/de\/wellness-resort\/fitlab\/\"><strong>FitLab<\/strong><\/a>ist mit hochmodernen Trainingsger\u00e4ten ausgestattet, um ein Training zu gew\u00e4hrleisten, das Ihre Energie f\u00fcr einen erlebnisreichen Tag auf der Insel steigert.<\/p>\n<p style=\"text-align: center;\">Die Erkundung der Insel h\u00e4lt Sie aktiv, aber Sie sp\u00fcren vielleicht trotzdem das Bed\u00fcrfnis nach einem guten Training. Gehen Sie zu FitLab, unserem <strong>Fitness- und Gesundheitszentrum <\/strong> at <strong><a href=\"https:\/\/www.avistagrandephuketresort.com\/de\/\">Avista Grande Phuket Karon<\/a><\/strong>.Tanken Sie Energie mit einer breiten Auswahl an hochmodernen Trainingsger\u00e4ten. Auf der Suche nach Balance entspannen Sie sich im modernen und beruhigenden Yogaraum von FitLab. Die Spannung verschwindet mit jeder Dehnung, w\u00e4hrend ein Gef\u00fchl von Frieden und Stille sanft durch Ihren belebten K\u00f6rper flie\u00dft.<\/p>\n<p style=\"text-align: center;\">F\u00fcr Ihre Cardio-\u00dcbungen bieten wir eine breite Palette von Ger\u00e4ten, darunter Laufb\u00e4nder, Ellipsentrainer und Fahrradmaschinen. Um das Blut durch Ihre Muskeln flie\u00dfen zu lassen und bestm\u00f6glich auszusehen, bevor Sie losziehen, k\u00f6nnen Sie einige Gewichte heben und eine intensive Trainingseinheit mit einer umfangreichen Auswahl an Freihanteln und Ger\u00e4ten absolvieren. Das Fitnessstudio ist immer mit frischen Handt\u00fcchern und Getr\u00e4nken ausgestattet und bietet dazu noch gute Musik als Begleitung, sodass Sie sich um nichts anderes k\u00fcmmern m\u00fcssen als um die Intensit\u00e4t des Trainings.<\/p>\n<p style=\"text-align: center;\">Ein gesunder K\u00f6rper und Geist sind in der modernen Zeit unerl\u00e4sslich. Aus diesem Grund haben wir ausgedehnten Raum geschaffen, damit Sie sich in einer tiefgr\u00fcndigen Yoga-Sitzung verlieren k\u00f6nnen. Im Einklang mit dieser alten Kunst werden die Umgebungen, in denen Sie sich befinden, Ihre Energie verst\u00e4rken. Die Lage in solch \u00fcppiger Umgebung spielt ebenfalls eine wichtige Rolle, um den Geist zu fokussieren und sich darauf zu konzentrieren, das Beste aus Ihrem Tag herauszuholen. Unsere G\u00e4ste sind herzlich eingeladen, unser <strong>Fitnesscenter in Karon <\/strong> zu nutzen, und unser Personal steht immer zur Verf\u00fcgung, um bei Bedarf zu helfen.<\/p>\n<p style=\"text-align: center;\">Buchen Sie die unvergesslichste  <a href=\"https:\/\/www.avistagrandephuketresort.com\/de\/wellness-resort\/pearl-luxury-spa-phuket\/pearl-spa-special-offers\/\"> Spa-Behandlung<\/a>im Pearl Spa. Unsere Spa-Therapeuten warten auf Sie!<\/p>\n","protected":false},"excerpt":{"rendered":"<p>FitLabist mit hochmodernen Trainingsger\u00e4ten ausgestattet, um ein Training zu gew\u00e4hrleisten, das Ihre Energie f\u00fcr einen erlebnisreichen Tag auf der Insel steigert. Die Erkundung der Insel h\u00e4lt Sie aktiv, aber Sie sp\u00fcren vielleicht trotzdem das Bed\u00fcrfnis nach einem guten Training. Gehen Sie zu FitLab, unserem Fitness- und Gesundheitszentrum at Avista Grande Phuket Karon.Tanken Sie Energie mit [&hellip;]<\/p>\n","protected":false},"author":55,"featured_media":0,"parent":847,"menu_order":2,"comment_status":"closed","ping_status":"closed","template":"","meta":{"footnotes":""},"categories":[],"class_list":["post-882","page","type-page","status-publish","hentry"],"acf":[],"yoast_head":"<!-- This site is optimized with the Yoast SEO plugin v26.9 - https:\/\/yoast.com\/product\/yoast-seo-wordpress\/ -->\n<title>FITLAB 24 STUNDEN FITNESSSTUDIO - Avista Grande Phuket Karon - Mgallery<\/title>\n<meta name=\"robots\" content=\"index, follow, max-snippet:-1, max-image-preview:large, max-video-preview:-1\" \/>\n<link rel=\"canonical\" href=\"https:\/\/www.avistagrandephuketresort.com\/de\/wellness-resort\/fitlab\/\" \/>\n<meta property=\"og:locale\" content=\"de_DE\" \/>\n<meta property=\"og:type\" content=\"article\" \/>\n<meta property=\"og:title\" content=\"FITLAB 24 STUNDEN FITNESSSTUDIO - Avista Grande Phuket Karon - Mgallery\" \/>\n<meta property=\"og:description\" content=\"FitLabist mit hochmodernen Trainingsger\u00e4ten ausgestattet, um ein Training zu gew\u00e4hrleisten, das Ihre Energie f\u00fcr einen erlebnisreichen Tag auf der Insel steigert. Die Erkundung der Insel h\u00e4lt Sie aktiv, aber Sie sp\u00fcren vielleicht trotzdem das Bed\u00fcrfnis nach einem guten Training. Gehen Sie zu FitLab, unserem Fitness- und Gesundheitszentrum at Avista Grande Phuket Karon.Tanken Sie Energie mit [&hellip;]\" \/>\n<meta property=\"og:url\" content=\"https:\/\/www.avistagrandephuketresort.com\/de\/wellness-resort\/fitlab\/\" \/>\n<meta property=\"og:site_name\" content=\"Avista Grande Phuket Karon - Mgallery\" \/>\n<meta property=\"article:modified_time\" content=\"2023-09-14T08:38:37+00:00\" \/>\n<meta name=\"twitter:card\" content=\"summary_large_image\" \/>\n<meta name=\"twitter:label1\" content=\"Gesch\u00e4tzte Lesezeit\" \/>\n\t<meta name=\"twitter:data1\" content=\"2 Minuten\" \/>\n<script type=\"application\/ld+json\" class=\"yoast-schema-graph\">{\"@context\":\"https:\/\/schema.org\",\"@graph\":[{\"@type\":\"WebPage\",\"@id\":\"https:\/\/www.avistagrandephuketresort.com\/de\/wellness-resort\/fitlab\/\",\"url\":\"https:\/\/www.avistagrandephuketresort.com\/de\/wellness-resort\/fitlab\/\",\"name\":\"FITLAB 24 STUNDEN FITNESSSTUDIO - Avista Grande Phuket Karon - Mgallery\",\"isPartOf\":{\"@id\":\"https:\/\/www.avistagrandephuketresort.com\/#website\"},\"datePublished\":\"2023-07-26T08:59:49+00:00\",\"dateModified\":\"2023-09-14T08:38:37+00:00\",\"breadcrumb\":{\"@id\":\"https:\/\/www.avistagrandephuketresort.com\/de\/wellness-resort\/fitlab\/#breadcrumb\"},\"inLanguage\":\"de-DE\",\"potentialAction\":[{\"@type\":\"ReadAction\",\"target\":[\"https:\/\/www.avistagrandephuketresort.com\/de\/wellness-resort\/fitlab\/\"]}]},{\"@type\":\"BreadcrumbList\",\"@id\":\"https:\/\/www.avistagrandephuketresort.com\/de\/wellness-resort\/fitlab\/#breadcrumb\",\"itemListElement\":[{\"@type\":\"ListItem\",\"position\":1,\"name\":\"Home\",\"item\":\"https:\/\/www.avistagrandephuketresort.com\/de\/\"},{\"@type\":\"ListItem\",\"position\":2,\"name\":\"Spa &#038; Einrichtungen\",\"item\":\"https:\/\/www.avistagrandephuketresort.com\/de\/wellness-resort\/\"},{\"@type\":\"ListItem\",\"position\":3,\"name\":\"FITLAB 24 STUNDEN FITNESSSTUDIO\"}]},{\"@type\":\"WebSite\",\"@id\":\"https:\/\/www.avistagrandephuketresort.com\/#website\",\"url\":\"https:\/\/www.avistagrandephuketresort.com\/\",\"name\":\"Avista Grande Phuket Karon - Mgallery\",\"description\":\"\",\"potentialAction\":[{\"@type\":\"SearchAction\",\"target\":{\"@type\":\"EntryPoint\",\"urlTemplate\":\"https:\/\/www.avistagrandephuketresort.com\/?s={search_term_string}\"},\"query-input\":{\"@type\":\"PropertyValueSpecification\",\"valueRequired\":true,\"valueName\":\"search_term_string\"}}],\"inLanguage\":\"de-DE\"}]}<\/script>\n<!-- \/ Yoast SEO plugin. -->","yoast_head_json":{"title":"FITLAB 24 STUNDEN FITNESSSTUDIO - Avista Grande Phuket Karon - Mgallery","robots":{"index":"index","follow":"follow","max-snippet":"max-snippet:-1","max-image-preview":"max-image-preview:large","max-video-preview":"max-video-preview:-1"},"canonical":"https:\/\/www.avistagrandephuketresort.com\/de\/wellness-resort\/fitlab\/","og_locale":"de_DE","og_type":"article","og_title":"FITLAB 24 STUNDEN FITNESSSTUDIO - Avista Grande Phuket Karon - Mgallery","og_description":"FitLabist mit hochmodernen Trainingsger\u00e4ten ausgestattet, um ein Training zu gew\u00e4hrleisten, das Ihre Energie f\u00fcr einen erlebnisreichen Tag auf der Insel steigert. Die Erkundung der Insel h\u00e4lt Sie aktiv, aber Sie sp\u00fcren vielleicht trotzdem das Bed\u00fcrfnis nach einem guten Training. Gehen Sie zu FitLab, unserem Fitness- und Gesundheitszentrum at Avista Grande Phuket Karon.Tanken Sie Energie mit [&hellip;]","og_url":"https:\/\/www.avistagrandephuketresort.com\/de\/wellness-resort\/fitlab\/","og_site_name":"Avista Grande Phuket Karon - Mgallery","article_modified_time":"2023-09-14T08:38:37+00:00","twitter_card":"summary_large_image","twitter_misc":{"Gesch\u00e4tzte Lesezeit":"2 Minuten"},"schema":{"@context":"https:\/\/schema.org","@graph":[{"@type":"WebPage","@id":"https:\/\/www.avistagrandephuketresort.com\/de\/wellness-resort\/fitlab\/","url":"https:\/\/www.avistagrandephuketresort.com\/de\/wellness-resort\/fitlab\/","name":"FITLAB 24 STUNDEN FITNESSSTUDIO - Avista Grande Phuket Karon - Mgallery","isPartOf":{"@id":"https:\/\/www.avistagrandephuketresort.com\/#website"},"datePublished":"2023-07-26T08:59:49+00:00","dateModified":"2023-09-14T08:38:37+00:00","breadcrumb":{"@id":"https:\/\/www.avistagrandephuketresort.com\/de\/wellness-resort\/fitlab\/#breadcrumb"},"inLanguage":"de-DE","potentialAction":[{"@type":"ReadAction","target":["https:\/\/www.avistagrandephuketresort.com\/de\/wellness-resort\/fitlab\/"]}]},{"@type":"BreadcrumbList","@id":"https:\/\/www.avistagrandephuketresort.com\/de\/wellness-resort\/fitlab\/#breadcrumb","itemListElement":[{"@type":"ListItem","position":1,"name":"Home","item":"https:\/\/www.avistagrandephuketresort.com\/de\/"},{"@type":"ListItem","position":2,"name":"Spa &#038; Einrichtungen","item":"https:\/\/www.avistagrandephuketresort.com\/de\/wellness-resort\/"},{"@type":"ListItem","position":3,"name":"FITLAB 24 STUNDEN FITNESSSTUDIO"}]},{"@type":"WebSite","@id":"https:\/\/www.avistagrandephuketresort.com\/#website","url":"https:\/\/www.avistagrandephuketresort.com\/","name":"Avista Grande Phuket Karon - Mgallery","description":"","potentialAction":[{"@type":"SearchAction","target":{"@type":"EntryPoint","urlTemplate":"https:\/\/www.avistagrandephuketresort.com\/?s={search_term_string}"},"query-input":{"@type":"PropertyValueSpecification","valueRequired":true,"valueName":"search_term_string"}}],"inLanguage":"de-DE"}]}},"_links":{"self":[{"href":"https:\/\/www.avistagrandephuketresort.com\/de\/wp-json\/wp\/v2\/pages\/882","targetHints":{"allow":["GET"]}}],"collection":[{"href":"https:\/\/www.avistagrandephuketresort.com\/de\/wp-json\/wp\/v2\/pages"}],"about":[{"href":"https:\/\/www.avistagrandephuketresort.com\/de\/wp-json\/wp\/v2\/types\/page"}],"author":[{"embeddable":true,"href":"https:\/\/www.avistagrandephuketresort.com\/de\/wp-json\/wp\/v2\/users\/55"}],"replies":[{"embeddable":true,"href":"https:\/\/www.avistagrandephuketresort.com\/de\/wp-json\/wp\/v2\/comments?post=882"}],"version-history":[{"count":0,"href":"https:\/\/www.avistagrandephuketresort.com\/de\/wp-json\/wp\/v2\/pages\/882\/revisions"}],"up":[{"embeddable":true,"href":"https:\/\/www.avistagrandephuketresort.com\/de\/wp-json\/wp\/v2\/pages\/847"}],"wp:attachment":[{"href":"https:\/\/www.avistagrandephuketresort.com\/de\/wp-json\/wp\/v2\/media?parent=882"}],"wp:term":[{"taxonomy":"category","embeddable":true,"href":"https:\/\/www.avistagrandephuketresort.com\/de\/wp-json\/wp\/v2\/categories?post=882"}],"curies":[{"name":"wp","href":"https:\/\/api.w.org\/{rel}","templated":true}]}}