{"id":880,"date":"2023-07-26T07:47:42","date_gmt":"2023-07-26T07:47:42","guid":{"rendered":"https:\/\/www.avistagrandephuketresort.com\/?page_id=880"},"modified":"2023-09-14T08:32:31","modified_gmt":"2023-09-14T08:32:31","slug":"spa-faqs","status":"publish","type":"page","link":"https:\/\/www.avistagrandephuketresort.com\/de\/wellness-resort\/pearl-luxury-spa-phuket\/spa-faqs\/","title":{"rendered":"Spa FAQs"},"content":{"rendered":"<h3 style=\"text-align: center;\">Spa-Knigge<\/h3>\n<p>&nbsp;<\/p>\n<p style=\"text-align: center;\">Das Spa ist ein R\u00fcckzugsort f\u00fcr Ihren K\u00f6rper, Geist und Seele. Aus R\u00fccksicht auf andere sollten Sie L\u00e4rm auf ein Minimum reduzieren und die Privatsph\u00e4re anderer G\u00e4ste respektieren, indem Sie leise sprechen. Kinder sind im Spa nicht erlaubt, es sei denn, sie erhalten eine Behandlung oder werden von einem Erwachsenen begleitet. Ihre Zeit im Spa-R\u00fcckzugsort sollte der vollkommenen Entspannung gewidmet sein. Das Ausschalten von Mobiltelefonen und anderen elektronischen Ger\u00e4ten trennt Sie f\u00fcr ein paar Stunden von der mobilen Welt und hilft dabei, Ihren Geist zu entspannen.<\/p>\n<h3><\/h3>\n<h3 style=\"text-align: center;\">Was sollte ich in einem Spa tragen?<\/h3>\n<p>&nbsp;<\/p>\n<p style=\"text-align: center;\">Ihr Komfort w\u00e4hrend Ihrer gew\u00e4hlten Behandlung ist sehr wichtig, um das Beste aus den Erfahrungen herauszuholen. Bitte kommen Sie im Spa in bequemer, leichter Kleidung oder einem Bademantel an. Unsere professionellen Therapeuten sorgen f\u00fcr Abdeckung, um Ihre Privatsph\u00e4re zu gew\u00e4hrleisten. Einweg-Unterw\u00e4sche ist auf Anfrage erh\u00e4ltlich.<\/p>\n<h3><\/h3>\n<h3 style=\"text-align: center;\">Was muss ich tun, um ein Spa zu buchen?<\/h3>\n<p>&nbsp;<\/p>\n<p style=\"text-align: center;\">Wir empfehlen Ihnen, weit im Voraus vor Ihrer Ankunft zu buchen, um Ihren bevorzugten Termin und Ihre Behandlungszeit zu sichern. Bitte informieren Sie den Spa-Rezeptionisten bei der Reservierung \u00fcber besondere Anliegen. Bitte beachten Sie die \u00d6ffnungszeiten des Spas. Das Pearl Spa ist t\u00e4glich von 10 bis 21 Uhr ge\u00f6ffnet. Die letzte Behandlung endet um 21 Uhr. Bitte kommen Sie mindestens 15 Minuten vor Ihrer geplanten Behandlung an, um eine verk\u00fcrzte Behandlungszeit zu vermeiden. Eine versp\u00e4tete Ankunft f\u00fchrt zu einer verk\u00fcrzten Behandlung, um anderen G\u00e4sten gerecht zu werden.<\/p>\n<h3><\/h3>\n<h3 style=\"text-align: center;\">Spa w\u00e4hrend der Schwangerschaft<\/h3>\n<p>&nbsp;<\/p>\n<p style=\"text-align: center;\">Wenn Sie schwanger sind, m\u00f6chten Sie m\u00f6glicherweise Behandlungen vermeiden, die die Verwendung von \u00e4therischen \u00d6len beinhalten. Massagen oder anregende Behandlungen werden w\u00e4hrend der ersten drei Monate der Schwangerschaft nicht empfohlen.<\/p>\n<h3><\/h3>\n<h3 style=\"text-align: center;\">Gesundheitliche Komplikationen<\/h3>\n<p>&nbsp;<\/p>\n<p style=\"text-align: center;\">Wenn Sie IRGENDEINE medizinische Erkrankung haben, insbesondere Krebs, Herzerkrankungen, hoher\/niedriger Blutdruck, Diabetes, Epilepsie oder eine Operation in den letzten sechs Monaten, sollten Sie vor der Buchung von Spa-Diensten R\u00fccksprache mit Ihrem Arzt halten. Bitte informieren Sie auch Ihren Therapeuten \u00fcber etwaige medizinische Zust\u00e4nde.<\/p>\n<h3><\/h3>\n<h3 style=\"text-align: center;\">Darf ich in einem Spa rauchen oder trinken?<\/h3>\n<p>&nbsp;<\/p>\n<p style=\"text-align: center;\">Rauchen und der Konsum von Alkohol im Spa-Bereich sind untersagt. Es wird auch empfohlen, den Konsum von Alkohol oder schweren Mahlzeiten vor oder nach einer Spa-Behandlung zu vermeiden.<\/p>\n","protected":false},"excerpt":{"rendered":"<p>Spa-Knigge &nbsp; Das Spa ist ein R\u00fcckzugsort f\u00fcr Ihren K\u00f6rper, Geist und Seele. Aus R\u00fccksicht auf andere sollten Sie L\u00e4rm auf ein Minimum reduzieren und die Privatsph\u00e4re anderer G\u00e4ste respektieren, indem Sie leise sprechen. Kinder sind im Spa nicht erlaubt, es sei denn, sie erhalten eine Behandlung oder werden von einem Erwachsenen begleitet. Ihre Zeit [&hellip;]<\/p>\n","protected":false},"author":55,"featured_media":0,"parent":848,"menu_order":5,"comment_status":"closed","ping_status":"closed","template":"","meta":{"footnotes":""},"categories":[],"class_list":["post-880","page","type-page","status-publish","hentry"],"acf":[],"yoast_head":"<!-- This site is optimized with the Yoast SEO plugin v26.9 - https:\/\/yoast.com\/product\/yoast-seo-wordpress\/ -->\n<title>Spa FAQs - Avista Grande Phuket Karon - Mgallery<\/title>\n<meta name=\"robots\" content=\"index, follow, max-snippet:-1, max-image-preview:large, max-video-preview:-1\" \/>\n<link rel=\"canonical\" href=\"https:\/\/www.avistagrandephuketresort.com\/de\/wellness-resort\/pearl-luxury-spa-phuket\/spa-faqs\/\" \/>\n<meta property=\"og:locale\" content=\"de_DE\" \/>\n<meta property=\"og:type\" content=\"article\" \/>\n<meta property=\"og:title\" content=\"Spa FAQs - Avista Grande Phuket Karon - Mgallery\" \/>\n<meta property=\"og:description\" content=\"Spa-Knigge &nbsp; Das Spa ist ein R\u00fcckzugsort f\u00fcr Ihren K\u00f6rper, Geist und Seele. Aus R\u00fccksicht auf andere sollten Sie L\u00e4rm auf ein Minimum reduzieren und die Privatsph\u00e4re anderer G\u00e4ste respektieren, indem Sie leise sprechen. Kinder sind im Spa nicht erlaubt, es sei denn, sie erhalten eine Behandlung oder werden von einem Erwachsenen begleitet. Ihre Zeit [&hellip;]\" \/>\n<meta property=\"og:url\" content=\"https:\/\/www.avistagrandephuketresort.com\/de\/wellness-resort\/pearl-luxury-spa-phuket\/spa-faqs\/\" \/>\n<meta property=\"og:site_name\" content=\"Avista Grande Phuket Karon - Mgallery\" \/>\n<meta property=\"article:modified_time\" content=\"2023-09-14T08:32:31+00:00\" \/>\n<meta name=\"twitter:card\" content=\"summary_large_image\" \/>\n<meta name=\"twitter:label1\" content=\"Gesch\u00e4tzte Lesezeit\" \/>\n\t<meta name=\"twitter:data1\" content=\"2 Minuten\" \/>\n<script type=\"application\/ld+json\" class=\"yoast-schema-graph\">{\"@context\":\"https:\/\/schema.org\",\"@graph\":[{\"@type\":\"WebPage\",\"@id\":\"https:\/\/www.avistagrandephuketresort.com\/de\/wellness-resort\/pearl-luxury-spa-phuket\/spa-faqs\/\",\"url\":\"https:\/\/www.avistagrandephuketresort.com\/de\/wellness-resort\/pearl-luxury-spa-phuket\/spa-faqs\/\",\"name\":\"Spa FAQs - Avista Grande Phuket Karon - Mgallery\",\"isPartOf\":{\"@id\":\"https:\/\/www.avistagrandephuketresort.com\/#website\"},\"datePublished\":\"2023-07-26T07:47:42+00:00\",\"dateModified\":\"2023-09-14T08:32:31+00:00\",\"breadcrumb\":{\"@id\":\"https:\/\/www.avistagrandephuketresort.com\/de\/wellness-resort\/pearl-luxury-spa-phuket\/spa-faqs\/#breadcrumb\"},\"inLanguage\":\"de-DE\",\"potentialAction\":[{\"@type\":\"ReadAction\",\"target\":[\"https:\/\/www.avistagrandephuketresort.com\/de\/wellness-resort\/pearl-luxury-spa-phuket\/spa-faqs\/\"]}]},{\"@type\":\"BreadcrumbList\",\"@id\":\"https:\/\/www.avistagrandephuketresort.com\/de\/wellness-resort\/pearl-luxury-spa-phuket\/spa-faqs\/#breadcrumb\",\"itemListElement\":[{\"@type\":\"ListItem\",\"position\":1,\"name\":\"Home\",\"item\":\"https:\/\/www.avistagrandephuketresort.com\/de\/\"},{\"@type\":\"ListItem\",\"position\":2,\"name\":\"Spa &#038; Einrichtungen\",\"item\":\"https:\/\/www.avistagrandephuketresort.com\/de\/wellness-resort\/\"},{\"@type\":\"ListItem\",\"position\":3,\"name\":\"Pearl Spa\",\"item\":\"https:\/\/www.avistagrandephuketresort.com\/de\/wellness-resort\/pearl-luxury-spa-phuket\/\"},{\"@type\":\"ListItem\",\"position\":4,\"name\":\"Spa FAQs\"}]},{\"@type\":\"WebSite\",\"@id\":\"https:\/\/www.avistagrandephuketresort.com\/#website\",\"url\":\"https:\/\/www.avistagrandephuketresort.com\/\",\"name\":\"Avista Grande Phuket Karon - Mgallery\",\"description\":\"\",\"potentialAction\":[{\"@type\":\"SearchAction\",\"target\":{\"@type\":\"EntryPoint\",\"urlTemplate\":\"https:\/\/www.avistagrandephuketresort.com\/?s={search_term_string}\"},\"query-input\":{\"@type\":\"PropertyValueSpecification\",\"valueRequired\":true,\"valueName\":\"search_term_string\"}}],\"inLanguage\":\"de-DE\"}]}<\/script>\n<!-- \/ Yoast SEO plugin. -->","yoast_head_json":{"title":"Spa FAQs - Avista Grande Phuket Karon - Mgallery","robots":{"index":"index","follow":"follow","max-snippet":"max-snippet:-1","max-image-preview":"max-image-preview:large","max-video-preview":"max-video-preview:-1"},"canonical":"https:\/\/www.avistagrandephuketresort.com\/de\/wellness-resort\/pearl-luxury-spa-phuket\/spa-faqs\/","og_locale":"de_DE","og_type":"article","og_title":"Spa FAQs - Avista Grande Phuket Karon - Mgallery","og_description":"Spa-Knigge &nbsp; Das Spa ist ein R\u00fcckzugsort f\u00fcr Ihren K\u00f6rper, Geist und Seele. Aus R\u00fccksicht auf andere sollten Sie L\u00e4rm auf ein Minimum reduzieren und die Privatsph\u00e4re anderer G\u00e4ste respektieren, indem Sie leise sprechen. Kinder sind im Spa nicht erlaubt, es sei denn, sie erhalten eine Behandlung oder werden von einem Erwachsenen begleitet. Ihre Zeit [&hellip;]","og_url":"https:\/\/www.avistagrandephuketresort.com\/de\/wellness-resort\/pearl-luxury-spa-phuket\/spa-faqs\/","og_site_name":"Avista Grande Phuket Karon - Mgallery","article_modified_time":"2023-09-14T08:32:31+00:00","twitter_card":"summary_large_image","twitter_misc":{"Gesch\u00e4tzte Lesezeit":"2 Minuten"},"schema":{"@context":"https:\/\/schema.org","@graph":[{"@type":"WebPage","@id":"https:\/\/www.avistagrandephuketresort.com\/de\/wellness-resort\/pearl-luxury-spa-phuket\/spa-faqs\/","url":"https:\/\/www.avistagrandephuketresort.com\/de\/wellness-resort\/pearl-luxury-spa-phuket\/spa-faqs\/","name":"Spa FAQs - Avista Grande Phuket Karon - Mgallery","isPartOf":{"@id":"https:\/\/www.avistagrandephuketresort.com\/#website"},"datePublished":"2023-07-26T07:47:42+00:00","dateModified":"2023-09-14T08:32:31+00:00","breadcrumb":{"@id":"https:\/\/www.avistagrandephuketresort.com\/de\/wellness-resort\/pearl-luxury-spa-phuket\/spa-faqs\/#breadcrumb"},"inLanguage":"de-DE","potentialAction":[{"@type":"ReadAction","target":["https:\/\/www.avistagrandephuketresort.com\/de\/wellness-resort\/pearl-luxury-spa-phuket\/spa-faqs\/"]}]},{"@type":"BreadcrumbList","@id":"https:\/\/www.avistagrandephuketresort.com\/de\/wellness-resort\/pearl-luxury-spa-phuket\/spa-faqs\/#breadcrumb","itemListElement":[{"@type":"ListItem","position":1,"name":"Home","item":"https:\/\/www.avistagrandephuketresort.com\/de\/"},{"@type":"ListItem","position":2,"name":"Spa &#038; Einrichtungen","item":"https:\/\/www.avistagrandephuketresort.com\/de\/wellness-resort\/"},{"@type":"ListItem","position":3,"name":"Pearl Spa","item":"https:\/\/www.avistagrandephuketresort.com\/de\/wellness-resort\/pearl-luxury-spa-phuket\/"},{"@type":"ListItem","position":4,"name":"Spa FAQs"}]},{"@type":"WebSite","@id":"https:\/\/www.avistagrandephuketresort.com\/#website","url":"https:\/\/www.avistagrandephuketresort.com\/","name":"Avista Grande Phuket Karon - Mgallery","description":"","potentialAction":[{"@type":"SearchAction","target":{"@type":"EntryPoint","urlTemplate":"https:\/\/www.avistagrandephuketresort.com\/?s={search_term_string}"},"query-input":{"@type":"PropertyValueSpecification","valueRequired":true,"valueName":"search_term_string"}}],"inLanguage":"de-DE"}]}},"_links":{"self":[{"href":"https:\/\/www.avistagrandephuketresort.com\/de\/wp-json\/wp\/v2\/pages\/880","targetHints":{"allow":["GET"]}}],"collection":[{"href":"https:\/\/www.avistagrandephuketresort.com\/de\/wp-json\/wp\/v2\/pages"}],"about":[{"href":"https:\/\/www.avistagrandephuketresort.com\/de\/wp-json\/wp\/v2\/types\/page"}],"author":[{"embeddable":true,"href":"https:\/\/www.avistagrandephuketresort.com\/de\/wp-json\/wp\/v2\/users\/55"}],"replies":[{"embeddable":true,"href":"https:\/\/www.avistagrandephuketresort.com\/de\/wp-json\/wp\/v2\/comments?post=880"}],"version-history":[{"count":0,"href":"https:\/\/www.avistagrandephuketresort.com\/de\/wp-json\/wp\/v2\/pages\/880\/revisions"}],"up":[{"embeddable":true,"href":"https:\/\/www.avistagrandephuketresort.com\/de\/wp-json\/wp\/v2\/pages\/848"}],"wp:attachment":[{"href":"https:\/\/www.avistagrandephuketresort.com\/de\/wp-json\/wp\/v2\/media?parent=880"}],"wp:term":[{"taxonomy":"category","embeddable":true,"href":"https:\/\/www.avistagrandephuketresort.com\/de\/wp-json\/wp\/v2\/categories?post=880"}],"curies":[{"name":"wp","href":"https:\/\/api.w.org\/{rel}","templated":true}]}}