{"id":877,"date":"2023-07-26T07:19:11","date_gmt":"2023-07-26T07:19:11","guid":{"rendered":"https:\/\/www.avistagrandephuketresort.com\/?page_id=877"},"modified":"2023-09-14T08:16:18","modified_gmt":"2023-09-14T08:16:18","slug":"herbal-healer-oil-massage","status":"publish","type":"page","link":"https:\/\/www.avistagrandephuketresort.com\/de\/wellness-resort\/pearl-luxury-spa-phuket\/pearl-spa-menu\/body-massage-treatments\/herbal-healer-oil-massage\/","title":{"rendered":"Kr\u00e4uterheiler-\u00d6lmassage &#8211; 3.300 THB"},"content":{"rendered":"<p style=\"text-align: center\">K\u00f6rperliche Beschwerden l\u00f6sen sich einfach mit unserer speziellen Heilanwendung auf. Die warmen Kompressen eignen sich hervorragend zur Linderung von Schmerzen, Steifheit, Verspannungen und R\u00fcckenschmerzen. Die Mischung aus traditionellen thail\u00e4ndischen Kr\u00e4utern hat eine entspannende und belebende Wirkung auf K\u00f6rper und Geist, w\u00e4hrend die Ganzk\u00f6rpermassage dazu beitr\u00e4gt, Muskelverspannungen und Steifheit zu lindern.<\/p>\n<p style=\"text-align: center\">\n<p style=\"text-align: center\">90 Minuten \/ \u0e3f3,300<\/p>\n","protected":false},"excerpt":{"rendered":"<p>K\u00f6rperliche Beschwerden l\u00f6sen sich einfach mit unserer speziellen Heilanwendung auf. Die warmen Kompressen eignen sich hervorragend zur Linderung von Schmerzen, Steifheit, Verspannungen und R\u00fcckenschmerzen. Die Mischung aus traditionellen thail\u00e4ndischen Kr\u00e4utern hat eine entspannende und belebende Wirkung auf K\u00f6rper und Geist, w\u00e4hrend die Ganzk\u00f6rpermassage dazu beitr\u00e4gt, Muskelverspannungen und Steifheit zu lindern. 90 Minuten \/ \u0e3f3,300<\/p>\n","protected":false},"author":55,"featured_media":0,"parent":871,"menu_order":6,"comment_status":"closed","ping_status":"closed","template":"","meta":{"footnotes":""},"categories":[],"class_list":["post-877","page","type-page","status-publish","hentry"],"acf":[],"yoast_head":"<!-- This site is optimized with the Yoast SEO plugin v26.9 - https:\/\/yoast.com\/product\/yoast-seo-wordpress\/ -->\n<title>Kr\u00e4uterheiler-\u00d6lmassage - 3.300 THB - Avista Grande Phuket Karon - Mgallery<\/title>\n<meta name=\"robots\" content=\"index, follow, max-snippet:-1, max-image-preview:large, max-video-preview:-1\" \/>\n<link rel=\"canonical\" href=\"https:\/\/www.avistagrandephuketresort.com\/de\/wellness-resort\/pearl-luxury-spa-phuket\/pearl-spa-menu\/body-massage-treatments\/herbal-healer-oil-massage\/\" \/>\n<meta property=\"og:locale\" content=\"de_DE\" \/>\n<meta property=\"og:type\" content=\"article\" \/>\n<meta property=\"og:title\" content=\"Kr\u00e4uterheiler-\u00d6lmassage - 3.300 THB - Avista Grande Phuket Karon - Mgallery\" \/>\n<meta property=\"og:description\" content=\"K\u00f6rperliche Beschwerden l\u00f6sen sich einfach mit unserer speziellen Heilanwendung auf. Die warmen Kompressen eignen sich hervorragend zur Linderung von Schmerzen, Steifheit, Verspannungen und R\u00fcckenschmerzen. Die Mischung aus traditionellen thail\u00e4ndischen Kr\u00e4utern hat eine entspannende und belebende Wirkung auf K\u00f6rper und Geist, w\u00e4hrend die Ganzk\u00f6rpermassage dazu beitr\u00e4gt, Muskelverspannungen und Steifheit zu lindern. 90 Minuten \/ \u0e3f3,300\" \/>\n<meta property=\"og:url\" content=\"https:\/\/www.avistagrandephuketresort.com\/de\/wellness-resort\/pearl-luxury-spa-phuket\/pearl-spa-menu\/body-massage-treatments\/herbal-healer-oil-massage\/\" \/>\n<meta property=\"og:site_name\" content=\"Avista Grande Phuket Karon - Mgallery\" \/>\n<meta property=\"article:modified_time\" content=\"2023-09-14T08:16:18+00:00\" \/>\n<meta name=\"twitter:card\" content=\"summary_large_image\" \/>\n<meta name=\"twitter:label1\" content=\"Gesch\u00e4tzte Lesezeit\" \/>\n\t<meta name=\"twitter:data1\" content=\"1 Minute\" \/>\n<script type=\"application\/ld+json\" class=\"yoast-schema-graph\">{\"@context\":\"https:\/\/schema.org\",\"@graph\":[{\"@type\":\"WebPage\",\"@id\":\"https:\/\/www.avistagrandephuketresort.com\/de\/wellness-resort\/pearl-luxury-spa-phuket\/pearl-spa-menu\/body-massage-treatments\/herbal-healer-oil-massage\/\",\"url\":\"https:\/\/www.avistagrandephuketresort.com\/de\/wellness-resort\/pearl-luxury-spa-phuket\/pearl-spa-menu\/body-massage-treatments\/herbal-healer-oil-massage\/\",\"name\":\"Kr\u00e4uterheiler-\u00d6lmassage - 3.300 THB - Avista Grande Phuket Karon - Mgallery\",\"isPartOf\":{\"@id\":\"https:\/\/www.avistagrandephuketresort.com\/#website\"},\"datePublished\":\"2023-07-26T07:19:11+00:00\",\"dateModified\":\"2023-09-14T08:16:18+00:00\",\"breadcrumb\":{\"@id\":\"https:\/\/www.avistagrandephuketresort.com\/de\/wellness-resort\/pearl-luxury-spa-phuket\/pearl-spa-menu\/body-massage-treatments\/herbal-healer-oil-massage\/#breadcrumb\"},\"inLanguage\":\"de-DE\",\"potentialAction\":[{\"@type\":\"ReadAction\",\"target\":[\"https:\/\/www.avistagrandephuketresort.com\/de\/wellness-resort\/pearl-luxury-spa-phuket\/pearl-spa-menu\/body-massage-treatments\/herbal-healer-oil-massage\/\"]}]},{\"@type\":\"BreadcrumbList\",\"@id\":\"https:\/\/www.avistagrandephuketresort.com\/de\/wellness-resort\/pearl-luxury-spa-phuket\/pearl-spa-menu\/body-massage-treatments\/herbal-healer-oil-massage\/#breadcrumb\",\"itemListElement\":[{\"@type\":\"ListItem\",\"position\":1,\"name\":\"Home\",\"item\":\"https:\/\/www.avistagrandephuketresort.com\/de\/\"},{\"@type\":\"ListItem\",\"position\":2,\"name\":\"Spa &#038; Einrichtungen\",\"item\":\"https:\/\/www.avistagrandephuketresort.com\/de\/wellness-resort\/\"},{\"@type\":\"ListItem\",\"position\":3,\"name\":\"Pearl Spa\",\"item\":\"https:\/\/www.avistagrandephuketresort.com\/de\/wellness-resort\/pearl-luxury-spa-phuket\/\"},{\"@type\":\"ListItem\",\"position\":4,\"name\":\"Perle Spa Men\u00fc\",\"item\":\"https:\/\/www.avistagrandephuketresort.com\/de\/wellness-resort\/pearl-luxury-spa-phuket\/pearl-spa-menu\/\"},{\"@type\":\"ListItem\",\"position\":5,\"name\":\"K\u00f6rper-Massage-Behandlungen\",\"item\":\"https:\/\/www.avistagrandephuketresort.com\/de\/wellness-resort\/pearl-luxury-spa-phuket\/pearl-spa-menu\/body-massage-treatments\/\"},{\"@type\":\"ListItem\",\"position\":6,\"name\":\"Kr\u00e4uterheiler-\u00d6lmassage &#8211; 3.300 THB\"}]},{\"@type\":\"WebSite\",\"@id\":\"https:\/\/www.avistagrandephuketresort.com\/#website\",\"url\":\"https:\/\/www.avistagrandephuketresort.com\/\",\"name\":\"Avista Grande Phuket Karon - Mgallery\",\"description\":\"\",\"potentialAction\":[{\"@type\":\"SearchAction\",\"target\":{\"@type\":\"EntryPoint\",\"urlTemplate\":\"https:\/\/www.avistagrandephuketresort.com\/?s={search_term_string}\"},\"query-input\":{\"@type\":\"PropertyValueSpecification\",\"valueRequired\":true,\"valueName\":\"search_term_string\"}}],\"inLanguage\":\"de-DE\"}]}<\/script>\n<!-- \/ Yoast SEO plugin. -->","yoast_head_json":{"title":"Kr\u00e4uterheiler-\u00d6lmassage - 3.300 THB - Avista Grande Phuket Karon - Mgallery","robots":{"index":"index","follow":"follow","max-snippet":"max-snippet:-1","max-image-preview":"max-image-preview:large","max-video-preview":"max-video-preview:-1"},"canonical":"https:\/\/www.avistagrandephuketresort.com\/de\/wellness-resort\/pearl-luxury-spa-phuket\/pearl-spa-menu\/body-massage-treatments\/herbal-healer-oil-massage\/","og_locale":"de_DE","og_type":"article","og_title":"Kr\u00e4uterheiler-\u00d6lmassage - 3.300 THB - Avista Grande Phuket Karon - Mgallery","og_description":"K\u00f6rperliche Beschwerden l\u00f6sen sich einfach mit unserer speziellen Heilanwendung auf. Die warmen Kompressen eignen sich hervorragend zur Linderung von Schmerzen, Steifheit, Verspannungen und R\u00fcckenschmerzen. Die Mischung aus traditionellen thail\u00e4ndischen Kr\u00e4utern hat eine entspannende und belebende Wirkung auf K\u00f6rper und Geist, w\u00e4hrend die Ganzk\u00f6rpermassage dazu beitr\u00e4gt, Muskelverspannungen und Steifheit zu lindern. 90 Minuten \/ \u0e3f3,300","og_url":"https:\/\/www.avistagrandephuketresort.com\/de\/wellness-resort\/pearl-luxury-spa-phuket\/pearl-spa-menu\/body-massage-treatments\/herbal-healer-oil-massage\/","og_site_name":"Avista Grande Phuket Karon - Mgallery","article_modified_time":"2023-09-14T08:16:18+00:00","twitter_card":"summary_large_image","twitter_misc":{"Gesch\u00e4tzte Lesezeit":"1 Minute"},"schema":{"@context":"https:\/\/schema.org","@graph":[{"@type":"WebPage","@id":"https:\/\/www.avistagrandephuketresort.com\/de\/wellness-resort\/pearl-luxury-spa-phuket\/pearl-spa-menu\/body-massage-treatments\/herbal-healer-oil-massage\/","url":"https:\/\/www.avistagrandephuketresort.com\/de\/wellness-resort\/pearl-luxury-spa-phuket\/pearl-spa-menu\/body-massage-treatments\/herbal-healer-oil-massage\/","name":"Kr\u00e4uterheiler-\u00d6lmassage - 3.300 THB - Avista Grande Phuket Karon - Mgallery","isPartOf":{"@id":"https:\/\/www.avistagrandephuketresort.com\/#website"},"datePublished":"2023-07-26T07:19:11+00:00","dateModified":"2023-09-14T08:16:18+00:00","breadcrumb":{"@id":"https:\/\/www.avistagrandephuketresort.com\/de\/wellness-resort\/pearl-luxury-spa-phuket\/pearl-spa-menu\/body-massage-treatments\/herbal-healer-oil-massage\/#breadcrumb"},"inLanguage":"de-DE","potentialAction":[{"@type":"ReadAction","target":["https:\/\/www.avistagrandephuketresort.com\/de\/wellness-resort\/pearl-luxury-spa-phuket\/pearl-spa-menu\/body-massage-treatments\/herbal-healer-oil-massage\/"]}]},{"@type":"BreadcrumbList","@id":"https:\/\/www.avistagrandephuketresort.com\/de\/wellness-resort\/pearl-luxury-spa-phuket\/pearl-spa-menu\/body-massage-treatments\/herbal-healer-oil-massage\/#breadcrumb","itemListElement":[{"@type":"ListItem","position":1,"name":"Home","item":"https:\/\/www.avistagrandephuketresort.com\/de\/"},{"@type":"ListItem","position":2,"name":"Spa &#038; Einrichtungen","item":"https:\/\/www.avistagrandephuketresort.com\/de\/wellness-resort\/"},{"@type":"ListItem","position":3,"name":"Pearl Spa","item":"https:\/\/www.avistagrandephuketresort.com\/de\/wellness-resort\/pearl-luxury-spa-phuket\/"},{"@type":"ListItem","position":4,"name":"Perle Spa Men\u00fc","item":"https:\/\/www.avistagrandephuketresort.com\/de\/wellness-resort\/pearl-luxury-spa-phuket\/pearl-spa-menu\/"},{"@type":"ListItem","position":5,"name":"K\u00f6rper-Massage-Behandlungen","item":"https:\/\/www.avistagrandephuketresort.com\/de\/wellness-resort\/pearl-luxury-spa-phuket\/pearl-spa-menu\/body-massage-treatments\/"},{"@type":"ListItem","position":6,"name":"Kr\u00e4uterheiler-\u00d6lmassage &#8211; 3.300 THB"}]},{"@type":"WebSite","@id":"https:\/\/www.avistagrandephuketresort.com\/#website","url":"https:\/\/www.avistagrandephuketresort.com\/","name":"Avista Grande Phuket Karon - Mgallery","description":"","potentialAction":[{"@type":"SearchAction","target":{"@type":"EntryPoint","urlTemplate":"https:\/\/www.avistagrandephuketresort.com\/?s={search_term_string}"},"query-input":{"@type":"PropertyValueSpecification","valueRequired":true,"valueName":"search_term_string"}}],"inLanguage":"de-DE"}]}},"_links":{"self":[{"href":"https:\/\/www.avistagrandephuketresort.com\/de\/wp-json\/wp\/v2\/pages\/877","targetHints":{"allow":["GET"]}}],"collection":[{"href":"https:\/\/www.avistagrandephuketresort.com\/de\/wp-json\/wp\/v2\/pages"}],"about":[{"href":"https:\/\/www.avistagrandephuketresort.com\/de\/wp-json\/wp\/v2\/types\/page"}],"author":[{"embeddable":true,"href":"https:\/\/www.avistagrandephuketresort.com\/de\/wp-json\/wp\/v2\/users\/55"}],"replies":[{"embeddable":true,"href":"https:\/\/www.avistagrandephuketresort.com\/de\/wp-json\/wp\/v2\/comments?post=877"}],"version-history":[{"count":0,"href":"https:\/\/www.avistagrandephuketresort.com\/de\/wp-json\/wp\/v2\/pages\/877\/revisions"}],"up":[{"embeddable":true,"href":"https:\/\/www.avistagrandephuketresort.com\/de\/wp-json\/wp\/v2\/pages\/871"}],"wp:attachment":[{"href":"https:\/\/www.avistagrandephuketresort.com\/de\/wp-json\/wp\/v2\/media?parent=877"}],"wp:term":[{"taxonomy":"category","embeddable":true,"href":"https:\/\/www.avistagrandephuketresort.com\/de\/wp-json\/wp\/v2\/categories?post=877"}],"curies":[{"name":"wp","href":"https:\/\/api.w.org\/{rel}","templated":true}]}}