{"id":872,"date":"2023-07-26T07:02:34","date_gmt":"2023-07-26T07:02:34","guid":{"rendered":"https:\/\/www.avistagrandephuketresort.com\/?page_id=872"},"modified":"2023-09-14T08:04:30","modified_gmt":"2023-09-14T08:04:30","slug":"pregnant-massage","status":"publish","type":"page","link":"https:\/\/www.avistagrandephuketresort.com\/de\/wellness-resort\/pearl-luxury-spa-phuket\/pearl-spa-menu\/body-massage-treatments\/pregnant-massage\/","title":{"rendered":"Schwangeren-Massage &#8211; 2.200 THB"},"content":{"rendered":"<p style=\"text-align: center\">Speziell f\u00fcr die Bed\u00fcrfnisse schwangerer Frauen und ihrer sich ver\u00e4ndernden K\u00f6rper konzipiert. Diese Massage verwendet Zweij\u00e4hrige, um die Durchblutung zu f\u00f6rdern, \u00c4ngste zu verringern, Schmerzen zu lindern und gleichzeitig den Schlaf und Stimmungsschwankungen zu verbessern.<\/p>\n<p style=\"text-align: center\">\n<p style=\"text-align: center\">60 Minuten\/\u0e3f2,200<\/p>\n","protected":false},"excerpt":{"rendered":"<p>Speziell f\u00fcr die Bed\u00fcrfnisse schwangerer Frauen und ihrer sich ver\u00e4ndernden K\u00f6rper konzipiert. Diese Massage verwendet Zweij\u00e4hrige, um die Durchblutung zu f\u00f6rdern, \u00c4ngste zu verringern, Schmerzen zu lindern und gleichzeitig den Schlaf und Stimmungsschwankungen zu verbessern. 60 Minuten\/\u0e3f2,200<\/p>\n","protected":false},"author":55,"featured_media":0,"parent":871,"menu_order":1,"comment_status":"closed","ping_status":"closed","template":"","meta":{"footnotes":""},"categories":[],"class_list":["post-872","page","type-page","status-publish","hentry"],"acf":[],"yoast_head":"<!-- This site is optimized with the Yoast SEO plugin v26.9 - https:\/\/yoast.com\/product\/yoast-seo-wordpress\/ -->\n<title>Schwangeren-Massage - 2.200 THB - Avista Grande Phuket Karon - Mgallery<\/title>\n<meta name=\"robots\" content=\"index, follow, max-snippet:-1, max-image-preview:large, max-video-preview:-1\" \/>\n<link rel=\"canonical\" href=\"https:\/\/www.avistagrandephuketresort.com\/de\/wellness-resort\/pearl-luxury-spa-phuket\/pearl-spa-menu\/body-massage-treatments\/pregnant-massage\/\" \/>\n<meta property=\"og:locale\" content=\"de_DE\" \/>\n<meta property=\"og:type\" content=\"article\" \/>\n<meta property=\"og:title\" content=\"Schwangeren-Massage - 2.200 THB - Avista Grande Phuket Karon - Mgallery\" \/>\n<meta property=\"og:description\" content=\"Speziell f\u00fcr die Bed\u00fcrfnisse schwangerer Frauen und ihrer sich ver\u00e4ndernden K\u00f6rper konzipiert. Diese Massage verwendet Zweij\u00e4hrige, um die Durchblutung zu f\u00f6rdern, \u00c4ngste zu verringern, Schmerzen zu lindern und gleichzeitig den Schlaf und Stimmungsschwankungen zu verbessern. 60 Minuten\/\u0e3f2,200\" \/>\n<meta property=\"og:url\" content=\"https:\/\/www.avistagrandephuketresort.com\/de\/wellness-resort\/pearl-luxury-spa-phuket\/pearl-spa-menu\/body-massage-treatments\/pregnant-massage\/\" \/>\n<meta property=\"og:site_name\" content=\"Avista Grande Phuket Karon - Mgallery\" \/>\n<meta property=\"article:modified_time\" content=\"2023-09-14T08:04:30+00:00\" \/>\n<meta name=\"twitter:card\" content=\"summary_large_image\" \/>\n<meta name=\"twitter:label1\" content=\"Gesch\u00e4tzte Lesezeit\" \/>\n\t<meta name=\"twitter:data1\" content=\"1 Minute\" \/>\n<script type=\"application\/ld+json\" class=\"yoast-schema-graph\">{\"@context\":\"https:\/\/schema.org\",\"@graph\":[{\"@type\":\"WebPage\",\"@id\":\"https:\/\/www.avistagrandephuketresort.com\/de\/wellness-resort\/pearl-luxury-spa-phuket\/pearl-spa-menu\/body-massage-treatments\/pregnant-massage\/\",\"url\":\"https:\/\/www.avistagrandephuketresort.com\/de\/wellness-resort\/pearl-luxury-spa-phuket\/pearl-spa-menu\/body-massage-treatments\/pregnant-massage\/\",\"name\":\"Schwangeren-Massage - 2.200 THB - Avista Grande Phuket Karon - Mgallery\",\"isPartOf\":{\"@id\":\"https:\/\/www.avistagrandephuketresort.com\/#website\"},\"datePublished\":\"2023-07-26T07:02:34+00:00\",\"dateModified\":\"2023-09-14T08:04:30+00:00\",\"breadcrumb\":{\"@id\":\"https:\/\/www.avistagrandephuketresort.com\/de\/wellness-resort\/pearl-luxury-spa-phuket\/pearl-spa-menu\/body-massage-treatments\/pregnant-massage\/#breadcrumb\"},\"inLanguage\":\"de-DE\",\"potentialAction\":[{\"@type\":\"ReadAction\",\"target\":[\"https:\/\/www.avistagrandephuketresort.com\/de\/wellness-resort\/pearl-luxury-spa-phuket\/pearl-spa-menu\/body-massage-treatments\/pregnant-massage\/\"]}]},{\"@type\":\"BreadcrumbList\",\"@id\":\"https:\/\/www.avistagrandephuketresort.com\/de\/wellness-resort\/pearl-luxury-spa-phuket\/pearl-spa-menu\/body-massage-treatments\/pregnant-massage\/#breadcrumb\",\"itemListElement\":[{\"@type\":\"ListItem\",\"position\":1,\"name\":\"Home\",\"item\":\"https:\/\/www.avistagrandephuketresort.com\/de\/\"},{\"@type\":\"ListItem\",\"position\":2,\"name\":\"Spa &#038; Einrichtungen\",\"item\":\"https:\/\/www.avistagrandephuketresort.com\/de\/wellness-resort\/\"},{\"@type\":\"ListItem\",\"position\":3,\"name\":\"Pearl Spa\",\"item\":\"https:\/\/www.avistagrandephuketresort.com\/de\/wellness-resort\/pearl-luxury-spa-phuket\/\"},{\"@type\":\"ListItem\",\"position\":4,\"name\":\"Perle Spa Men\u00fc\",\"item\":\"https:\/\/www.avistagrandephuketresort.com\/de\/wellness-resort\/pearl-luxury-spa-phuket\/pearl-spa-menu\/\"},{\"@type\":\"ListItem\",\"position\":5,\"name\":\"K\u00f6rper-Massage-Behandlungen\",\"item\":\"https:\/\/www.avistagrandephuketresort.com\/de\/wellness-resort\/pearl-luxury-spa-phuket\/pearl-spa-menu\/body-massage-treatments\/\"},{\"@type\":\"ListItem\",\"position\":6,\"name\":\"Schwangeren-Massage &#8211; 2.200 THB\"}]},{\"@type\":\"WebSite\",\"@id\":\"https:\/\/www.avistagrandephuketresort.com\/#website\",\"url\":\"https:\/\/www.avistagrandephuketresort.com\/\",\"name\":\"Avista Grande Phuket Karon - Mgallery\",\"description\":\"\",\"potentialAction\":[{\"@type\":\"SearchAction\",\"target\":{\"@type\":\"EntryPoint\",\"urlTemplate\":\"https:\/\/www.avistagrandephuketresort.com\/?s={search_term_string}\"},\"query-input\":{\"@type\":\"PropertyValueSpecification\",\"valueRequired\":true,\"valueName\":\"search_term_string\"}}],\"inLanguage\":\"de-DE\"}]}<\/script>\n<!-- \/ Yoast SEO plugin. -->","yoast_head_json":{"title":"Schwangeren-Massage - 2.200 THB - Avista Grande Phuket Karon - Mgallery","robots":{"index":"index","follow":"follow","max-snippet":"max-snippet:-1","max-image-preview":"max-image-preview:large","max-video-preview":"max-video-preview:-1"},"canonical":"https:\/\/www.avistagrandephuketresort.com\/de\/wellness-resort\/pearl-luxury-spa-phuket\/pearl-spa-menu\/body-massage-treatments\/pregnant-massage\/","og_locale":"de_DE","og_type":"article","og_title":"Schwangeren-Massage - 2.200 THB - Avista Grande Phuket Karon - Mgallery","og_description":"Speziell f\u00fcr die Bed\u00fcrfnisse schwangerer Frauen und ihrer sich ver\u00e4ndernden K\u00f6rper konzipiert. Diese Massage verwendet Zweij\u00e4hrige, um die Durchblutung zu f\u00f6rdern, \u00c4ngste zu verringern, Schmerzen zu lindern und gleichzeitig den Schlaf und Stimmungsschwankungen zu verbessern. 60 Minuten\/\u0e3f2,200","og_url":"https:\/\/www.avistagrandephuketresort.com\/de\/wellness-resort\/pearl-luxury-spa-phuket\/pearl-spa-menu\/body-massage-treatments\/pregnant-massage\/","og_site_name":"Avista Grande Phuket Karon - Mgallery","article_modified_time":"2023-09-14T08:04:30+00:00","twitter_card":"summary_large_image","twitter_misc":{"Gesch\u00e4tzte Lesezeit":"1 Minute"},"schema":{"@context":"https:\/\/schema.org","@graph":[{"@type":"WebPage","@id":"https:\/\/www.avistagrandephuketresort.com\/de\/wellness-resort\/pearl-luxury-spa-phuket\/pearl-spa-menu\/body-massage-treatments\/pregnant-massage\/","url":"https:\/\/www.avistagrandephuketresort.com\/de\/wellness-resort\/pearl-luxury-spa-phuket\/pearl-spa-menu\/body-massage-treatments\/pregnant-massage\/","name":"Schwangeren-Massage - 2.200 THB - Avista Grande Phuket Karon - Mgallery","isPartOf":{"@id":"https:\/\/www.avistagrandephuketresort.com\/#website"},"datePublished":"2023-07-26T07:02:34+00:00","dateModified":"2023-09-14T08:04:30+00:00","breadcrumb":{"@id":"https:\/\/www.avistagrandephuketresort.com\/de\/wellness-resort\/pearl-luxury-spa-phuket\/pearl-spa-menu\/body-massage-treatments\/pregnant-massage\/#breadcrumb"},"inLanguage":"de-DE","potentialAction":[{"@type":"ReadAction","target":["https:\/\/www.avistagrandephuketresort.com\/de\/wellness-resort\/pearl-luxury-spa-phuket\/pearl-spa-menu\/body-massage-treatments\/pregnant-massage\/"]}]},{"@type":"BreadcrumbList","@id":"https:\/\/www.avistagrandephuketresort.com\/de\/wellness-resort\/pearl-luxury-spa-phuket\/pearl-spa-menu\/body-massage-treatments\/pregnant-massage\/#breadcrumb","itemListElement":[{"@type":"ListItem","position":1,"name":"Home","item":"https:\/\/www.avistagrandephuketresort.com\/de\/"},{"@type":"ListItem","position":2,"name":"Spa &#038; Einrichtungen","item":"https:\/\/www.avistagrandephuketresort.com\/de\/wellness-resort\/"},{"@type":"ListItem","position":3,"name":"Pearl Spa","item":"https:\/\/www.avistagrandephuketresort.com\/de\/wellness-resort\/pearl-luxury-spa-phuket\/"},{"@type":"ListItem","position":4,"name":"Perle Spa Men\u00fc","item":"https:\/\/www.avistagrandephuketresort.com\/de\/wellness-resort\/pearl-luxury-spa-phuket\/pearl-spa-menu\/"},{"@type":"ListItem","position":5,"name":"K\u00f6rper-Massage-Behandlungen","item":"https:\/\/www.avistagrandephuketresort.com\/de\/wellness-resort\/pearl-luxury-spa-phuket\/pearl-spa-menu\/body-massage-treatments\/"},{"@type":"ListItem","position":6,"name":"Schwangeren-Massage &#8211; 2.200 THB"}]},{"@type":"WebSite","@id":"https:\/\/www.avistagrandephuketresort.com\/#website","url":"https:\/\/www.avistagrandephuketresort.com\/","name":"Avista Grande Phuket Karon - Mgallery","description":"","potentialAction":[{"@type":"SearchAction","target":{"@type":"EntryPoint","urlTemplate":"https:\/\/www.avistagrandephuketresort.com\/?s={search_term_string}"},"query-input":{"@type":"PropertyValueSpecification","valueRequired":true,"valueName":"search_term_string"}}],"inLanguage":"de-DE"}]}},"_links":{"self":[{"href":"https:\/\/www.avistagrandephuketresort.com\/de\/wp-json\/wp\/v2\/pages\/872","targetHints":{"allow":["GET"]}}],"collection":[{"href":"https:\/\/www.avistagrandephuketresort.com\/de\/wp-json\/wp\/v2\/pages"}],"about":[{"href":"https:\/\/www.avistagrandephuketresort.com\/de\/wp-json\/wp\/v2\/types\/page"}],"author":[{"embeddable":true,"href":"https:\/\/www.avistagrandephuketresort.com\/de\/wp-json\/wp\/v2\/users\/55"}],"replies":[{"embeddable":true,"href":"https:\/\/www.avistagrandephuketresort.com\/de\/wp-json\/wp\/v2\/comments?post=872"}],"version-history":[{"count":0,"href":"https:\/\/www.avistagrandephuketresort.com\/de\/wp-json\/wp\/v2\/pages\/872\/revisions"}],"up":[{"embeddable":true,"href":"https:\/\/www.avistagrandephuketresort.com\/de\/wp-json\/wp\/v2\/pages\/871"}],"wp:attachment":[{"href":"https:\/\/www.avistagrandephuketresort.com\/de\/wp-json\/wp\/v2\/media?parent=872"}],"wp:term":[{"taxonomy":"category","embeddable":true,"href":"https:\/\/www.avistagrandephuketresort.com\/de\/wp-json\/wp\/v2\/categories?post=872"}],"curies":[{"name":"wp","href":"https:\/\/api.w.org\/{rel}","templated":true}]}}