{"id":870,"date":"2023-07-26T06:53:59","date_gmt":"2023-07-26T06:53:59","guid":{"rendered":"https:\/\/www.avistagrandephuketresort.com\/?page_id=870"},"modified":"2023-09-14T07:58:24","modified_gmt":"2023-09-14T07:58:24","slug":"white-mud-wrap-in-phuket","status":"publish","type":"page","link":"https:\/\/www.avistagrandephuketresort.com\/de\/wellness-resort\/pearl-luxury-spa-phuket\/pearl-spa-menu\/body-wrap-treatments\/white-mud-wrap-in-phuket\/","title":{"rendered":"Wei\u00dfe Schlammwickel &#8211; 2.000 THB"},"content":{"rendered":"<p style=\"text-align: center\">Erlauben Sie den nat\u00fcrlichen Eigenschaften der Tonerde, K\u00f6rpergifte zu beseitigen. Der wei\u00dfe Schlamm ist reich an Mineralien und N\u00e4hrstoffen, die der Haut bei der Entgiftung helfen und den K\u00f6rper stimulieren, die Haut zu pflegen.<\/p>\n<p style=\"text-align: center\">\n<p style=\"text-align: center\">45 Minuten\/\u0e3f2,000<\/p>\n","protected":false},"excerpt":{"rendered":"<p>Erlauben Sie den nat\u00fcrlichen Eigenschaften der Tonerde, K\u00f6rpergifte zu beseitigen. Der wei\u00dfe Schlamm ist reich an Mineralien und N\u00e4hrstoffen, die der Haut bei der Entgiftung helfen und den K\u00f6rper stimulieren, die Haut zu pflegen. 45 Minuten\/\u0e3f2,000<\/p>\n","protected":false},"author":55,"featured_media":0,"parent":867,"menu_order":3,"comment_status":"closed","ping_status":"closed","template":"","meta":{"footnotes":""},"categories":[],"class_list":["post-870","page","type-page","status-publish","hentry"],"acf":[],"yoast_head":"<!-- This site is optimized with the Yoast SEO plugin v26.9 - https:\/\/yoast.com\/product\/yoast-seo-wordpress\/ -->\n<title>Wei\u00dfe Schlammwickel - 2.000 THB - Avista Grande Phuket Karon - Mgallery<\/title>\n<meta name=\"robots\" content=\"index, follow, max-snippet:-1, max-image-preview:large, max-video-preview:-1\" \/>\n<link rel=\"canonical\" href=\"https:\/\/www.avistagrandephuketresort.com\/de\/wellness-resort\/pearl-luxury-spa-phuket\/pearl-spa-menu\/body-wrap-treatments\/white-mud-wrap-in-phuket\/\" \/>\n<meta property=\"og:locale\" content=\"de_DE\" \/>\n<meta property=\"og:type\" content=\"article\" \/>\n<meta property=\"og:title\" content=\"Wei\u00dfe Schlammwickel - 2.000 THB - Avista Grande Phuket Karon - Mgallery\" \/>\n<meta property=\"og:description\" content=\"Erlauben Sie den nat\u00fcrlichen Eigenschaften der Tonerde, K\u00f6rpergifte zu beseitigen. Der wei\u00dfe Schlamm ist reich an Mineralien und N\u00e4hrstoffen, die der Haut bei der Entgiftung helfen und den K\u00f6rper stimulieren, die Haut zu pflegen. 45 Minuten\/\u0e3f2,000\" \/>\n<meta property=\"og:url\" content=\"https:\/\/www.avistagrandephuketresort.com\/de\/wellness-resort\/pearl-luxury-spa-phuket\/pearl-spa-menu\/body-wrap-treatments\/white-mud-wrap-in-phuket\/\" \/>\n<meta property=\"og:site_name\" content=\"Avista Grande Phuket Karon - Mgallery\" \/>\n<meta property=\"article:modified_time\" content=\"2023-09-14T07:58:24+00:00\" \/>\n<meta name=\"twitter:card\" content=\"summary_large_image\" \/>\n<meta name=\"twitter:label1\" content=\"Gesch\u00e4tzte Lesezeit\" \/>\n\t<meta name=\"twitter:data1\" content=\"1 Minute\" \/>\n<script type=\"application\/ld+json\" class=\"yoast-schema-graph\">{\"@context\":\"https:\/\/schema.org\",\"@graph\":[{\"@type\":\"WebPage\",\"@id\":\"https:\/\/www.avistagrandephuketresort.com\/de\/wellness-resort\/pearl-luxury-spa-phuket\/pearl-spa-menu\/body-wrap-treatments\/white-mud-wrap-in-phuket\/\",\"url\":\"https:\/\/www.avistagrandephuketresort.com\/de\/wellness-resort\/pearl-luxury-spa-phuket\/pearl-spa-menu\/body-wrap-treatments\/white-mud-wrap-in-phuket\/\",\"name\":\"Wei\u00dfe Schlammwickel - 2.000 THB - Avista Grande Phuket Karon - Mgallery\",\"isPartOf\":{\"@id\":\"https:\/\/www.avistagrandephuketresort.com\/#website\"},\"datePublished\":\"2023-07-26T06:53:59+00:00\",\"dateModified\":\"2023-09-14T07:58:24+00:00\",\"breadcrumb\":{\"@id\":\"https:\/\/www.avistagrandephuketresort.com\/de\/wellness-resort\/pearl-luxury-spa-phuket\/pearl-spa-menu\/body-wrap-treatments\/white-mud-wrap-in-phuket\/#breadcrumb\"},\"inLanguage\":\"de-DE\",\"potentialAction\":[{\"@type\":\"ReadAction\",\"target\":[\"https:\/\/www.avistagrandephuketresort.com\/de\/wellness-resort\/pearl-luxury-spa-phuket\/pearl-spa-menu\/body-wrap-treatments\/white-mud-wrap-in-phuket\/\"]}]},{\"@type\":\"BreadcrumbList\",\"@id\":\"https:\/\/www.avistagrandephuketresort.com\/de\/wellness-resort\/pearl-luxury-spa-phuket\/pearl-spa-menu\/body-wrap-treatments\/white-mud-wrap-in-phuket\/#breadcrumb\",\"itemListElement\":[{\"@type\":\"ListItem\",\"position\":1,\"name\":\"Home\",\"item\":\"https:\/\/www.avistagrandephuketresort.com\/de\/\"},{\"@type\":\"ListItem\",\"position\":2,\"name\":\"Spa &#038; Einrichtungen\",\"item\":\"https:\/\/www.avistagrandephuketresort.com\/de\/wellness-resort\/\"},{\"@type\":\"ListItem\",\"position\":3,\"name\":\"Pearl Spa\",\"item\":\"https:\/\/www.avistagrandephuketresort.com\/de\/wellness-resort\/pearl-luxury-spa-phuket\/\"},{\"@type\":\"ListItem\",\"position\":4,\"name\":\"Perle Spa Men\u00fc\",\"item\":\"https:\/\/www.avistagrandephuketresort.com\/de\/wellness-resort\/pearl-luxury-spa-phuket\/pearl-spa-menu\/\"},{\"@type\":\"ListItem\",\"position\":5,\"name\":\"K\u00f6rperwickel-Behandlungen\",\"item\":\"https:\/\/www.avistagrandephuketresort.com\/de\/wellness-resort\/pearl-luxury-spa-phuket\/pearl-spa-menu\/body-wrap-treatments\/\"},{\"@type\":\"ListItem\",\"position\":6,\"name\":\"Wei\u00dfe Schlammwickel &#8211; 2.000 THB\"}]},{\"@type\":\"WebSite\",\"@id\":\"https:\/\/www.avistagrandephuketresort.com\/#website\",\"url\":\"https:\/\/www.avistagrandephuketresort.com\/\",\"name\":\"Avista Grande Phuket Karon - Mgallery\",\"description\":\"\",\"potentialAction\":[{\"@type\":\"SearchAction\",\"target\":{\"@type\":\"EntryPoint\",\"urlTemplate\":\"https:\/\/www.avistagrandephuketresort.com\/?s={search_term_string}\"},\"query-input\":{\"@type\":\"PropertyValueSpecification\",\"valueRequired\":true,\"valueName\":\"search_term_string\"}}],\"inLanguage\":\"de-DE\"}]}<\/script>\n<!-- \/ Yoast SEO plugin. -->","yoast_head_json":{"title":"Wei\u00dfe Schlammwickel - 2.000 THB - Avista Grande Phuket Karon - Mgallery","robots":{"index":"index","follow":"follow","max-snippet":"max-snippet:-1","max-image-preview":"max-image-preview:large","max-video-preview":"max-video-preview:-1"},"canonical":"https:\/\/www.avistagrandephuketresort.com\/de\/wellness-resort\/pearl-luxury-spa-phuket\/pearl-spa-menu\/body-wrap-treatments\/white-mud-wrap-in-phuket\/","og_locale":"de_DE","og_type":"article","og_title":"Wei\u00dfe Schlammwickel - 2.000 THB - Avista Grande Phuket Karon - Mgallery","og_description":"Erlauben Sie den nat\u00fcrlichen Eigenschaften der Tonerde, K\u00f6rpergifte zu beseitigen. Der wei\u00dfe Schlamm ist reich an Mineralien und N\u00e4hrstoffen, die der Haut bei der Entgiftung helfen und den K\u00f6rper stimulieren, die Haut zu pflegen. 45 Minuten\/\u0e3f2,000","og_url":"https:\/\/www.avistagrandephuketresort.com\/de\/wellness-resort\/pearl-luxury-spa-phuket\/pearl-spa-menu\/body-wrap-treatments\/white-mud-wrap-in-phuket\/","og_site_name":"Avista Grande Phuket Karon - Mgallery","article_modified_time":"2023-09-14T07:58:24+00:00","twitter_card":"summary_large_image","twitter_misc":{"Gesch\u00e4tzte Lesezeit":"1 Minute"},"schema":{"@context":"https:\/\/schema.org","@graph":[{"@type":"WebPage","@id":"https:\/\/www.avistagrandephuketresort.com\/de\/wellness-resort\/pearl-luxury-spa-phuket\/pearl-spa-menu\/body-wrap-treatments\/white-mud-wrap-in-phuket\/","url":"https:\/\/www.avistagrandephuketresort.com\/de\/wellness-resort\/pearl-luxury-spa-phuket\/pearl-spa-menu\/body-wrap-treatments\/white-mud-wrap-in-phuket\/","name":"Wei\u00dfe Schlammwickel - 2.000 THB - Avista Grande Phuket Karon - Mgallery","isPartOf":{"@id":"https:\/\/www.avistagrandephuketresort.com\/#website"},"datePublished":"2023-07-26T06:53:59+00:00","dateModified":"2023-09-14T07:58:24+00:00","breadcrumb":{"@id":"https:\/\/www.avistagrandephuketresort.com\/de\/wellness-resort\/pearl-luxury-spa-phuket\/pearl-spa-menu\/body-wrap-treatments\/white-mud-wrap-in-phuket\/#breadcrumb"},"inLanguage":"de-DE","potentialAction":[{"@type":"ReadAction","target":["https:\/\/www.avistagrandephuketresort.com\/de\/wellness-resort\/pearl-luxury-spa-phuket\/pearl-spa-menu\/body-wrap-treatments\/white-mud-wrap-in-phuket\/"]}]},{"@type":"BreadcrumbList","@id":"https:\/\/www.avistagrandephuketresort.com\/de\/wellness-resort\/pearl-luxury-spa-phuket\/pearl-spa-menu\/body-wrap-treatments\/white-mud-wrap-in-phuket\/#breadcrumb","itemListElement":[{"@type":"ListItem","position":1,"name":"Home","item":"https:\/\/www.avistagrandephuketresort.com\/de\/"},{"@type":"ListItem","position":2,"name":"Spa &#038; Einrichtungen","item":"https:\/\/www.avistagrandephuketresort.com\/de\/wellness-resort\/"},{"@type":"ListItem","position":3,"name":"Pearl Spa","item":"https:\/\/www.avistagrandephuketresort.com\/de\/wellness-resort\/pearl-luxury-spa-phuket\/"},{"@type":"ListItem","position":4,"name":"Perle Spa Men\u00fc","item":"https:\/\/www.avistagrandephuketresort.com\/de\/wellness-resort\/pearl-luxury-spa-phuket\/pearl-spa-menu\/"},{"@type":"ListItem","position":5,"name":"K\u00f6rperwickel-Behandlungen","item":"https:\/\/www.avistagrandephuketresort.com\/de\/wellness-resort\/pearl-luxury-spa-phuket\/pearl-spa-menu\/body-wrap-treatments\/"},{"@type":"ListItem","position":6,"name":"Wei\u00dfe Schlammwickel &#8211; 2.000 THB"}]},{"@type":"WebSite","@id":"https:\/\/www.avistagrandephuketresort.com\/#website","url":"https:\/\/www.avistagrandephuketresort.com\/","name":"Avista Grande Phuket Karon - Mgallery","description":"","potentialAction":[{"@type":"SearchAction","target":{"@type":"EntryPoint","urlTemplate":"https:\/\/www.avistagrandephuketresort.com\/?s={search_term_string}"},"query-input":{"@type":"PropertyValueSpecification","valueRequired":true,"valueName":"search_term_string"}}],"inLanguage":"de-DE"}]}},"_links":{"self":[{"href":"https:\/\/www.avistagrandephuketresort.com\/de\/wp-json\/wp\/v2\/pages\/870","targetHints":{"allow":["GET"]}}],"collection":[{"href":"https:\/\/www.avistagrandephuketresort.com\/de\/wp-json\/wp\/v2\/pages"}],"about":[{"href":"https:\/\/www.avistagrandephuketresort.com\/de\/wp-json\/wp\/v2\/types\/page"}],"author":[{"embeddable":true,"href":"https:\/\/www.avistagrandephuketresort.com\/de\/wp-json\/wp\/v2\/users\/55"}],"replies":[{"embeddable":true,"href":"https:\/\/www.avistagrandephuketresort.com\/de\/wp-json\/wp\/v2\/comments?post=870"}],"version-history":[{"count":0,"href":"https:\/\/www.avistagrandephuketresort.com\/de\/wp-json\/wp\/v2\/pages\/870\/revisions"}],"up":[{"embeddable":true,"href":"https:\/\/www.avistagrandephuketresort.com\/de\/wp-json\/wp\/v2\/pages\/867"}],"wp:attachment":[{"href":"https:\/\/www.avistagrandephuketresort.com\/de\/wp-json\/wp\/v2\/media?parent=870"}],"wp:term":[{"taxonomy":"category","embeddable":true,"href":"https:\/\/www.avistagrandephuketresort.com\/de\/wp-json\/wp\/v2\/categories?post=870"}],"curies":[{"name":"wp","href":"https:\/\/api.w.org\/{rel}","templated":true}]}}