{"id":862,"date":"2023-07-26T04:15:43","date_gmt":"2023-07-26T04:15:43","guid":{"rendered":"https:\/\/www.avistagrandephuketresort.com\/?page_id=862"},"modified":"2023-09-14T07:09:06","modified_gmt":"2023-09-14T07:09:06","slug":"foot-massage-in-phuket","status":"publish","type":"page","link":"https:\/\/www.avistagrandephuketresort.com\/de\/wellness-resort\/pearl-luxury-spa-phuket\/pearl-spa-menu\/foot-head-massage-treatments\/foot-massage-in-phuket\/","title":{"rendered":"Fu\u00dfmassage &#8211; 1.300 THB"},"content":{"rendered":"<p style=\"text-align: center\">Diese entspannende Fu\u00dfmassage wird sehr empfohlen als die beste Fu\u00dfmassage in Phuket f\u00fcr diejenigen mit m\u00fcden Beinen und F\u00fc\u00dfen. Die Massage hilft, Stress zu lindern und die Durchblutung des K\u00f6rpers zu f\u00f6rdern.<\/p>\n<p>&nbsp;<\/p>\n<p style=\"text-align: center\">30 Minuten \/ \u0e3f1.300 THB<\/p>\n","protected":false},"excerpt":{"rendered":"<p>Diese entspannende Fu\u00dfmassage wird sehr empfohlen als die beste Fu\u00dfmassage in Phuket f\u00fcr diejenigen mit m\u00fcden Beinen und F\u00fc\u00dfen. Die Massage hilft, Stress zu lindern und die Durchblutung des K\u00f6rpers zu f\u00f6rdern. &nbsp; 30 Minuten \/ \u0e3f1.300 THB<\/p>\n","protected":false},"author":55,"featured_media":0,"parent":858,"menu_order":3,"comment_status":"closed","ping_status":"closed","template":"","meta":{"footnotes":""},"categories":[],"class_list":["post-862","page","type-page","status-publish","hentry"],"acf":[],"yoast_head":"<!-- This site is optimized with the Yoast SEO plugin v26.9 - https:\/\/yoast.com\/product\/yoast-seo-wordpress\/ -->\n<title>Fu\u00dfmassage - 1.300 THB - Avista Grande Phuket Karon - Mgallery<\/title>\n<meta name=\"robots\" content=\"index, follow, max-snippet:-1, max-image-preview:large, max-video-preview:-1\" \/>\n<link rel=\"canonical\" href=\"https:\/\/www.avistagrandephuketresort.com\/de\/wellness-resort\/pearl-luxury-spa-phuket\/pearl-spa-menu\/foot-head-massage-treatments\/foot-massage-in-phuket\/\" \/>\n<meta property=\"og:locale\" content=\"de_DE\" \/>\n<meta property=\"og:type\" content=\"article\" \/>\n<meta property=\"og:title\" content=\"Fu\u00dfmassage - 1.300 THB - Avista Grande Phuket Karon - Mgallery\" \/>\n<meta property=\"og:description\" content=\"Diese entspannende Fu\u00dfmassage wird sehr empfohlen als die beste Fu\u00dfmassage in Phuket f\u00fcr diejenigen mit m\u00fcden Beinen und F\u00fc\u00dfen. Die Massage hilft, Stress zu lindern und die Durchblutung des K\u00f6rpers zu f\u00f6rdern. &nbsp; 30 Minuten \/ \u0e3f1.300 THB\" \/>\n<meta property=\"og:url\" content=\"https:\/\/www.avistagrandephuketresort.com\/de\/wellness-resort\/pearl-luxury-spa-phuket\/pearl-spa-menu\/foot-head-massage-treatments\/foot-massage-in-phuket\/\" \/>\n<meta property=\"og:site_name\" content=\"Avista Grande Phuket Karon - Mgallery\" \/>\n<meta property=\"article:modified_time\" content=\"2023-09-14T07:09:06+00:00\" \/>\n<meta name=\"twitter:card\" content=\"summary_large_image\" \/>\n<meta name=\"twitter:label1\" content=\"Gesch\u00e4tzte Lesezeit\" \/>\n\t<meta name=\"twitter:data1\" content=\"1 Minute\" \/>\n<script type=\"application\/ld+json\" class=\"yoast-schema-graph\">{\"@context\":\"https:\/\/schema.org\",\"@graph\":[{\"@type\":\"WebPage\",\"@id\":\"https:\/\/www.avistagrandephuketresort.com\/de\/wellness-resort\/pearl-luxury-spa-phuket\/pearl-spa-menu\/foot-head-massage-treatments\/foot-massage-in-phuket\/\",\"url\":\"https:\/\/www.avistagrandephuketresort.com\/de\/wellness-resort\/pearl-luxury-spa-phuket\/pearl-spa-menu\/foot-head-massage-treatments\/foot-massage-in-phuket\/\",\"name\":\"Fu\u00dfmassage - 1.300 THB - Avista Grande Phuket Karon - Mgallery\",\"isPartOf\":{\"@id\":\"https:\/\/www.avistagrandephuketresort.com\/#website\"},\"datePublished\":\"2023-07-26T04:15:43+00:00\",\"dateModified\":\"2023-09-14T07:09:06+00:00\",\"breadcrumb\":{\"@id\":\"https:\/\/www.avistagrandephuketresort.com\/de\/wellness-resort\/pearl-luxury-spa-phuket\/pearl-spa-menu\/foot-head-massage-treatments\/foot-massage-in-phuket\/#breadcrumb\"},\"inLanguage\":\"de-DE\",\"potentialAction\":[{\"@type\":\"ReadAction\",\"target\":[\"https:\/\/www.avistagrandephuketresort.com\/de\/wellness-resort\/pearl-luxury-spa-phuket\/pearl-spa-menu\/foot-head-massage-treatments\/foot-massage-in-phuket\/\"]}]},{\"@type\":\"BreadcrumbList\",\"@id\":\"https:\/\/www.avistagrandephuketresort.com\/de\/wellness-resort\/pearl-luxury-spa-phuket\/pearl-spa-menu\/foot-head-massage-treatments\/foot-massage-in-phuket\/#breadcrumb\",\"itemListElement\":[{\"@type\":\"ListItem\",\"position\":1,\"name\":\"Home\",\"item\":\"https:\/\/www.avistagrandephuketresort.com\/de\/\"},{\"@type\":\"ListItem\",\"position\":2,\"name\":\"Spa &#038; Einrichtungen\",\"item\":\"https:\/\/www.avistagrandephuketresort.com\/de\/wellness-resort\/\"},{\"@type\":\"ListItem\",\"position\":3,\"name\":\"Pearl Spa\",\"item\":\"https:\/\/www.avistagrandephuketresort.com\/de\/wellness-resort\/pearl-luxury-spa-phuket\/\"},{\"@type\":\"ListItem\",\"position\":4,\"name\":\"Perle Spa Men\u00fc\",\"item\":\"https:\/\/www.avistagrandephuketresort.com\/de\/wellness-resort\/pearl-luxury-spa-phuket\/pearl-spa-menu\/\"},{\"@type\":\"ListItem\",\"position\":5,\"name\":\"Fu\u00df- und Kopfmassage-Behandlungen\",\"item\":\"https:\/\/www.avistagrandephuketresort.com\/de\/wellness-resort\/pearl-luxury-spa-phuket\/pearl-spa-menu\/foot-head-massage-treatments\/\"},{\"@type\":\"ListItem\",\"position\":6,\"name\":\"Fu\u00dfmassage &#8211; 1.300 THB\"}]},{\"@type\":\"WebSite\",\"@id\":\"https:\/\/www.avistagrandephuketresort.com\/#website\",\"url\":\"https:\/\/www.avistagrandephuketresort.com\/\",\"name\":\"Avista Grande Phuket Karon - Mgallery\",\"description\":\"\",\"potentialAction\":[{\"@type\":\"SearchAction\",\"target\":{\"@type\":\"EntryPoint\",\"urlTemplate\":\"https:\/\/www.avistagrandephuketresort.com\/?s={search_term_string}\"},\"query-input\":{\"@type\":\"PropertyValueSpecification\",\"valueRequired\":true,\"valueName\":\"search_term_string\"}}],\"inLanguage\":\"de-DE\"}]}<\/script>\n<!-- \/ Yoast SEO plugin. -->","yoast_head_json":{"title":"Fu\u00dfmassage - 1.300 THB - Avista Grande Phuket Karon - Mgallery","robots":{"index":"index","follow":"follow","max-snippet":"max-snippet:-1","max-image-preview":"max-image-preview:large","max-video-preview":"max-video-preview:-1"},"canonical":"https:\/\/www.avistagrandephuketresort.com\/de\/wellness-resort\/pearl-luxury-spa-phuket\/pearl-spa-menu\/foot-head-massage-treatments\/foot-massage-in-phuket\/","og_locale":"de_DE","og_type":"article","og_title":"Fu\u00dfmassage - 1.300 THB - Avista Grande Phuket Karon - Mgallery","og_description":"Diese entspannende Fu\u00dfmassage wird sehr empfohlen als die beste Fu\u00dfmassage in Phuket f\u00fcr diejenigen mit m\u00fcden Beinen und F\u00fc\u00dfen. Die Massage hilft, Stress zu lindern und die Durchblutung des K\u00f6rpers zu f\u00f6rdern. &nbsp; 30 Minuten \/ \u0e3f1.300 THB","og_url":"https:\/\/www.avistagrandephuketresort.com\/de\/wellness-resort\/pearl-luxury-spa-phuket\/pearl-spa-menu\/foot-head-massage-treatments\/foot-massage-in-phuket\/","og_site_name":"Avista Grande Phuket Karon - Mgallery","article_modified_time":"2023-09-14T07:09:06+00:00","twitter_card":"summary_large_image","twitter_misc":{"Gesch\u00e4tzte Lesezeit":"1 Minute"},"schema":{"@context":"https:\/\/schema.org","@graph":[{"@type":"WebPage","@id":"https:\/\/www.avistagrandephuketresort.com\/de\/wellness-resort\/pearl-luxury-spa-phuket\/pearl-spa-menu\/foot-head-massage-treatments\/foot-massage-in-phuket\/","url":"https:\/\/www.avistagrandephuketresort.com\/de\/wellness-resort\/pearl-luxury-spa-phuket\/pearl-spa-menu\/foot-head-massage-treatments\/foot-massage-in-phuket\/","name":"Fu\u00dfmassage - 1.300 THB - Avista Grande Phuket Karon - Mgallery","isPartOf":{"@id":"https:\/\/www.avistagrandephuketresort.com\/#website"},"datePublished":"2023-07-26T04:15:43+00:00","dateModified":"2023-09-14T07:09:06+00:00","breadcrumb":{"@id":"https:\/\/www.avistagrandephuketresort.com\/de\/wellness-resort\/pearl-luxury-spa-phuket\/pearl-spa-menu\/foot-head-massage-treatments\/foot-massage-in-phuket\/#breadcrumb"},"inLanguage":"de-DE","potentialAction":[{"@type":"ReadAction","target":["https:\/\/www.avistagrandephuketresort.com\/de\/wellness-resort\/pearl-luxury-spa-phuket\/pearl-spa-menu\/foot-head-massage-treatments\/foot-massage-in-phuket\/"]}]},{"@type":"BreadcrumbList","@id":"https:\/\/www.avistagrandephuketresort.com\/de\/wellness-resort\/pearl-luxury-spa-phuket\/pearl-spa-menu\/foot-head-massage-treatments\/foot-massage-in-phuket\/#breadcrumb","itemListElement":[{"@type":"ListItem","position":1,"name":"Home","item":"https:\/\/www.avistagrandephuketresort.com\/de\/"},{"@type":"ListItem","position":2,"name":"Spa &#038; Einrichtungen","item":"https:\/\/www.avistagrandephuketresort.com\/de\/wellness-resort\/"},{"@type":"ListItem","position":3,"name":"Pearl Spa","item":"https:\/\/www.avistagrandephuketresort.com\/de\/wellness-resort\/pearl-luxury-spa-phuket\/"},{"@type":"ListItem","position":4,"name":"Perle Spa Men\u00fc","item":"https:\/\/www.avistagrandephuketresort.com\/de\/wellness-resort\/pearl-luxury-spa-phuket\/pearl-spa-menu\/"},{"@type":"ListItem","position":5,"name":"Fu\u00df- und Kopfmassage-Behandlungen","item":"https:\/\/www.avistagrandephuketresort.com\/de\/wellness-resort\/pearl-luxury-spa-phuket\/pearl-spa-menu\/foot-head-massage-treatments\/"},{"@type":"ListItem","position":6,"name":"Fu\u00dfmassage &#8211; 1.300 THB"}]},{"@type":"WebSite","@id":"https:\/\/www.avistagrandephuketresort.com\/#website","url":"https:\/\/www.avistagrandephuketresort.com\/","name":"Avista Grande Phuket Karon - Mgallery","description":"","potentialAction":[{"@type":"SearchAction","target":{"@type":"EntryPoint","urlTemplate":"https:\/\/www.avistagrandephuketresort.com\/?s={search_term_string}"},"query-input":{"@type":"PropertyValueSpecification","valueRequired":true,"valueName":"search_term_string"}}],"inLanguage":"de-DE"}]}},"_links":{"self":[{"href":"https:\/\/www.avistagrandephuketresort.com\/de\/wp-json\/wp\/v2\/pages\/862","targetHints":{"allow":["GET"]}}],"collection":[{"href":"https:\/\/www.avistagrandephuketresort.com\/de\/wp-json\/wp\/v2\/pages"}],"about":[{"href":"https:\/\/www.avistagrandephuketresort.com\/de\/wp-json\/wp\/v2\/types\/page"}],"author":[{"embeddable":true,"href":"https:\/\/www.avistagrandephuketresort.com\/de\/wp-json\/wp\/v2\/users\/55"}],"replies":[{"embeddable":true,"href":"https:\/\/www.avistagrandephuketresort.com\/de\/wp-json\/wp\/v2\/comments?post=862"}],"version-history":[{"count":0,"href":"https:\/\/www.avistagrandephuketresort.com\/de\/wp-json\/wp\/v2\/pages\/862\/revisions"}],"up":[{"embeddable":true,"href":"https:\/\/www.avistagrandephuketresort.com\/de\/wp-json\/wp\/v2\/pages\/858"}],"wp:attachment":[{"href":"https:\/\/www.avistagrandephuketresort.com\/de\/wp-json\/wp\/v2\/media?parent=862"}],"wp:term":[{"taxonomy":"category","embeddable":true,"href":"https:\/\/www.avistagrandephuketresort.com\/de\/wp-json\/wp\/v2\/categories?post=862"}],"curies":[{"name":"wp","href":"https:\/\/api.w.org\/{rel}","templated":true}]}}