{"id":848,"date":"2023-07-26T02:27:57","date_gmt":"2023-07-26T02:27:57","guid":{"rendered":"https:\/\/www.avistagrandephuketresort.com\/?page_id=848"},"modified":"2023-10-11T14:26:39","modified_gmt":"2023-10-11T14:26:39","slug":"pearl-luxury-spa-phuket","status":"publish","type":"page","link":"https:\/\/www.avistagrandephuketresort.com\/de\/wellness-resort\/pearl-luxury-spa-phuket\/","title":{"rendered":"Pearl Spa"},"content":{"rendered":"<p style=\"text-align: center;\"><em>Es gibt nichts Entspannenderes<\/em> als einen Besuch im besten Luxus-Spa in Phuket, dem Pearl Spa. Machen Sie eine Pause von der Welt und widmen Sie sich nur sich selbst und dem Gef\u00fchl der Erneuerung, einfach weil Sie es verdienen.  <strong>Tauchen Sie ein ins Paradies und entspannen Sie im Pearl Spa, der sich im Avista Grande Phuket Karon befindet.<\/strong><\/p>\n<p>&nbsp;<\/p>\n<p style=\"text-align: center;\">Inspiriert von den schimmernden Sch\u00e4tzen des Meeres, erfahren Sie, warum unsere G\u00e4ste von den verw\u00f6hnenden Behandlungen im Pearl Spa schw\u00e4rmen &#8211; dem <a href=\"https:\/\/www.tripadvisor.com\/Attraction_Review-g10804710-d13564177-Reviews-Pearl_Spa-Karon_Beach_Karon_Phuket.html\">besten Spa in Phuket<\/a>,laut Tripadvisor Nr. 1 und Gewinner des &#8222;Best of the Best&#8220; Awards 2022.<\/p>\n<p>&nbsp;<\/p>\n<p style=\"text-align: center;\">\u00a0Beleben Sie Geist, K\u00f6rper und Seele in unserem <strong>Luxury Spa In Karon, Phuket<\/strong>.\u00a0. Lassen Sie sich verw\u00f6hnen, entspannen Sie sich inmitten der Erhabenheit der Natur, und wir versprechen Ihnen, dass Sie sich in das Pearl Spa in Karon verlieben werden, denn diese Erfahrung dreht sich ganz um Sie!<\/p>\n","protected":false},"excerpt":{"rendered":"<p>Es gibt nichts Entspannenderes als einen Besuch im besten Luxus-Spa in Phuket, dem Pearl Spa. Machen Sie eine Pause von der Welt und widmen Sie sich nur sich selbst und dem Gef\u00fchl der Erneuerung, einfach weil Sie es verdienen. Tauchen Sie ein ins Paradies und entspannen Sie im Pearl Spa, der sich im Avista Grande [&hellip;]<\/p>\n","protected":false},"author":55,"featured_media":0,"parent":847,"menu_order":1,"comment_status":"closed","ping_status":"closed","template":"","meta":{"footnotes":""},"categories":[],"class_list":["post-848","page","type-page","status-publish","hentry"],"acf":[],"yoast_head":"<!-- This site is optimized with the Yoast SEO plugin v26.9 - https:\/\/yoast.com\/product\/yoast-seo-wordpress\/ -->\n<title>Pearl Spa - Avista Grande Phuket Karon - Mgallery<\/title>\n<meta name=\"robots\" content=\"index, follow, max-snippet:-1, max-image-preview:large, max-video-preview:-1\" \/>\n<link rel=\"canonical\" href=\"https:\/\/www.avistagrandephuketresort.com\/de\/wellness-resort\/pearl-luxury-spa-phuket\/\" \/>\n<meta property=\"og:locale\" content=\"de_DE\" \/>\n<meta property=\"og:type\" content=\"article\" \/>\n<meta property=\"og:title\" content=\"Pearl Spa - Avista Grande Phuket Karon - Mgallery\" \/>\n<meta property=\"og:description\" content=\"Es gibt nichts Entspannenderes als einen Besuch im besten Luxus-Spa in Phuket, dem Pearl Spa. Machen Sie eine Pause von der Welt und widmen Sie sich nur sich selbst und dem Gef\u00fchl der Erneuerung, einfach weil Sie es verdienen. Tauchen Sie ein ins Paradies und entspannen Sie im Pearl Spa, der sich im Avista Grande [&hellip;]\" \/>\n<meta property=\"og:url\" content=\"https:\/\/www.avistagrandephuketresort.com\/de\/wellness-resort\/pearl-luxury-spa-phuket\/\" \/>\n<meta property=\"og:site_name\" content=\"Avista Grande Phuket Karon - Mgallery\" \/>\n<meta property=\"article:modified_time\" content=\"2023-10-11T14:26:39+00:00\" \/>\n<meta name=\"twitter:card\" content=\"summary_large_image\" \/>\n<meta name=\"twitter:label1\" content=\"Gesch\u00e4tzte Lesezeit\" \/>\n\t<meta name=\"twitter:data1\" content=\"1 Minute\" \/>\n<script type=\"application\/ld+json\" class=\"yoast-schema-graph\">{\"@context\":\"https:\/\/schema.org\",\"@graph\":[{\"@type\":\"WebPage\",\"@id\":\"https:\/\/www.avistagrandephuketresort.com\/de\/wellness-resort\/pearl-luxury-spa-phuket\/\",\"url\":\"https:\/\/www.avistagrandephuketresort.com\/de\/wellness-resort\/pearl-luxury-spa-phuket\/\",\"name\":\"Pearl Spa - Avista Grande Phuket Karon - Mgallery\",\"isPartOf\":{\"@id\":\"https:\/\/www.avistagrandephuketresort.com\/#website\"},\"datePublished\":\"2023-07-26T02:27:57+00:00\",\"dateModified\":\"2023-10-11T14:26:39+00:00\",\"breadcrumb\":{\"@id\":\"https:\/\/www.avistagrandephuketresort.com\/de\/wellness-resort\/pearl-luxury-spa-phuket\/#breadcrumb\"},\"inLanguage\":\"de-DE\",\"potentialAction\":[{\"@type\":\"ReadAction\",\"target\":[\"https:\/\/www.avistagrandephuketresort.com\/de\/wellness-resort\/pearl-luxury-spa-phuket\/\"]}]},{\"@type\":\"BreadcrumbList\",\"@id\":\"https:\/\/www.avistagrandephuketresort.com\/de\/wellness-resort\/pearl-luxury-spa-phuket\/#breadcrumb\",\"itemListElement\":[{\"@type\":\"ListItem\",\"position\":1,\"name\":\"Home\",\"item\":\"https:\/\/www.avistagrandephuketresort.com\/de\/\"},{\"@type\":\"ListItem\",\"position\":2,\"name\":\"Spa &#038; Einrichtungen\",\"item\":\"https:\/\/www.avistagrandephuketresort.com\/de\/wellness-resort\/\"},{\"@type\":\"ListItem\",\"position\":3,\"name\":\"Pearl Spa\"}]},{\"@type\":\"WebSite\",\"@id\":\"https:\/\/www.avistagrandephuketresort.com\/#website\",\"url\":\"https:\/\/www.avistagrandephuketresort.com\/\",\"name\":\"Avista Grande Phuket Karon - Mgallery\",\"description\":\"\",\"potentialAction\":[{\"@type\":\"SearchAction\",\"target\":{\"@type\":\"EntryPoint\",\"urlTemplate\":\"https:\/\/www.avistagrandephuketresort.com\/?s={search_term_string}\"},\"query-input\":{\"@type\":\"PropertyValueSpecification\",\"valueRequired\":true,\"valueName\":\"search_term_string\"}}],\"inLanguage\":\"de-DE\"}]}<\/script>\n<!-- \/ Yoast SEO plugin. -->","yoast_head_json":{"title":"Pearl Spa - Avista Grande Phuket Karon - Mgallery","robots":{"index":"index","follow":"follow","max-snippet":"max-snippet:-1","max-image-preview":"max-image-preview:large","max-video-preview":"max-video-preview:-1"},"canonical":"https:\/\/www.avistagrandephuketresort.com\/de\/wellness-resort\/pearl-luxury-spa-phuket\/","og_locale":"de_DE","og_type":"article","og_title":"Pearl Spa - Avista Grande Phuket Karon - Mgallery","og_description":"Es gibt nichts Entspannenderes als einen Besuch im besten Luxus-Spa in Phuket, dem Pearl Spa. Machen Sie eine Pause von der Welt und widmen Sie sich nur sich selbst und dem Gef\u00fchl der Erneuerung, einfach weil Sie es verdienen. Tauchen Sie ein ins Paradies und entspannen Sie im Pearl Spa, der sich im Avista Grande [&hellip;]","og_url":"https:\/\/www.avistagrandephuketresort.com\/de\/wellness-resort\/pearl-luxury-spa-phuket\/","og_site_name":"Avista Grande Phuket Karon - Mgallery","article_modified_time":"2023-10-11T14:26:39+00:00","twitter_card":"summary_large_image","twitter_misc":{"Gesch\u00e4tzte Lesezeit":"1 Minute"},"schema":{"@context":"https:\/\/schema.org","@graph":[{"@type":"WebPage","@id":"https:\/\/www.avistagrandephuketresort.com\/de\/wellness-resort\/pearl-luxury-spa-phuket\/","url":"https:\/\/www.avistagrandephuketresort.com\/de\/wellness-resort\/pearl-luxury-spa-phuket\/","name":"Pearl Spa - Avista Grande Phuket Karon - Mgallery","isPartOf":{"@id":"https:\/\/www.avistagrandephuketresort.com\/#website"},"datePublished":"2023-07-26T02:27:57+00:00","dateModified":"2023-10-11T14:26:39+00:00","breadcrumb":{"@id":"https:\/\/www.avistagrandephuketresort.com\/de\/wellness-resort\/pearl-luxury-spa-phuket\/#breadcrumb"},"inLanguage":"de-DE","potentialAction":[{"@type":"ReadAction","target":["https:\/\/www.avistagrandephuketresort.com\/de\/wellness-resort\/pearl-luxury-spa-phuket\/"]}]},{"@type":"BreadcrumbList","@id":"https:\/\/www.avistagrandephuketresort.com\/de\/wellness-resort\/pearl-luxury-spa-phuket\/#breadcrumb","itemListElement":[{"@type":"ListItem","position":1,"name":"Home","item":"https:\/\/www.avistagrandephuketresort.com\/de\/"},{"@type":"ListItem","position":2,"name":"Spa &#038; Einrichtungen","item":"https:\/\/www.avistagrandephuketresort.com\/de\/wellness-resort\/"},{"@type":"ListItem","position":3,"name":"Pearl Spa"}]},{"@type":"WebSite","@id":"https:\/\/www.avistagrandephuketresort.com\/#website","url":"https:\/\/www.avistagrandephuketresort.com\/","name":"Avista Grande Phuket Karon - Mgallery","description":"","potentialAction":[{"@type":"SearchAction","target":{"@type":"EntryPoint","urlTemplate":"https:\/\/www.avistagrandephuketresort.com\/?s={search_term_string}"},"query-input":{"@type":"PropertyValueSpecification","valueRequired":true,"valueName":"search_term_string"}}],"inLanguage":"de-DE"}]}},"_links":{"self":[{"href":"https:\/\/www.avistagrandephuketresort.com\/de\/wp-json\/wp\/v2\/pages\/848","targetHints":{"allow":["GET"]}}],"collection":[{"href":"https:\/\/www.avistagrandephuketresort.com\/de\/wp-json\/wp\/v2\/pages"}],"about":[{"href":"https:\/\/www.avistagrandephuketresort.com\/de\/wp-json\/wp\/v2\/types\/page"}],"author":[{"embeddable":true,"href":"https:\/\/www.avistagrandephuketresort.com\/de\/wp-json\/wp\/v2\/users\/55"}],"replies":[{"embeddable":true,"href":"https:\/\/www.avistagrandephuketresort.com\/de\/wp-json\/wp\/v2\/comments?post=848"}],"version-history":[{"count":0,"href":"https:\/\/www.avistagrandephuketresort.com\/de\/wp-json\/wp\/v2\/pages\/848\/revisions"}],"up":[{"embeddable":true,"href":"https:\/\/www.avistagrandephuketresort.com\/de\/wp-json\/wp\/v2\/pages\/847"}],"wp:attachment":[{"href":"https:\/\/www.avistagrandephuketresort.com\/de\/wp-json\/wp\/v2\/media?parent=848"}],"wp:term":[{"taxonomy":"category","embeddable":true,"href":"https:\/\/www.avistagrandephuketresort.com\/de\/wp-json\/wp\/v2\/categories?post=848"}],"curies":[{"name":"wp","href":"https:\/\/api.w.org\/{rel}","templated":true}]}}