{"id":847,"date":"2023-07-26T02:21:25","date_gmt":"2023-07-26T02:21:25","guid":{"rendered":"https:\/\/www.avistagrandephuketresort.com\/?page_id=847"},"modified":"2023-09-14T06:39:11","modified_gmt":"2023-09-14T06:39:11","slug":"wellness-resort","status":"publish","type":"page","link":"https:\/\/www.avistagrandephuketresort.com\/de\/wellness-resort\/","title":{"rendered":"Spa &#038; Einrichtungen"},"content":{"rendered":"<p style=\"text-align: center;\">Erleben Sie die Eleganz und den Charme des <a href=\"https:\/\/www.avistagrandephuketresort.com\/de\/wellness-resort\/pearl-luxury-spa-phuket\/\">Pearl Spa <\/a>,in Phuket, auf  <a href=\"https:\/\/www.tripadvisor.com\/Attraction_Review-g10804710-d13564177-Reviews-Pearl_Spa-Karon_Beach_Karon_Phuket.html\">TripAdvisor<\/a>.als Nr. 1 in Phuket bewertet. Der Pearl Spa bietet besondere Gesichtsbehandlungen, K\u00f6rperpeelings, Aromatherapie, ber\u00fchmte Thai-Massagen in Phuket und mehr. <a href=\"https:\/\/www.avistagrandephuketresort.com\/wellness-resort\/pearl-luxury-spa-phuket\/pearl-spa-special-offers\/\"><strong>Spa-Aktionen in Phuket.<\/strong><\/a><\/p>\n<p>&nbsp;<\/p>\n<p style=\"text-align: center;\">Das<a href=\"https:\/\/www.avistagrandephuketresort.com\/de\/wellness-resort\/fitlab\/\">FitLab<\/a>, unser 24-Stunden-Fitnesscenter, ist mit modernsten Trainingsger\u00e4ten ausgestattet, um ein Training zu gew\u00e4hrleisten, das Sie fit h\u00e4lt und gleichzeitig Ihre Energie f\u00fcr einen anstrengenden Tag auf der Insel steigert.<\/p>\n","protected":false},"excerpt":{"rendered":"<p>Erleben Sie die Eleganz und den Charme des Pearl Spa ,in Phuket, auf TripAdvisor.als Nr. 1 in Phuket bewertet. Der Pearl Spa bietet besondere Gesichtsbehandlungen, K\u00f6rperpeelings, Aromatherapie, ber\u00fchmte Thai-Massagen in Phuket und mehr. Spa-Aktionen in Phuket. &nbsp; DasFitLab, unser 24-Stunden-Fitnesscenter, ist mit modernsten Trainingsger\u00e4ten ausgestattet, um ein Training zu gew\u00e4hrleisten, das Sie fit h\u00e4lt und [&hellip;]<\/p>\n","protected":false},"author":55,"featured_media":0,"parent":0,"menu_order":0,"comment_status":"closed","ping_status":"closed","template":"","meta":{"footnotes":""},"categories":[],"class_list":["post-847","page","type-page","status-publish","hentry"],"acf":[],"yoast_head":"<!-- This site is optimized with the Yoast SEO plugin v26.9 - https:\/\/yoast.com\/product\/yoast-seo-wordpress\/ -->\n<title>Spa &amp; Einrichtungen - Avista Grande Phuket Karon - Mgallery<\/title>\n<meta name=\"robots\" content=\"index, follow, max-snippet:-1, max-image-preview:large, max-video-preview:-1\" \/>\n<link rel=\"canonical\" href=\"https:\/\/www.avistagrandephuketresort.com\/de\/wellness-resort\/\" \/>\n<meta property=\"og:locale\" content=\"de_DE\" \/>\n<meta property=\"og:type\" content=\"article\" \/>\n<meta property=\"og:title\" content=\"Spa &amp; Einrichtungen - Avista Grande Phuket Karon - Mgallery\" \/>\n<meta property=\"og:description\" content=\"Erleben Sie die Eleganz und den Charme des Pearl Spa ,in Phuket, auf TripAdvisor.als Nr. 1 in Phuket bewertet. Der Pearl Spa bietet besondere Gesichtsbehandlungen, K\u00f6rperpeelings, Aromatherapie, ber\u00fchmte Thai-Massagen in Phuket und mehr. Spa-Aktionen in Phuket. &nbsp; DasFitLab, unser 24-Stunden-Fitnesscenter, ist mit modernsten Trainingsger\u00e4ten ausgestattet, um ein Training zu gew\u00e4hrleisten, das Sie fit h\u00e4lt und [&hellip;]\" \/>\n<meta property=\"og:url\" content=\"https:\/\/www.avistagrandephuketresort.com\/de\/wellness-resort\/\" \/>\n<meta property=\"og:site_name\" content=\"Avista Grande Phuket Karon - Mgallery\" \/>\n<meta property=\"article:modified_time\" content=\"2023-09-14T06:39:11+00:00\" \/>\n<meta name=\"twitter:card\" content=\"summary_large_image\" \/>\n<meta name=\"twitter:label1\" content=\"Gesch\u00e4tzte Lesezeit\" \/>\n\t<meta name=\"twitter:data1\" content=\"1 Minute\" \/>\n<script type=\"application\/ld+json\" class=\"yoast-schema-graph\">{\"@context\":\"https:\/\/schema.org\",\"@graph\":[{\"@type\":\"WebPage\",\"@id\":\"https:\/\/www.avistagrandephuketresort.com\/de\/wellness-resort\/\",\"url\":\"https:\/\/www.avistagrandephuketresort.com\/de\/wellness-resort\/\",\"name\":\"Spa & Einrichtungen - Avista Grande Phuket Karon - Mgallery\",\"isPartOf\":{\"@id\":\"https:\/\/www.avistagrandephuketresort.com\/#website\"},\"datePublished\":\"2023-07-26T02:21:25+00:00\",\"dateModified\":\"2023-09-14T06:39:11+00:00\",\"breadcrumb\":{\"@id\":\"https:\/\/www.avistagrandephuketresort.com\/de\/wellness-resort\/#breadcrumb\"},\"inLanguage\":\"de-DE\",\"potentialAction\":[{\"@type\":\"ReadAction\",\"target\":[\"https:\/\/www.avistagrandephuketresort.com\/de\/wellness-resort\/\"]}]},{\"@type\":\"BreadcrumbList\",\"@id\":\"https:\/\/www.avistagrandephuketresort.com\/de\/wellness-resort\/#breadcrumb\",\"itemListElement\":[{\"@type\":\"ListItem\",\"position\":1,\"name\":\"Home\",\"item\":\"https:\/\/www.avistagrandephuketresort.com\/de\/\"},{\"@type\":\"ListItem\",\"position\":2,\"name\":\"Spa &#038; Einrichtungen\"}]},{\"@type\":\"WebSite\",\"@id\":\"https:\/\/www.avistagrandephuketresort.com\/#website\",\"url\":\"https:\/\/www.avistagrandephuketresort.com\/\",\"name\":\"Avista Grande Phuket Karon - Mgallery\",\"description\":\"\",\"potentialAction\":[{\"@type\":\"SearchAction\",\"target\":{\"@type\":\"EntryPoint\",\"urlTemplate\":\"https:\/\/www.avistagrandephuketresort.com\/?s={search_term_string}\"},\"query-input\":{\"@type\":\"PropertyValueSpecification\",\"valueRequired\":true,\"valueName\":\"search_term_string\"}}],\"inLanguage\":\"de-DE\"}]}<\/script>\n<!-- \/ Yoast SEO plugin. -->","yoast_head_json":{"title":"Spa & Einrichtungen - Avista Grande Phuket Karon - Mgallery","robots":{"index":"index","follow":"follow","max-snippet":"max-snippet:-1","max-image-preview":"max-image-preview:large","max-video-preview":"max-video-preview:-1"},"canonical":"https:\/\/www.avistagrandephuketresort.com\/de\/wellness-resort\/","og_locale":"de_DE","og_type":"article","og_title":"Spa & Einrichtungen - Avista Grande Phuket Karon - Mgallery","og_description":"Erleben Sie die Eleganz und den Charme des Pearl Spa ,in Phuket, auf TripAdvisor.als Nr. 1 in Phuket bewertet. Der Pearl Spa bietet besondere Gesichtsbehandlungen, K\u00f6rperpeelings, Aromatherapie, ber\u00fchmte Thai-Massagen in Phuket und mehr. Spa-Aktionen in Phuket. &nbsp; DasFitLab, unser 24-Stunden-Fitnesscenter, ist mit modernsten Trainingsger\u00e4ten ausgestattet, um ein Training zu gew\u00e4hrleisten, das Sie fit h\u00e4lt und [&hellip;]","og_url":"https:\/\/www.avistagrandephuketresort.com\/de\/wellness-resort\/","og_site_name":"Avista Grande Phuket Karon - Mgallery","article_modified_time":"2023-09-14T06:39:11+00:00","twitter_card":"summary_large_image","twitter_misc":{"Gesch\u00e4tzte Lesezeit":"1 Minute"},"schema":{"@context":"https:\/\/schema.org","@graph":[{"@type":"WebPage","@id":"https:\/\/www.avistagrandephuketresort.com\/de\/wellness-resort\/","url":"https:\/\/www.avistagrandephuketresort.com\/de\/wellness-resort\/","name":"Spa & Einrichtungen - Avista Grande Phuket Karon - Mgallery","isPartOf":{"@id":"https:\/\/www.avistagrandephuketresort.com\/#website"},"datePublished":"2023-07-26T02:21:25+00:00","dateModified":"2023-09-14T06:39:11+00:00","breadcrumb":{"@id":"https:\/\/www.avistagrandephuketresort.com\/de\/wellness-resort\/#breadcrumb"},"inLanguage":"de-DE","potentialAction":[{"@type":"ReadAction","target":["https:\/\/www.avistagrandephuketresort.com\/de\/wellness-resort\/"]}]},{"@type":"BreadcrumbList","@id":"https:\/\/www.avistagrandephuketresort.com\/de\/wellness-resort\/#breadcrumb","itemListElement":[{"@type":"ListItem","position":1,"name":"Home","item":"https:\/\/www.avistagrandephuketresort.com\/de\/"},{"@type":"ListItem","position":2,"name":"Spa &#038; Einrichtungen"}]},{"@type":"WebSite","@id":"https:\/\/www.avistagrandephuketresort.com\/#website","url":"https:\/\/www.avistagrandephuketresort.com\/","name":"Avista Grande Phuket Karon - Mgallery","description":"","potentialAction":[{"@type":"SearchAction","target":{"@type":"EntryPoint","urlTemplate":"https:\/\/www.avistagrandephuketresort.com\/?s={search_term_string}"},"query-input":{"@type":"PropertyValueSpecification","valueRequired":true,"valueName":"search_term_string"}}],"inLanguage":"de-DE"}]}},"_links":{"self":[{"href":"https:\/\/www.avistagrandephuketresort.com\/de\/wp-json\/wp\/v2\/pages\/847","targetHints":{"allow":["GET"]}}],"collection":[{"href":"https:\/\/www.avistagrandephuketresort.com\/de\/wp-json\/wp\/v2\/pages"}],"about":[{"href":"https:\/\/www.avistagrandephuketresort.com\/de\/wp-json\/wp\/v2\/types\/page"}],"author":[{"embeddable":true,"href":"https:\/\/www.avistagrandephuketresort.com\/de\/wp-json\/wp\/v2\/users\/55"}],"replies":[{"embeddable":true,"href":"https:\/\/www.avistagrandephuketresort.com\/de\/wp-json\/wp\/v2\/comments?post=847"}],"version-history":[{"count":0,"href":"https:\/\/www.avistagrandephuketresort.com\/de\/wp-json\/wp\/v2\/pages\/847\/revisions"}],"wp:attachment":[{"href":"https:\/\/www.avistagrandephuketresort.com\/de\/wp-json\/wp\/v2\/media?parent=847"}],"wp:term":[{"taxonomy":"category","embeddable":true,"href":"https:\/\/www.avistagrandephuketresort.com\/de\/wp-json\/wp\/v2\/categories?post=847"}],"curies":[{"name":"wp","href":"https:\/\/api.w.org\/{rel}","templated":true}]}}