{"id":843,"date":"2023-07-31T01:23:24","date_gmt":"2023-07-31T01:23:24","guid":{"rendered":"https:\/\/www.avistagrandephuketresort.com\/?page_id=843"},"modified":"2023-09-14T03:26:56","modified_gmt":"2023-09-14T03:26:56","slug":"go-on-a-shopping-spree-at-phuket-walking-street","status":"publish","type":"page","link":"https:\/\/www.avistagrandephuketresort.com\/de\/top-things-to-do-in-phuket\/go-on-a-shopping-spree-at-phuket-walking-street\/","title":{"rendered":"Gehen Sie auf Einkaufstour auf der Phuket Walking Street"},"content":{"rendered":"<p style=\"text-align: center\">Jeden Sonntag steht einer der besten Nachtm\u00e4rkte der Insel im Herzen von Phuket Old Town im Mittelpunkt. Der Phuket Night Market vereint lokale Kultur, Geschichte und Musik mit traditionellem Essen und Handwerk. Die alten Sino-Portugiesischen H\u00e4user sind nachts wundersch\u00f6n beleuchtet, und eine breite Palette von lokalen Stra\u00dfenst\u00e4nden mit Streetfood erstreckt sich entlang der Stra\u00dfen, zwischen modernen thail\u00e4ndischen Mode- und Souvenirst\u00e4nden. Die Bars, Restaurants und Caf\u00e9s sind belebt mit Menschen, und die lebendigen Auftritte junger thail\u00e4ndischer Stra\u00dfent\u00e4nzer und Musiker schaffen eine Karnevalsatmosph\u00e4re.<\/p>\n","protected":false},"excerpt":{"rendered":"<p>Jeden Sonntag steht einer der besten Nachtm\u00e4rkte der Insel im Herzen von Phuket Old Town im Mittelpunkt. Der Phuket Night Market vereint lokale Kultur, Geschichte und Musik mit traditionellem Essen und Handwerk. Die alten Sino-Portugiesischen H\u00e4user sind nachts wundersch\u00f6n beleuchtet, und eine breite Palette von lokalen Stra\u00dfenst\u00e4nden mit Streetfood erstreckt sich entlang der Stra\u00dfen, zwischen [&hellip;]<\/p>\n","protected":false},"author":55,"featured_media":0,"parent":833,"menu_order":10,"comment_status":"closed","ping_status":"closed","template":"","meta":{"footnotes":""},"categories":[],"class_list":["post-843","page","type-page","status-publish","hentry"],"acf":[],"yoast_head":"<!-- This site is optimized with the Yoast SEO plugin v26.9 - https:\/\/yoast.com\/product\/yoast-seo-wordpress\/ -->\n<title>Gehen Sie auf Einkaufstour auf der Phuket Walking Street - Avista Grande Phuket Karon - Mgallery<\/title>\n<meta name=\"robots\" content=\"index, follow, max-snippet:-1, max-image-preview:large, max-video-preview:-1\" \/>\n<link rel=\"canonical\" href=\"https:\/\/www.avistagrandephuketresort.com\/de\/top-things-to-do-in-phuket\/go-on-a-shopping-spree-at-phuket-walking-street\/\" \/>\n<meta property=\"og:locale\" content=\"de_DE\" \/>\n<meta property=\"og:type\" content=\"article\" \/>\n<meta property=\"og:title\" content=\"Gehen Sie auf Einkaufstour auf der Phuket Walking Street - Avista Grande Phuket Karon - Mgallery\" \/>\n<meta property=\"og:description\" content=\"Jeden Sonntag steht einer der besten Nachtm\u00e4rkte der Insel im Herzen von Phuket Old Town im Mittelpunkt. Der Phuket Night Market vereint lokale Kultur, Geschichte und Musik mit traditionellem Essen und Handwerk. Die alten Sino-Portugiesischen H\u00e4user sind nachts wundersch\u00f6n beleuchtet, und eine breite Palette von lokalen Stra\u00dfenst\u00e4nden mit Streetfood erstreckt sich entlang der Stra\u00dfen, zwischen [&hellip;]\" \/>\n<meta property=\"og:url\" content=\"https:\/\/www.avistagrandephuketresort.com\/de\/top-things-to-do-in-phuket\/go-on-a-shopping-spree-at-phuket-walking-street\/\" \/>\n<meta property=\"og:site_name\" content=\"Avista Grande Phuket Karon - Mgallery\" \/>\n<meta property=\"article:modified_time\" content=\"2023-09-14T03:26:56+00:00\" \/>\n<meta name=\"twitter:card\" content=\"summary_large_image\" \/>\n<meta name=\"twitter:label1\" content=\"Gesch\u00e4tzte Lesezeit\" \/>\n\t<meta name=\"twitter:data1\" content=\"1 Minute\" \/>\n<script type=\"application\/ld+json\" class=\"yoast-schema-graph\">{\"@context\":\"https:\/\/schema.org\",\"@graph\":[{\"@type\":\"WebPage\",\"@id\":\"https:\/\/www.avistagrandephuketresort.com\/de\/top-things-to-do-in-phuket\/go-on-a-shopping-spree-at-phuket-walking-street\/\",\"url\":\"https:\/\/www.avistagrandephuketresort.com\/de\/top-things-to-do-in-phuket\/go-on-a-shopping-spree-at-phuket-walking-street\/\",\"name\":\"Gehen Sie auf Einkaufstour auf der Phuket Walking Street - Avista Grande Phuket Karon - Mgallery\",\"isPartOf\":{\"@id\":\"https:\/\/www.avistagrandephuketresort.com\/#website\"},\"datePublished\":\"2023-07-31T01:23:24+00:00\",\"dateModified\":\"2023-09-14T03:26:56+00:00\",\"breadcrumb\":{\"@id\":\"https:\/\/www.avistagrandephuketresort.com\/de\/top-things-to-do-in-phuket\/go-on-a-shopping-spree-at-phuket-walking-street\/#breadcrumb\"},\"inLanguage\":\"de-DE\",\"potentialAction\":[{\"@type\":\"ReadAction\",\"target\":[\"https:\/\/www.avistagrandephuketresort.com\/de\/top-things-to-do-in-phuket\/go-on-a-shopping-spree-at-phuket-walking-street\/\"]}]},{\"@type\":\"BreadcrumbList\",\"@id\":\"https:\/\/www.avistagrandephuketresort.com\/de\/top-things-to-do-in-phuket\/go-on-a-shopping-spree-at-phuket-walking-street\/#breadcrumb\",\"itemListElement\":[{\"@type\":\"ListItem\",\"position\":1,\"name\":\"Home\",\"item\":\"https:\/\/www.avistagrandephuketresort.com\/de\/\"},{\"@type\":\"ListItem\",\"position\":2,\"name\":\"Top-Aktivit\u00e4ten in Phuket\",\"item\":\"https:\/\/www.avistagrandephuketresort.com\/de\/top-things-to-do-in-phuket\/\"},{\"@type\":\"ListItem\",\"position\":3,\"name\":\"Gehen Sie auf Einkaufstour auf der Phuket Walking Street\"}]},{\"@type\":\"WebSite\",\"@id\":\"https:\/\/www.avistagrandephuketresort.com\/#website\",\"url\":\"https:\/\/www.avistagrandephuketresort.com\/\",\"name\":\"Avista Grande Phuket Karon - Mgallery\",\"description\":\"\",\"potentialAction\":[{\"@type\":\"SearchAction\",\"target\":{\"@type\":\"EntryPoint\",\"urlTemplate\":\"https:\/\/www.avistagrandephuketresort.com\/?s={search_term_string}\"},\"query-input\":{\"@type\":\"PropertyValueSpecification\",\"valueRequired\":true,\"valueName\":\"search_term_string\"}}],\"inLanguage\":\"de-DE\"}]}<\/script>\n<!-- \/ Yoast SEO plugin. -->","yoast_head_json":{"title":"Gehen Sie auf Einkaufstour auf der Phuket Walking Street - Avista Grande Phuket Karon - Mgallery","robots":{"index":"index","follow":"follow","max-snippet":"max-snippet:-1","max-image-preview":"max-image-preview:large","max-video-preview":"max-video-preview:-1"},"canonical":"https:\/\/www.avistagrandephuketresort.com\/de\/top-things-to-do-in-phuket\/go-on-a-shopping-spree-at-phuket-walking-street\/","og_locale":"de_DE","og_type":"article","og_title":"Gehen Sie auf Einkaufstour auf der Phuket Walking Street - Avista Grande Phuket Karon - Mgallery","og_description":"Jeden Sonntag steht einer der besten Nachtm\u00e4rkte der Insel im Herzen von Phuket Old Town im Mittelpunkt. Der Phuket Night Market vereint lokale Kultur, Geschichte und Musik mit traditionellem Essen und Handwerk. Die alten Sino-Portugiesischen H\u00e4user sind nachts wundersch\u00f6n beleuchtet, und eine breite Palette von lokalen Stra\u00dfenst\u00e4nden mit Streetfood erstreckt sich entlang der Stra\u00dfen, zwischen [&hellip;]","og_url":"https:\/\/www.avistagrandephuketresort.com\/de\/top-things-to-do-in-phuket\/go-on-a-shopping-spree-at-phuket-walking-street\/","og_site_name":"Avista Grande Phuket Karon - Mgallery","article_modified_time":"2023-09-14T03:26:56+00:00","twitter_card":"summary_large_image","twitter_misc":{"Gesch\u00e4tzte Lesezeit":"1 Minute"},"schema":{"@context":"https:\/\/schema.org","@graph":[{"@type":"WebPage","@id":"https:\/\/www.avistagrandephuketresort.com\/de\/top-things-to-do-in-phuket\/go-on-a-shopping-spree-at-phuket-walking-street\/","url":"https:\/\/www.avistagrandephuketresort.com\/de\/top-things-to-do-in-phuket\/go-on-a-shopping-spree-at-phuket-walking-street\/","name":"Gehen Sie auf Einkaufstour auf der Phuket Walking Street - Avista Grande Phuket Karon - Mgallery","isPartOf":{"@id":"https:\/\/www.avistagrandephuketresort.com\/#website"},"datePublished":"2023-07-31T01:23:24+00:00","dateModified":"2023-09-14T03:26:56+00:00","breadcrumb":{"@id":"https:\/\/www.avistagrandephuketresort.com\/de\/top-things-to-do-in-phuket\/go-on-a-shopping-spree-at-phuket-walking-street\/#breadcrumb"},"inLanguage":"de-DE","potentialAction":[{"@type":"ReadAction","target":["https:\/\/www.avistagrandephuketresort.com\/de\/top-things-to-do-in-phuket\/go-on-a-shopping-spree-at-phuket-walking-street\/"]}]},{"@type":"BreadcrumbList","@id":"https:\/\/www.avistagrandephuketresort.com\/de\/top-things-to-do-in-phuket\/go-on-a-shopping-spree-at-phuket-walking-street\/#breadcrumb","itemListElement":[{"@type":"ListItem","position":1,"name":"Home","item":"https:\/\/www.avistagrandephuketresort.com\/de\/"},{"@type":"ListItem","position":2,"name":"Top-Aktivit\u00e4ten in Phuket","item":"https:\/\/www.avistagrandephuketresort.com\/de\/top-things-to-do-in-phuket\/"},{"@type":"ListItem","position":3,"name":"Gehen Sie auf Einkaufstour auf der Phuket Walking Street"}]},{"@type":"WebSite","@id":"https:\/\/www.avistagrandephuketresort.com\/#website","url":"https:\/\/www.avistagrandephuketresort.com\/","name":"Avista Grande Phuket Karon - Mgallery","description":"","potentialAction":[{"@type":"SearchAction","target":{"@type":"EntryPoint","urlTemplate":"https:\/\/www.avistagrandephuketresort.com\/?s={search_term_string}"},"query-input":{"@type":"PropertyValueSpecification","valueRequired":true,"valueName":"search_term_string"}}],"inLanguage":"de-DE"}]}},"_links":{"self":[{"href":"https:\/\/www.avistagrandephuketresort.com\/de\/wp-json\/wp\/v2\/pages\/843","targetHints":{"allow":["GET"]}}],"collection":[{"href":"https:\/\/www.avistagrandephuketresort.com\/de\/wp-json\/wp\/v2\/pages"}],"about":[{"href":"https:\/\/www.avistagrandephuketresort.com\/de\/wp-json\/wp\/v2\/types\/page"}],"author":[{"embeddable":true,"href":"https:\/\/www.avistagrandephuketresort.com\/de\/wp-json\/wp\/v2\/users\/55"}],"replies":[{"embeddable":true,"href":"https:\/\/www.avistagrandephuketresort.com\/de\/wp-json\/wp\/v2\/comments?post=843"}],"version-history":[{"count":0,"href":"https:\/\/www.avistagrandephuketresort.com\/de\/wp-json\/wp\/v2\/pages\/843\/revisions"}],"up":[{"embeddable":true,"href":"https:\/\/www.avistagrandephuketresort.com\/de\/wp-json\/wp\/v2\/pages\/833"}],"wp:attachment":[{"href":"https:\/\/www.avistagrandephuketresort.com\/de\/wp-json\/wp\/v2\/media?parent=843"}],"wp:term":[{"taxonomy":"category","embeddable":true,"href":"https:\/\/www.avistagrandephuketresort.com\/de\/wp-json\/wp\/v2\/categories?post=843"}],"curies":[{"name":"wp","href":"https:\/\/api.w.org\/{rel}","templated":true}]}}