{"id":842,"date":"2023-07-31T01:21:45","date_gmt":"2023-07-31T01:21:45","guid":{"rendered":"https:\/\/www.avistagrandephuketresort.com\/?page_id=842"},"modified":"2023-09-14T03:26:07","modified_gmt":"2023-09-14T03:26:07","slug":"experience-the-patong-beach-nightlife","status":"publish","type":"page","link":"https:\/\/www.avistagrandephuketresort.com\/de\/top-things-to-do-in-phuket\/experience-the-patong-beach-nightlife\/","title":{"rendered":"Erleben Sie das Nachtleben am Patong Beach"},"content":{"rendered":"<p style=\"text-align: center\">Wenn die Sonne untergeht, wird die ber\u00fchmte Bangla Road f\u00fcr den Verkehr gesperrt und ein lebhaftes Zusammentreffen von Klang und Farbe bricht aus. Die bekannteste Fu\u00dfg\u00e4ngerzone in Phuket ist im Allgemeinen ein freundlicher und sicherer Ort, um sich zu am\u00fcsieren, und sie ist jede Nacht voll von Touristen. Genie\u00dfen Sie eine berauschende Mischung aus Neonlichtern, lauter Musik, die aus offenen Bierbars dr\u00f6hnt, Stra\u00dfenk\u00fcnstlern und \u00fcbergro\u00dfen Clubs. Die Strandstra\u00dfe hat in den letzten Jahren eine Art Aufwertung erfahren, und zwischen den \u00fcblichen Souvenirst\u00e4nden, Massagegesch\u00e4ften und Schneiderbetrieben finden sich eine Reihe von atmosph\u00e4rischen Bars und Restaurants.<\/p>\n","protected":false},"excerpt":{"rendered":"<p>Wenn die Sonne untergeht, wird die ber\u00fchmte Bangla Road f\u00fcr den Verkehr gesperrt und ein lebhaftes Zusammentreffen von Klang und Farbe bricht aus. Die bekannteste Fu\u00dfg\u00e4ngerzone in Phuket ist im Allgemeinen ein freundlicher und sicherer Ort, um sich zu am\u00fcsieren, und sie ist jede Nacht voll von Touristen. Genie\u00dfen Sie eine berauschende Mischung aus Neonlichtern, [&hellip;]<\/p>\n","protected":false},"author":55,"featured_media":0,"parent":833,"menu_order":9,"comment_status":"closed","ping_status":"closed","template":"","meta":{"footnotes":""},"categories":[],"class_list":["post-842","page","type-page","status-publish","hentry"],"acf":[],"yoast_head":"<!-- This site is optimized with the Yoast SEO plugin v26.9 - https:\/\/yoast.com\/product\/yoast-seo-wordpress\/ -->\n<title>Erleben Sie das Nachtleben am Patong Beach - Avista Grande Phuket Karon - Mgallery<\/title>\n<meta name=\"robots\" content=\"index, follow, max-snippet:-1, max-image-preview:large, max-video-preview:-1\" \/>\n<link rel=\"canonical\" href=\"https:\/\/www.avistagrandephuketresort.com\/de\/top-things-to-do-in-phuket\/experience-the-patong-beach-nightlife\/\" \/>\n<meta property=\"og:locale\" content=\"de_DE\" \/>\n<meta property=\"og:type\" content=\"article\" \/>\n<meta property=\"og:title\" content=\"Erleben Sie das Nachtleben am Patong Beach - Avista Grande Phuket Karon - Mgallery\" \/>\n<meta property=\"og:description\" content=\"Wenn die Sonne untergeht, wird die ber\u00fchmte Bangla Road f\u00fcr den Verkehr gesperrt und ein lebhaftes Zusammentreffen von Klang und Farbe bricht aus. Die bekannteste Fu\u00dfg\u00e4ngerzone in Phuket ist im Allgemeinen ein freundlicher und sicherer Ort, um sich zu am\u00fcsieren, und sie ist jede Nacht voll von Touristen. Genie\u00dfen Sie eine berauschende Mischung aus Neonlichtern, [&hellip;]\" \/>\n<meta property=\"og:url\" content=\"https:\/\/www.avistagrandephuketresort.com\/de\/top-things-to-do-in-phuket\/experience-the-patong-beach-nightlife\/\" \/>\n<meta property=\"og:site_name\" content=\"Avista Grande Phuket Karon - Mgallery\" \/>\n<meta property=\"article:modified_time\" content=\"2023-09-14T03:26:07+00:00\" \/>\n<meta name=\"twitter:card\" content=\"summary_large_image\" \/>\n<meta name=\"twitter:label1\" content=\"Gesch\u00e4tzte Lesezeit\" \/>\n\t<meta name=\"twitter:data1\" content=\"1 Minute\" \/>\n<script type=\"application\/ld+json\" class=\"yoast-schema-graph\">{\"@context\":\"https:\/\/schema.org\",\"@graph\":[{\"@type\":\"WebPage\",\"@id\":\"https:\/\/www.avistagrandephuketresort.com\/de\/top-things-to-do-in-phuket\/experience-the-patong-beach-nightlife\/\",\"url\":\"https:\/\/www.avistagrandephuketresort.com\/de\/top-things-to-do-in-phuket\/experience-the-patong-beach-nightlife\/\",\"name\":\"Erleben Sie das Nachtleben am Patong Beach - Avista Grande Phuket Karon - Mgallery\",\"isPartOf\":{\"@id\":\"https:\/\/www.avistagrandephuketresort.com\/#website\"},\"datePublished\":\"2023-07-31T01:21:45+00:00\",\"dateModified\":\"2023-09-14T03:26:07+00:00\",\"breadcrumb\":{\"@id\":\"https:\/\/www.avistagrandephuketresort.com\/de\/top-things-to-do-in-phuket\/experience-the-patong-beach-nightlife\/#breadcrumb\"},\"inLanguage\":\"de-DE\",\"potentialAction\":[{\"@type\":\"ReadAction\",\"target\":[\"https:\/\/www.avistagrandephuketresort.com\/de\/top-things-to-do-in-phuket\/experience-the-patong-beach-nightlife\/\"]}]},{\"@type\":\"BreadcrumbList\",\"@id\":\"https:\/\/www.avistagrandephuketresort.com\/de\/top-things-to-do-in-phuket\/experience-the-patong-beach-nightlife\/#breadcrumb\",\"itemListElement\":[{\"@type\":\"ListItem\",\"position\":1,\"name\":\"Home\",\"item\":\"https:\/\/www.avistagrandephuketresort.com\/de\/\"},{\"@type\":\"ListItem\",\"position\":2,\"name\":\"Top-Aktivit\u00e4ten in Phuket\",\"item\":\"https:\/\/www.avistagrandephuketresort.com\/de\/top-things-to-do-in-phuket\/\"},{\"@type\":\"ListItem\",\"position\":3,\"name\":\"Erleben Sie das Nachtleben am Patong Beach\"}]},{\"@type\":\"WebSite\",\"@id\":\"https:\/\/www.avistagrandephuketresort.com\/#website\",\"url\":\"https:\/\/www.avistagrandephuketresort.com\/\",\"name\":\"Avista Grande Phuket Karon - Mgallery\",\"description\":\"\",\"potentialAction\":[{\"@type\":\"SearchAction\",\"target\":{\"@type\":\"EntryPoint\",\"urlTemplate\":\"https:\/\/www.avistagrandephuketresort.com\/?s={search_term_string}\"},\"query-input\":{\"@type\":\"PropertyValueSpecification\",\"valueRequired\":true,\"valueName\":\"search_term_string\"}}],\"inLanguage\":\"de-DE\"}]}<\/script>\n<!-- \/ Yoast SEO plugin. -->","yoast_head_json":{"title":"Erleben Sie das Nachtleben am Patong Beach - Avista Grande Phuket Karon - Mgallery","robots":{"index":"index","follow":"follow","max-snippet":"max-snippet:-1","max-image-preview":"max-image-preview:large","max-video-preview":"max-video-preview:-1"},"canonical":"https:\/\/www.avistagrandephuketresort.com\/de\/top-things-to-do-in-phuket\/experience-the-patong-beach-nightlife\/","og_locale":"de_DE","og_type":"article","og_title":"Erleben Sie das Nachtleben am Patong Beach - Avista Grande Phuket Karon - Mgallery","og_description":"Wenn die Sonne untergeht, wird die ber\u00fchmte Bangla Road f\u00fcr den Verkehr gesperrt und ein lebhaftes Zusammentreffen von Klang und Farbe bricht aus. Die bekannteste Fu\u00dfg\u00e4ngerzone in Phuket ist im Allgemeinen ein freundlicher und sicherer Ort, um sich zu am\u00fcsieren, und sie ist jede Nacht voll von Touristen. Genie\u00dfen Sie eine berauschende Mischung aus Neonlichtern, [&hellip;]","og_url":"https:\/\/www.avistagrandephuketresort.com\/de\/top-things-to-do-in-phuket\/experience-the-patong-beach-nightlife\/","og_site_name":"Avista Grande Phuket Karon - Mgallery","article_modified_time":"2023-09-14T03:26:07+00:00","twitter_card":"summary_large_image","twitter_misc":{"Gesch\u00e4tzte Lesezeit":"1 Minute"},"schema":{"@context":"https:\/\/schema.org","@graph":[{"@type":"WebPage","@id":"https:\/\/www.avistagrandephuketresort.com\/de\/top-things-to-do-in-phuket\/experience-the-patong-beach-nightlife\/","url":"https:\/\/www.avistagrandephuketresort.com\/de\/top-things-to-do-in-phuket\/experience-the-patong-beach-nightlife\/","name":"Erleben Sie das Nachtleben am Patong Beach - Avista Grande Phuket Karon - Mgallery","isPartOf":{"@id":"https:\/\/www.avistagrandephuketresort.com\/#website"},"datePublished":"2023-07-31T01:21:45+00:00","dateModified":"2023-09-14T03:26:07+00:00","breadcrumb":{"@id":"https:\/\/www.avistagrandephuketresort.com\/de\/top-things-to-do-in-phuket\/experience-the-patong-beach-nightlife\/#breadcrumb"},"inLanguage":"de-DE","potentialAction":[{"@type":"ReadAction","target":["https:\/\/www.avistagrandephuketresort.com\/de\/top-things-to-do-in-phuket\/experience-the-patong-beach-nightlife\/"]}]},{"@type":"BreadcrumbList","@id":"https:\/\/www.avistagrandephuketresort.com\/de\/top-things-to-do-in-phuket\/experience-the-patong-beach-nightlife\/#breadcrumb","itemListElement":[{"@type":"ListItem","position":1,"name":"Home","item":"https:\/\/www.avistagrandephuketresort.com\/de\/"},{"@type":"ListItem","position":2,"name":"Top-Aktivit\u00e4ten in Phuket","item":"https:\/\/www.avistagrandephuketresort.com\/de\/top-things-to-do-in-phuket\/"},{"@type":"ListItem","position":3,"name":"Erleben Sie das Nachtleben am Patong Beach"}]},{"@type":"WebSite","@id":"https:\/\/www.avistagrandephuketresort.com\/#website","url":"https:\/\/www.avistagrandephuketresort.com\/","name":"Avista Grande Phuket Karon - Mgallery","description":"","potentialAction":[{"@type":"SearchAction","target":{"@type":"EntryPoint","urlTemplate":"https:\/\/www.avistagrandephuketresort.com\/?s={search_term_string}"},"query-input":{"@type":"PropertyValueSpecification","valueRequired":true,"valueName":"search_term_string"}}],"inLanguage":"de-DE"}]}},"_links":{"self":[{"href":"https:\/\/www.avistagrandephuketresort.com\/de\/wp-json\/wp\/v2\/pages\/842","targetHints":{"allow":["GET"]}}],"collection":[{"href":"https:\/\/www.avistagrandephuketresort.com\/de\/wp-json\/wp\/v2\/pages"}],"about":[{"href":"https:\/\/www.avistagrandephuketresort.com\/de\/wp-json\/wp\/v2\/types\/page"}],"author":[{"embeddable":true,"href":"https:\/\/www.avistagrandephuketresort.com\/de\/wp-json\/wp\/v2\/users\/55"}],"replies":[{"embeddable":true,"href":"https:\/\/www.avistagrandephuketresort.com\/de\/wp-json\/wp\/v2\/comments?post=842"}],"version-history":[{"count":0,"href":"https:\/\/www.avistagrandephuketresort.com\/de\/wp-json\/wp\/v2\/pages\/842\/revisions"}],"up":[{"embeddable":true,"href":"https:\/\/www.avistagrandephuketresort.com\/de\/wp-json\/wp\/v2\/pages\/833"}],"wp:attachment":[{"href":"https:\/\/www.avistagrandephuketresort.com\/de\/wp-json\/wp\/v2\/media?parent=842"}],"wp:term":[{"taxonomy":"category","embeddable":true,"href":"https:\/\/www.avistagrandephuketresort.com\/de\/wp-json\/wp\/v2\/categories?post=842"}],"curies":[{"name":"wp","href":"https:\/\/api.w.org\/{rel}","templated":true}]}}