{"id":841,"date":"2023-07-31T01:20:26","date_gmt":"2023-07-31T01:20:26","guid":{"rendered":"https:\/\/www.avistagrandephuketresort.com\/?page_id=841"},"modified":"2023-09-14T03:24:22","modified_gmt":"2023-09-14T03:24:22","slug":"laem-phromthep-viewpoints","status":"publish","type":"page","link":"https:\/\/www.avistagrandephuketresort.com\/de\/top-things-to-do-in-phuket\/laem-phromthep-viewpoints\/","title":{"rendered":"Laem Phromthep &#038; Aussichtspunkte"},"content":{"rendered":"<p style=\"text-align: center\">Laem Phromthep (\u0e41\u0e2b\u0e25\u0e21\u0e1e\u0e23\u0e2b\u0e21\u0e40\u0e17\u0e1e), lokal als &#8222;Laem Chao&#8220; bezeichnet, befindet sich am s\u00fcdlichsten Punkt der Insel.<br \/>\nMit seiner atemberaubenden Landschaft und dem wundersch\u00f6nen Sonnenuntergang ist das Kap eines der beliebtesten Fotospots f\u00fcr Touristen in Phuket.<br \/>\nVom Rand der Klippe aus neigt sich eine Reihe von Palmen nach unten bis zum Ende des Kaps, das felsige Riffe aufweist, an denen die Insel Ko Kaeo Phitsadan vorne erscheint. Es ist auch ein Standort des Laem Phromthep Kanchanaphisek Leuchtturms, der anl\u00e4sslich des Goldenen Jubil\u00e4ums des Thronantritts von K\u00f6nig Rama IX. erbaut wurde. Das Licht des Leuchtturms ist bis zu 39 Kilometer weit sichtbar. Im Inneren des Leuchtturms wird die Ausstellung \u00fcber den Bau des Leuchtturms, die Aufrechterhaltung der Standardzeit sowie die Berechnung und Anzeige der Zeiten von Sonnenaufgang und Sonnenuntergang pr\u00e4sentiert. Vom oberen Teil des Leuchtturms aus k\u00f6nnen Besucher endlose spektakul\u00e4re Landschaften betrachten.<\/p>\n","protected":false},"excerpt":{"rendered":"<p>Laem Phromthep (\u0e41\u0e2b\u0e25\u0e21\u0e1e\u0e23\u0e2b\u0e21\u0e40\u0e17\u0e1e), lokal als &#8222;Laem Chao&#8220; bezeichnet, befindet sich am s\u00fcdlichsten Punkt der Insel. Mit seiner atemberaubenden Landschaft und dem wundersch\u00f6nen Sonnenuntergang ist das Kap eines der beliebtesten Fotospots f\u00fcr Touristen in Phuket. Vom Rand der Klippe aus neigt sich eine Reihe von Palmen nach unten bis zum Ende des Kaps, das felsige Riffe [&hellip;]<\/p>\n","protected":false},"author":55,"featured_media":0,"parent":833,"menu_order":8,"comment_status":"closed","ping_status":"closed","template":"","meta":{"footnotes":""},"categories":[],"class_list":["post-841","page","type-page","status-publish","hentry"],"acf":[],"yoast_head":"<!-- This site is optimized with the Yoast SEO plugin v26.9 - https:\/\/yoast.com\/product\/yoast-seo-wordpress\/ -->\n<title>Laem Phromthep &amp; Aussichtspunkte - Avista Grande Phuket Karon - Mgallery<\/title>\n<meta name=\"robots\" content=\"index, follow, max-snippet:-1, max-image-preview:large, max-video-preview:-1\" \/>\n<link rel=\"canonical\" href=\"https:\/\/www.avistagrandephuketresort.com\/de\/top-things-to-do-in-phuket\/laem-phromthep-viewpoints\/\" \/>\n<meta property=\"og:locale\" content=\"de_DE\" \/>\n<meta property=\"og:type\" content=\"article\" \/>\n<meta property=\"og:title\" content=\"Laem Phromthep &amp; Aussichtspunkte - Avista Grande Phuket Karon - Mgallery\" \/>\n<meta property=\"og:description\" content=\"Laem Phromthep (\u0e41\u0e2b\u0e25\u0e21\u0e1e\u0e23\u0e2b\u0e21\u0e40\u0e17\u0e1e), lokal als &#8222;Laem Chao&#8220; bezeichnet, befindet sich am s\u00fcdlichsten Punkt der Insel. Mit seiner atemberaubenden Landschaft und dem wundersch\u00f6nen Sonnenuntergang ist das Kap eines der beliebtesten Fotospots f\u00fcr Touristen in Phuket. Vom Rand der Klippe aus neigt sich eine Reihe von Palmen nach unten bis zum Ende des Kaps, das felsige Riffe [&hellip;]\" \/>\n<meta property=\"og:url\" content=\"https:\/\/www.avistagrandephuketresort.com\/de\/top-things-to-do-in-phuket\/laem-phromthep-viewpoints\/\" \/>\n<meta property=\"og:site_name\" content=\"Avista Grande Phuket Karon - Mgallery\" \/>\n<meta property=\"article:modified_time\" content=\"2023-09-14T03:24:22+00:00\" \/>\n<meta name=\"twitter:card\" content=\"summary_large_image\" \/>\n<meta name=\"twitter:label1\" content=\"Gesch\u00e4tzte Lesezeit\" \/>\n\t<meta name=\"twitter:data1\" content=\"1 Minute\" \/>\n<script type=\"application\/ld+json\" class=\"yoast-schema-graph\">{\"@context\":\"https:\/\/schema.org\",\"@graph\":[{\"@type\":\"WebPage\",\"@id\":\"https:\/\/www.avistagrandephuketresort.com\/de\/top-things-to-do-in-phuket\/laem-phromthep-viewpoints\/\",\"url\":\"https:\/\/www.avistagrandephuketresort.com\/de\/top-things-to-do-in-phuket\/laem-phromthep-viewpoints\/\",\"name\":\"Laem Phromthep & Aussichtspunkte - Avista Grande Phuket Karon - Mgallery\",\"isPartOf\":{\"@id\":\"https:\/\/www.avistagrandephuketresort.com\/#website\"},\"datePublished\":\"2023-07-31T01:20:26+00:00\",\"dateModified\":\"2023-09-14T03:24:22+00:00\",\"breadcrumb\":{\"@id\":\"https:\/\/www.avistagrandephuketresort.com\/de\/top-things-to-do-in-phuket\/laem-phromthep-viewpoints\/#breadcrumb\"},\"inLanguage\":\"de-DE\",\"potentialAction\":[{\"@type\":\"ReadAction\",\"target\":[\"https:\/\/www.avistagrandephuketresort.com\/de\/top-things-to-do-in-phuket\/laem-phromthep-viewpoints\/\"]}]},{\"@type\":\"BreadcrumbList\",\"@id\":\"https:\/\/www.avistagrandephuketresort.com\/de\/top-things-to-do-in-phuket\/laem-phromthep-viewpoints\/#breadcrumb\",\"itemListElement\":[{\"@type\":\"ListItem\",\"position\":1,\"name\":\"Home\",\"item\":\"https:\/\/www.avistagrandephuketresort.com\/de\/\"},{\"@type\":\"ListItem\",\"position\":2,\"name\":\"Top-Aktivit\u00e4ten in Phuket\",\"item\":\"https:\/\/www.avistagrandephuketresort.com\/de\/top-things-to-do-in-phuket\/\"},{\"@type\":\"ListItem\",\"position\":3,\"name\":\"Laem Phromthep &#038; Aussichtspunkte\"}]},{\"@type\":\"WebSite\",\"@id\":\"https:\/\/www.avistagrandephuketresort.com\/#website\",\"url\":\"https:\/\/www.avistagrandephuketresort.com\/\",\"name\":\"Avista Grande Phuket Karon - Mgallery\",\"description\":\"\",\"potentialAction\":[{\"@type\":\"SearchAction\",\"target\":{\"@type\":\"EntryPoint\",\"urlTemplate\":\"https:\/\/www.avistagrandephuketresort.com\/?s={search_term_string}\"},\"query-input\":{\"@type\":\"PropertyValueSpecification\",\"valueRequired\":true,\"valueName\":\"search_term_string\"}}],\"inLanguage\":\"de-DE\"}]}<\/script>\n<!-- \/ Yoast SEO plugin. -->","yoast_head_json":{"title":"Laem Phromthep & Aussichtspunkte - Avista Grande Phuket Karon - Mgallery","robots":{"index":"index","follow":"follow","max-snippet":"max-snippet:-1","max-image-preview":"max-image-preview:large","max-video-preview":"max-video-preview:-1"},"canonical":"https:\/\/www.avistagrandephuketresort.com\/de\/top-things-to-do-in-phuket\/laem-phromthep-viewpoints\/","og_locale":"de_DE","og_type":"article","og_title":"Laem Phromthep & Aussichtspunkte - Avista Grande Phuket Karon - Mgallery","og_description":"Laem Phromthep (\u0e41\u0e2b\u0e25\u0e21\u0e1e\u0e23\u0e2b\u0e21\u0e40\u0e17\u0e1e), lokal als &#8222;Laem Chao&#8220; bezeichnet, befindet sich am s\u00fcdlichsten Punkt der Insel. Mit seiner atemberaubenden Landschaft und dem wundersch\u00f6nen Sonnenuntergang ist das Kap eines der beliebtesten Fotospots f\u00fcr Touristen in Phuket. Vom Rand der Klippe aus neigt sich eine Reihe von Palmen nach unten bis zum Ende des Kaps, das felsige Riffe [&hellip;]","og_url":"https:\/\/www.avistagrandephuketresort.com\/de\/top-things-to-do-in-phuket\/laem-phromthep-viewpoints\/","og_site_name":"Avista Grande Phuket Karon - Mgallery","article_modified_time":"2023-09-14T03:24:22+00:00","twitter_card":"summary_large_image","twitter_misc":{"Gesch\u00e4tzte Lesezeit":"1 Minute"},"schema":{"@context":"https:\/\/schema.org","@graph":[{"@type":"WebPage","@id":"https:\/\/www.avistagrandephuketresort.com\/de\/top-things-to-do-in-phuket\/laem-phromthep-viewpoints\/","url":"https:\/\/www.avistagrandephuketresort.com\/de\/top-things-to-do-in-phuket\/laem-phromthep-viewpoints\/","name":"Laem Phromthep & Aussichtspunkte - Avista Grande Phuket Karon - Mgallery","isPartOf":{"@id":"https:\/\/www.avistagrandephuketresort.com\/#website"},"datePublished":"2023-07-31T01:20:26+00:00","dateModified":"2023-09-14T03:24:22+00:00","breadcrumb":{"@id":"https:\/\/www.avistagrandephuketresort.com\/de\/top-things-to-do-in-phuket\/laem-phromthep-viewpoints\/#breadcrumb"},"inLanguage":"de-DE","potentialAction":[{"@type":"ReadAction","target":["https:\/\/www.avistagrandephuketresort.com\/de\/top-things-to-do-in-phuket\/laem-phromthep-viewpoints\/"]}]},{"@type":"BreadcrumbList","@id":"https:\/\/www.avistagrandephuketresort.com\/de\/top-things-to-do-in-phuket\/laem-phromthep-viewpoints\/#breadcrumb","itemListElement":[{"@type":"ListItem","position":1,"name":"Home","item":"https:\/\/www.avistagrandephuketresort.com\/de\/"},{"@type":"ListItem","position":2,"name":"Top-Aktivit\u00e4ten in Phuket","item":"https:\/\/www.avistagrandephuketresort.com\/de\/top-things-to-do-in-phuket\/"},{"@type":"ListItem","position":3,"name":"Laem Phromthep &#038; Aussichtspunkte"}]},{"@type":"WebSite","@id":"https:\/\/www.avistagrandephuketresort.com\/#website","url":"https:\/\/www.avistagrandephuketresort.com\/","name":"Avista Grande Phuket Karon - Mgallery","description":"","potentialAction":[{"@type":"SearchAction","target":{"@type":"EntryPoint","urlTemplate":"https:\/\/www.avistagrandephuketresort.com\/?s={search_term_string}"},"query-input":{"@type":"PropertyValueSpecification","valueRequired":true,"valueName":"search_term_string"}}],"inLanguage":"de-DE"}]}},"_links":{"self":[{"href":"https:\/\/www.avistagrandephuketresort.com\/de\/wp-json\/wp\/v2\/pages\/841","targetHints":{"allow":["GET"]}}],"collection":[{"href":"https:\/\/www.avistagrandephuketresort.com\/de\/wp-json\/wp\/v2\/pages"}],"about":[{"href":"https:\/\/www.avistagrandephuketresort.com\/de\/wp-json\/wp\/v2\/types\/page"}],"author":[{"embeddable":true,"href":"https:\/\/www.avistagrandephuketresort.com\/de\/wp-json\/wp\/v2\/users\/55"}],"replies":[{"embeddable":true,"href":"https:\/\/www.avistagrandephuketresort.com\/de\/wp-json\/wp\/v2\/comments?post=841"}],"version-history":[{"count":0,"href":"https:\/\/www.avistagrandephuketresort.com\/de\/wp-json\/wp\/v2\/pages\/841\/revisions"}],"up":[{"embeddable":true,"href":"https:\/\/www.avistagrandephuketresort.com\/de\/wp-json\/wp\/v2\/pages\/833"}],"wp:attachment":[{"href":"https:\/\/www.avistagrandephuketresort.com\/de\/wp-json\/wp\/v2\/media?parent=841"}],"wp:term":[{"taxonomy":"category","embeddable":true,"href":"https:\/\/www.avistagrandephuketresort.com\/de\/wp-json\/wp\/v2\/categories?post=841"}],"curies":[{"name":"wp","href":"https:\/\/api.w.org\/{rel}","templated":true}]}}