{"id":840,"date":"2023-07-31T01:18:58","date_gmt":"2023-07-31T01:18:58","guid":{"rendered":"https:\/\/www.avistagrandephuketresort.com\/?page_id=840"},"modified":"2023-09-14T03:23:12","modified_gmt":"2023-09-14T03:23:12","slug":"soak-up-the-beach-club-vibes-at-tann-terrace","status":"publish","type":"page","link":"https:\/\/www.avistagrandephuketresort.com\/de\/top-things-to-do-in-phuket\/soak-up-the-beach-club-vibes-at-tann-terrace\/","title":{"rendered":"Genie\u00dfen Sie die Strandclub-Stimmung im Tann Terrace"},"content":{"rendered":"<p style=\"text-align: center\">Nur zwei Minuten zu Fu\u00df von unserem Resort entfernt, an der s\u00fcdlichsten Ecke des Karon Beach, ist die Tann Terrace einer der angesagtesten Orte in Phuket, um die entspannte Strandclub-Atmosph\u00e4re zu genie\u00dfen. Die beste Zeit f\u00fcr einen Besuch ist kurz vor Sonnenuntergang, wenn Strandliegen und Lounge-Sessel bereitstehen, um das Spektakel der Goldenen Stunde \u00fcber der Andamanensee zu bewundern. Mit einem Live-DJ, der die n\u00e4chtlichen Sonnenuntergangsrituale leitet, ist eine spektakul\u00e4re Feuertanzshow ein Anblick, den es zu bestaunen gilt.<\/p>\n","protected":false},"excerpt":{"rendered":"<p>Nur zwei Minuten zu Fu\u00df von unserem Resort entfernt, an der s\u00fcdlichsten Ecke des Karon Beach, ist die Tann Terrace einer der angesagtesten Orte in Phuket, um die entspannte Strandclub-Atmosph\u00e4re zu genie\u00dfen. Die beste Zeit f\u00fcr einen Besuch ist kurz vor Sonnenuntergang, wenn Strandliegen und Lounge-Sessel bereitstehen, um das Spektakel der Goldenen Stunde \u00fcber der [&hellip;]<\/p>\n","protected":false},"author":55,"featured_media":0,"parent":833,"menu_order":7,"comment_status":"closed","ping_status":"closed","template":"","meta":{"footnotes":""},"categories":[],"class_list":["post-840","page","type-page","status-publish","hentry"],"acf":[],"yoast_head":"<!-- This site is optimized with the Yoast SEO plugin v26.9 - https:\/\/yoast.com\/product\/yoast-seo-wordpress\/ -->\n<title>Genie\u00dfen Sie die Strandclub-Stimmung im Tann Terrace - Avista Grande Phuket Karon - Mgallery<\/title>\n<meta name=\"robots\" content=\"index, follow, max-snippet:-1, max-image-preview:large, max-video-preview:-1\" \/>\n<link rel=\"canonical\" href=\"https:\/\/www.avistagrandephuketresort.com\/de\/top-things-to-do-in-phuket\/soak-up-the-beach-club-vibes-at-tann-terrace\/\" \/>\n<meta property=\"og:locale\" content=\"de_DE\" \/>\n<meta property=\"og:type\" content=\"article\" \/>\n<meta property=\"og:title\" content=\"Genie\u00dfen Sie die Strandclub-Stimmung im Tann Terrace - Avista Grande Phuket Karon - Mgallery\" \/>\n<meta property=\"og:description\" content=\"Nur zwei Minuten zu Fu\u00df von unserem Resort entfernt, an der s\u00fcdlichsten Ecke des Karon Beach, ist die Tann Terrace einer der angesagtesten Orte in Phuket, um die entspannte Strandclub-Atmosph\u00e4re zu genie\u00dfen. Die beste Zeit f\u00fcr einen Besuch ist kurz vor Sonnenuntergang, wenn Strandliegen und Lounge-Sessel bereitstehen, um das Spektakel der Goldenen Stunde \u00fcber der [&hellip;]\" \/>\n<meta property=\"og:url\" content=\"https:\/\/www.avistagrandephuketresort.com\/de\/top-things-to-do-in-phuket\/soak-up-the-beach-club-vibes-at-tann-terrace\/\" \/>\n<meta property=\"og:site_name\" content=\"Avista Grande Phuket Karon - Mgallery\" \/>\n<meta property=\"article:modified_time\" content=\"2023-09-14T03:23:12+00:00\" \/>\n<meta name=\"twitter:card\" content=\"summary_large_image\" \/>\n<meta name=\"twitter:label1\" content=\"Gesch\u00e4tzte Lesezeit\" \/>\n\t<meta name=\"twitter:data1\" content=\"1 Minute\" \/>\n<script type=\"application\/ld+json\" class=\"yoast-schema-graph\">{\"@context\":\"https:\/\/schema.org\",\"@graph\":[{\"@type\":\"WebPage\",\"@id\":\"https:\/\/www.avistagrandephuketresort.com\/de\/top-things-to-do-in-phuket\/soak-up-the-beach-club-vibes-at-tann-terrace\/\",\"url\":\"https:\/\/www.avistagrandephuketresort.com\/de\/top-things-to-do-in-phuket\/soak-up-the-beach-club-vibes-at-tann-terrace\/\",\"name\":\"Genie\u00dfen Sie die Strandclub-Stimmung im Tann Terrace - Avista Grande Phuket Karon - Mgallery\",\"isPartOf\":{\"@id\":\"https:\/\/www.avistagrandephuketresort.com\/#website\"},\"datePublished\":\"2023-07-31T01:18:58+00:00\",\"dateModified\":\"2023-09-14T03:23:12+00:00\",\"breadcrumb\":{\"@id\":\"https:\/\/www.avistagrandephuketresort.com\/de\/top-things-to-do-in-phuket\/soak-up-the-beach-club-vibes-at-tann-terrace\/#breadcrumb\"},\"inLanguage\":\"de-DE\",\"potentialAction\":[{\"@type\":\"ReadAction\",\"target\":[\"https:\/\/www.avistagrandephuketresort.com\/de\/top-things-to-do-in-phuket\/soak-up-the-beach-club-vibes-at-tann-terrace\/\"]}]},{\"@type\":\"BreadcrumbList\",\"@id\":\"https:\/\/www.avistagrandephuketresort.com\/de\/top-things-to-do-in-phuket\/soak-up-the-beach-club-vibes-at-tann-terrace\/#breadcrumb\",\"itemListElement\":[{\"@type\":\"ListItem\",\"position\":1,\"name\":\"Home\",\"item\":\"https:\/\/www.avistagrandephuketresort.com\/de\/\"},{\"@type\":\"ListItem\",\"position\":2,\"name\":\"Top-Aktivit\u00e4ten in Phuket\",\"item\":\"https:\/\/www.avistagrandephuketresort.com\/de\/top-things-to-do-in-phuket\/\"},{\"@type\":\"ListItem\",\"position\":3,\"name\":\"Genie\u00dfen Sie die Strandclub-Stimmung im Tann Terrace\"}]},{\"@type\":\"WebSite\",\"@id\":\"https:\/\/www.avistagrandephuketresort.com\/#website\",\"url\":\"https:\/\/www.avistagrandephuketresort.com\/\",\"name\":\"Avista Grande Phuket Karon - Mgallery\",\"description\":\"\",\"potentialAction\":[{\"@type\":\"SearchAction\",\"target\":{\"@type\":\"EntryPoint\",\"urlTemplate\":\"https:\/\/www.avistagrandephuketresort.com\/?s={search_term_string}\"},\"query-input\":{\"@type\":\"PropertyValueSpecification\",\"valueRequired\":true,\"valueName\":\"search_term_string\"}}],\"inLanguage\":\"de-DE\"}]}<\/script>\n<!-- \/ Yoast SEO plugin. -->","yoast_head_json":{"title":"Genie\u00dfen Sie die Strandclub-Stimmung im Tann Terrace - Avista Grande Phuket Karon - Mgallery","robots":{"index":"index","follow":"follow","max-snippet":"max-snippet:-1","max-image-preview":"max-image-preview:large","max-video-preview":"max-video-preview:-1"},"canonical":"https:\/\/www.avistagrandephuketresort.com\/de\/top-things-to-do-in-phuket\/soak-up-the-beach-club-vibes-at-tann-terrace\/","og_locale":"de_DE","og_type":"article","og_title":"Genie\u00dfen Sie die Strandclub-Stimmung im Tann Terrace - Avista Grande Phuket Karon - Mgallery","og_description":"Nur zwei Minuten zu Fu\u00df von unserem Resort entfernt, an der s\u00fcdlichsten Ecke des Karon Beach, ist die Tann Terrace einer der angesagtesten Orte in Phuket, um die entspannte Strandclub-Atmosph\u00e4re zu genie\u00dfen. Die beste Zeit f\u00fcr einen Besuch ist kurz vor Sonnenuntergang, wenn Strandliegen und Lounge-Sessel bereitstehen, um das Spektakel der Goldenen Stunde \u00fcber der [&hellip;]","og_url":"https:\/\/www.avistagrandephuketresort.com\/de\/top-things-to-do-in-phuket\/soak-up-the-beach-club-vibes-at-tann-terrace\/","og_site_name":"Avista Grande Phuket Karon - Mgallery","article_modified_time":"2023-09-14T03:23:12+00:00","twitter_card":"summary_large_image","twitter_misc":{"Gesch\u00e4tzte Lesezeit":"1 Minute"},"schema":{"@context":"https:\/\/schema.org","@graph":[{"@type":"WebPage","@id":"https:\/\/www.avistagrandephuketresort.com\/de\/top-things-to-do-in-phuket\/soak-up-the-beach-club-vibes-at-tann-terrace\/","url":"https:\/\/www.avistagrandephuketresort.com\/de\/top-things-to-do-in-phuket\/soak-up-the-beach-club-vibes-at-tann-terrace\/","name":"Genie\u00dfen Sie die Strandclub-Stimmung im Tann Terrace - Avista Grande Phuket Karon - Mgallery","isPartOf":{"@id":"https:\/\/www.avistagrandephuketresort.com\/#website"},"datePublished":"2023-07-31T01:18:58+00:00","dateModified":"2023-09-14T03:23:12+00:00","breadcrumb":{"@id":"https:\/\/www.avistagrandephuketresort.com\/de\/top-things-to-do-in-phuket\/soak-up-the-beach-club-vibes-at-tann-terrace\/#breadcrumb"},"inLanguage":"de-DE","potentialAction":[{"@type":"ReadAction","target":["https:\/\/www.avistagrandephuketresort.com\/de\/top-things-to-do-in-phuket\/soak-up-the-beach-club-vibes-at-tann-terrace\/"]}]},{"@type":"BreadcrumbList","@id":"https:\/\/www.avistagrandephuketresort.com\/de\/top-things-to-do-in-phuket\/soak-up-the-beach-club-vibes-at-tann-terrace\/#breadcrumb","itemListElement":[{"@type":"ListItem","position":1,"name":"Home","item":"https:\/\/www.avistagrandephuketresort.com\/de\/"},{"@type":"ListItem","position":2,"name":"Top-Aktivit\u00e4ten in Phuket","item":"https:\/\/www.avistagrandephuketresort.com\/de\/top-things-to-do-in-phuket\/"},{"@type":"ListItem","position":3,"name":"Genie\u00dfen Sie die Strandclub-Stimmung im Tann Terrace"}]},{"@type":"WebSite","@id":"https:\/\/www.avistagrandephuketresort.com\/#website","url":"https:\/\/www.avistagrandephuketresort.com\/","name":"Avista Grande Phuket Karon - Mgallery","description":"","potentialAction":[{"@type":"SearchAction","target":{"@type":"EntryPoint","urlTemplate":"https:\/\/www.avistagrandephuketresort.com\/?s={search_term_string}"},"query-input":{"@type":"PropertyValueSpecification","valueRequired":true,"valueName":"search_term_string"}}],"inLanguage":"de-DE"}]}},"_links":{"self":[{"href":"https:\/\/www.avistagrandephuketresort.com\/de\/wp-json\/wp\/v2\/pages\/840","targetHints":{"allow":["GET"]}}],"collection":[{"href":"https:\/\/www.avistagrandephuketresort.com\/de\/wp-json\/wp\/v2\/pages"}],"about":[{"href":"https:\/\/www.avistagrandephuketresort.com\/de\/wp-json\/wp\/v2\/types\/page"}],"author":[{"embeddable":true,"href":"https:\/\/www.avistagrandephuketresort.com\/de\/wp-json\/wp\/v2\/users\/55"}],"replies":[{"embeddable":true,"href":"https:\/\/www.avistagrandephuketresort.com\/de\/wp-json\/wp\/v2\/comments?post=840"}],"version-history":[{"count":0,"href":"https:\/\/www.avistagrandephuketresort.com\/de\/wp-json\/wp\/v2\/pages\/840\/revisions"}],"up":[{"embeddable":true,"href":"https:\/\/www.avistagrandephuketresort.com\/de\/wp-json\/wp\/v2\/pages\/833"}],"wp:attachment":[{"href":"https:\/\/www.avistagrandephuketresort.com\/de\/wp-json\/wp\/v2\/media?parent=840"}],"wp:term":[{"taxonomy":"category","embeddable":true,"href":"https:\/\/www.avistagrandephuketresort.com\/de\/wp-json\/wp\/v2\/categories?post=840"}],"curies":[{"name":"wp","href":"https:\/\/api.w.org\/{rel}","templated":true}]}}