{"id":839,"date":"2023-07-31T01:17:02","date_gmt":"2023-07-31T01:17:02","guid":{"rendered":"https:\/\/www.avistagrandephuketresort.com\/?page_id=839"},"modified":"2023-09-14T03:19:13","modified_gmt":"2023-09-14T03:19:13","slug":"take-a-wander-to-karon-viewpoint","status":"publish","type":"page","link":"https:\/\/www.avistagrandephuketresort.com\/de\/top-things-to-do-in-phuket\/take-a-wander-to-karon-viewpoint\/","title":{"rendered":"Machen Sie einen Spaziergang zum Karon Viewpoint"},"content":{"rendered":"<p style=\"text-align: center\">Auf dem H\u00fcgel s\u00fcdlich des Kata Noi Beachs thront der Karon View Point. Als einer der meistfotografierten Aussichtspunkte in Phuket empfiehlt es sich, fr\u00fchzeitig zu besuchen, um den Menschenmassen auszuweichen. Die ikonischen Aussichten, die Sie erwarten, sind der Grund, warum dieser Aussichtspunkt auch als &#8222;Dreistr\u00e4nde-Aussichtspunkt&#8220; bekannt ist. Sie erhalten einen Vogelperspektiven-Blick auf den Kata Noi Beach, den Kata Beach und unseren eigenen Karon Beach, mit den von Dschungel umgebenen Bergen, die bis zum Patong Beach in der Ferne f\u00fchren. Das Wei\u00df der Str\u00e4nde, das in Kontrast zu den beeindruckenden Blaut\u00f6nen der weiten Andamanensee und dem lebendigen Gr\u00fcn der \u00fcppigen Bergh\u00e4nge steht, bietet die perfekte Gelegenheit, eine Fotoerinnerung an Ihre Zeit in Phuket festzuhalten.<\/p>\n","protected":false},"excerpt":{"rendered":"<p>Auf dem H\u00fcgel s\u00fcdlich des Kata Noi Beachs thront der Karon View Point. Als einer der meistfotografierten Aussichtspunkte in Phuket empfiehlt es sich, fr\u00fchzeitig zu besuchen, um den Menschenmassen auszuweichen. Die ikonischen Aussichten, die Sie erwarten, sind der Grund, warum dieser Aussichtspunkt auch als &#8222;Dreistr\u00e4nde-Aussichtspunkt&#8220; bekannt ist. Sie erhalten einen Vogelperspektiven-Blick auf den Kata Noi [&hellip;]<\/p>\n","protected":false},"author":55,"featured_media":0,"parent":833,"menu_order":6,"comment_status":"closed","ping_status":"closed","template":"","meta":{"footnotes":""},"categories":[],"class_list":["post-839","page","type-page","status-publish","hentry"],"acf":[],"yoast_head":"<!-- This site is optimized with the Yoast SEO plugin v26.9 - https:\/\/yoast.com\/product\/yoast-seo-wordpress\/ -->\n<title>Machen Sie einen Spaziergang zum Karon Viewpoint - Avista Grande Phuket Karon - Mgallery<\/title>\n<meta name=\"robots\" content=\"index, follow, max-snippet:-1, max-image-preview:large, max-video-preview:-1\" \/>\n<link rel=\"canonical\" href=\"https:\/\/www.avistagrandephuketresort.com\/de\/top-things-to-do-in-phuket\/take-a-wander-to-karon-viewpoint\/\" \/>\n<meta property=\"og:locale\" content=\"de_DE\" \/>\n<meta property=\"og:type\" content=\"article\" \/>\n<meta property=\"og:title\" content=\"Machen Sie einen Spaziergang zum Karon Viewpoint - Avista Grande Phuket Karon - Mgallery\" \/>\n<meta property=\"og:description\" content=\"Auf dem H\u00fcgel s\u00fcdlich des Kata Noi Beachs thront der Karon View Point. Als einer der meistfotografierten Aussichtspunkte in Phuket empfiehlt es sich, fr\u00fchzeitig zu besuchen, um den Menschenmassen auszuweichen. Die ikonischen Aussichten, die Sie erwarten, sind der Grund, warum dieser Aussichtspunkt auch als &#8222;Dreistr\u00e4nde-Aussichtspunkt&#8220; bekannt ist. Sie erhalten einen Vogelperspektiven-Blick auf den Kata Noi [&hellip;]\" \/>\n<meta property=\"og:url\" content=\"https:\/\/www.avistagrandephuketresort.com\/de\/top-things-to-do-in-phuket\/take-a-wander-to-karon-viewpoint\/\" \/>\n<meta property=\"og:site_name\" content=\"Avista Grande Phuket Karon - Mgallery\" \/>\n<meta property=\"article:modified_time\" content=\"2023-09-14T03:19:13+00:00\" \/>\n<meta name=\"twitter:card\" content=\"summary_large_image\" \/>\n<meta name=\"twitter:label1\" content=\"Gesch\u00e4tzte Lesezeit\" \/>\n\t<meta name=\"twitter:data1\" content=\"1 Minute\" \/>\n<script type=\"application\/ld+json\" class=\"yoast-schema-graph\">{\"@context\":\"https:\/\/schema.org\",\"@graph\":[{\"@type\":\"WebPage\",\"@id\":\"https:\/\/www.avistagrandephuketresort.com\/de\/top-things-to-do-in-phuket\/take-a-wander-to-karon-viewpoint\/\",\"url\":\"https:\/\/www.avistagrandephuketresort.com\/de\/top-things-to-do-in-phuket\/take-a-wander-to-karon-viewpoint\/\",\"name\":\"Machen Sie einen Spaziergang zum Karon Viewpoint - Avista Grande Phuket Karon - Mgallery\",\"isPartOf\":{\"@id\":\"https:\/\/www.avistagrandephuketresort.com\/#website\"},\"datePublished\":\"2023-07-31T01:17:02+00:00\",\"dateModified\":\"2023-09-14T03:19:13+00:00\",\"breadcrumb\":{\"@id\":\"https:\/\/www.avistagrandephuketresort.com\/de\/top-things-to-do-in-phuket\/take-a-wander-to-karon-viewpoint\/#breadcrumb\"},\"inLanguage\":\"de-DE\",\"potentialAction\":[{\"@type\":\"ReadAction\",\"target\":[\"https:\/\/www.avistagrandephuketresort.com\/de\/top-things-to-do-in-phuket\/take-a-wander-to-karon-viewpoint\/\"]}]},{\"@type\":\"BreadcrumbList\",\"@id\":\"https:\/\/www.avistagrandephuketresort.com\/de\/top-things-to-do-in-phuket\/take-a-wander-to-karon-viewpoint\/#breadcrumb\",\"itemListElement\":[{\"@type\":\"ListItem\",\"position\":1,\"name\":\"Home\",\"item\":\"https:\/\/www.avistagrandephuketresort.com\/de\/\"},{\"@type\":\"ListItem\",\"position\":2,\"name\":\"Top-Aktivit\u00e4ten in Phuket\",\"item\":\"https:\/\/www.avistagrandephuketresort.com\/de\/top-things-to-do-in-phuket\/\"},{\"@type\":\"ListItem\",\"position\":3,\"name\":\"Machen Sie einen Spaziergang zum Karon Viewpoint\"}]},{\"@type\":\"WebSite\",\"@id\":\"https:\/\/www.avistagrandephuketresort.com\/#website\",\"url\":\"https:\/\/www.avistagrandephuketresort.com\/\",\"name\":\"Avista Grande Phuket Karon - Mgallery\",\"description\":\"\",\"potentialAction\":[{\"@type\":\"SearchAction\",\"target\":{\"@type\":\"EntryPoint\",\"urlTemplate\":\"https:\/\/www.avistagrandephuketresort.com\/?s={search_term_string}\"},\"query-input\":{\"@type\":\"PropertyValueSpecification\",\"valueRequired\":true,\"valueName\":\"search_term_string\"}}],\"inLanguage\":\"de-DE\"}]}<\/script>\n<!-- \/ Yoast SEO plugin. -->","yoast_head_json":{"title":"Machen Sie einen Spaziergang zum Karon Viewpoint - Avista Grande Phuket Karon - Mgallery","robots":{"index":"index","follow":"follow","max-snippet":"max-snippet:-1","max-image-preview":"max-image-preview:large","max-video-preview":"max-video-preview:-1"},"canonical":"https:\/\/www.avistagrandephuketresort.com\/de\/top-things-to-do-in-phuket\/take-a-wander-to-karon-viewpoint\/","og_locale":"de_DE","og_type":"article","og_title":"Machen Sie einen Spaziergang zum Karon Viewpoint - Avista Grande Phuket Karon - Mgallery","og_description":"Auf dem H\u00fcgel s\u00fcdlich des Kata Noi Beachs thront der Karon View Point. Als einer der meistfotografierten Aussichtspunkte in Phuket empfiehlt es sich, fr\u00fchzeitig zu besuchen, um den Menschenmassen auszuweichen. Die ikonischen Aussichten, die Sie erwarten, sind der Grund, warum dieser Aussichtspunkt auch als &#8222;Dreistr\u00e4nde-Aussichtspunkt&#8220; bekannt ist. Sie erhalten einen Vogelperspektiven-Blick auf den Kata Noi [&hellip;]","og_url":"https:\/\/www.avistagrandephuketresort.com\/de\/top-things-to-do-in-phuket\/take-a-wander-to-karon-viewpoint\/","og_site_name":"Avista Grande Phuket Karon - Mgallery","article_modified_time":"2023-09-14T03:19:13+00:00","twitter_card":"summary_large_image","twitter_misc":{"Gesch\u00e4tzte Lesezeit":"1 Minute"},"schema":{"@context":"https:\/\/schema.org","@graph":[{"@type":"WebPage","@id":"https:\/\/www.avistagrandephuketresort.com\/de\/top-things-to-do-in-phuket\/take-a-wander-to-karon-viewpoint\/","url":"https:\/\/www.avistagrandephuketresort.com\/de\/top-things-to-do-in-phuket\/take-a-wander-to-karon-viewpoint\/","name":"Machen Sie einen Spaziergang zum Karon Viewpoint - Avista Grande Phuket Karon - Mgallery","isPartOf":{"@id":"https:\/\/www.avistagrandephuketresort.com\/#website"},"datePublished":"2023-07-31T01:17:02+00:00","dateModified":"2023-09-14T03:19:13+00:00","breadcrumb":{"@id":"https:\/\/www.avistagrandephuketresort.com\/de\/top-things-to-do-in-phuket\/take-a-wander-to-karon-viewpoint\/#breadcrumb"},"inLanguage":"de-DE","potentialAction":[{"@type":"ReadAction","target":["https:\/\/www.avistagrandephuketresort.com\/de\/top-things-to-do-in-phuket\/take-a-wander-to-karon-viewpoint\/"]}]},{"@type":"BreadcrumbList","@id":"https:\/\/www.avistagrandephuketresort.com\/de\/top-things-to-do-in-phuket\/take-a-wander-to-karon-viewpoint\/#breadcrumb","itemListElement":[{"@type":"ListItem","position":1,"name":"Home","item":"https:\/\/www.avistagrandephuketresort.com\/de\/"},{"@type":"ListItem","position":2,"name":"Top-Aktivit\u00e4ten in Phuket","item":"https:\/\/www.avistagrandephuketresort.com\/de\/top-things-to-do-in-phuket\/"},{"@type":"ListItem","position":3,"name":"Machen Sie einen Spaziergang zum Karon Viewpoint"}]},{"@type":"WebSite","@id":"https:\/\/www.avistagrandephuketresort.com\/#website","url":"https:\/\/www.avistagrandephuketresort.com\/","name":"Avista Grande Phuket Karon - Mgallery","description":"","potentialAction":[{"@type":"SearchAction","target":{"@type":"EntryPoint","urlTemplate":"https:\/\/www.avistagrandephuketresort.com\/?s={search_term_string}"},"query-input":{"@type":"PropertyValueSpecification","valueRequired":true,"valueName":"search_term_string"}}],"inLanguage":"de-DE"}]}},"_links":{"self":[{"href":"https:\/\/www.avistagrandephuketresort.com\/de\/wp-json\/wp\/v2\/pages\/839","targetHints":{"allow":["GET"]}}],"collection":[{"href":"https:\/\/www.avistagrandephuketresort.com\/de\/wp-json\/wp\/v2\/pages"}],"about":[{"href":"https:\/\/www.avistagrandephuketresort.com\/de\/wp-json\/wp\/v2\/types\/page"}],"author":[{"embeddable":true,"href":"https:\/\/www.avistagrandephuketresort.com\/de\/wp-json\/wp\/v2\/users\/55"}],"replies":[{"embeddable":true,"href":"https:\/\/www.avistagrandephuketresort.com\/de\/wp-json\/wp\/v2\/comments?post=839"}],"version-history":[{"count":0,"href":"https:\/\/www.avistagrandephuketresort.com\/de\/wp-json\/wp\/v2\/pages\/839\/revisions"}],"up":[{"embeddable":true,"href":"https:\/\/www.avistagrandephuketresort.com\/de\/wp-json\/wp\/v2\/pages\/833"}],"wp:attachment":[{"href":"https:\/\/www.avistagrandephuketresort.com\/de\/wp-json\/wp\/v2\/media?parent=839"}],"wp:term":[{"taxonomy":"category","embeddable":true,"href":"https:\/\/www.avistagrandephuketresort.com\/de\/wp-json\/wp\/v2\/categories?post=839"}],"curies":[{"name":"wp","href":"https:\/\/api.w.org\/{rel}","templated":true}]}}