{"id":837,"date":"2023-07-31T01:12:57","date_gmt":"2023-07-31T01:12:57","guid":{"rendered":"https:\/\/www.avistagrandephuketresort.com\/?page_id=837"},"modified":"2023-09-14T03:17:09","modified_gmt":"2023-09-14T03:17:09","slug":"uncover-the-hidden-blackrock-viewpoint","status":"publish","type":"page","link":"https:\/\/www.avistagrandephuketresort.com\/de\/top-things-to-do-in-phuket\/uncover-the-hidden-blackrock-viewpoint\/","title":{"rendered":"Entdecken Sie den verborgenen Aussichtspunkt Blackrock"},"content":{"rendered":"<p style=\"text-align: center\">Sehen Sie alles von einem versteckten Gipfel in den s\u00fcdlichen Bergen von Phuket aus. Wandern Sie durch den Dschungel, um einen der h\u00f6chsten Aussichtspunkte der Insel zu erreichen, der die anderen ber\u00fchmten Aussichtspunkte \u00fcberragt. Blicken Sie auf den Nai Harn Beach, den Windmill Viewpoint und das Phromthep Cape weit unten und werfen Sie einen Blick auf die Inseln, die am Horizont verstreut sind. Fr\u00fcher war der Ort nur Gleitschirmfliegern als bevorzugter Startplatz bekannt, aber nun wird er immer beliebter als Fotografie-Hotspot. Seien Sie fr\u00fch dabei, um Ihren unvergesslichen Moment einzufangen, bevor es zu einer Attraktion auf Ihrer Bucket List wird.<\/p>\n","protected":false},"excerpt":{"rendered":"<p>Sehen Sie alles von einem versteckten Gipfel in den s\u00fcdlichen Bergen von Phuket aus. Wandern Sie durch den Dschungel, um einen der h\u00f6chsten Aussichtspunkte der Insel zu erreichen, der die anderen ber\u00fchmten Aussichtspunkte \u00fcberragt. Blicken Sie auf den Nai Harn Beach, den Windmill Viewpoint und das Phromthep Cape weit unten und werfen Sie einen Blick [&hellip;]<\/p>\n","protected":false},"author":55,"featured_media":0,"parent":833,"menu_order":4,"comment_status":"closed","ping_status":"closed","template":"","meta":{"footnotes":""},"categories":[],"class_list":["post-837","page","type-page","status-publish","hentry"],"acf":[],"yoast_head":"<!-- This site is optimized with the Yoast SEO plugin v26.9 - https:\/\/yoast.com\/product\/yoast-seo-wordpress\/ -->\n<title>Entdecken Sie den verborgenen Aussichtspunkt Blackrock - Avista Grande Phuket Karon - Mgallery<\/title>\n<meta name=\"robots\" content=\"index, follow, max-snippet:-1, max-image-preview:large, max-video-preview:-1\" \/>\n<link rel=\"canonical\" href=\"https:\/\/www.avistagrandephuketresort.com\/de\/top-things-to-do-in-phuket\/uncover-the-hidden-blackrock-viewpoint\/\" \/>\n<meta property=\"og:locale\" content=\"de_DE\" \/>\n<meta property=\"og:type\" content=\"article\" \/>\n<meta property=\"og:title\" content=\"Entdecken Sie den verborgenen Aussichtspunkt Blackrock - Avista Grande Phuket Karon - Mgallery\" \/>\n<meta property=\"og:description\" content=\"Sehen Sie alles von einem versteckten Gipfel in den s\u00fcdlichen Bergen von Phuket aus. Wandern Sie durch den Dschungel, um einen der h\u00f6chsten Aussichtspunkte der Insel zu erreichen, der die anderen ber\u00fchmten Aussichtspunkte \u00fcberragt. Blicken Sie auf den Nai Harn Beach, den Windmill Viewpoint und das Phromthep Cape weit unten und werfen Sie einen Blick [&hellip;]\" \/>\n<meta property=\"og:url\" content=\"https:\/\/www.avistagrandephuketresort.com\/de\/top-things-to-do-in-phuket\/uncover-the-hidden-blackrock-viewpoint\/\" \/>\n<meta property=\"og:site_name\" content=\"Avista Grande Phuket Karon - Mgallery\" \/>\n<meta property=\"article:modified_time\" content=\"2023-09-14T03:17:09+00:00\" \/>\n<meta name=\"twitter:card\" content=\"summary_large_image\" \/>\n<meta name=\"twitter:label1\" content=\"Gesch\u00e4tzte Lesezeit\" \/>\n\t<meta name=\"twitter:data1\" content=\"1 Minute\" \/>\n<script type=\"application\/ld+json\" class=\"yoast-schema-graph\">{\"@context\":\"https:\/\/schema.org\",\"@graph\":[{\"@type\":\"WebPage\",\"@id\":\"https:\/\/www.avistagrandephuketresort.com\/de\/top-things-to-do-in-phuket\/uncover-the-hidden-blackrock-viewpoint\/\",\"url\":\"https:\/\/www.avistagrandephuketresort.com\/de\/top-things-to-do-in-phuket\/uncover-the-hidden-blackrock-viewpoint\/\",\"name\":\"Entdecken Sie den verborgenen Aussichtspunkt Blackrock - Avista Grande Phuket Karon - Mgallery\",\"isPartOf\":{\"@id\":\"https:\/\/www.avistagrandephuketresort.com\/#website\"},\"datePublished\":\"2023-07-31T01:12:57+00:00\",\"dateModified\":\"2023-09-14T03:17:09+00:00\",\"breadcrumb\":{\"@id\":\"https:\/\/www.avistagrandephuketresort.com\/de\/top-things-to-do-in-phuket\/uncover-the-hidden-blackrock-viewpoint\/#breadcrumb\"},\"inLanguage\":\"de-DE\",\"potentialAction\":[{\"@type\":\"ReadAction\",\"target\":[\"https:\/\/www.avistagrandephuketresort.com\/de\/top-things-to-do-in-phuket\/uncover-the-hidden-blackrock-viewpoint\/\"]}]},{\"@type\":\"BreadcrumbList\",\"@id\":\"https:\/\/www.avistagrandephuketresort.com\/de\/top-things-to-do-in-phuket\/uncover-the-hidden-blackrock-viewpoint\/#breadcrumb\",\"itemListElement\":[{\"@type\":\"ListItem\",\"position\":1,\"name\":\"Home\",\"item\":\"https:\/\/www.avistagrandephuketresort.com\/de\/\"},{\"@type\":\"ListItem\",\"position\":2,\"name\":\"Top-Aktivit\u00e4ten in Phuket\",\"item\":\"https:\/\/www.avistagrandephuketresort.com\/de\/top-things-to-do-in-phuket\/\"},{\"@type\":\"ListItem\",\"position\":3,\"name\":\"Entdecken Sie den verborgenen Aussichtspunkt Blackrock\"}]},{\"@type\":\"WebSite\",\"@id\":\"https:\/\/www.avistagrandephuketresort.com\/#website\",\"url\":\"https:\/\/www.avistagrandephuketresort.com\/\",\"name\":\"Avista Grande Phuket Karon - Mgallery\",\"description\":\"\",\"potentialAction\":[{\"@type\":\"SearchAction\",\"target\":{\"@type\":\"EntryPoint\",\"urlTemplate\":\"https:\/\/www.avistagrandephuketresort.com\/?s={search_term_string}\"},\"query-input\":{\"@type\":\"PropertyValueSpecification\",\"valueRequired\":true,\"valueName\":\"search_term_string\"}}],\"inLanguage\":\"de-DE\"}]}<\/script>\n<!-- \/ Yoast SEO plugin. -->","yoast_head_json":{"title":"Entdecken Sie den verborgenen Aussichtspunkt Blackrock - Avista Grande Phuket Karon - Mgallery","robots":{"index":"index","follow":"follow","max-snippet":"max-snippet:-1","max-image-preview":"max-image-preview:large","max-video-preview":"max-video-preview:-1"},"canonical":"https:\/\/www.avistagrandephuketresort.com\/de\/top-things-to-do-in-phuket\/uncover-the-hidden-blackrock-viewpoint\/","og_locale":"de_DE","og_type":"article","og_title":"Entdecken Sie den verborgenen Aussichtspunkt Blackrock - Avista Grande Phuket Karon - Mgallery","og_description":"Sehen Sie alles von einem versteckten Gipfel in den s\u00fcdlichen Bergen von Phuket aus. Wandern Sie durch den Dschungel, um einen der h\u00f6chsten Aussichtspunkte der Insel zu erreichen, der die anderen ber\u00fchmten Aussichtspunkte \u00fcberragt. Blicken Sie auf den Nai Harn Beach, den Windmill Viewpoint und das Phromthep Cape weit unten und werfen Sie einen Blick [&hellip;]","og_url":"https:\/\/www.avistagrandephuketresort.com\/de\/top-things-to-do-in-phuket\/uncover-the-hidden-blackrock-viewpoint\/","og_site_name":"Avista Grande Phuket Karon - Mgallery","article_modified_time":"2023-09-14T03:17:09+00:00","twitter_card":"summary_large_image","twitter_misc":{"Gesch\u00e4tzte Lesezeit":"1 Minute"},"schema":{"@context":"https:\/\/schema.org","@graph":[{"@type":"WebPage","@id":"https:\/\/www.avistagrandephuketresort.com\/de\/top-things-to-do-in-phuket\/uncover-the-hidden-blackrock-viewpoint\/","url":"https:\/\/www.avistagrandephuketresort.com\/de\/top-things-to-do-in-phuket\/uncover-the-hidden-blackrock-viewpoint\/","name":"Entdecken Sie den verborgenen Aussichtspunkt Blackrock - Avista Grande Phuket Karon - Mgallery","isPartOf":{"@id":"https:\/\/www.avistagrandephuketresort.com\/#website"},"datePublished":"2023-07-31T01:12:57+00:00","dateModified":"2023-09-14T03:17:09+00:00","breadcrumb":{"@id":"https:\/\/www.avistagrandephuketresort.com\/de\/top-things-to-do-in-phuket\/uncover-the-hidden-blackrock-viewpoint\/#breadcrumb"},"inLanguage":"de-DE","potentialAction":[{"@type":"ReadAction","target":["https:\/\/www.avistagrandephuketresort.com\/de\/top-things-to-do-in-phuket\/uncover-the-hidden-blackrock-viewpoint\/"]}]},{"@type":"BreadcrumbList","@id":"https:\/\/www.avistagrandephuketresort.com\/de\/top-things-to-do-in-phuket\/uncover-the-hidden-blackrock-viewpoint\/#breadcrumb","itemListElement":[{"@type":"ListItem","position":1,"name":"Home","item":"https:\/\/www.avistagrandephuketresort.com\/de\/"},{"@type":"ListItem","position":2,"name":"Top-Aktivit\u00e4ten in Phuket","item":"https:\/\/www.avistagrandephuketresort.com\/de\/top-things-to-do-in-phuket\/"},{"@type":"ListItem","position":3,"name":"Entdecken Sie den verborgenen Aussichtspunkt Blackrock"}]},{"@type":"WebSite","@id":"https:\/\/www.avistagrandephuketresort.com\/#website","url":"https:\/\/www.avistagrandephuketresort.com\/","name":"Avista Grande Phuket Karon - Mgallery","description":"","potentialAction":[{"@type":"SearchAction","target":{"@type":"EntryPoint","urlTemplate":"https:\/\/www.avistagrandephuketresort.com\/?s={search_term_string}"},"query-input":{"@type":"PropertyValueSpecification","valueRequired":true,"valueName":"search_term_string"}}],"inLanguage":"de-DE"}]}},"_links":{"self":[{"href":"https:\/\/www.avistagrandephuketresort.com\/de\/wp-json\/wp\/v2\/pages\/837","targetHints":{"allow":["GET"]}}],"collection":[{"href":"https:\/\/www.avistagrandephuketresort.com\/de\/wp-json\/wp\/v2\/pages"}],"about":[{"href":"https:\/\/www.avistagrandephuketresort.com\/de\/wp-json\/wp\/v2\/types\/page"}],"author":[{"embeddable":true,"href":"https:\/\/www.avistagrandephuketresort.com\/de\/wp-json\/wp\/v2\/users\/55"}],"replies":[{"embeddable":true,"href":"https:\/\/www.avistagrandephuketresort.com\/de\/wp-json\/wp\/v2\/comments?post=837"}],"version-history":[{"count":0,"href":"https:\/\/www.avistagrandephuketresort.com\/de\/wp-json\/wp\/v2\/pages\/837\/revisions"}],"up":[{"embeddable":true,"href":"https:\/\/www.avistagrandephuketresort.com\/de\/wp-json\/wp\/v2\/pages\/833"}],"wp:attachment":[{"href":"https:\/\/www.avistagrandephuketresort.com\/de\/wp-json\/wp\/v2\/media?parent=837"}],"wp:term":[{"taxonomy":"category","embeddable":true,"href":"https:\/\/www.avistagrandephuketresort.com\/de\/wp-json\/wp\/v2\/categories?post=837"}],"curies":[{"name":"wp","href":"https:\/\/api.w.org\/{rel}","templated":true}]}}