{"id":836,"date":"2023-07-31T01:11:30","date_gmt":"2023-07-31T01:11:30","guid":{"rendered":"https:\/\/www.avistagrandephuketresort.com\/?page_id=836"},"modified":"2023-09-14T03:16:12","modified_gmt":"2023-09-14T03:16:12","slug":"explore-historic-old-phuket-town","status":"publish","type":"page","link":"https:\/\/www.avistagrandephuketresort.com\/de\/top-things-to-do-in-phuket\/explore-historic-old-phuket-town\/","title":{"rendered":"Entdecken Sie die historische Altstadt von Phuket"},"content":{"rendered":"<p style=\"text-align: center\">Das Design unseres Resorts ist von der sino-portugiesischen Architektur der Altstadt von Phuket inspiriert, daher lohnt sich ein Besuch, um die lebendige Geschichte zu erkunden. Die Altstadt liegt inmitten von f\u00fcnf wunderbar restaurierten engen Stra\u00dfen, wo Sie eine F\u00fclle von Tempeln (chinesisch und buddhistisch), sch\u00f6nen &#8222;shophouses&#8220;, kleinen Druckereien und einst ber\u00fcchtigten Rotlichtvierteln sehen werden. Die Altstadt entstand w\u00e4hrend eines Boom im Zinnbergbau zu Beginn des Jahrhunderts, und die alten Kolonialvillen der wohlhabenden Zinnbarone warten darauf, entdeckt zu werden. Die Stadt selbst ist nicht sehr gro\u00df, sodass Sie leicht zu Fu\u00df herumgehen k\u00f6nnen, anstatt Transportmittel zu benutzen. Die Versch\u00f6nerung des historischen Kerns hat dazu gef\u00fchrt, dass eine gro\u00dfe Anzahl von malerischen Caf\u00e9s er\u00f6ffnet wurde. Die Altstadt wurde von der UNESCO zur Stadt der Gastronomie ernannt, daher gibt es eine gro\u00dfe Auswahl an Restaurants, um authentische Phuketische K\u00fcche zu probieren.<\/p>\n","protected":false},"excerpt":{"rendered":"<p>Das Design unseres Resorts ist von der sino-portugiesischen Architektur der Altstadt von Phuket inspiriert, daher lohnt sich ein Besuch, um die lebendige Geschichte zu erkunden. Die Altstadt liegt inmitten von f\u00fcnf wunderbar restaurierten engen Stra\u00dfen, wo Sie eine F\u00fclle von Tempeln (chinesisch und buddhistisch), sch\u00f6nen &#8222;shophouses&#8220;, kleinen Druckereien und einst ber\u00fcchtigten Rotlichtvierteln sehen werden. Die [&hellip;]<\/p>\n","protected":false},"author":55,"featured_media":0,"parent":833,"menu_order":3,"comment_status":"closed","ping_status":"closed","template":"","meta":{"footnotes":""},"categories":[],"class_list":["post-836","page","type-page","status-publish","hentry"],"acf":[],"yoast_head":"<!-- This site is optimized with the Yoast SEO plugin v26.9 - https:\/\/yoast.com\/product\/yoast-seo-wordpress\/ -->\n<title>Entdecken Sie die historische Altstadt von Phuket - Avista Grande Phuket Karon - Mgallery<\/title>\n<meta name=\"robots\" content=\"index, follow, max-snippet:-1, max-image-preview:large, max-video-preview:-1\" \/>\n<link rel=\"canonical\" href=\"https:\/\/www.avistagrandephuketresort.com\/de\/top-things-to-do-in-phuket\/explore-historic-old-phuket-town\/\" \/>\n<meta property=\"og:locale\" content=\"de_DE\" \/>\n<meta property=\"og:type\" content=\"article\" \/>\n<meta property=\"og:title\" content=\"Entdecken Sie die historische Altstadt von Phuket - Avista Grande Phuket Karon - Mgallery\" \/>\n<meta property=\"og:description\" content=\"Das Design unseres Resorts ist von der sino-portugiesischen Architektur der Altstadt von Phuket inspiriert, daher lohnt sich ein Besuch, um die lebendige Geschichte zu erkunden. Die Altstadt liegt inmitten von f\u00fcnf wunderbar restaurierten engen Stra\u00dfen, wo Sie eine F\u00fclle von Tempeln (chinesisch und buddhistisch), sch\u00f6nen &#8222;shophouses&#8220;, kleinen Druckereien und einst ber\u00fcchtigten Rotlichtvierteln sehen werden. Die [&hellip;]\" \/>\n<meta property=\"og:url\" content=\"https:\/\/www.avistagrandephuketresort.com\/de\/top-things-to-do-in-phuket\/explore-historic-old-phuket-town\/\" \/>\n<meta property=\"og:site_name\" content=\"Avista Grande Phuket Karon - Mgallery\" \/>\n<meta property=\"article:modified_time\" content=\"2023-09-14T03:16:12+00:00\" \/>\n<meta name=\"twitter:card\" content=\"summary_large_image\" \/>\n<meta name=\"twitter:label1\" content=\"Gesch\u00e4tzte Lesezeit\" \/>\n\t<meta name=\"twitter:data1\" content=\"1 Minute\" \/>\n<script type=\"application\/ld+json\" class=\"yoast-schema-graph\">{\"@context\":\"https:\/\/schema.org\",\"@graph\":[{\"@type\":\"WebPage\",\"@id\":\"https:\/\/www.avistagrandephuketresort.com\/de\/top-things-to-do-in-phuket\/explore-historic-old-phuket-town\/\",\"url\":\"https:\/\/www.avistagrandephuketresort.com\/de\/top-things-to-do-in-phuket\/explore-historic-old-phuket-town\/\",\"name\":\"Entdecken Sie die historische Altstadt von Phuket - Avista Grande Phuket Karon - Mgallery\",\"isPartOf\":{\"@id\":\"https:\/\/www.avistagrandephuketresort.com\/#website\"},\"datePublished\":\"2023-07-31T01:11:30+00:00\",\"dateModified\":\"2023-09-14T03:16:12+00:00\",\"breadcrumb\":{\"@id\":\"https:\/\/www.avistagrandephuketresort.com\/de\/top-things-to-do-in-phuket\/explore-historic-old-phuket-town\/#breadcrumb\"},\"inLanguage\":\"de-DE\",\"potentialAction\":[{\"@type\":\"ReadAction\",\"target\":[\"https:\/\/www.avistagrandephuketresort.com\/de\/top-things-to-do-in-phuket\/explore-historic-old-phuket-town\/\"]}]},{\"@type\":\"BreadcrumbList\",\"@id\":\"https:\/\/www.avistagrandephuketresort.com\/de\/top-things-to-do-in-phuket\/explore-historic-old-phuket-town\/#breadcrumb\",\"itemListElement\":[{\"@type\":\"ListItem\",\"position\":1,\"name\":\"Home\",\"item\":\"https:\/\/www.avistagrandephuketresort.com\/de\/\"},{\"@type\":\"ListItem\",\"position\":2,\"name\":\"Top-Aktivit\u00e4ten in Phuket\",\"item\":\"https:\/\/www.avistagrandephuketresort.com\/de\/top-things-to-do-in-phuket\/\"},{\"@type\":\"ListItem\",\"position\":3,\"name\":\"Entdecken Sie die historische Altstadt von Phuket\"}]},{\"@type\":\"WebSite\",\"@id\":\"https:\/\/www.avistagrandephuketresort.com\/#website\",\"url\":\"https:\/\/www.avistagrandephuketresort.com\/\",\"name\":\"Avista Grande Phuket Karon - Mgallery\",\"description\":\"\",\"potentialAction\":[{\"@type\":\"SearchAction\",\"target\":{\"@type\":\"EntryPoint\",\"urlTemplate\":\"https:\/\/www.avistagrandephuketresort.com\/?s={search_term_string}\"},\"query-input\":{\"@type\":\"PropertyValueSpecification\",\"valueRequired\":true,\"valueName\":\"search_term_string\"}}],\"inLanguage\":\"de-DE\"}]}<\/script>\n<!-- \/ Yoast SEO plugin. -->","yoast_head_json":{"title":"Entdecken Sie die historische Altstadt von Phuket - Avista Grande Phuket Karon - Mgallery","robots":{"index":"index","follow":"follow","max-snippet":"max-snippet:-1","max-image-preview":"max-image-preview:large","max-video-preview":"max-video-preview:-1"},"canonical":"https:\/\/www.avistagrandephuketresort.com\/de\/top-things-to-do-in-phuket\/explore-historic-old-phuket-town\/","og_locale":"de_DE","og_type":"article","og_title":"Entdecken Sie die historische Altstadt von Phuket - Avista Grande Phuket Karon - Mgallery","og_description":"Das Design unseres Resorts ist von der sino-portugiesischen Architektur der Altstadt von Phuket inspiriert, daher lohnt sich ein Besuch, um die lebendige Geschichte zu erkunden. Die Altstadt liegt inmitten von f\u00fcnf wunderbar restaurierten engen Stra\u00dfen, wo Sie eine F\u00fclle von Tempeln (chinesisch und buddhistisch), sch\u00f6nen &#8222;shophouses&#8220;, kleinen Druckereien und einst ber\u00fcchtigten Rotlichtvierteln sehen werden. Die [&hellip;]","og_url":"https:\/\/www.avistagrandephuketresort.com\/de\/top-things-to-do-in-phuket\/explore-historic-old-phuket-town\/","og_site_name":"Avista Grande Phuket Karon - Mgallery","article_modified_time":"2023-09-14T03:16:12+00:00","twitter_card":"summary_large_image","twitter_misc":{"Gesch\u00e4tzte Lesezeit":"1 Minute"},"schema":{"@context":"https:\/\/schema.org","@graph":[{"@type":"WebPage","@id":"https:\/\/www.avistagrandephuketresort.com\/de\/top-things-to-do-in-phuket\/explore-historic-old-phuket-town\/","url":"https:\/\/www.avistagrandephuketresort.com\/de\/top-things-to-do-in-phuket\/explore-historic-old-phuket-town\/","name":"Entdecken Sie die historische Altstadt von Phuket - Avista Grande Phuket Karon - Mgallery","isPartOf":{"@id":"https:\/\/www.avistagrandephuketresort.com\/#website"},"datePublished":"2023-07-31T01:11:30+00:00","dateModified":"2023-09-14T03:16:12+00:00","breadcrumb":{"@id":"https:\/\/www.avistagrandephuketresort.com\/de\/top-things-to-do-in-phuket\/explore-historic-old-phuket-town\/#breadcrumb"},"inLanguage":"de-DE","potentialAction":[{"@type":"ReadAction","target":["https:\/\/www.avistagrandephuketresort.com\/de\/top-things-to-do-in-phuket\/explore-historic-old-phuket-town\/"]}]},{"@type":"BreadcrumbList","@id":"https:\/\/www.avistagrandephuketresort.com\/de\/top-things-to-do-in-phuket\/explore-historic-old-phuket-town\/#breadcrumb","itemListElement":[{"@type":"ListItem","position":1,"name":"Home","item":"https:\/\/www.avistagrandephuketresort.com\/de\/"},{"@type":"ListItem","position":2,"name":"Top-Aktivit\u00e4ten in Phuket","item":"https:\/\/www.avistagrandephuketresort.com\/de\/top-things-to-do-in-phuket\/"},{"@type":"ListItem","position":3,"name":"Entdecken Sie die historische Altstadt von Phuket"}]},{"@type":"WebSite","@id":"https:\/\/www.avistagrandephuketresort.com\/#website","url":"https:\/\/www.avistagrandephuketresort.com\/","name":"Avista Grande Phuket Karon - Mgallery","description":"","potentialAction":[{"@type":"SearchAction","target":{"@type":"EntryPoint","urlTemplate":"https:\/\/www.avistagrandephuketresort.com\/?s={search_term_string}"},"query-input":{"@type":"PropertyValueSpecification","valueRequired":true,"valueName":"search_term_string"}}],"inLanguage":"de-DE"}]}},"_links":{"self":[{"href":"https:\/\/www.avistagrandephuketresort.com\/de\/wp-json\/wp\/v2\/pages\/836","targetHints":{"allow":["GET"]}}],"collection":[{"href":"https:\/\/www.avistagrandephuketresort.com\/de\/wp-json\/wp\/v2\/pages"}],"about":[{"href":"https:\/\/www.avistagrandephuketresort.com\/de\/wp-json\/wp\/v2\/types\/page"}],"author":[{"embeddable":true,"href":"https:\/\/www.avistagrandephuketresort.com\/de\/wp-json\/wp\/v2\/users\/55"}],"replies":[{"embeddable":true,"href":"https:\/\/www.avistagrandephuketresort.com\/de\/wp-json\/wp\/v2\/comments?post=836"}],"version-history":[{"count":0,"href":"https:\/\/www.avistagrandephuketresort.com\/de\/wp-json\/wp\/v2\/pages\/836\/revisions"}],"up":[{"embeddable":true,"href":"https:\/\/www.avistagrandephuketresort.com\/de\/wp-json\/wp\/v2\/pages\/833"}],"wp:attachment":[{"href":"https:\/\/www.avistagrandephuketresort.com\/de\/wp-json\/wp\/v2\/media?parent=836"}],"wp:term":[{"taxonomy":"category","embeddable":true,"href":"https:\/\/www.avistagrandephuketresort.com\/de\/wp-json\/wp\/v2\/categories?post=836"}],"curies":[{"name":"wp","href":"https:\/\/api.w.org\/{rel}","templated":true}]}}