{"id":835,"date":"2023-07-31T01:09:30","date_gmt":"2023-07-31T01:09:30","guid":{"rendered":"https:\/\/www.avistagrandephuketresort.com\/?page_id=835"},"modified":"2023-09-14T03:14:59","modified_gmt":"2023-09-14T03:14:59","slug":"discover-thai-culture-at-wat-chalong","status":"publish","type":"page","link":"https:\/\/www.avistagrandephuketresort.com\/de\/top-things-to-do-in-phuket\/discover-thai-culture-at-wat-chalong\/","title":{"rendered":"Entdecken Sie die thail\u00e4ndische Kultur im Wat Chalong"},"content":{"rendered":"<p style=\"text-align: center;\">Seit \u00fcber einem Jahrhundert steht der verehrte Tempel Wat Chalong Besuchern offen.<br \/>\nPhukets gr\u00f6\u00dfter Tempel umfasst viele H\u00f6hepunkte, darunter die bedeutende Poh Jao Wat Buddha-Statue. Achten Sie auf zwei Statuen von \u00e4lteren M\u00e4nnern in der N\u00e4he. Eine davon ist Ta Khee-Lek, ein Einheimischer, der nach einem Besuch der Poh Than Jao Wat-Statue verschiedene Lotterien gewonnen hat. Die andere Statue hei\u00dft Nonsi. Der H\u00f6hepunkt Ihres Besuchs wird wahrscheinlich die Gro\u00dfe Pagode sein, die einen kleinen Splitter vom Knochen des Lord Buddha enth\u00e4lt. Die reich verzierte Pagode ist wundersch\u00f6n mit Buddha-Bildern und Bildern verziert, die sein Leben darstellen.<\/p>\n","protected":false},"excerpt":{"rendered":"<p>Seit \u00fcber einem Jahrhundert steht der verehrte Tempel Wat Chalong Besuchern offen. Phukets gr\u00f6\u00dfter Tempel umfasst viele H\u00f6hepunkte, darunter die bedeutende Poh Jao Wat Buddha-Statue. Achten Sie auf zwei Statuen von \u00e4lteren M\u00e4nnern in der N\u00e4he. Eine davon ist Ta Khee-Lek, ein Einheimischer, der nach einem Besuch der Poh Than Jao Wat-Statue verschiedene Lotterien gewonnen [&hellip;]<\/p>\n","protected":false},"author":55,"featured_media":0,"parent":833,"menu_order":2,"comment_status":"closed","ping_status":"closed","template":"","meta":{"footnotes":""},"categories":[],"class_list":["post-835","page","type-page","status-publish","hentry"],"acf":[],"yoast_head":"<!-- This site is optimized with the Yoast SEO plugin v26.9 - https:\/\/yoast.com\/product\/yoast-seo-wordpress\/ -->\n<title>Entdecken Sie die thail\u00e4ndische Kultur im Wat Chalong - Avista Grande Phuket Karon - Mgallery<\/title>\n<meta name=\"robots\" content=\"index, follow, max-snippet:-1, max-image-preview:large, max-video-preview:-1\" \/>\n<link rel=\"canonical\" href=\"https:\/\/www.avistagrandephuketresort.com\/de\/top-things-to-do-in-phuket\/discover-thai-culture-at-wat-chalong\/\" \/>\n<meta property=\"og:locale\" content=\"de_DE\" \/>\n<meta property=\"og:type\" content=\"article\" \/>\n<meta property=\"og:title\" content=\"Entdecken Sie die thail\u00e4ndische Kultur im Wat Chalong - Avista Grande Phuket Karon - Mgallery\" \/>\n<meta property=\"og:description\" content=\"Seit \u00fcber einem Jahrhundert steht der verehrte Tempel Wat Chalong Besuchern offen. Phukets gr\u00f6\u00dfter Tempel umfasst viele H\u00f6hepunkte, darunter die bedeutende Poh Jao Wat Buddha-Statue. Achten Sie auf zwei Statuen von \u00e4lteren M\u00e4nnern in der N\u00e4he. Eine davon ist Ta Khee-Lek, ein Einheimischer, der nach einem Besuch der Poh Than Jao Wat-Statue verschiedene Lotterien gewonnen [&hellip;]\" \/>\n<meta property=\"og:url\" content=\"https:\/\/www.avistagrandephuketresort.com\/de\/top-things-to-do-in-phuket\/discover-thai-culture-at-wat-chalong\/\" \/>\n<meta property=\"og:site_name\" content=\"Avista Grande Phuket Karon - Mgallery\" \/>\n<meta property=\"article:modified_time\" content=\"2023-09-14T03:14:59+00:00\" \/>\n<meta name=\"twitter:card\" content=\"summary_large_image\" \/>\n<meta name=\"twitter:label1\" content=\"Gesch\u00e4tzte Lesezeit\" \/>\n\t<meta name=\"twitter:data1\" content=\"1 Minute\" \/>\n<script type=\"application\/ld+json\" class=\"yoast-schema-graph\">{\"@context\":\"https:\/\/schema.org\",\"@graph\":[{\"@type\":\"WebPage\",\"@id\":\"https:\/\/www.avistagrandephuketresort.com\/de\/top-things-to-do-in-phuket\/discover-thai-culture-at-wat-chalong\/\",\"url\":\"https:\/\/www.avistagrandephuketresort.com\/de\/top-things-to-do-in-phuket\/discover-thai-culture-at-wat-chalong\/\",\"name\":\"Entdecken Sie die thail\u00e4ndische Kultur im Wat Chalong - Avista Grande Phuket Karon - Mgallery\",\"isPartOf\":{\"@id\":\"https:\/\/www.avistagrandephuketresort.com\/#website\"},\"datePublished\":\"2023-07-31T01:09:30+00:00\",\"dateModified\":\"2023-09-14T03:14:59+00:00\",\"breadcrumb\":{\"@id\":\"https:\/\/www.avistagrandephuketresort.com\/de\/top-things-to-do-in-phuket\/discover-thai-culture-at-wat-chalong\/#breadcrumb\"},\"inLanguage\":\"de-DE\",\"potentialAction\":[{\"@type\":\"ReadAction\",\"target\":[\"https:\/\/www.avistagrandephuketresort.com\/de\/top-things-to-do-in-phuket\/discover-thai-culture-at-wat-chalong\/\"]}]},{\"@type\":\"BreadcrumbList\",\"@id\":\"https:\/\/www.avistagrandephuketresort.com\/de\/top-things-to-do-in-phuket\/discover-thai-culture-at-wat-chalong\/#breadcrumb\",\"itemListElement\":[{\"@type\":\"ListItem\",\"position\":1,\"name\":\"Home\",\"item\":\"https:\/\/www.avistagrandephuketresort.com\/de\/\"},{\"@type\":\"ListItem\",\"position\":2,\"name\":\"Top-Aktivit\u00e4ten in Phuket\",\"item\":\"https:\/\/www.avistagrandephuketresort.com\/de\/top-things-to-do-in-phuket\/\"},{\"@type\":\"ListItem\",\"position\":3,\"name\":\"Entdecken Sie die thail\u00e4ndische Kultur im Wat Chalong\"}]},{\"@type\":\"WebSite\",\"@id\":\"https:\/\/www.avistagrandephuketresort.com\/#website\",\"url\":\"https:\/\/www.avistagrandephuketresort.com\/\",\"name\":\"Avista Grande Phuket Karon - Mgallery\",\"description\":\"\",\"potentialAction\":[{\"@type\":\"SearchAction\",\"target\":{\"@type\":\"EntryPoint\",\"urlTemplate\":\"https:\/\/www.avistagrandephuketresort.com\/?s={search_term_string}\"},\"query-input\":{\"@type\":\"PropertyValueSpecification\",\"valueRequired\":true,\"valueName\":\"search_term_string\"}}],\"inLanguage\":\"de-DE\"}]}<\/script>\n<!-- \/ Yoast SEO plugin. -->","yoast_head_json":{"title":"Entdecken Sie die thail\u00e4ndische Kultur im Wat Chalong - Avista Grande Phuket Karon - Mgallery","robots":{"index":"index","follow":"follow","max-snippet":"max-snippet:-1","max-image-preview":"max-image-preview:large","max-video-preview":"max-video-preview:-1"},"canonical":"https:\/\/www.avistagrandephuketresort.com\/de\/top-things-to-do-in-phuket\/discover-thai-culture-at-wat-chalong\/","og_locale":"de_DE","og_type":"article","og_title":"Entdecken Sie die thail\u00e4ndische Kultur im Wat Chalong - Avista Grande Phuket Karon - Mgallery","og_description":"Seit \u00fcber einem Jahrhundert steht der verehrte Tempel Wat Chalong Besuchern offen. Phukets gr\u00f6\u00dfter Tempel umfasst viele H\u00f6hepunkte, darunter die bedeutende Poh Jao Wat Buddha-Statue. Achten Sie auf zwei Statuen von \u00e4lteren M\u00e4nnern in der N\u00e4he. Eine davon ist Ta Khee-Lek, ein Einheimischer, der nach einem Besuch der Poh Than Jao Wat-Statue verschiedene Lotterien gewonnen [&hellip;]","og_url":"https:\/\/www.avistagrandephuketresort.com\/de\/top-things-to-do-in-phuket\/discover-thai-culture-at-wat-chalong\/","og_site_name":"Avista Grande Phuket Karon - Mgallery","article_modified_time":"2023-09-14T03:14:59+00:00","twitter_card":"summary_large_image","twitter_misc":{"Gesch\u00e4tzte Lesezeit":"1 Minute"},"schema":{"@context":"https:\/\/schema.org","@graph":[{"@type":"WebPage","@id":"https:\/\/www.avistagrandephuketresort.com\/de\/top-things-to-do-in-phuket\/discover-thai-culture-at-wat-chalong\/","url":"https:\/\/www.avistagrandephuketresort.com\/de\/top-things-to-do-in-phuket\/discover-thai-culture-at-wat-chalong\/","name":"Entdecken Sie die thail\u00e4ndische Kultur im Wat Chalong - Avista Grande Phuket Karon - Mgallery","isPartOf":{"@id":"https:\/\/www.avistagrandephuketresort.com\/#website"},"datePublished":"2023-07-31T01:09:30+00:00","dateModified":"2023-09-14T03:14:59+00:00","breadcrumb":{"@id":"https:\/\/www.avistagrandephuketresort.com\/de\/top-things-to-do-in-phuket\/discover-thai-culture-at-wat-chalong\/#breadcrumb"},"inLanguage":"de-DE","potentialAction":[{"@type":"ReadAction","target":["https:\/\/www.avistagrandephuketresort.com\/de\/top-things-to-do-in-phuket\/discover-thai-culture-at-wat-chalong\/"]}]},{"@type":"BreadcrumbList","@id":"https:\/\/www.avistagrandephuketresort.com\/de\/top-things-to-do-in-phuket\/discover-thai-culture-at-wat-chalong\/#breadcrumb","itemListElement":[{"@type":"ListItem","position":1,"name":"Home","item":"https:\/\/www.avistagrandephuketresort.com\/de\/"},{"@type":"ListItem","position":2,"name":"Top-Aktivit\u00e4ten in Phuket","item":"https:\/\/www.avistagrandephuketresort.com\/de\/top-things-to-do-in-phuket\/"},{"@type":"ListItem","position":3,"name":"Entdecken Sie die thail\u00e4ndische Kultur im Wat Chalong"}]},{"@type":"WebSite","@id":"https:\/\/www.avistagrandephuketresort.com\/#website","url":"https:\/\/www.avistagrandephuketresort.com\/","name":"Avista Grande Phuket Karon - Mgallery","description":"","potentialAction":[{"@type":"SearchAction","target":{"@type":"EntryPoint","urlTemplate":"https:\/\/www.avistagrandephuketresort.com\/?s={search_term_string}"},"query-input":{"@type":"PropertyValueSpecification","valueRequired":true,"valueName":"search_term_string"}}],"inLanguage":"de-DE"}]}},"_links":{"self":[{"href":"https:\/\/www.avistagrandephuketresort.com\/de\/wp-json\/wp\/v2\/pages\/835","targetHints":{"allow":["GET"]}}],"collection":[{"href":"https:\/\/www.avistagrandephuketresort.com\/de\/wp-json\/wp\/v2\/pages"}],"about":[{"href":"https:\/\/www.avistagrandephuketresort.com\/de\/wp-json\/wp\/v2\/types\/page"}],"author":[{"embeddable":true,"href":"https:\/\/www.avistagrandephuketresort.com\/de\/wp-json\/wp\/v2\/users\/55"}],"replies":[{"embeddable":true,"href":"https:\/\/www.avistagrandephuketresort.com\/de\/wp-json\/wp\/v2\/comments?post=835"}],"version-history":[{"count":0,"href":"https:\/\/www.avistagrandephuketresort.com\/de\/wp-json\/wp\/v2\/pages\/835\/revisions"}],"up":[{"embeddable":true,"href":"https:\/\/www.avistagrandephuketresort.com\/de\/wp-json\/wp\/v2\/pages\/833"}],"wp:attachment":[{"href":"https:\/\/www.avistagrandephuketresort.com\/de\/wp-json\/wp\/v2\/media?parent=835"}],"wp:term":[{"taxonomy":"category","embeddable":true,"href":"https:\/\/www.avistagrandephuketresort.com\/de\/wp-json\/wp\/v2\/categories?post=835"}],"curies":[{"name":"wp","href":"https:\/\/api.w.org\/{rel}","templated":true}]}}