{"id":834,"date":"2023-07-31T01:07:37","date_gmt":"2023-07-31T01:07:37","guid":{"rendered":"https:\/\/www.avistagrandephuketresort.com\/?page_id=834"},"modified":"2023-09-14T03:14:08","modified_gmt":"2023-09-14T03:14:08","slug":"climb-up-see-the-phuket-big-buddha","status":"publish","type":"page","link":"https:\/\/www.avistagrandephuketresort.com\/de\/top-things-to-do-in-phuket\/climb-up-see-the-phuket-big-buddha\/","title":{"rendered":"Erklimmen Sie den Phuket Big Buddha und genie\u00dfen Sie den Ausblick."},"content":{"rendered":"<p style=\"text-align: center;\">Diese riesige und majest\u00e4tische Buddha-Statue ist eine der ber\u00fchmtesten Sehensw\u00fcrdigkeiten in ganz Phuket.<br \/>\nSie thront oben auf den Nakkerd-H\u00fcgeln und erreicht eine H\u00f6he von 45 Metern, sodass sie schwer zu \u00fcbersehen ist. Vom Gipfel des H\u00fcgels aus haben Sie einen Panoramablick auf Phuket und die vorgelagerten Inseln. Wenn Sie beim Buddha sind, werden Sie feststellen, dass es sehr ruhig ist, abgesehen vom Klang der Dharma-Musik und den sanften Kl\u00e4ngen kleiner Tempelglocken im Wind. Der Buddha ist aus wei\u00dfem birmanischem Marmor gefertigt und funkelt elegant in der Sonne. Es ist m\u00f6glich, vom Karon Beach zum Big Buddha zu wandern, jedoch ist dies kein Aufstieg f\u00fcr schwache Nerven.<\/p>\n","protected":false},"excerpt":{"rendered":"<p>Diese riesige und majest\u00e4tische Buddha-Statue ist eine der ber\u00fchmtesten Sehensw\u00fcrdigkeiten in ganz Phuket. Sie thront oben auf den Nakkerd-H\u00fcgeln und erreicht eine H\u00f6he von 45 Metern, sodass sie schwer zu \u00fcbersehen ist. Vom Gipfel des H\u00fcgels aus haben Sie einen Panoramablick auf Phuket und die vorgelagerten Inseln. Wenn Sie beim Buddha sind, werden Sie feststellen, [&hellip;]<\/p>\n","protected":false},"author":55,"featured_media":0,"parent":833,"menu_order":1,"comment_status":"closed","ping_status":"closed","template":"","meta":{"footnotes":""},"categories":[],"class_list":["post-834","page","type-page","status-publish","hentry"],"acf":[],"yoast_head":"<!-- This site is optimized with the Yoast SEO plugin v26.9 - https:\/\/yoast.com\/product\/yoast-seo-wordpress\/ -->\n<title>Erklimmen Sie den Phuket Big Buddha und genie\u00dfen Sie den Ausblick. - Avista Grande Phuket Karon - Mgallery<\/title>\n<meta name=\"robots\" content=\"index, follow, max-snippet:-1, max-image-preview:large, max-video-preview:-1\" \/>\n<link rel=\"canonical\" href=\"https:\/\/www.avistagrandephuketresort.com\/de\/top-things-to-do-in-phuket\/climb-up-see-the-phuket-big-buddha\/\" \/>\n<meta property=\"og:locale\" content=\"de_DE\" \/>\n<meta property=\"og:type\" content=\"article\" \/>\n<meta property=\"og:title\" content=\"Erklimmen Sie den Phuket Big Buddha und genie\u00dfen Sie den Ausblick. - Avista Grande Phuket Karon - Mgallery\" \/>\n<meta property=\"og:description\" content=\"Diese riesige und majest\u00e4tische Buddha-Statue ist eine der ber\u00fchmtesten Sehensw\u00fcrdigkeiten in ganz Phuket. Sie thront oben auf den Nakkerd-H\u00fcgeln und erreicht eine H\u00f6he von 45 Metern, sodass sie schwer zu \u00fcbersehen ist. Vom Gipfel des H\u00fcgels aus haben Sie einen Panoramablick auf Phuket und die vorgelagerten Inseln. Wenn Sie beim Buddha sind, werden Sie feststellen, [&hellip;]\" \/>\n<meta property=\"og:url\" content=\"https:\/\/www.avistagrandephuketresort.com\/de\/top-things-to-do-in-phuket\/climb-up-see-the-phuket-big-buddha\/\" \/>\n<meta property=\"og:site_name\" content=\"Avista Grande Phuket Karon - Mgallery\" \/>\n<meta property=\"article:modified_time\" content=\"2023-09-14T03:14:08+00:00\" \/>\n<meta name=\"twitter:card\" content=\"summary_large_image\" \/>\n<meta name=\"twitter:label1\" content=\"Gesch\u00e4tzte Lesezeit\" \/>\n\t<meta name=\"twitter:data1\" content=\"1 Minute\" \/>\n<script type=\"application\/ld+json\" class=\"yoast-schema-graph\">{\"@context\":\"https:\/\/schema.org\",\"@graph\":[{\"@type\":\"WebPage\",\"@id\":\"https:\/\/www.avistagrandephuketresort.com\/de\/top-things-to-do-in-phuket\/climb-up-see-the-phuket-big-buddha\/\",\"url\":\"https:\/\/www.avistagrandephuketresort.com\/de\/top-things-to-do-in-phuket\/climb-up-see-the-phuket-big-buddha\/\",\"name\":\"Erklimmen Sie den Phuket Big Buddha und genie\u00dfen Sie den Ausblick. - Avista Grande Phuket Karon - Mgallery\",\"isPartOf\":{\"@id\":\"https:\/\/www.avistagrandephuketresort.com\/#website\"},\"datePublished\":\"2023-07-31T01:07:37+00:00\",\"dateModified\":\"2023-09-14T03:14:08+00:00\",\"breadcrumb\":{\"@id\":\"https:\/\/www.avistagrandephuketresort.com\/de\/top-things-to-do-in-phuket\/climb-up-see-the-phuket-big-buddha\/#breadcrumb\"},\"inLanguage\":\"de-DE\",\"potentialAction\":[{\"@type\":\"ReadAction\",\"target\":[\"https:\/\/www.avistagrandephuketresort.com\/de\/top-things-to-do-in-phuket\/climb-up-see-the-phuket-big-buddha\/\"]}]},{\"@type\":\"BreadcrumbList\",\"@id\":\"https:\/\/www.avistagrandephuketresort.com\/de\/top-things-to-do-in-phuket\/climb-up-see-the-phuket-big-buddha\/#breadcrumb\",\"itemListElement\":[{\"@type\":\"ListItem\",\"position\":1,\"name\":\"Home\",\"item\":\"https:\/\/www.avistagrandephuketresort.com\/de\/\"},{\"@type\":\"ListItem\",\"position\":2,\"name\":\"Top-Aktivit\u00e4ten in Phuket\",\"item\":\"https:\/\/www.avistagrandephuketresort.com\/de\/top-things-to-do-in-phuket\/\"},{\"@type\":\"ListItem\",\"position\":3,\"name\":\"Erklimmen Sie den Phuket Big Buddha und genie\u00dfen Sie den Ausblick.\"}]},{\"@type\":\"WebSite\",\"@id\":\"https:\/\/www.avistagrandephuketresort.com\/#website\",\"url\":\"https:\/\/www.avistagrandephuketresort.com\/\",\"name\":\"Avista Grande Phuket Karon - Mgallery\",\"description\":\"\",\"potentialAction\":[{\"@type\":\"SearchAction\",\"target\":{\"@type\":\"EntryPoint\",\"urlTemplate\":\"https:\/\/www.avistagrandephuketresort.com\/?s={search_term_string}\"},\"query-input\":{\"@type\":\"PropertyValueSpecification\",\"valueRequired\":true,\"valueName\":\"search_term_string\"}}],\"inLanguage\":\"de-DE\"}]}<\/script>\n<!-- \/ Yoast SEO plugin. -->","yoast_head_json":{"title":"Erklimmen Sie den Phuket Big Buddha und genie\u00dfen Sie den Ausblick. - Avista Grande Phuket Karon - Mgallery","robots":{"index":"index","follow":"follow","max-snippet":"max-snippet:-1","max-image-preview":"max-image-preview:large","max-video-preview":"max-video-preview:-1"},"canonical":"https:\/\/www.avistagrandephuketresort.com\/de\/top-things-to-do-in-phuket\/climb-up-see-the-phuket-big-buddha\/","og_locale":"de_DE","og_type":"article","og_title":"Erklimmen Sie den Phuket Big Buddha und genie\u00dfen Sie den Ausblick. - Avista Grande Phuket Karon - Mgallery","og_description":"Diese riesige und majest\u00e4tische Buddha-Statue ist eine der ber\u00fchmtesten Sehensw\u00fcrdigkeiten in ganz Phuket. Sie thront oben auf den Nakkerd-H\u00fcgeln und erreicht eine H\u00f6he von 45 Metern, sodass sie schwer zu \u00fcbersehen ist. Vom Gipfel des H\u00fcgels aus haben Sie einen Panoramablick auf Phuket und die vorgelagerten Inseln. Wenn Sie beim Buddha sind, werden Sie feststellen, [&hellip;]","og_url":"https:\/\/www.avistagrandephuketresort.com\/de\/top-things-to-do-in-phuket\/climb-up-see-the-phuket-big-buddha\/","og_site_name":"Avista Grande Phuket Karon - Mgallery","article_modified_time":"2023-09-14T03:14:08+00:00","twitter_card":"summary_large_image","twitter_misc":{"Gesch\u00e4tzte Lesezeit":"1 Minute"},"schema":{"@context":"https:\/\/schema.org","@graph":[{"@type":"WebPage","@id":"https:\/\/www.avistagrandephuketresort.com\/de\/top-things-to-do-in-phuket\/climb-up-see-the-phuket-big-buddha\/","url":"https:\/\/www.avistagrandephuketresort.com\/de\/top-things-to-do-in-phuket\/climb-up-see-the-phuket-big-buddha\/","name":"Erklimmen Sie den Phuket Big Buddha und genie\u00dfen Sie den Ausblick. - Avista Grande Phuket Karon - Mgallery","isPartOf":{"@id":"https:\/\/www.avistagrandephuketresort.com\/#website"},"datePublished":"2023-07-31T01:07:37+00:00","dateModified":"2023-09-14T03:14:08+00:00","breadcrumb":{"@id":"https:\/\/www.avistagrandephuketresort.com\/de\/top-things-to-do-in-phuket\/climb-up-see-the-phuket-big-buddha\/#breadcrumb"},"inLanguage":"de-DE","potentialAction":[{"@type":"ReadAction","target":["https:\/\/www.avistagrandephuketresort.com\/de\/top-things-to-do-in-phuket\/climb-up-see-the-phuket-big-buddha\/"]}]},{"@type":"BreadcrumbList","@id":"https:\/\/www.avistagrandephuketresort.com\/de\/top-things-to-do-in-phuket\/climb-up-see-the-phuket-big-buddha\/#breadcrumb","itemListElement":[{"@type":"ListItem","position":1,"name":"Home","item":"https:\/\/www.avistagrandephuketresort.com\/de\/"},{"@type":"ListItem","position":2,"name":"Top-Aktivit\u00e4ten in Phuket","item":"https:\/\/www.avistagrandephuketresort.com\/de\/top-things-to-do-in-phuket\/"},{"@type":"ListItem","position":3,"name":"Erklimmen Sie den Phuket Big Buddha und genie\u00dfen Sie den Ausblick."}]},{"@type":"WebSite","@id":"https:\/\/www.avistagrandephuketresort.com\/#website","url":"https:\/\/www.avistagrandephuketresort.com\/","name":"Avista Grande Phuket Karon - Mgallery","description":"","potentialAction":[{"@type":"SearchAction","target":{"@type":"EntryPoint","urlTemplate":"https:\/\/www.avistagrandephuketresort.com\/?s={search_term_string}"},"query-input":{"@type":"PropertyValueSpecification","valueRequired":true,"valueName":"search_term_string"}}],"inLanguage":"de-DE"}]}},"_links":{"self":[{"href":"https:\/\/www.avistagrandephuketresort.com\/de\/wp-json\/wp\/v2\/pages\/834","targetHints":{"allow":["GET"]}}],"collection":[{"href":"https:\/\/www.avistagrandephuketresort.com\/de\/wp-json\/wp\/v2\/pages"}],"about":[{"href":"https:\/\/www.avistagrandephuketresort.com\/de\/wp-json\/wp\/v2\/types\/page"}],"author":[{"embeddable":true,"href":"https:\/\/www.avistagrandephuketresort.com\/de\/wp-json\/wp\/v2\/users\/55"}],"replies":[{"embeddable":true,"href":"https:\/\/www.avistagrandephuketresort.com\/de\/wp-json\/wp\/v2\/comments?post=834"}],"version-history":[{"count":0,"href":"https:\/\/www.avistagrandephuketresort.com\/de\/wp-json\/wp\/v2\/pages\/834\/revisions"}],"up":[{"embeddable":true,"href":"https:\/\/www.avistagrandephuketresort.com\/de\/wp-json\/wp\/v2\/pages\/833"}],"wp:attachment":[{"href":"https:\/\/www.avistagrandephuketresort.com\/de\/wp-json\/wp\/v2\/media?parent=834"}],"wp:term":[{"taxonomy":"category","embeddable":true,"href":"https:\/\/www.avistagrandephuketresort.com\/de\/wp-json\/wp\/v2\/categories?post=834"}],"curies":[{"name":"wp","href":"https:\/\/api.w.org\/{rel}","templated":true}]}}