{"id":819,"date":"2023-07-25T09:02:09","date_gmt":"2023-07-25T09:02:09","guid":{"rendered":"https:\/\/www.avistagrandephuketresort.com\/?page_id=819"},"modified":"2023-09-13T09:41:42","modified_gmt":"2023-09-13T09:41:42","slug":"the-dim-sun","status":"publish","type":"page","link":"https:\/\/www.avistagrandephuketresort.com\/de\/restaurants-bars\/the-dim-sun\/","title":{"rendered":"Die Dim Sun"},"content":{"rendered":"<p style=\"text-align: center;\">A resplendent sunset can make you weak on your knees with its mesmeric beauty and when it is paired with our impeccably curated rooftop bar, the experience will never leave your heart. Nothing beats the elation of spending some beautiful time with your dear one on your weekend getaway in Phuket.<br \/>\nEin pr\u00e4chtiger Sonnenuntergang kann Sie mit seiner bet\u00f6renden Sch\u00f6nheit in die Knie zwingen, und wenn er mit unserer tadellos gestalteten Rooftop-Bar kombiniert wird, wird die Erfahrung Ihr Herz nie verlassen. Nichts \u00fcbertrifft die Freude, wertvolle Zeit mit Ihrem Liebsten w\u00e4hrend Ihres Wochenendausflugs in Phuket zu verbringen.<\/p>\n<p style=\"text-align: center;\">Erleben Sie den Sonnenuntergang in einer der besten Rooftop-<a href=\"https:\/\/www.avistagrandephuketresort.com\/de\/restaurants-bars\/lido\/\">bars in Phuket<\/a>!Die Farben des Himmels w\u00e4hrend des Sonnenuntergangs sind ein Beispiel daf\u00fcr, dass die Natur der beste Sch\u00f6pfer von allen ist.<\/p>\n<p>&nbsp;<\/p>\n<p style=\"text-align: center;\">Lehnen Sie sich zur\u00fcck und entspannen Sie sich, w\u00e4hrend Sie Cocktails in einer Sino-Portugiesischen Atmosph\u00e4re in unserer neu er\u00f6ffneten Rooftop-Bar genie\u00dfen. Die Ruhe der Atmosph\u00e4re, gepaart mit herzlichem Service, k\u00f6stlichem Essen und einem ebenso passenden Getr\u00e4nk, ist die perfekte Kombination f\u00fcr einen perfekten Abend mit Ihrem Liebsten. W\u00e4hrend die K\u00fchle der Brise sanft \u00fcber Ihre Wangen gleitet, werden Sie sich unweigerlich in den Ort  <a href=\"https:\/\/www.avistagrandephuketresort.com\/de\/\">Avista Grande Phuket Karon<\/a>Karon verlieben.<\/p>\n","protected":false},"excerpt":{"rendered":"<p>A resplendent sunset can make you weak on your knees with its mesmeric beauty and when it is paired with our impeccably curated rooftop bar, the experience will never leave your heart. Nothing beats the elation of spending some beautiful time with your dear one on your weekend getaway in Phuket. Ein pr\u00e4chtiger Sonnenuntergang kann [&hellip;]<\/p>\n","protected":false},"author":55,"featured_media":0,"parent":787,"menu_order":4,"comment_status":"closed","ping_status":"closed","template":"template-restaurant.php","meta":{"footnotes":""},"categories":[57],"class_list":["post-819","page","type-page","status-publish","hentry","category-bar"],"acf":[],"yoast_head":"<!-- This site is optimized with the Yoast SEO plugin v26.9 - https:\/\/yoast.com\/product\/yoast-seo-wordpress\/ -->\n<title>Die Dim Sun - Avista Grande Phuket Karon - Mgallery<\/title>\n<meta name=\"robots\" content=\"index, follow, max-snippet:-1, max-image-preview:large, max-video-preview:-1\" \/>\n<link rel=\"canonical\" href=\"https:\/\/www.avistagrandephuketresort.com\/de\/restaurants-bars\/the-dim-sun\/\" \/>\n<meta property=\"og:locale\" content=\"de_DE\" \/>\n<meta property=\"og:type\" content=\"article\" \/>\n<meta property=\"og:title\" content=\"Die Dim Sun - Avista Grande Phuket Karon - Mgallery\" \/>\n<meta property=\"og:description\" content=\"A resplendent sunset can make you weak on your knees with its mesmeric beauty and when it is paired with our impeccably curated rooftop bar, the experience will never leave your heart. Nothing beats the elation of spending some beautiful time with your dear one on your weekend getaway in Phuket. Ein pr\u00e4chtiger Sonnenuntergang kann [&hellip;]\" \/>\n<meta property=\"og:url\" content=\"https:\/\/www.avistagrandephuketresort.com\/de\/restaurants-bars\/the-dim-sun\/\" \/>\n<meta property=\"og:site_name\" content=\"Avista Grande Phuket Karon - Mgallery\" \/>\n<meta property=\"article:modified_time\" content=\"2023-09-13T09:41:42+00:00\" \/>\n<meta name=\"twitter:card\" content=\"summary_large_image\" \/>\n<meta name=\"twitter:label1\" content=\"Gesch\u00e4tzte Lesezeit\" \/>\n\t<meta name=\"twitter:data1\" content=\"1 Minute\" \/>\n<script type=\"application\/ld+json\" class=\"yoast-schema-graph\">{\"@context\":\"https:\/\/schema.org\",\"@graph\":[{\"@type\":\"WebPage\",\"@id\":\"https:\/\/www.avistagrandephuketresort.com\/de\/restaurants-bars\/the-dim-sun\/\",\"url\":\"https:\/\/www.avistagrandephuketresort.com\/de\/restaurants-bars\/the-dim-sun\/\",\"name\":\"Die Dim Sun - Avista Grande Phuket Karon - Mgallery\",\"isPartOf\":{\"@id\":\"https:\/\/www.avistagrandephuketresort.com\/#website\"},\"datePublished\":\"2023-07-25T09:02:09+00:00\",\"dateModified\":\"2023-09-13T09:41:42+00:00\",\"breadcrumb\":{\"@id\":\"https:\/\/www.avistagrandephuketresort.com\/de\/restaurants-bars\/the-dim-sun\/#breadcrumb\"},\"inLanguage\":\"de-DE\",\"potentialAction\":[{\"@type\":\"ReadAction\",\"target\":[\"https:\/\/www.avistagrandephuketresort.com\/de\/restaurants-bars\/the-dim-sun\/\"]}]},{\"@type\":\"BreadcrumbList\",\"@id\":\"https:\/\/www.avistagrandephuketresort.com\/de\/restaurants-bars\/the-dim-sun\/#breadcrumb\",\"itemListElement\":[{\"@type\":\"ListItem\",\"position\":1,\"name\":\"Home\",\"item\":\"https:\/\/www.avistagrandephuketresort.com\/de\/\"},{\"@type\":\"ListItem\",\"position\":2,\"name\":\"Restaurants und Bars\",\"item\":\"https:\/\/www.avistagrandephuketresort.com\/de\/restaurants-bars\/\"},{\"@type\":\"ListItem\",\"position\":3,\"name\":\"Die Dim Sun\"}]},{\"@type\":\"WebSite\",\"@id\":\"https:\/\/www.avistagrandephuketresort.com\/#website\",\"url\":\"https:\/\/www.avistagrandephuketresort.com\/\",\"name\":\"Avista Grande Phuket Karon - Mgallery\",\"description\":\"\",\"potentialAction\":[{\"@type\":\"SearchAction\",\"target\":{\"@type\":\"EntryPoint\",\"urlTemplate\":\"https:\/\/www.avistagrandephuketresort.com\/?s={search_term_string}\"},\"query-input\":{\"@type\":\"PropertyValueSpecification\",\"valueRequired\":true,\"valueName\":\"search_term_string\"}}],\"inLanguage\":\"de-DE\"}]}<\/script>\n<!-- \/ Yoast SEO plugin. -->","yoast_head_json":{"title":"Die Dim Sun - Avista Grande Phuket Karon - Mgallery","robots":{"index":"index","follow":"follow","max-snippet":"max-snippet:-1","max-image-preview":"max-image-preview:large","max-video-preview":"max-video-preview:-1"},"canonical":"https:\/\/www.avistagrandephuketresort.com\/de\/restaurants-bars\/the-dim-sun\/","og_locale":"de_DE","og_type":"article","og_title":"Die Dim Sun - Avista Grande Phuket Karon - Mgallery","og_description":"A resplendent sunset can make you weak on your knees with its mesmeric beauty and when it is paired with our impeccably curated rooftop bar, the experience will never leave your heart. Nothing beats the elation of spending some beautiful time with your dear one on your weekend getaway in Phuket. Ein pr\u00e4chtiger Sonnenuntergang kann [&hellip;]","og_url":"https:\/\/www.avistagrandephuketresort.com\/de\/restaurants-bars\/the-dim-sun\/","og_site_name":"Avista Grande Phuket Karon - Mgallery","article_modified_time":"2023-09-13T09:41:42+00:00","twitter_card":"summary_large_image","twitter_misc":{"Gesch\u00e4tzte Lesezeit":"1 Minute"},"schema":{"@context":"https:\/\/schema.org","@graph":[{"@type":"WebPage","@id":"https:\/\/www.avistagrandephuketresort.com\/de\/restaurants-bars\/the-dim-sun\/","url":"https:\/\/www.avistagrandephuketresort.com\/de\/restaurants-bars\/the-dim-sun\/","name":"Die Dim Sun - Avista Grande Phuket Karon - Mgallery","isPartOf":{"@id":"https:\/\/www.avistagrandephuketresort.com\/#website"},"datePublished":"2023-07-25T09:02:09+00:00","dateModified":"2023-09-13T09:41:42+00:00","breadcrumb":{"@id":"https:\/\/www.avistagrandephuketresort.com\/de\/restaurants-bars\/the-dim-sun\/#breadcrumb"},"inLanguage":"de-DE","potentialAction":[{"@type":"ReadAction","target":["https:\/\/www.avistagrandephuketresort.com\/de\/restaurants-bars\/the-dim-sun\/"]}]},{"@type":"BreadcrumbList","@id":"https:\/\/www.avistagrandephuketresort.com\/de\/restaurants-bars\/the-dim-sun\/#breadcrumb","itemListElement":[{"@type":"ListItem","position":1,"name":"Home","item":"https:\/\/www.avistagrandephuketresort.com\/de\/"},{"@type":"ListItem","position":2,"name":"Restaurants und Bars","item":"https:\/\/www.avistagrandephuketresort.com\/de\/restaurants-bars\/"},{"@type":"ListItem","position":3,"name":"Die Dim Sun"}]},{"@type":"WebSite","@id":"https:\/\/www.avistagrandephuketresort.com\/#website","url":"https:\/\/www.avistagrandephuketresort.com\/","name":"Avista Grande Phuket Karon - Mgallery","description":"","potentialAction":[{"@type":"SearchAction","target":{"@type":"EntryPoint","urlTemplate":"https:\/\/www.avistagrandephuketresort.com\/?s={search_term_string}"},"query-input":{"@type":"PropertyValueSpecification","valueRequired":true,"valueName":"search_term_string"}}],"inLanguage":"de-DE"}]}},"_links":{"self":[{"href":"https:\/\/www.avistagrandephuketresort.com\/de\/wp-json\/wp\/v2\/pages\/819","targetHints":{"allow":["GET"]}}],"collection":[{"href":"https:\/\/www.avistagrandephuketresort.com\/de\/wp-json\/wp\/v2\/pages"}],"about":[{"href":"https:\/\/www.avistagrandephuketresort.com\/de\/wp-json\/wp\/v2\/types\/page"}],"author":[{"embeddable":true,"href":"https:\/\/www.avistagrandephuketresort.com\/de\/wp-json\/wp\/v2\/users\/55"}],"replies":[{"embeddable":true,"href":"https:\/\/www.avistagrandephuketresort.com\/de\/wp-json\/wp\/v2\/comments?post=819"}],"version-history":[{"count":0,"href":"https:\/\/www.avistagrandephuketresort.com\/de\/wp-json\/wp\/v2\/pages\/819\/revisions"}],"up":[{"embeddable":true,"href":"https:\/\/www.avistagrandephuketresort.com\/de\/wp-json\/wp\/v2\/pages\/787"}],"wp:attachment":[{"href":"https:\/\/www.avistagrandephuketresort.com\/de\/wp-json\/wp\/v2\/media?parent=819"}],"wp:term":[{"taxonomy":"category","embeddable":true,"href":"https:\/\/www.avistagrandephuketresort.com\/de\/wp-json\/wp\/v2\/categories?post=819"}],"curies":[{"name":"wp","href":"https:\/\/api.w.org\/{rel}","templated":true}]}}