{"id":817,"date":"2023-07-25T08:19:51","date_gmt":"2023-07-25T08:19:51","guid":{"rendered":"https:\/\/www.avistagrandephuketresort.com\/?page_id=817"},"modified":"2023-09-13T09:35:47","modified_gmt":"2023-09-13T09:35:47","slug":"tearapy-lounge","status":"publish","type":"page","link":"https:\/\/www.avistagrandephuketresort.com\/de\/restaurants-bars\/tearapy-lounge\/","title":{"rendered":"Tearapy Lounge"},"content":{"rendered":"<p style=\"text-align: center;\">W\u00e4hrend die Erkundung der wilden Insel Sie nach Phuket gezogen haben mag, ist immer Zeit f\u00fcr eine zivilisierte Tasse Tee in einer eleganten Umgebung. Willkommen im TEARAPY Lounge, unserer Bibliothek und Teestube. Entdecken Sie Teemischungen, Rituale und Br\u00e4uche, die ein wesentlicher Bestandteil der Kultur Phukets sind. Genie\u00dfen Sie eine kr\u00e4ftige Tasse frisch gebr\u00fchten Kaffee mit einem leckeren Geb\u00e4ck. G\u00f6nnen Sie sich Zeit, um eine feinste Auswahl an umweltfreundlichem, handwerklich hergestelltem Monsoon-Tee aus Nordthailand zu probieren. Lassen Sie sich in einem guten Buch verlieren und g\u00f6nnen Sie sich diesen Luxus.<\/p>\n<p style=\"text-align: center;\">G\u00f6nnen Sie sich eine wohlverdiente Pause im Tearapy Lounge und genie\u00dfen Sie die Begeisterung unseres klassischen Grande High Tea. Inspiriert von der gehobenen Gesellschaftskultur der Peranakan-Community aus dem 18. Jahrhundert. Wir bringen Ihnen unseren <a href=\"https:\/\/www.avistagrandephuketresort.com\/de\/offers\/phuket-afternoon-tea\/\">Phuket-Stil Nachmittagstee<\/a>. G\u00e4ste k\u00f6nnen sich in der gem\u00fctlichen Umgebung unseres luxuri\u00f6sen Sessels zur\u00fccklehnen und bei einem guten Buch in der N\u00e4he der Bibliothek entspannen.<br \/>\nUmso mehr erschaffen wir diesen unvergesslichen Moment f\u00fcr Sie und Ihre Liebsten, um besondere Gespr\u00e4che in einer ruhigen Umgebung mit herzhaften K\u00f6stlichkeiten zu teilen.<\/p>\n","protected":false},"excerpt":{"rendered":"<p>W\u00e4hrend die Erkundung der wilden Insel Sie nach Phuket gezogen haben mag, ist immer Zeit f\u00fcr eine zivilisierte Tasse Tee in einer eleganten Umgebung. Willkommen im TEARAPY Lounge, unserer Bibliothek und Teestube. Entdecken Sie Teemischungen, Rituale und Br\u00e4uche, die ein wesentlicher Bestandteil der Kultur Phukets sind. Genie\u00dfen Sie eine kr\u00e4ftige Tasse frisch gebr\u00fchten Kaffee mit [&hellip;]<\/p>\n","protected":false},"author":55,"featured_media":0,"parent":787,"menu_order":3,"comment_status":"closed","ping_status":"closed","template":"template-restaurant.php","meta":{"footnotes":""},"categories":[58],"class_list":["post-817","page","type-page","status-publish","hentry","category-lounge-2"],"acf":[],"yoast_head":"<!-- This site is optimized with the Yoast SEO plugin v26.9 - https:\/\/yoast.com\/product\/yoast-seo-wordpress\/ -->\n<title>Tearapy Lounge - Avista Grande Phuket Karon - Mgallery<\/title>\n<meta name=\"robots\" content=\"index, follow, max-snippet:-1, max-image-preview:large, max-video-preview:-1\" \/>\n<link rel=\"canonical\" href=\"https:\/\/www.avistagrandephuketresort.com\/de\/restaurants-bars\/tearapy-lounge\/\" \/>\n<meta property=\"og:locale\" content=\"de_DE\" \/>\n<meta property=\"og:type\" content=\"article\" \/>\n<meta property=\"og:title\" content=\"Tearapy Lounge - Avista Grande Phuket Karon - Mgallery\" \/>\n<meta property=\"og:description\" content=\"W\u00e4hrend die Erkundung der wilden Insel Sie nach Phuket gezogen haben mag, ist immer Zeit f\u00fcr eine zivilisierte Tasse Tee in einer eleganten Umgebung. Willkommen im TEARAPY Lounge, unserer Bibliothek und Teestube. Entdecken Sie Teemischungen, Rituale und Br\u00e4uche, die ein wesentlicher Bestandteil der Kultur Phukets sind. Genie\u00dfen Sie eine kr\u00e4ftige Tasse frisch gebr\u00fchten Kaffee mit [&hellip;]\" \/>\n<meta property=\"og:url\" content=\"https:\/\/www.avistagrandephuketresort.com\/de\/restaurants-bars\/tearapy-lounge\/\" \/>\n<meta property=\"og:site_name\" content=\"Avista Grande Phuket Karon - Mgallery\" \/>\n<meta property=\"article:modified_time\" content=\"2023-09-13T09:35:47+00:00\" \/>\n<meta name=\"twitter:card\" content=\"summary_large_image\" \/>\n<meta name=\"twitter:label1\" content=\"Gesch\u00e4tzte Lesezeit\" \/>\n\t<meta name=\"twitter:data1\" content=\"1 Minute\" \/>\n<script type=\"application\/ld+json\" class=\"yoast-schema-graph\">{\"@context\":\"https:\/\/schema.org\",\"@graph\":[{\"@type\":\"WebPage\",\"@id\":\"https:\/\/www.avistagrandephuketresort.com\/de\/restaurants-bars\/tearapy-lounge\/\",\"url\":\"https:\/\/www.avistagrandephuketresort.com\/de\/restaurants-bars\/tearapy-lounge\/\",\"name\":\"Tearapy Lounge - Avista Grande Phuket Karon - Mgallery\",\"isPartOf\":{\"@id\":\"https:\/\/www.avistagrandephuketresort.com\/#website\"},\"datePublished\":\"2023-07-25T08:19:51+00:00\",\"dateModified\":\"2023-09-13T09:35:47+00:00\",\"breadcrumb\":{\"@id\":\"https:\/\/www.avistagrandephuketresort.com\/de\/restaurants-bars\/tearapy-lounge\/#breadcrumb\"},\"inLanguage\":\"de-DE\",\"potentialAction\":[{\"@type\":\"ReadAction\",\"target\":[\"https:\/\/www.avistagrandephuketresort.com\/de\/restaurants-bars\/tearapy-lounge\/\"]}]},{\"@type\":\"BreadcrumbList\",\"@id\":\"https:\/\/www.avistagrandephuketresort.com\/de\/restaurants-bars\/tearapy-lounge\/#breadcrumb\",\"itemListElement\":[{\"@type\":\"ListItem\",\"position\":1,\"name\":\"Home\",\"item\":\"https:\/\/www.avistagrandephuketresort.com\/de\/\"},{\"@type\":\"ListItem\",\"position\":2,\"name\":\"Restaurants und Bars\",\"item\":\"https:\/\/www.avistagrandephuketresort.com\/de\/restaurants-bars\/\"},{\"@type\":\"ListItem\",\"position\":3,\"name\":\"Tearapy Lounge\"}]},{\"@type\":\"WebSite\",\"@id\":\"https:\/\/www.avistagrandephuketresort.com\/#website\",\"url\":\"https:\/\/www.avistagrandephuketresort.com\/\",\"name\":\"Avista Grande Phuket Karon - Mgallery\",\"description\":\"\",\"potentialAction\":[{\"@type\":\"SearchAction\",\"target\":{\"@type\":\"EntryPoint\",\"urlTemplate\":\"https:\/\/www.avistagrandephuketresort.com\/?s={search_term_string}\"},\"query-input\":{\"@type\":\"PropertyValueSpecification\",\"valueRequired\":true,\"valueName\":\"search_term_string\"}}],\"inLanguage\":\"de-DE\"}]}<\/script>\n<!-- \/ Yoast SEO plugin. -->","yoast_head_json":{"title":"Tearapy Lounge - Avista Grande Phuket Karon - Mgallery","robots":{"index":"index","follow":"follow","max-snippet":"max-snippet:-1","max-image-preview":"max-image-preview:large","max-video-preview":"max-video-preview:-1"},"canonical":"https:\/\/www.avistagrandephuketresort.com\/de\/restaurants-bars\/tearapy-lounge\/","og_locale":"de_DE","og_type":"article","og_title":"Tearapy Lounge - Avista Grande Phuket Karon - Mgallery","og_description":"W\u00e4hrend die Erkundung der wilden Insel Sie nach Phuket gezogen haben mag, ist immer Zeit f\u00fcr eine zivilisierte Tasse Tee in einer eleganten Umgebung. Willkommen im TEARAPY Lounge, unserer Bibliothek und Teestube. Entdecken Sie Teemischungen, Rituale und Br\u00e4uche, die ein wesentlicher Bestandteil der Kultur Phukets sind. Genie\u00dfen Sie eine kr\u00e4ftige Tasse frisch gebr\u00fchten Kaffee mit [&hellip;]","og_url":"https:\/\/www.avistagrandephuketresort.com\/de\/restaurants-bars\/tearapy-lounge\/","og_site_name":"Avista Grande Phuket Karon - Mgallery","article_modified_time":"2023-09-13T09:35:47+00:00","twitter_card":"summary_large_image","twitter_misc":{"Gesch\u00e4tzte Lesezeit":"1 Minute"},"schema":{"@context":"https:\/\/schema.org","@graph":[{"@type":"WebPage","@id":"https:\/\/www.avistagrandephuketresort.com\/de\/restaurants-bars\/tearapy-lounge\/","url":"https:\/\/www.avistagrandephuketresort.com\/de\/restaurants-bars\/tearapy-lounge\/","name":"Tearapy Lounge - Avista Grande Phuket Karon - Mgallery","isPartOf":{"@id":"https:\/\/www.avistagrandephuketresort.com\/#website"},"datePublished":"2023-07-25T08:19:51+00:00","dateModified":"2023-09-13T09:35:47+00:00","breadcrumb":{"@id":"https:\/\/www.avistagrandephuketresort.com\/de\/restaurants-bars\/tearapy-lounge\/#breadcrumb"},"inLanguage":"de-DE","potentialAction":[{"@type":"ReadAction","target":["https:\/\/www.avistagrandephuketresort.com\/de\/restaurants-bars\/tearapy-lounge\/"]}]},{"@type":"BreadcrumbList","@id":"https:\/\/www.avistagrandephuketresort.com\/de\/restaurants-bars\/tearapy-lounge\/#breadcrumb","itemListElement":[{"@type":"ListItem","position":1,"name":"Home","item":"https:\/\/www.avistagrandephuketresort.com\/de\/"},{"@type":"ListItem","position":2,"name":"Restaurants und Bars","item":"https:\/\/www.avistagrandephuketresort.com\/de\/restaurants-bars\/"},{"@type":"ListItem","position":3,"name":"Tearapy Lounge"}]},{"@type":"WebSite","@id":"https:\/\/www.avistagrandephuketresort.com\/#website","url":"https:\/\/www.avistagrandephuketresort.com\/","name":"Avista Grande Phuket Karon - Mgallery","description":"","potentialAction":[{"@type":"SearchAction","target":{"@type":"EntryPoint","urlTemplate":"https:\/\/www.avistagrandephuketresort.com\/?s={search_term_string}"},"query-input":{"@type":"PropertyValueSpecification","valueRequired":true,"valueName":"search_term_string"}}],"inLanguage":"de-DE"}]}},"_links":{"self":[{"href":"https:\/\/www.avistagrandephuketresort.com\/de\/wp-json\/wp\/v2\/pages\/817","targetHints":{"allow":["GET"]}}],"collection":[{"href":"https:\/\/www.avistagrandephuketresort.com\/de\/wp-json\/wp\/v2\/pages"}],"about":[{"href":"https:\/\/www.avistagrandephuketresort.com\/de\/wp-json\/wp\/v2\/types\/page"}],"author":[{"embeddable":true,"href":"https:\/\/www.avistagrandephuketresort.com\/de\/wp-json\/wp\/v2\/users\/55"}],"replies":[{"embeddable":true,"href":"https:\/\/www.avistagrandephuketresort.com\/de\/wp-json\/wp\/v2\/comments?post=817"}],"version-history":[{"count":0,"href":"https:\/\/www.avistagrandephuketresort.com\/de\/wp-json\/wp\/v2\/pages\/817\/revisions"}],"up":[{"embeddable":true,"href":"https:\/\/www.avistagrandephuketresort.com\/de\/wp-json\/wp\/v2\/pages\/787"}],"wp:attachment":[{"href":"https:\/\/www.avistagrandephuketresort.com\/de\/wp-json\/wp\/v2\/media?parent=817"}],"wp:term":[{"taxonomy":"category","embeddable":true,"href":"https:\/\/www.avistagrandephuketresort.com\/de\/wp-json\/wp\/v2\/categories?post=817"}],"curies":[{"name":"wp","href":"https:\/\/api.w.org\/{rel}","templated":true}]}}