{"id":789,"date":"2023-07-25T07:17:36","date_gmt":"2023-07-25T07:17:36","guid":{"rendered":"https:\/\/www.avistagrandephuketresort.com\/?page_id=789"},"modified":"2023-09-13T09:10:35","modified_gmt":"2023-09-13T09:10:35","slug":"portosino","status":"publish","type":"page","link":"https:\/\/www.avistagrandephuketresort.com\/de\/restaurants-bars\/portosino\/","title":{"rendered":"Portosino"},"content":{"rendered":"<p style=\"text-align: center;\">So verzaubernd wie komfortabel, ist Portosino ein ganzt\u00e4giges Speiselokal und das  <a href=\"https:\/\/www.tripadvisor.com\/Restaurant_Review-g10804710-d13358640-Reviews-PORTOSINO_Restaurant-Karon_Beach_Karon_Phuket.html\">beste Restaurant Nr. 1 in Karon Beach <\/a>laut Tripadvisor. Mit einer bemerkenswert einzigartigen Interpretation des Erbes von Phuket werden Erinnerungen an die Zinnbergbauindustrie der Insel auf kreative Weise dargestellt: sei es durch stilisierte h\u00e4ngende Schienen, dezenter Einsatz von Metall in den Fluren, die Lampen im Minenstil mit sanfter Beleuchtung, Rahmen und Trennw\u00e4nde, die von unterirdischen Techniken inspiriert sind. Werfen Sie einen Blick in die charmante \u00c4ra des 19. Jahrhunderts im Portosino Restaurant.<\/p>\n<p style=\"text-align: center;\">Erleben Sie ein wahres Erbe und eine Fusion aus sino-portugiesischer, aromatischer thail\u00e4ndischer K\u00fcche, internationalen Favoriten und indischen Spezialit\u00e4ten, die im Rahmen unserer Initiative &#8222;Wir lieben Sie f\u00fcr die Liebe zum Lokalen&#8220; aus lokalen Produkten hergestellt werden. Unsere thail\u00e4ndischen K\u00f6che zaubern kulinarische Magie, indem sie frische lokale Zutaten verwenden, um authentische thail\u00e4ndische Klassiker und die lokalen Favoriten von Phuket zu kreieren, die von der Peranakan-K\u00fcche inspiriert sind. Zum Mittag- und Abendessen erwartet Sie ein gro\u00dfartiges gemeinschaftliches kulinarisches Erlebnis mit einer Speisekarte f\u00fcr alle, bestehend aus Komfortgerichten aus der ganzen Welt und einer speziellen Kinderkarte. Unsere indischen Meisterk\u00f6che sind bestens vertraut mit den Feinheiten der regionalen indischen K\u00fcche. Sie bringen Tiefe und Vielfalt der Aromen und eine Auswahl an Gew\u00fcrzen mit ein und verbinden hochwertige Zutaten mit authentischen Geschmacksrichtungen und modernen kulinarischen Ans\u00e4tzen. Nicht zu \u00fcbersehen ist unser <a href=\"https:\/\/www.avistagrandephuketresort.com\/de\/offers\/best-breakfast-in-phuket\/\">Fr\u00fchst\u00fccksbuffet<\/a>, mit franz\u00f6sischen Geb\u00e4ckst\u00fccken und einer internationalen Auswahl an Fr\u00fchst\u00fccksartikeln sowie Gerichten, die traditionell von den Einheimischen in Phuket genossen werden.<\/p>\n","protected":false},"excerpt":{"rendered":"<p>So verzaubernd wie komfortabel, ist Portosino ein ganzt\u00e4giges Speiselokal und das beste Restaurant Nr. 1 in Karon Beach laut Tripadvisor. Mit einer bemerkenswert einzigartigen Interpretation des Erbes von Phuket werden Erinnerungen an die Zinnbergbauindustrie der Insel auf kreative Weise dargestellt: sei es durch stilisierte h\u00e4ngende Schienen, dezenter Einsatz von Metall in den Fluren, die Lampen [&hellip;]<\/p>\n","protected":false},"author":55,"featured_media":0,"parent":787,"menu_order":1,"comment_status":"closed","ping_status":"closed","template":"template-restaurant.php","meta":{"footnotes":""},"categories":[53],"class_list":["post-789","page","type-page","status-publish","hentry","category-restaurant"],"acf":[],"yoast_head":"<!-- This site is optimized with the Yoast SEO plugin v26.9 - https:\/\/yoast.com\/product\/yoast-seo-wordpress\/ -->\n<title>Portosino - Avista Grande Phuket Karon - Mgallery<\/title>\n<meta name=\"robots\" content=\"index, follow, max-snippet:-1, max-image-preview:large, max-video-preview:-1\" \/>\n<link rel=\"canonical\" href=\"https:\/\/www.avistagrandephuketresort.com\/de\/restaurants-bars\/portosino\/\" \/>\n<meta property=\"og:locale\" content=\"de_DE\" \/>\n<meta property=\"og:type\" content=\"article\" \/>\n<meta property=\"og:title\" content=\"Portosino - Avista Grande Phuket Karon - Mgallery\" \/>\n<meta property=\"og:description\" content=\"So verzaubernd wie komfortabel, ist Portosino ein ganzt\u00e4giges Speiselokal und das beste Restaurant Nr. 1 in Karon Beach laut Tripadvisor. Mit einer bemerkenswert einzigartigen Interpretation des Erbes von Phuket werden Erinnerungen an die Zinnbergbauindustrie der Insel auf kreative Weise dargestellt: sei es durch stilisierte h\u00e4ngende Schienen, dezenter Einsatz von Metall in den Fluren, die Lampen [&hellip;]\" \/>\n<meta property=\"og:url\" content=\"https:\/\/www.avistagrandephuketresort.com\/de\/restaurants-bars\/portosino\/\" \/>\n<meta property=\"og:site_name\" content=\"Avista Grande Phuket Karon - Mgallery\" \/>\n<meta property=\"article:modified_time\" content=\"2023-09-13T09:10:35+00:00\" \/>\n<meta name=\"twitter:card\" content=\"summary_large_image\" \/>\n<meta name=\"twitter:label1\" content=\"Gesch\u00e4tzte Lesezeit\" \/>\n\t<meta name=\"twitter:data1\" content=\"2 Minuten\" \/>\n<script type=\"application\/ld+json\" class=\"yoast-schema-graph\">{\"@context\":\"https:\/\/schema.org\",\"@graph\":[{\"@type\":\"WebPage\",\"@id\":\"https:\/\/www.avistagrandephuketresort.com\/de\/restaurants-bars\/portosino\/\",\"url\":\"https:\/\/www.avistagrandephuketresort.com\/de\/restaurants-bars\/portosino\/\",\"name\":\"Portosino - Avista Grande Phuket Karon - Mgallery\",\"isPartOf\":{\"@id\":\"https:\/\/www.avistagrandephuketresort.com\/#website\"},\"datePublished\":\"2023-07-25T07:17:36+00:00\",\"dateModified\":\"2023-09-13T09:10:35+00:00\",\"breadcrumb\":{\"@id\":\"https:\/\/www.avistagrandephuketresort.com\/de\/restaurants-bars\/portosino\/#breadcrumb\"},\"inLanguage\":\"de-DE\",\"potentialAction\":[{\"@type\":\"ReadAction\",\"target\":[\"https:\/\/www.avistagrandephuketresort.com\/de\/restaurants-bars\/portosino\/\"]}]},{\"@type\":\"BreadcrumbList\",\"@id\":\"https:\/\/www.avistagrandephuketresort.com\/de\/restaurants-bars\/portosino\/#breadcrumb\",\"itemListElement\":[{\"@type\":\"ListItem\",\"position\":1,\"name\":\"Home\",\"item\":\"https:\/\/www.avistagrandephuketresort.com\/de\/\"},{\"@type\":\"ListItem\",\"position\":2,\"name\":\"Restaurants und Bars\",\"item\":\"https:\/\/www.avistagrandephuketresort.com\/de\/restaurants-bars\/\"},{\"@type\":\"ListItem\",\"position\":3,\"name\":\"Portosino\"}]},{\"@type\":\"WebSite\",\"@id\":\"https:\/\/www.avistagrandephuketresort.com\/#website\",\"url\":\"https:\/\/www.avistagrandephuketresort.com\/\",\"name\":\"Avista Grande Phuket Karon - Mgallery\",\"description\":\"\",\"potentialAction\":[{\"@type\":\"SearchAction\",\"target\":{\"@type\":\"EntryPoint\",\"urlTemplate\":\"https:\/\/www.avistagrandephuketresort.com\/?s={search_term_string}\"},\"query-input\":{\"@type\":\"PropertyValueSpecification\",\"valueRequired\":true,\"valueName\":\"search_term_string\"}}],\"inLanguage\":\"de-DE\"}]}<\/script>\n<!-- \/ Yoast SEO plugin. -->","yoast_head_json":{"title":"Portosino - Avista Grande Phuket Karon - Mgallery","robots":{"index":"index","follow":"follow","max-snippet":"max-snippet:-1","max-image-preview":"max-image-preview:large","max-video-preview":"max-video-preview:-1"},"canonical":"https:\/\/www.avistagrandephuketresort.com\/de\/restaurants-bars\/portosino\/","og_locale":"de_DE","og_type":"article","og_title":"Portosino - Avista Grande Phuket Karon - Mgallery","og_description":"So verzaubernd wie komfortabel, ist Portosino ein ganzt\u00e4giges Speiselokal und das beste Restaurant Nr. 1 in Karon Beach laut Tripadvisor. Mit einer bemerkenswert einzigartigen Interpretation des Erbes von Phuket werden Erinnerungen an die Zinnbergbauindustrie der Insel auf kreative Weise dargestellt: sei es durch stilisierte h\u00e4ngende Schienen, dezenter Einsatz von Metall in den Fluren, die Lampen [&hellip;]","og_url":"https:\/\/www.avistagrandephuketresort.com\/de\/restaurants-bars\/portosino\/","og_site_name":"Avista Grande Phuket Karon - Mgallery","article_modified_time":"2023-09-13T09:10:35+00:00","twitter_card":"summary_large_image","twitter_misc":{"Gesch\u00e4tzte Lesezeit":"2 Minuten"},"schema":{"@context":"https:\/\/schema.org","@graph":[{"@type":"WebPage","@id":"https:\/\/www.avistagrandephuketresort.com\/de\/restaurants-bars\/portosino\/","url":"https:\/\/www.avistagrandephuketresort.com\/de\/restaurants-bars\/portosino\/","name":"Portosino - Avista Grande Phuket Karon - Mgallery","isPartOf":{"@id":"https:\/\/www.avistagrandephuketresort.com\/#website"},"datePublished":"2023-07-25T07:17:36+00:00","dateModified":"2023-09-13T09:10:35+00:00","breadcrumb":{"@id":"https:\/\/www.avistagrandephuketresort.com\/de\/restaurants-bars\/portosino\/#breadcrumb"},"inLanguage":"de-DE","potentialAction":[{"@type":"ReadAction","target":["https:\/\/www.avistagrandephuketresort.com\/de\/restaurants-bars\/portosino\/"]}]},{"@type":"BreadcrumbList","@id":"https:\/\/www.avistagrandephuketresort.com\/de\/restaurants-bars\/portosino\/#breadcrumb","itemListElement":[{"@type":"ListItem","position":1,"name":"Home","item":"https:\/\/www.avistagrandephuketresort.com\/de\/"},{"@type":"ListItem","position":2,"name":"Restaurants und Bars","item":"https:\/\/www.avistagrandephuketresort.com\/de\/restaurants-bars\/"},{"@type":"ListItem","position":3,"name":"Portosino"}]},{"@type":"WebSite","@id":"https:\/\/www.avistagrandephuketresort.com\/#website","url":"https:\/\/www.avistagrandephuketresort.com\/","name":"Avista Grande Phuket Karon - Mgallery","description":"","potentialAction":[{"@type":"SearchAction","target":{"@type":"EntryPoint","urlTemplate":"https:\/\/www.avistagrandephuketresort.com\/?s={search_term_string}"},"query-input":{"@type":"PropertyValueSpecification","valueRequired":true,"valueName":"search_term_string"}}],"inLanguage":"de-DE"}]}},"_links":{"self":[{"href":"https:\/\/www.avistagrandephuketresort.com\/de\/wp-json\/wp\/v2\/pages\/789","targetHints":{"allow":["GET"]}}],"collection":[{"href":"https:\/\/www.avistagrandephuketresort.com\/de\/wp-json\/wp\/v2\/pages"}],"about":[{"href":"https:\/\/www.avistagrandephuketresort.com\/de\/wp-json\/wp\/v2\/types\/page"}],"author":[{"embeddable":true,"href":"https:\/\/www.avistagrandephuketresort.com\/de\/wp-json\/wp\/v2\/users\/55"}],"replies":[{"embeddable":true,"href":"https:\/\/www.avistagrandephuketresort.com\/de\/wp-json\/wp\/v2\/comments?post=789"}],"version-history":[{"count":0,"href":"https:\/\/www.avistagrandephuketresort.com\/de\/wp-json\/wp\/v2\/pages\/789\/revisions"}],"up":[{"embeddable":true,"href":"https:\/\/www.avistagrandephuketresort.com\/de\/wp-json\/wp\/v2\/pages\/787"}],"wp:attachment":[{"href":"https:\/\/www.avistagrandephuketresort.com\/de\/wp-json\/wp\/v2\/media?parent=789"}],"wp:term":[{"taxonomy":"category","embeddable":true,"href":"https:\/\/www.avistagrandephuketresort.com\/de\/wp-json\/wp\/v2\/categories?post=789"}],"curies":[{"name":"wp","href":"https:\/\/api.w.org\/{rel}","templated":true}]}}