{"id":787,"date":"2023-07-25T07:06:53","date_gmt":"2023-07-25T07:06:53","guid":{"rendered":"https:\/\/www.avistagrandephuketresort.com\/?page_id=787"},"modified":"2023-09-13T07:46:21","modified_gmt":"2023-09-13T07:46:21","slug":"restaurants-bars","status":"publish","type":"page","link":"https:\/\/www.avistagrandephuketresort.com\/de\/restaurants-bars\/","title":{"rendered":"Restaurants und Bars"},"content":{"rendered":"<p style=\"text-align: center;\">Mit herausragenden K\u00fcchen, die f\u00fcr jeden Geschmack und Einfluss aus aller Welt ma\u00dfgeschneidert sind, erleben Sie zeitgen\u00f6ssische Designelemente in unseren preisgekr\u00f6nten <a href=\"https:\/\/www.avistagrandephuketresort.com\/de\/restaurants-bars\/portosino\/\">besten Restaurants in Phuket<\/a>, Bars und Lounges, die sowohl von der Zinnabbauindustrie Phukets als auch von Leben, Kultur und architektonischen Stilen dieser reichen Elite inspiriert sind. Fesselnde Gourmet- und Mixology-Erlebnisse erwarten Sie, von authentischer thail\u00e4ndischer, internationaler und indischer K\u00fcche im <a href=\"https:\/\/www.avistagrandephuketresort.com\/de\/restaurants-bars\/portosino\/\">Portosino<\/a>, dem TripAdvisor Nr. 1 <a href=\"https:\/\/www.tripadvisor.com\/Restaurant_Review-g10804710-d13358640-Reviews-PORTOSINO_Restaurant-Karon_Beach_Karon_Phuket.html\"> besten Restaurant am Karon Beach<\/a>, dem ersten Dine-on-Water-Konzept in Thailand im<a href=\"https:\/\/www.avistagrandephuketresort.com\/de\/restaurants-bars\/chard-grill-phuket\/\">Sizzle on Water<\/a>, , bis hin zu Swim-Up-Bar-Vibes in der <a href=\"https:\/\/www.avistagrandephuketresort.com\/de\/restaurants-bars\/lido\/\"><em>Lido<\/em> pool bar<\/a>,Phuket-style High Tea im  <a href=\"https:\/\/www.avistagrandephuketresort.com\/de\/restaurants-bars\/tearapy-lounge\/\">Tearapy Lounge<\/a> und handgefertigten Cocktails auf der <em>The Dim Sun<\/em>Sun Rooftop-Terrasse, einer <a href=\"https:\/\/www.avistagrandephuketresort.com\/de\/restaurants-bars\/best-rooftop-bar-in-phuket\/\">Phuket sunset bar<\/a> mit atemberaubendem Meerblick.<\/p>\n","protected":false},"excerpt":{"rendered":"<p>Mit herausragenden K\u00fcchen, die f\u00fcr jeden Geschmack und Einfluss aus aller Welt ma\u00dfgeschneidert sind, erleben Sie zeitgen\u00f6ssische Designelemente in unseren preisgekr\u00f6nten besten Restaurants in Phuket, Bars und Lounges, die sowohl von der Zinnabbauindustrie Phukets als auch von Leben, Kultur und architektonischen Stilen dieser reichen Elite inspiriert sind. Fesselnde Gourmet- und Mixology-Erlebnisse erwarten Sie, von authentischer [&hellip;]<\/p>\n","protected":false},"author":55,"featured_media":0,"parent":0,"menu_order":0,"comment_status":"closed","ping_status":"closed","template":"template-restaurants.php","meta":{"footnotes":""},"categories":[],"class_list":["post-787","page","type-page","status-publish","hentry"],"acf":[],"yoast_head":"<!-- This site is optimized with the Yoast SEO plugin v26.9 - https:\/\/yoast.com\/product\/yoast-seo-wordpress\/ -->\n<title>Restaurants und Bars - Avista Grande Phuket Karon - Mgallery<\/title>\n<meta name=\"robots\" content=\"index, follow, max-snippet:-1, max-image-preview:large, max-video-preview:-1\" \/>\n<link rel=\"canonical\" href=\"https:\/\/www.avistagrandephuketresort.com\/de\/restaurants-bars\/\" \/>\n<meta property=\"og:locale\" content=\"de_DE\" \/>\n<meta property=\"og:type\" content=\"article\" \/>\n<meta property=\"og:title\" content=\"Restaurants und Bars - Avista Grande Phuket Karon - Mgallery\" \/>\n<meta property=\"og:description\" content=\"Mit herausragenden K\u00fcchen, die f\u00fcr jeden Geschmack und Einfluss aus aller Welt ma\u00dfgeschneidert sind, erleben Sie zeitgen\u00f6ssische Designelemente in unseren preisgekr\u00f6nten besten Restaurants in Phuket, Bars und Lounges, die sowohl von der Zinnabbauindustrie Phukets als auch von Leben, Kultur und architektonischen Stilen dieser reichen Elite inspiriert sind. Fesselnde Gourmet- und Mixology-Erlebnisse erwarten Sie, von authentischer [&hellip;]\" \/>\n<meta property=\"og:url\" content=\"https:\/\/www.avistagrandephuketresort.com\/de\/restaurants-bars\/\" \/>\n<meta property=\"og:site_name\" content=\"Avista Grande Phuket Karon - Mgallery\" \/>\n<meta property=\"article:modified_time\" content=\"2023-09-13T07:46:21+00:00\" \/>\n<meta name=\"twitter:card\" content=\"summary_large_image\" \/>\n<meta name=\"twitter:label1\" content=\"Gesch\u00e4tzte Lesezeit\" \/>\n\t<meta name=\"twitter:data1\" content=\"1 Minute\" \/>\n<script type=\"application\/ld+json\" class=\"yoast-schema-graph\">{\"@context\":\"https:\/\/schema.org\",\"@graph\":[{\"@type\":\"WebPage\",\"@id\":\"https:\/\/www.avistagrandephuketresort.com\/de\/restaurants-bars\/\",\"url\":\"https:\/\/www.avistagrandephuketresort.com\/de\/restaurants-bars\/\",\"name\":\"Restaurants und Bars - Avista Grande Phuket Karon - Mgallery\",\"isPartOf\":{\"@id\":\"https:\/\/www.avistagrandephuketresort.com\/#website\"},\"datePublished\":\"2023-07-25T07:06:53+00:00\",\"dateModified\":\"2023-09-13T07:46:21+00:00\",\"breadcrumb\":{\"@id\":\"https:\/\/www.avistagrandephuketresort.com\/de\/restaurants-bars\/#breadcrumb\"},\"inLanguage\":\"de-DE\",\"potentialAction\":[{\"@type\":\"ReadAction\",\"target\":[\"https:\/\/www.avistagrandephuketresort.com\/de\/restaurants-bars\/\"]}]},{\"@type\":\"BreadcrumbList\",\"@id\":\"https:\/\/www.avistagrandephuketresort.com\/de\/restaurants-bars\/#breadcrumb\",\"itemListElement\":[{\"@type\":\"ListItem\",\"position\":1,\"name\":\"Home\",\"item\":\"https:\/\/www.avistagrandephuketresort.com\/de\/\"},{\"@type\":\"ListItem\",\"position\":2,\"name\":\"Restaurants und Bars\"}]},{\"@type\":\"WebSite\",\"@id\":\"https:\/\/www.avistagrandephuketresort.com\/#website\",\"url\":\"https:\/\/www.avistagrandephuketresort.com\/\",\"name\":\"Avista Grande Phuket Karon - Mgallery\",\"description\":\"\",\"potentialAction\":[{\"@type\":\"SearchAction\",\"target\":{\"@type\":\"EntryPoint\",\"urlTemplate\":\"https:\/\/www.avistagrandephuketresort.com\/?s={search_term_string}\"},\"query-input\":{\"@type\":\"PropertyValueSpecification\",\"valueRequired\":true,\"valueName\":\"search_term_string\"}}],\"inLanguage\":\"de-DE\"}]}<\/script>\n<!-- \/ Yoast SEO plugin. -->","yoast_head_json":{"title":"Restaurants und Bars - Avista Grande Phuket Karon - Mgallery","robots":{"index":"index","follow":"follow","max-snippet":"max-snippet:-1","max-image-preview":"max-image-preview:large","max-video-preview":"max-video-preview:-1"},"canonical":"https:\/\/www.avistagrandephuketresort.com\/de\/restaurants-bars\/","og_locale":"de_DE","og_type":"article","og_title":"Restaurants und Bars - Avista Grande Phuket Karon - Mgallery","og_description":"Mit herausragenden K\u00fcchen, die f\u00fcr jeden Geschmack und Einfluss aus aller Welt ma\u00dfgeschneidert sind, erleben Sie zeitgen\u00f6ssische Designelemente in unseren preisgekr\u00f6nten besten Restaurants in Phuket, Bars und Lounges, die sowohl von der Zinnabbauindustrie Phukets als auch von Leben, Kultur und architektonischen Stilen dieser reichen Elite inspiriert sind. Fesselnde Gourmet- und Mixology-Erlebnisse erwarten Sie, von authentischer [&hellip;]","og_url":"https:\/\/www.avistagrandephuketresort.com\/de\/restaurants-bars\/","og_site_name":"Avista Grande Phuket Karon - Mgallery","article_modified_time":"2023-09-13T07:46:21+00:00","twitter_card":"summary_large_image","twitter_misc":{"Gesch\u00e4tzte Lesezeit":"1 Minute"},"schema":{"@context":"https:\/\/schema.org","@graph":[{"@type":"WebPage","@id":"https:\/\/www.avistagrandephuketresort.com\/de\/restaurants-bars\/","url":"https:\/\/www.avistagrandephuketresort.com\/de\/restaurants-bars\/","name":"Restaurants und Bars - Avista Grande Phuket Karon - Mgallery","isPartOf":{"@id":"https:\/\/www.avistagrandephuketresort.com\/#website"},"datePublished":"2023-07-25T07:06:53+00:00","dateModified":"2023-09-13T07:46:21+00:00","breadcrumb":{"@id":"https:\/\/www.avistagrandephuketresort.com\/de\/restaurants-bars\/#breadcrumb"},"inLanguage":"de-DE","potentialAction":[{"@type":"ReadAction","target":["https:\/\/www.avistagrandephuketresort.com\/de\/restaurants-bars\/"]}]},{"@type":"BreadcrumbList","@id":"https:\/\/www.avistagrandephuketresort.com\/de\/restaurants-bars\/#breadcrumb","itemListElement":[{"@type":"ListItem","position":1,"name":"Home","item":"https:\/\/www.avistagrandephuketresort.com\/de\/"},{"@type":"ListItem","position":2,"name":"Restaurants und Bars"}]},{"@type":"WebSite","@id":"https:\/\/www.avistagrandephuketresort.com\/#website","url":"https:\/\/www.avistagrandephuketresort.com\/","name":"Avista Grande Phuket Karon - Mgallery","description":"","potentialAction":[{"@type":"SearchAction","target":{"@type":"EntryPoint","urlTemplate":"https:\/\/www.avistagrandephuketresort.com\/?s={search_term_string}"},"query-input":{"@type":"PropertyValueSpecification","valueRequired":true,"valueName":"search_term_string"}}],"inLanguage":"de-DE"}]}},"_links":{"self":[{"href":"https:\/\/www.avistagrandephuketresort.com\/de\/wp-json\/wp\/v2\/pages\/787","targetHints":{"allow":["GET"]}}],"collection":[{"href":"https:\/\/www.avistagrandephuketresort.com\/de\/wp-json\/wp\/v2\/pages"}],"about":[{"href":"https:\/\/www.avistagrandephuketresort.com\/de\/wp-json\/wp\/v2\/types\/page"}],"author":[{"embeddable":true,"href":"https:\/\/www.avistagrandephuketresort.com\/de\/wp-json\/wp\/v2\/users\/55"}],"replies":[{"embeddable":true,"href":"https:\/\/www.avistagrandephuketresort.com\/de\/wp-json\/wp\/v2\/comments?post=787"}],"version-history":[{"count":0,"href":"https:\/\/www.avistagrandephuketresort.com\/de\/wp-json\/wp\/v2\/pages\/787\/revisions"}],"wp:attachment":[{"href":"https:\/\/www.avistagrandephuketresort.com\/de\/wp-json\/wp\/v2\/media?parent=787"}],"wp:term":[{"taxonomy":"category","embeddable":true,"href":"https:\/\/www.avistagrandephuketresort.com\/de\/wp-json\/wp\/v2\/categories?post=787"}],"curies":[{"name":"wp","href":"https:\/\/api.w.org\/{rel}","templated":true}]}}